{"id":98,"date":"2018-06-17T23:15:21","date_gmt":"2018-06-18T02:15:21","guid":{"rendered":"http:\/\/163.10.30.48\/~posgrado6\/wordpress\/chaya\/?page_id=98"},"modified":"2024-04-01T20:48:11","modified_gmt":"2024-04-01T23:48:11","slug":"presentacion","status":"publish","type":"page","link":"https:\/\/idihcs.fahce.unlp.edu.ar\/territoriosposibles\/","title":{"rendered":"Territorios Posibles &#8211; Presentaci\u00f3n"},"content":{"rendered":"<p>La Red Territorios Posibles, Praxis y Transformaci\u00f3n es un espacio donde los proyectos imaginados, pensados y trabajados pueden hacerse realidad para transformar la vida de las poblaciones que m\u00e1s lo necesitan. Con rigurosidad y creatividad trabajamos por m\u00e1s y mejor entendimiento del territorio, sus procesos, sus lugares y sus actores, con el objetivo de lograr mayores y mejores v\u00ednculos entre docentes e investigadores universitarios, instituciones p\u00fablicas, pero tambi\u00e9n actores y organizaciones sociales y empresas comprometidas para ir transformando conciencias, objetos y acciones en un ambiente innovador y a la vez sistem\u00e1tico con criterios de trabajo definidos, donde cada proyecto, cada idea, cada semilla, sean protagonistas.<\/p>\n<p>En definitiva, estamos convencidos que la sustentabilidad y la gobernanza en discursos y en acciones son la base de territorios posibles para todos.<\/p>\n<p>Durante este 2024, en el mes de Septiembre, la Red Latinoamericana Territorios Posibles, Praxis y Transformaci\u00f3n celebrar\u00e1 el IV Encuentro Latinoamericano de Territorios Posbiles (ELATEPO) en la ciudad de Chapingo, M\u00e9xico. Podr\u00e1n encontrar m\u00e1s informaci\u00f3n al respecto en los siguientes links y en la secci\u00f3n &#8216;Eventos&#8217; de nuestra p\u00e1gina.<\/p>\n<pre><strong><a href=\"https:\/\/idihcs.fahce.unlp.edu.ar\/territoriosposibles\/iv-encuentro-territorios-posibles-mexico-abril-2024\/\">NOTICIA - IV ENCUENTRO TERRITORIOS POSIBLES, M\u00c9XICO 2024<\/a><br \/><br \/><a href=\"https:\/\/7mocongresoperspectivasdrr.mx\/\">P\u00c1GINA WEB OFICIAL TRIPLE EVENTO (IV ELATEPO)<\/a><\/strong><\/pre>\n\n\n<figure class=\"wp-block-gallery aligncenter has-nested-images columns-default is-cropped wp-block-gallery-1 is-layout-flex wp-block-gallery-is-layout-flex\">\n<figure class=\"wp-block-image size-large\"><img loading=\"lazy\" decoding=\"async\" width=\"1000\" height=\"668\" data-id=\"1377\" src=\"https:\/\/idihcs.fahce.unlp.edu.ar\/territoriosposibles\/wp-content\/uploads\/sites\/24\/2024\/04\/Flyer-trievento-perspectivas-rrss-www.png\" alt=\"\" class=\"wp-image-1377\" srcset=\"https:\/\/idihcs.fahce.unlp.edu.ar\/territoriosposibles\/wp-content\/uploads\/sites\/24\/2024\/04\/Flyer-trievento-perspectivas-rrss-www.png 1000w, https:\/\/idihcs.fahce.unlp.edu.ar\/territoriosposibles\/wp-content\/uploads\/sites\/24\/2024\/04\/Flyer-trievento-perspectivas-rrss-www-300x200.png 300w, https:\/\/idihcs.fahce.unlp.edu.ar\/territoriosposibles\/wp-content\/uploads\/sites\/24\/2024\/04\/Flyer-trievento-perspectivas-rrss-www-768x513.png 768w, https:\/\/idihcs.fahce.unlp.edu.ar\/territoriosposibles\/wp-content\/uploads\/sites\/24\/2024\/04\/Flyer-trievento-perspectivas-rrss-www-696x465.png 696w, https:\/\/idihcs.fahce.unlp.edu.ar\/territoriosposibles\/wp-content\/uploads\/sites\/24\/2024\/04\/Flyer-trievento-perspectivas-rrss-www-629x420.png 629w\" sizes=\"auto, (max-width: 1000px) 100vw, 1000px\" \/><\/figure>\n<\/figure>\n\n\n\n<p style=\"font-size:18px;font-style:normal;font-weight:500\">\u2705 Hasta el 15 de abril del 2024 est\u00e1 abierto el proceso de registro y postulaci\u00f3n de ponencias en este trievento internacional. Toda la informaci\u00f3n en: <a href=\"https:\/\/7mocongresoperspectivasdrr.mx\/\">https:\/\/7mocongresoperspectivasdrr.mx\/<\/a><\/p>\n","protected":false},"excerpt":{"rendered":"<p>La Red Territorios Posibles, Praxis y Transformaci\u00f3n es un espacio donde los proyectos imaginados, pensados y trabajados pueden hacerse realidad para transformar la vida de las poblaciones que m\u00e1s lo necesitan. Con rigurosidad y creatividad trabajamos por m\u00e1s y mejor entendimiento del territorio, sus procesos, sus lugares y sus actores, con el objetivo de lograr [&hellip;]<\/p>\n","protected":false},"author":2,"featured_media":667,"parent":0,"menu_order":0,"comment_status":"closed","ping_status":"closed","template":"page-ui.php","meta":{"_themeisle_gutenberg_block_has_review":false,"footnotes":""},"class_list":["post-98","page","type-page","status-publish","has-post-thumbnail","hentry"],"acf":[],"rttpg_featured_image_url":{"full":["https:\/\/idihcs.fahce.unlp.edu.ar\/territoriosposibles\/wp-content\/uploads\/sites\/24\/2019\/03\/banner-territoriosposibles.jpg",1000,116,false],"landscape":["https:\/\/idihcs.fahce.unlp.edu.ar\/territoriosposibles\/wp-content\/uploads\/sites\/24\/2019\/03\/banner-territoriosposibles.jpg",1000,116,false],"portraits":["https:\/\/idihcs.fahce.unlp.edu.ar\/territoriosposibles\/wp-content\/uploads\/sites\/24\/2019\/03\/banner-territoriosposibles.jpg",1000,116,false],"thumbnail":["https:\/\/idihcs.fahce.unlp.edu.ar\/territoriosposibles\/wp-content\/uploads\/sites\/24\/2019\/03\/banner-territoriosposibles-150x116.jpg",150,116,true],"medium":["https:\/\/idihcs.fahce.unlp.edu.ar\/territoriosposibles\/wp-content\/uploads\/sites\/24\/2019\/03\/banner-territoriosposibles-300x35.jpg",300,35,true],"large":["https:\/\/idihcs.fahce.unlp.edu.ar\/territoriosposibles\/wp-content\/uploads\/sites\/24\/2019\/03\/banner-territoriosposibles.jpg",696,81,false],"1536x1536":["https:\/\/idihcs.fahce.unlp.edu.ar\/territoriosposibles\/wp-content\/uploads\/sites\/24\/2019\/03\/banner-territoriosposibles.jpg",1000,116,false],"2048x2048":["https:\/\/idihcs.fahce.unlp.edu.ar\/territoriosposibles\/wp-content\/uploads\/sites\/24\/2019\/03\/banner-territoriosposibles.jpg",1000,116,false],"td_80x60":["https:\/\/idihcs.fahce.unlp.edu.ar\/territoriosposibles\/wp-content\/uploads\/sites\/24\/2019\/03\/banner-territoriosposibles-80x60.jpg",80,60,true],"td_100x70":["https:\/\/idihcs.fahce.unlp.edu.ar\/territoriosposibles\/wp-content\/uploads\/sites\/24\/2019\/03\/banner-territoriosposibles-100x70.jpg",100,70,true],"td_218x150":["https:\/\/idihcs.fahce.unlp.edu.ar\/territoriosposibles\/wp-content\/uploads\/sites\/24\/2019\/03\/banner-territoriosposibles-218x116.jpg",218,116,true],"td_265x198":["https:\/\/idihcs.fahce.unlp.edu.ar\/territoriosposibles\/wp-content\/uploads\/sites\/24\/2019\/03\/banner-territoriosposibles-265x116.jpg",265,116,true],"td_324x160":["https:\/\/idihcs.fahce.unlp.edu.ar\/territoriosposibles\/wp-content\/uploads\/sites\/24\/2019\/03\/banner-territoriosposibles-324x116.jpg",324,116,true],"td_324x235":["https:\/\/idihcs.fahce.unlp.edu.ar\/territoriosposibles\/wp-content\/uploads\/sites\/24\/2019\/03\/banner-territoriosposibles-324x116.jpg",324,116,true],"td_324x400":["https:\/\/idihcs.fahce.unlp.edu.ar\/territoriosposibles\/wp-content\/uploads\/sites\/24\/2019\/03\/banner-territoriosposibles-324x116.jpg",324,116,true],"td_356x220":["https:\/\/idihcs.fahce.unlp.edu.ar\/territoriosposibles\/wp-content\/uploads\/sites\/24\/2019\/03\/banner-territoriosposibles-356x116.jpg",356,116,true],"td_356x364":["https:\/\/idihcs.fahce.unlp.edu.ar\/territoriosposibles\/wp-content\/uploads\/sites\/24\/2019\/03\/banner-territoriosposibles-356x116.jpg",356,116,true],"td_485x360":["https:\/\/idihcs.fahce.unlp.edu.ar\/territoriosposibles\/wp-content\/uploads\/sites\/24\/2019\/03\/banner-territoriosposibles-485x116.jpg",485,116,true],"td_533x261":["https:\/\/idihcs.fahce.unlp.edu.ar\/territoriosposibles\/wp-content\/uploads\/sites\/24\/2019\/03\/banner-territoriosposibles-533x116.jpg",533,116,true],"td_534x462":["https:\/\/idihcs.fahce.unlp.edu.ar\/territoriosposibles\/wp-content\/uploads\/sites\/24\/2019\/03\/banner-territoriosposibles-534x116.jpg",534,116,true],"td_696x0":["https:\/\/idihcs.fahce.unlp.edu.ar\/territoriosposibles\/wp-content\/uploads\/sites\/24\/2019\/03\/banner-territoriosposibles-696x81.jpg",696,81,true],"td_696x385":["https:\/\/idihcs.fahce.unlp.edu.ar\/territoriosposibles\/wp-content\/uploads\/sites\/24\/2019\/03\/banner-territoriosposibles-696x116.jpg",696,116,true],"td_741x486":["https:\/\/idihcs.fahce.unlp.edu.ar\/territoriosposibles\/wp-content\/uploads\/sites\/24\/2019\/03\/banner-territoriosposibles-741x116.jpg",741,116,true],"td_1068x580":["https:\/\/idihcs.fahce.unlp.edu.ar\/territoriosposibles\/wp-content\/uploads\/sites\/24\/2019\/03\/banner-territoriosposibles.jpg",1000,116,false],"td_1068x0":["https:\/\/idihcs.fahce.unlp.edu.ar\/territoriosposibles\/wp-content\/uploads\/sites\/24\/2019\/03\/banner-territoriosposibles.jpg",1000,116,false],"td_0x420":["https:\/\/idihcs.fahce.unlp.edu.ar\/territoriosposibles\/wp-content\/uploads\/sites\/24\/2019\/03\/banner-territoriosposibles.jpg",1000,116,false],"td_1920x0":["https:\/\/idihcs.fahce.unlp.edu.ar\/territoriosposibles\/wp-content\/uploads\/sites\/24\/2019\/03\/banner-territoriosposibles.jpg",1000,116,false],"rt_custom":["https:\/\/idihcs.fahce.unlp.edu.ar\/territoriosposibles\/wp-content\/uploads\/sites\/24\/2019\/03\/banner-territoriosposibles.jpg",1000,116,false]},"rttpg_author":{"display_name":"ggchicote","author_link":"https:\/\/idihcs.fahce.unlp.edu.ar\/territoriosposibles\/author\/ggchicote\/"},"rttpg_comment":0,"rttpg_category":null,"rttpg_excerpt":"La Red Territorios Posibles, Praxis y Transformaci\u00f3n es un espacio donde los proyectos imaginados, pensados y trabajados pueden hacerse realidad para transformar la vida de las poblaciones que m\u00e1s lo necesitan. Con rigurosidad y creatividad trabajamos por m\u00e1s y mejor entendimiento del territorio, sus procesos, sus lugares y sus actores, con el objetivo de lograr&hellip;","_links":{"self":[{"href":"https:\/\/idihcs.fahce.unlp.edu.ar\/territoriosposibles\/wp-json\/wp\/v2\/pages\/98","targetHints":{"allow":["GET"]}}],"collection":[{"href":"https:\/\/idihcs.fahce.unlp.edu.ar\/territoriosposibles\/wp-json\/wp\/v2\/pages"}],"about":[{"href":"https:\/\/idihcs.fahce.unlp.edu.ar\/territoriosposibles\/wp-json\/wp\/v2\/types\/page"}],"author":[{"embeddable":true,"href":"https:\/\/idihcs.fahce.unlp.edu.ar\/territoriosposibles\/wp-json\/wp\/v2\/users\/2"}],"replies":[{"embeddable":true,"href":"https:\/\/idihcs.fahce.unlp.edu.ar\/territoriosposibles\/wp-json\/wp\/v2\/comments?post=98"}],"version-history":[{"count":75,"href":"https:\/\/idihcs.fahce.unlp.edu.ar\/territoriosposibles\/wp-json\/wp\/v2\/pages\/98\/revisions"}],"predecessor-version":[{"id":1385,"href":"https:\/\/idihcs.fahce.unlp.edu.ar\/territoriosposibles\/wp-json\/wp\/v2\/pages\/98\/revisions\/1385"}],"wp:featuredmedia":[{"embeddable":true,"href":"https:\/\/idihcs.fahce.unlp.edu.ar\/territoriosposibles\/wp-json\/wp\/v2\/media\/667"}],"wp:attachment":[{"href":"https:\/\/idihcs.fahce.unlp.edu.ar\/territoriosposibles\/wp-json\/wp\/v2\/media?parent=98"}],"curies":[{"name":"wp","href":"https:\/\/api.w.org\/{rel}","templated":true}]}}