{"id":1300,"date":"2023-09-22T16:34:11","date_gmt":"2023-09-22T19:34:11","guid":{"rendered":"https:\/\/idihcs.fahce.unlp.edu.ar\/rhcma\/?page_id=1300"},"modified":"2023-09-22T16:34:12","modified_gmt":"2023-09-22T19:34:12","slug":"rhcma-presentacion","status":"publish","type":"page","link":"https:\/\/idihcs.fahce.unlp.edu.ar\/rhcma\/","title":{"rendered":"RHCMA &#8211; Presentaci\u00f3n"},"content":{"rendered":"<div class=\"td_block_wrap td_block_title td_uid_1_6a05319316558_rand td-pb-border-top idihcs td_block_template_3\"  data-td-block-uid=\"td_uid_1_6a05319316558\" >\n<style>\n.td_uid_1_6a05319316558_rand .td_module_wrap:hover .entry-title a,\r\n            .td_uid_1_6a05319316558_rand .td-pulldown-filter-link:hover,\r\n            .td_uid_1_6a05319316558_rand .td-subcat-item a:hover,\r\n            .td_uid_1_6a05319316558_rand .td-subcat-item .td-cur-simple-item,\r\n            .td_uid_1_6a05319316558_rand .td_quote_on_blocks,\r\n            .td_uid_1_6a05319316558_rand .td-opacity-cat .td-post-category:hover,\r\n            .td_uid_1_6a05319316558_rand .td-opacity-read .td-read-more a:hover,\r\n            .td_uid_1_6a05319316558_rand .td-opacity-author .td-post-author-name a:hover,\r\n            .td_uid_1_6a05319316558_rand .td-instagram-user a,\r\n            .td_uid_1_6a05319316558_rand .td-subcat-dropdown:hover .td-subcat-more span,\r\n            .td_uid_1_6a05319316558_rand .td-subcat-dropdown:hover .td-subcat-more i {\r\n                color: #49ab4c !important;\r\n            }\r\n\r\n            .td_uid_1_6a05319316558_rand .td-next-prev-wrap a:hover,\r\n            .td_uid_1_6a05319316558_rand .td-load-more-wrap a:hover {\r\n                background-color: #49ab4c !important;\r\n                border-color: #49ab4c !important;\r\n            }\r\n\r\n            .td_uid_1_6a05319316558_rand .td-read-more a,\r\n            .td_uid_1_6a05319316558_rand .td-weather-information:before,\r\n            .td_uid_1_6a05319316558_rand .td-weather-week:before,\r\n            .td_uid_1_6a05319316558_rand .td-exchange-header:before,\r\n            .td-footer-wrapper .td_uid_1_6a05319316558_rand .td-post-category,\r\n            .td_uid_1_6a05319316558_rand .td-post-category:hover,\r\n            .td_uid_1_6a05319316558_rand .td-subcat-dropdown ul:after,\r\n            .td_uid_1_6a05319316558_rand .td-block-title > * {\r\n                background-color: #49ab4c !important;\r\n            }\r\n\r\n            \r\n            .td_uid_1_6a05319316558_rand .td-block-title > * {\r\n                color: #ffffff !important;\r\n            }\n<\/style><h4 class=\"td-block-title\"><span class=\"td-pulldown-size\">Red de Historia Conectada del Mundo Atl\u00e1ntico<\/span><\/h4><div class=\"td_mod_wrap\"><\/div><\/div>\n\n\n\n<p>La Red de Historia Conectada del Mundo Atl\u00e1ntico (RHCMA) naci\u00f3 a partir de un convenio<br>espec\u00edfico firmado entre la Pontificia Universidad Cat\u00f3lica de R\u00edo de Janeiro y la Universidad<br>Nacional de La Plata. En particular, el Centro de Historia Argentina y Americana (FaHCE, UNLP) y el<br>Laboratorio de Conexiones Atl\u00e1nticas (PUC-R\u00edo) han formalizado sus lazos preexistentes a trav\u00e9s<br>de este acuerdo, el cual conforma una apuesta a fortalecer dichos v\u00ednculos e intercambios<br>acad\u00e9micos.<\/p>\n\n\n\n<p>Tiene como objetivo principal, promover y robustecer las redes acad\u00e9micas en<br>relaci\u00f3n a los estudios relativos a la Historia Conectada del Mundo Atl\u00e1ntico entre ambas<br>instituciones. En este sentido, se proyecta la realizaci\u00f3n de actividades tanto de intercambio,<br>difusi\u00f3n como de elaboraci\u00f3n de proyectos conjuntos.<\/p>\n\n\n\n<p>Fruto de nuestras primeras iniciativas, desde la RHCMA hemos impulsado el Seminario<br>Permanente de la Red de Historia Conectada del Mundo Atl\u00e1ntico y realizado los dos primeros<br>encuentros del mismo.<\/p>\n\n\n\n<p><strong>Directores:<\/strong><br>Dr. <a href=\"https:\/\/scholar.google.com.br\/citations?user=pIzCXzsAAAAJ&amp;hl=es\" target=\"_blank\" rel=\"noreferrer noopener\">Diego Galeano<\/a> (PUC-R\u00edo)<br>Dr. <a href=\"https:\/\/idihcs.fahce.unlp.edu.ar\/personas\/reitano-emir\/\" target=\"_blank\" rel=\"noreferrer noopener\">Emir Reitano<\/a> (UNLP)<br>Dr. <a href=\"https:\/\/idihcs.fahce.unlp.edu.ar\/personas\/barreneche-osvaldo\/\" target=\"_blank\" rel=\"noreferrer noopener\">Osvaldo Barreneche<\/a> (UNLP)<\/p>\n\n\n\n<p><strong>Coordinadora:<\/strong><br>Dra. <a href=\"https:\/\/idihcs.fahce.unlp.edu.ar\/personas\/castronuovo-sabrina\/\" target=\"_blank\" rel=\"noreferrer noopener\">Sabrina Castronuovo<\/a> (UNLP)<br><br><strong><a href=\"https:\/\/idihcs.fahce.unlp.edu.ar\/wp-content\/uploads\/2023\/07\/Pontifica-especifico-1_compressed-1.pdf\">Convenio de creaci\u00f3n<\/a><\/strong><\/p>\n\n\n\n<figure class=\"wp-block-image is-resized\"><img loading=\"lazy\" decoding=\"async\" src=\"https:\/\/idihcs.fahce.unlp.edu.ar\/wp-content\/uploads\/2023\/07\/Logo-conexoes-150x150.jpeg\" alt=\"\" class=\"wp-image-8852\" width=\"152\" height=\"152\"\/><\/figure>\n\n\n\n<figure class=\"wp-block-image\"><img decoding=\"async\" src=\"https:\/\/idihcs.fahce.unlp.edu.ar\/wp-content\/uploads\/2023\/07\/logo_HEADERArtboard-11@2x-1-300x78.png\" alt=\"\" class=\"wp-image-8853\"\/><\/figure>\n\n\n\n<figure class=\"wp-block-image\"><img decoding=\"async\" src=\"https:\/\/idihcs.fahce.unlp.edu.ar\/wp-content\/uploads\/2023\/07\/Logo_UNSAM-300x196.png\" alt=\"\" class=\"wp-image-8854\"\/><\/figure>\n\n\n\n<figure class=\"wp-block-image\"><img decoding=\"async\" src=\"https:\/\/idihcs.fahce.unlp.edu.ar\/wp-content\/uploads\/2023\/07\/logo-PUC-Rio.jpg\" alt=\"\" class=\"wp-image-8855\"\/><\/figure>\n\n\n\n<figure class=\"wp-block-image\"><img decoding=\"async\" src=\"https:\/\/idihcs.fahce.unlp.edu.ar\/wp-content\/uploads\/2018\/05\/chaya-1.jpg\" alt=\"\" class=\"wp-image-335\"\/><\/figure>\n\n\n\n<figure class=\"wp-block-image\"><img decoding=\"async\" src=\"https:\/\/idihcs.fahce.unlp.edu.ar\/wp-content\/uploads\/2018\/05\/idihcs-logo-300x75.png\" alt=\"\" class=\"wp-image-345\"\/><\/figure>\n","protected":false},"excerpt":{"rendered":"<p>La Red de Historia Conectada del Mundo Atl\u00e1ntico (RHCMA) naci\u00f3 a partir de un convenioespec\u00edfico firmado entre la Pontificia Universidad Cat\u00f3lica de R\u00edo de Janeiro y la UniversidadNacional de La Plata. En particular, el Centro de Historia Argentina y Americana (FaHCE, UNLP) y elLaboratorio de Conexiones Atl\u00e1nticas (PUC-R\u00edo) han formalizado sus lazos preexistentes a trav\u00e9sde [&hellip;]<\/p>\n","protected":false},"author":1,"featured_media":0,"parent":0,"menu_order":0,"comment_status":"closed","ping_status":"closed","template":"","meta":{"_themeisle_gutenberg_block_has_review":false,"footnotes":""},"class_list":["post-1300","page","type-page","status-publish","hentry"],"acf":[],"rttpg_featured_image_url":null,"rttpg_author":{"display_name":"admin_ead","author_link":"https:\/\/idihcs.fahce.unlp.edu.ar\/rhcma\/author\/admin_ead\/"},"rttpg_comment":0,"rttpg_category":null,"rttpg_excerpt":"La Red de Historia Conectada del Mundo Atl\u00e1ntico (RHCMA) naci\u00f3 a partir de un convenioespec\u00edfico firmado entre la Pontificia Universidad Cat\u00f3lica de R\u00edo de Janeiro y la UniversidadNacional de La Plata. En particular, el Centro de Historia Argentina y Americana (FaHCE, UNLP) y elLaboratorio de Conexiones Atl\u00e1nticas (PUC-R\u00edo) han formalizado sus lazos preexistentes a trav\u00e9sde&hellip;","_links":{"self":[{"href":"https:\/\/idihcs.fahce.unlp.edu.ar\/rhcma\/wp-json\/wp\/v2\/pages\/1300","targetHints":{"allow":["GET"]}}],"collection":[{"href":"https:\/\/idihcs.fahce.unlp.edu.ar\/rhcma\/wp-json\/wp\/v2\/pages"}],"about":[{"href":"https:\/\/idihcs.fahce.unlp.edu.ar\/rhcma\/wp-json\/wp\/v2\/types\/page"}],"author":[{"embeddable":true,"href":"https:\/\/idihcs.fahce.unlp.edu.ar\/rhcma\/wp-json\/wp\/v2\/users\/1"}],"replies":[{"embeddable":true,"href":"https:\/\/idihcs.fahce.unlp.edu.ar\/rhcma\/wp-json\/wp\/v2\/comments?post=1300"}],"version-history":[{"count":2,"href":"https:\/\/idihcs.fahce.unlp.edu.ar\/rhcma\/wp-json\/wp\/v2\/pages\/1300\/revisions"}],"predecessor-version":[{"id":1304,"href":"https:\/\/idihcs.fahce.unlp.edu.ar\/rhcma\/wp-json\/wp\/v2\/pages\/1300\/revisions\/1304"}],"wp:attachment":[{"href":"https:\/\/idihcs.fahce.unlp.edu.ar\/rhcma\/wp-json\/wp\/v2\/media?parent=1300"}],"curies":[{"name":"wp","href":"https:\/\/api.w.org\/{rel}","templated":true}]}}