{"id":1300,"date":"2023-11-01T16:34:11","date_gmt":"2023-11-01T19:34:11","guid":{"rendered":"https:\/\/idihcs.fahce.unlp.edu.ar\/programa-testimonio\/?page_id=1300"},"modified":"2025-12-13T16:12:05","modified_gmt":"2025-12-13T19:12:05","slug":"rhcma-presentacion","status":"publish","type":"page","link":"https:\/\/idihcs.fahce.unlp.edu.ar\/programa-testimonio\/","title":{"rendered":"Presentaci\u00f3n"},"content":{"rendered":"<p><span style=\"font-family: Calibri, serif;\"><span style=\"font-size: medium;\">Este programa se plantea fomentar el desarrollo de relaciones de cooperaci\u00f3n e intercambio entre proyectos de investigaci\u00f3n de diversas universidades centrados en el testimonio en Am\u00e9rica Latina. A partir de la caracterizaci\u00f3n del testimonio en el Cono Sur surgido en torno al terrorismo de Estado a fines de la d\u00e9cada de 1970, proponemos indagar las marcas particulares del testimonio en otras localizaciones y coyunturas en Am\u00e9rica Latina que, adem\u00e1s de exhibir el paradigma de los derechos humanos, incluye matrices, tradiciones, relatos y formas de pensamiento locales de cada contexto. Atendemos especialmente a aquellos contextos en los que las comunidades ind\u00edgenas y afrodescendientes fueron v\u00edctimas de la violencia estatal -adem\u00e1s de otros agentes de violencia- en los denominados conflictos armados, dictaduras, genocidios. <\/span><\/span><\/p>\n<p><span style=\"font-family: Calibri, serif;\"><span style=\"font-size: medium;\">Nos interesa explorar en el interior del testimonio en clave de derechos humanos y memoria sus peculiaridades: la configuraci\u00f3n de una narrativa humanitaria con su lenguaje e imaginarios; las voces de v\u00edctimas, testigos, sobrevivientes, primera, segunda y tercera generaci\u00f3n; el concepto de verdad y las lagunas de la memoria; las funciones del g\u00e9nero (informaci\u00f3n, denuncia, etc.); las relaciones con la justicia (el \u201ctestimonio punitivo\u201d), con la historiograf\u00eda y con el psicoan\u00e1lisis (el testimonio y el trauma); la \u201cfamilia testimonial\u201d; la expansi\u00f3n del testimonio oral y escrito (edificios, baldosas, se\u00f1al\u00e9ticas, textiles, etc.); los v\u00ednculos con la tradici\u00f3n testimonial latinoamericana y con los modelos provenientes de la Sho\u00e1, la dimensi\u00f3n pol\u00edtica, militante y emancipatoria de este g\u00e9nero, etc. <\/span><\/span><\/p>\n<p><span style=\"font-family: Calibri, serif;\"><span style=\"font-size: medium;\">Nos detendremos, adem\u00e1s, en las apropiaciones e interferencias del arte y la literatura que desplazan el primer modelo del \u201ctestimonio punitivo\u201d para crear testimonios culturales y literarios donde ingresan aquellos elementos descartados en las declaraciones a las comisiones de verdad y en los juicios (los fantasmas, el humor y la iron\u00eda, la ficci\u00f3n y la ciencia ficci\u00f3n, la voz de los muertos, el empleo de tropos literarios y procedimientos experimentales de ruptura, etc.). El arte ocupar\u00e1 la escena p\u00fablica y el activismo surgido en las pol\u00edticas de la memoria, verdad y justicia dando lugar a los denominados artivismos.<\/span><\/span><\/p>\n<p><span style=\"font-family: Calibri, serif;\"><span style=\"font-size: medium;\">Nuestra propuesta se basa en el an\u00e1lisis comparativo con otros modos del testimonio en Am\u00e9rica Latina que obedecen a diversas coyunturas con dis\u00edmiles historias, diferentes fuerzas pol\u00edticas y sociales puestas en juego en los conflictos armados, con tradiciones art\u00edsticas y literarias alternativas, con matrices particulares y locales de pensamiento. Proponemos ir m\u00e1s all\u00e1 de cierto modelo hegem\u00f3nico del Cono Sur para indagar otras experiencias de violencia radical atravesadas por la colonialidad del poder y del saber. <\/span><\/span><\/p>\n<p><span style=\"font-family: Calibri, serif;\"><span style=\"font-size: medium;\">Consideramos que el testimonio humanitario vehiculiza tanto la voz de las v\u00edctimas de los denominados terrorismos de estado, conflictos armados internos, guerras, dictaduras como los proyectos emancipatorios y por ello es central en el presente de las sociedades latinoamericanas. <\/span><\/span><\/p>\n","protected":false},"excerpt":{"rendered":"<p>Este programa se plantea fomentar el desarrollo de relaciones de cooperaci\u00f3n e intercambio entre proyectos de investigaci\u00f3n de diversas universidades centrados en el testimonio en Am\u00e9rica Latina. A partir de la caracterizaci\u00f3n del testimonio en el Cono Sur surgido en torno al terrorismo de Estado a fines de la d\u00e9cada de 1970, proponemos indagar las [&hellip;]<\/p>\n","protected":false},"author":1,"featured_media":0,"parent":0,"menu_order":0,"comment_status":"closed","ping_status":"closed","template":"page-ui.php","meta":{"_themeisle_gutenberg_block_has_review":false,"footnotes":""},"class_list":["post-1300","page","type-page","status-publish","hentry"],"acf":[],"rttpg_featured_image_url":null,"rttpg_author":{"display_name":"admin_ead","author_link":"https:\/\/idihcs.fahce.unlp.edu.ar\/programa-testimonio\/author\/admin_ead\/"},"rttpg_comment":0,"rttpg_category":null,"rttpg_excerpt":"Este programa se plantea fomentar el desarrollo de relaciones de cooperaci\u00f3n e intercambio entre proyectos de investigaci\u00f3n de diversas universidades centrados en el testimonio en Am\u00e9rica Latina. A partir de la caracterizaci\u00f3n del testimonio en el Cono Sur surgido en torno al terrorismo de Estado a fines de la d\u00e9cada de 1970, proponemos indagar las&hellip;","_links":{"self":[{"href":"https:\/\/idihcs.fahce.unlp.edu.ar\/programa-testimonio\/wp-json\/wp\/v2\/pages\/1300","targetHints":{"allow":["GET"]}}],"collection":[{"href":"https:\/\/idihcs.fahce.unlp.edu.ar\/programa-testimonio\/wp-json\/wp\/v2\/pages"}],"about":[{"href":"https:\/\/idihcs.fahce.unlp.edu.ar\/programa-testimonio\/wp-json\/wp\/v2\/types\/page"}],"author":[{"embeddable":true,"href":"https:\/\/idihcs.fahce.unlp.edu.ar\/programa-testimonio\/wp-json\/wp\/v2\/users\/1"}],"replies":[{"embeddable":true,"href":"https:\/\/idihcs.fahce.unlp.edu.ar\/programa-testimonio\/wp-json\/wp\/v2\/comments?post=1300"}],"version-history":[{"count":6,"href":"https:\/\/idihcs.fahce.unlp.edu.ar\/programa-testimonio\/wp-json\/wp\/v2\/pages\/1300\/revisions"}],"predecessor-version":[{"id":1432,"href":"https:\/\/idihcs.fahce.unlp.edu.ar\/programa-testimonio\/wp-json\/wp\/v2\/pages\/1300\/revisions\/1432"}],"wp:attachment":[{"href":"https:\/\/idihcs.fahce.unlp.edu.ar\/programa-testimonio\/wp-json\/wp\/v2\/media?parent=1300"}],"curies":[{"name":"wp","href":"https:\/\/api.w.org\/{rel}","templated":true}]}}