{"id":742,"date":"2021-03-15T23:55:02","date_gmt":"2021-03-16T02:55:02","guid":{"rendered":"http:\/\/idihcs.fahce.unlp.edu.ar\/pppl\/?page_id=742"},"modified":"2025-04-16T15:04:26","modified_gmt":"2025-04-16T18:04:26","slug":"seminarios-y-cursos-de-posgrado","status":"publish","type":"page","link":"https:\/\/idihcs.fahce.unlp.edu.ar\/pplit\/seminarios-y-cursos-de-posgrado\/","title":{"rendered":"Seminarios y cursos de posgrado"},"content":{"rendered":"\n<div class=\"wp-block-columns is-layout-flex wp-container-core-columns-is-layout-9d6595d7 wp-block-columns-is-layout-flex\">\n<div class=\"wp-block-column is-layout-flow wp-block-column-is-layout-flow\" style=\"flex-basis:100%\">\n<ul>\n<li>\n<p><strong>2024.<\/strong> Seminario de Posgrado \u201cLiteratura argentina en circulaci\u00f3n: formas de producci\u00f3n, materialidades, contextos (editoriales, period\u00edsticos)\u201d. Universidad Humboldt de Berlin. Profesora a cargo: Dra. Geraldine Rogers.<\/p>\n<\/li>\n<li>\n<p><strong>2023.<\/strong> Seminario de Doctorado \u201cLas publicaciones peri\u00f3dicas como dispositivos de exposici\u00f3n de la literatura: de Caras y Caretas al Diario de Poes\u00eda\u201d. Facultad de Humanidades y Ciencias de la Educaci\u00f3n, Universidad Nacional de La Plata. Profesora a cargo: Dra. Geraldine Rogers.<\/p>\n<\/li>\n<li>\n<p><strong>2022.<\/strong> Seminario de Doctorado &#8220;Literatura, periodismo y materialidad&#8221;. Facultad de Humanidades y Ciencias de la Educaci\u00f3n, Universidad Nacional de La Plata. <span style=\"font-size: revert;color: initial\">Profesores\/as a cargo: Dra. Ver\u00f3nica Delgado (IdIHCS, UNLP\/CONICET), Dra Geraldine Rogers (IdIHCS, UNLP\/CONICET), Dra. Mar\u00eda de los \u00c1ngeles Mascioto (IdIHCS, UNLP\/CONICET), Dr. Federico Gerhardt (IdIHCS, UNLP\/CONICET), Dra. Margarita Merbilha\u00e1 (IdIHCS, UNLP\/CONICET) Dr. Frederico de Mello B. Tavares (Universidade Federal de Ouro Preto, Brasil), Dra. Mar\u00eda Andrea Giovine (Universidad Nacional Aut\u00f3noma de M\u00e9xico), Dra. Yanna Hadatty Mora (Universidad Nacional Aut\u00f3noma de M\u00e9xico), Dra. Claudia Darrigrandi Navarro (Universidad Adolfo Ib\u00e1\u00f1ez, Chile), Dra. Mariana Moraes Medina (Universidad de Montevideo, Uruguay)<\/span><\/p>\n<\/li>\n<li><strong>2021.<\/strong> Seminario de Doctorado &#8220;Exposiciones en el tiempo. Aportes y perspectivas para el estudio de las publicaciones peri\u00f3dicas&#8221;. FaHCE, Universidad Nacional de La Plata. Docentes: Dras. Ver\u00f3nica Delgado y Geraldine Rogers (IdIHCS, UNLP-CONICET), el Dr. Frederico Tavares (UFOP, Brasil) y la Dra. Antonia Viu (U. Adolfo Iba\u00f1ez, Chile).<\/li>\n<li><strong>2019<\/strong>. Seminario de Doctorado &#8220;Las publicaciones peri\u00f3dicas como contextos formativos de la literatura argentina. Efectos y transformaciones sobre los estudios literarios&#8221;. FAHCE, Universidad Nacional de La Plata. Docentes: Ver\u00f3nica Delgado y Geraldine Rogers.<\/li>\n<li><strong>2019.<\/strong> Curso &#8220;Perspectivas cr\u00edticas y metodol\u00f3gicas en el estudio de las publicaciones peri\u00f3dicas&#8221;. UNAM. Docente: Ver\u00f3nica Delgado.<\/li>\n<li><strong>2018<\/strong>. Seminario de Doctorado &#8220;Po\u00e9ticas period\u00edsticas en la literatura argentina\u201d, FAHCE, Universidad Nacional de La Plata. Docente: Geraldine Rogers.<\/li>\n<li><strong>2017.<\/strong> Seminario de Doctorado &#8220;Tiempos de papel. Elementos para pensar la literatura argentina en contexto period\u00edstico&#8221;, FAHCE, Universidad Nacional de La Plata. Docente: Geraldine Rogers.<\/li>\n<\/ul>\n<\/div>\n<\/div>\n","protected":false},"excerpt":{"rendered":"<p>2024. Seminario de Posgrado \u201cLiteratura argentina en circulaci\u00f3n: formas de producci\u00f3n, materialidades, contextos (editoriales, period\u00edsticos)\u201d. Universidad Humboldt de Berlin. Profesora a cargo: Dra. Geraldine Rogers. 2023. Seminario de Doctorado \u201cLas publicaciones peri\u00f3dicas como dispositivos de exposici\u00f3n de la literatura: de Caras y Caretas al Diario de Poes\u00eda\u201d. Facultad de Humanidades y Ciencias de la Educaci\u00f3n, [&hellip;]<\/p>\n","protected":false},"author":21,"featured_media":0,"parent":0,"menu_order":0,"comment_status":"closed","ping_status":"closed","template":"page-ui.php","meta":{"_themeisle_gutenberg_block_has_review":false,"footnotes":""},"class_list":["post-742","page","type-page","status-publish","hentry"],"acf":[],"rttpg_featured_image_url":null,"rttpg_author":{"display_name":"psalguero","author_link":"https:\/\/idihcs.fahce.unlp.edu.ar\/pplit\/author\/psalguero\/"},"rttpg_comment":0,"rttpg_category":null,"rttpg_excerpt":"2024. Seminario de Posgrado \u201cLiteratura argentina en circulaci\u00f3n: formas de producci\u00f3n, materialidades, contextos (editoriales, period\u00edsticos)\u201d. Universidad Humboldt de Berlin. Profesora a cargo: Dra. Geraldine Rogers. 2023. Seminario de Doctorado \u201cLas publicaciones peri\u00f3dicas como dispositivos de exposici\u00f3n de la literatura: de Caras y Caretas al Diario de Poes\u00eda\u201d. Facultad de Humanidades y Ciencias de la Educaci\u00f3n,&hellip;","_links":{"self":[{"href":"https:\/\/idihcs.fahce.unlp.edu.ar\/pplit\/wp-json\/wp\/v2\/pages\/742","targetHints":{"allow":["GET"]}}],"collection":[{"href":"https:\/\/idihcs.fahce.unlp.edu.ar\/pplit\/wp-json\/wp\/v2\/pages"}],"about":[{"href":"https:\/\/idihcs.fahce.unlp.edu.ar\/pplit\/wp-json\/wp\/v2\/types\/page"}],"author":[{"embeddable":true,"href":"https:\/\/idihcs.fahce.unlp.edu.ar\/pplit\/wp-json\/wp\/v2\/users\/21"}],"replies":[{"embeddable":true,"href":"https:\/\/idihcs.fahce.unlp.edu.ar\/pplit\/wp-json\/wp\/v2\/comments?post=742"}],"version-history":[{"count":11,"href":"https:\/\/idihcs.fahce.unlp.edu.ar\/pplit\/wp-json\/wp\/v2\/pages\/742\/revisions"}],"predecessor-version":[{"id":1268,"href":"https:\/\/idihcs.fahce.unlp.edu.ar\/pplit\/wp-json\/wp\/v2\/pages\/742\/revisions\/1268"}],"wp:attachment":[{"href":"https:\/\/idihcs.fahce.unlp.edu.ar\/pplit\/wp-json\/wp\/v2\/media?parent=742"}],"curies":[{"name":"wp","href":"https:\/\/api.w.org\/{rel}","templated":true}]}}