{"id":740,"date":"2021-03-15T23:54:34","date_gmt":"2021-03-16T02:54:34","guid":{"rendered":"http:\/\/idihcs.fahce.unlp.edu.ar\/pppl\/?page_id=740"},"modified":"2021-05-17T09:58:57","modified_gmt":"2021-05-17T12:58:57","slug":"conferencias-y-encuentros","status":"publish","type":"page","link":"https:\/\/idihcs.fahce.unlp.edu.ar\/pplit\/conferencias-y-encuentros\/","title":{"rendered":"Conferencias y encuentros de investigaci\u00f3n"},"content":{"rendered":"<ul>\n<li><span style=\"font-size: 14pt;\"><span style=\"font-size: 14pt;\"><span style=\"font-size: 14pt;\">Primera Jornada Interna 2021 del Proyecto &#8220;Revistas, archivo y exposici\u00f3n&#8221;, 15 de abril de 2021.\u00a0<\/span><\/span><\/span><\/li>\n<\/ul>\n<p style=\"text-align: center;\"><img loading=\"lazy\" decoding=\"async\" class=\"wp-image-1055 aligncenter\" src=\"http:\/\/idihcs.fahce.unlp.edu.ar\/pplit\/wp-content\/uploads\/sites\/29\/2021\/04\/Captura-3-300x201.png\" alt=\"\" width=\"417\" height=\"279\" srcset=\"https:\/\/idihcs.fahce.unlp.edu.ar\/pplit\/wp-content\/uploads\/sites\/29\/2021\/04\/Captura-3-300x201.png 300w, https:\/\/idihcs.fahce.unlp.edu.ar\/pplit\/wp-content\/uploads\/sites\/29\/2021\/04\/Captura-3-768x515.png 768w, https:\/\/idihcs.fahce.unlp.edu.ar\/pplit\/wp-content\/uploads\/sites\/29\/2021\/04\/Captura-3-1024x687.png 1024w, https:\/\/idihcs.fahce.unlp.edu.ar\/pplit\/wp-content\/uploads\/sites\/29\/2021\/04\/Captura-3-696x467.png 696w, https:\/\/idihcs.fahce.unlp.edu.ar\/pplit\/wp-content\/uploads\/sites\/29\/2021\/04\/Captura-3-1068x716.png 1068w, https:\/\/idihcs.fahce.unlp.edu.ar\/pplit\/wp-content\/uploads\/sites\/29\/2021\/04\/Captura-3-626x420.png 626w, https:\/\/idihcs.fahce.unlp.edu.ar\/pplit\/wp-content\/uploads\/sites\/29\/2021\/04\/Captura-3-1920x1288.png 1920w\" sizes=\"auto, (max-width: 417px) 100vw, 417px\" \/><\/p>\n<p style=\"text-align: center;\"><span style=\"font-size: 14pt;\"><span style=\"font-size: 14pt;\"><span style=\"font-size: 14pt;\"><span style=\"font-size: 10pt;\">Presentaci\u00f3n del Proyecto de investigaci\u00f3n posdoctoral de\u00a0<a href=\"http:\/\/idihcs.fahce.unlp.edu.ar\/pplit\/category\/integrantes\/investigadores-visitantes\/\">Juliana Melo<\/a>\u00a0(CP-UFMG), investigadora visitante: &#8220;<em>Revistas de fotonovelas en Brasil y Argentina,\u00a0<\/em><em>entre finales de los a\u00f1os 1940 y la d\u00e9cada de 1980: indicadores de las culturas de lo escrito en Am\u00e9rica Latina<\/em>&#8220;.\u00a0<\/span><br \/>\n<\/span><\/span><\/span><\/p>\n<p style=\"text-align: center;\"><span style=\"font-size: 14pt;\"><img loading=\"lazy\" decoding=\"async\" class=\"wp-image-1052 aligncenter\" src=\"http:\/\/idihcs.fahce.unlp.edu.ar\/pplit\/wp-content\/uploads\/sites\/29\/2021\/04\/Captura-2-e1618579228190-300x150.png\" alt=\"\" width=\"380\" height=\"190\" srcset=\"https:\/\/idihcs.fahce.unlp.edu.ar\/pplit\/wp-content\/uploads\/sites\/29\/2021\/04\/Captura-2-e1618579228190-300x150.png 300w, https:\/\/idihcs.fahce.unlp.edu.ar\/pplit\/wp-content\/uploads\/sites\/29\/2021\/04\/Captura-2-e1618579228190-768x383.png 768w, https:\/\/idihcs.fahce.unlp.edu.ar\/pplit\/wp-content\/uploads\/sites\/29\/2021\/04\/Captura-2-e1618579228190-1024x511.png 1024w, https:\/\/idihcs.fahce.unlp.edu.ar\/pplit\/wp-content\/uploads\/sites\/29\/2021\/04\/Captura-2-e1618579228190-696x347.png 696w, https:\/\/idihcs.fahce.unlp.edu.ar\/pplit\/wp-content\/uploads\/sites\/29\/2021\/04\/Captura-2-e1618579228190-1068x532.png 1068w, https:\/\/idihcs.fahce.unlp.edu.ar\/pplit\/wp-content\/uploads\/sites\/29\/2021\/04\/Captura-2-e1618579228190-842x420.png 842w, https:\/\/idihcs.fahce.unlp.edu.ar\/pplit\/wp-content\/uploads\/sites\/29\/2021\/04\/Captura-2-e1618579228190-1920x957.png 1920w\" sizes=\"auto, (max-width: 380px) 100vw, 380px\" \/><\/span><span style=\"font-size: 10pt;\">Presentaci\u00f3n del Proyecto de investigaci\u00f3n doctoral de <a href=\"http:\/\/idihcs.fahce.unlp.edu.ar\/pplit\/ivan-suasnabar\/\">Iv\u00e1n Suasn\u00e1bar<\/a>\u00a0(IdIHCS-UNLP): &#8220;<em>Las transformaciones de la cr\u00edtica literaria en la prensa diaria: el caso de Beatriz Sarlo en suplementos culturales (2003-2012)<\/em>&#8220;.\u00a0<\/span><\/p>\n<p><span style=\"font-size: 14pt;\"><img loading=\"lazy\" decoding=\"async\" class=\"wp-image-1051 aligncenter\" src=\"http:\/\/idihcs.fahce.unlp.edu.ar\/pplit\/wp-content\/uploads\/sites\/29\/2021\/04\/Captura-5-1-300x137.png\" alt=\"\" width=\"406\" height=\"185\" srcset=\"https:\/\/idihcs.fahce.unlp.edu.ar\/pplit\/wp-content\/uploads\/sites\/29\/2021\/04\/Captura-5-1-300x137.png 300w, https:\/\/idihcs.fahce.unlp.edu.ar\/pplit\/wp-content\/uploads\/sites\/29\/2021\/04\/Captura-5-1-768x351.png 768w, https:\/\/idihcs.fahce.unlp.edu.ar\/pplit\/wp-content\/uploads\/sites\/29\/2021\/04\/Captura-5-1-1024x468.png 1024w, https:\/\/idihcs.fahce.unlp.edu.ar\/pplit\/wp-content\/uploads\/sites\/29\/2021\/04\/Captura-5-1-696x318.png 696w, https:\/\/idihcs.fahce.unlp.edu.ar\/pplit\/wp-content\/uploads\/sites\/29\/2021\/04\/Captura-5-1-1068x488.png 1068w, https:\/\/idihcs.fahce.unlp.edu.ar\/pplit\/wp-content\/uploads\/sites\/29\/2021\/04\/Captura-5-1-919x420.png 919w, https:\/\/idihcs.fahce.unlp.edu.ar\/pplit\/wp-content\/uploads\/sites\/29\/2021\/04\/Captura-5-1-1920x878.png 1920w\" sizes=\"auto, (max-width: 406px) 100vw, 406px\" \/><\/span><\/p>\n<p>&nbsp;<\/p>\n<ul>\n<li><a href=\"https:\/\/www.youtube.com\/watch?v=O5_j6N7OOQ0\" target=\"_blank\" rel=\"noopener\"><span style=\"font-size: 14pt;\">Encuentro con Mar\u00eda Celia V\u00e1zquez (UNS): \u201cVictoria Ocampo, cronista outsider\u201d, 22 de mayo de 202<\/span><span style=\"font-size: 14pt;\">0<\/span><strong><span style=\"font-size: 14pt;\">.<\/span><\/strong><\/a><\/li>\n<\/ul>\n<p><iframe loading=\"lazy\" width=\"696\" height=\"392\" src=\"https:\/\/www.youtube.com\/embed\/O5_j6N7OOQ0?feature=oembed\" frameborder=\"0\" allow=\"accelerometer; autoplay; clipboard-write; encrypted-media; gyroscope; picture-in-picture\" allowfullscreen><\/iframe><\/p>\n<ul>\n<li><span style=\"font-size: 14pt;\">Mesa redonda con Karina Janello (CedINCI) y Soledad<\/span><span style=\"font-size: 14pt;\"> Q<\/span><span style=\"font-size: 14pt;\">uereilhac<\/span><span style=\"font-size: 14pt;\"> (UBA-CONICET) Recursos para la investigaci\u00f3n. Repositorios digitales: La democratizaci\u00f3n del acceso a las publicaciones peri\u00f3dicas en Ahira y Am\u00e9ricaLEE, diciembre de 2017.<\/span><\/li>\n<\/ul>\n<p><a href=\"https:\/\/drive.google.com\/file\/d\/1oDWHg7u7AwbIVBicAPVNLOAvFslQPjyo\/view\"><img loading=\"lazy\" decoding=\"async\" class=\" wp-image-946 aligncenter\" src=\"http:\/\/idihcs.fahce.unlp.edu.ar\/pplit\/wp-content\/uploads\/sites\/29\/2021\/04\/DSC02238-300x225.jpg\" alt=\"\" width=\"407\" height=\"305\" srcset=\"https:\/\/idihcs.fahce.unlp.edu.ar\/pplit\/wp-content\/uploads\/sites\/29\/2021\/04\/DSC02238-300x225.jpg 300w, https:\/\/idihcs.fahce.unlp.edu.ar\/pplit\/wp-content\/uploads\/sites\/29\/2021\/04\/DSC02238-768x576.jpg 768w, https:\/\/idihcs.fahce.unlp.edu.ar\/pplit\/wp-content\/uploads\/sites\/29\/2021\/04\/DSC02238-1024x768.jpg 1024w, https:\/\/idihcs.fahce.unlp.edu.ar\/pplit\/wp-content\/uploads\/sites\/29\/2021\/04\/DSC02238-80x60.jpg 80w, https:\/\/idihcs.fahce.unlp.edu.ar\/pplit\/wp-content\/uploads\/sites\/29\/2021\/04\/DSC02238-265x198.jpg 265w, https:\/\/idihcs.fahce.unlp.edu.ar\/pplit\/wp-content\/uploads\/sites\/29\/2021\/04\/DSC02238-696x522.jpg 696w, https:\/\/idihcs.fahce.unlp.edu.ar\/pplit\/wp-content\/uploads\/sites\/29\/2021\/04\/DSC02238-1068x801.jpg 1068w, https:\/\/idihcs.fahce.unlp.edu.ar\/pplit\/wp-content\/uploads\/sites\/29\/2021\/04\/DSC02238-560x420.jpg 560w, https:\/\/idihcs.fahce.unlp.edu.ar\/pplit\/wp-content\/uploads\/sites\/29\/2021\/04\/DSC02238-1920x1440.jpg 1920w\" sizes=\"auto, (max-width: 407px) 100vw, 407px\" \/><\/a><\/p>\n<ul>\n<li><span style=\"font-size: 14pt;\">Conferencia de Federico Bibb\u00f3: \u201cHistoria literaria interferida. Publicaciones peri\u00f3dicas en el estudio de la vida cultural argentina (IdiHCS)), 11 de octubre 2017.<\/span><\/li>\n<\/ul>\n<p><img loading=\"lazy\" decoding=\"async\" class=\" wp-image-874 aligncenter\" src=\"http:\/\/idihcs.fahce.unlp.edu.ar\/pplit\/wp-content\/uploads\/sites\/29\/2021\/04\/BIBBO-212x300.png\" alt=\"\" width=\"503\" height=\"713\" srcset=\"https:\/\/idihcs.fahce.unlp.edu.ar\/pplit\/wp-content\/uploads\/sites\/29\/2021\/04\/BIBBO-212x300.png 212w, https:\/\/idihcs.fahce.unlp.edu.ar\/pplit\/wp-content\/uploads\/sites\/29\/2021\/04\/BIBBO-297x420.png 297w\" sizes=\"auto, (max-width: 503px) 100vw, 503px\" \/><\/p>\n<p>&nbsp;<\/p>\n<ul>\n<li><span style=\"font-size: 14pt;\">Conferencia de Lila Caimari (CONICET-Universidad de San Andr\u00e9s) \u201cEn el mundo-barrio. Circulaci\u00f3n de noticias y expansi\u00f3n informativa en los diarios sudamericanos del siglo XIX\u201d 9 de junio de 2017.<\/span><\/li>\n<\/ul>\n<p><img loading=\"lazy\" decoding=\"async\" class=\" wp-image-875 aligncenter\" src=\"http:\/\/idihcs.fahce.unlp.edu.ar\/pplit\/wp-content\/uploads\/sites\/29\/2021\/04\/PPA-caimari-1-212x300.png\" alt=\"\" width=\"515\" height=\"728\" srcset=\"https:\/\/idihcs.fahce.unlp.edu.ar\/pplit\/wp-content\/uploads\/sites\/29\/2021\/04\/PPA-caimari-1-212x300.png 212w, https:\/\/idihcs.fahce.unlp.edu.ar\/pplit\/wp-content\/uploads\/sites\/29\/2021\/04\/PPA-caimari-1-768x1085.png 768w, https:\/\/idihcs.fahce.unlp.edu.ar\/pplit\/wp-content\/uploads\/sites\/29\/2021\/04\/PPA-caimari-1-725x1024.png 725w, https:\/\/idihcs.fahce.unlp.edu.ar\/pplit\/wp-content\/uploads\/sites\/29\/2021\/04\/PPA-caimari-1-696x983.png 696w, https:\/\/idihcs.fahce.unlp.edu.ar\/pplit\/wp-content\/uploads\/sites\/29\/2021\/04\/PPA-caimari-1-297x420.png 297w, https:\/\/idihcs.fahce.unlp.edu.ar\/pplit\/wp-content\/uploads\/sites\/29\/2021\/04\/PPA-caimari-1.png 800w\" sizes=\"auto, (max-width: 515px) 100vw, 515px\" \/><\/p>\n<p>&nbsp;<\/p>\n<ul>\n<li><span style=\"font-size: 14pt;\">Conferencia de Daniel Badenes (UNLP-UNQui): \u201cPol\u00edtica de medios: de la dictadura a la alianza Cambiemos\u201d, 15 de junio de 2017.<\/span><\/li>\n<\/ul>\n<p><img loading=\"lazy\" decoding=\"async\" class=\" wp-image-876 aligncenter\" src=\"http:\/\/idihcs.fahce.unlp.edu.ar\/pplit\/wp-content\/uploads\/sites\/29\/2021\/04\/ppa-badenes-211x300.png\" alt=\"\" width=\"536\" height=\"760\" srcset=\"https:\/\/idihcs.fahce.unlp.edu.ar\/pplit\/wp-content\/uploads\/sites\/29\/2021\/04\/ppa-badenes-211x300.png 211w, https:\/\/idihcs.fahce.unlp.edu.ar\/pplit\/wp-content\/uploads\/sites\/29\/2021\/04\/ppa-badenes-768x1091.png 768w, https:\/\/idihcs.fahce.unlp.edu.ar\/pplit\/wp-content\/uploads\/sites\/29\/2021\/04\/ppa-badenes-721x1024.png 721w, https:\/\/idihcs.fahce.unlp.edu.ar\/pplit\/wp-content\/uploads\/sites\/29\/2021\/04\/ppa-badenes-696x988.png 696w, https:\/\/idihcs.fahce.unlp.edu.ar\/pplit\/wp-content\/uploads\/sites\/29\/2021\/04\/ppa-badenes-296x420.png 296w, https:\/\/idihcs.fahce.unlp.edu.ar\/pplit\/wp-content\/uploads\/sites\/29\/2021\/04\/ppa-badenes.png 800w\" sizes=\"auto, (max-width: 536px) 100vw, 536px\" \/><\/p>\n","protected":false},"excerpt":{"rendered":"<p>Primera Jornada Interna 2021 del Proyecto &#8220;Revistas, archivo y exposici\u00f3n&#8221;, 15 de abril de 2021.\u00a0 Presentaci\u00f3n del Proyecto de investigaci\u00f3n posdoctoral de\u00a0Juliana Melo\u00a0(CP-UFMG), investigadora visitante: &#8220;Revistas de fotonovelas en Brasil y Argentina,\u00a0entre finales de los a\u00f1os 1940 y la d\u00e9cada de 1980: indicadores de las culturas de lo escrito en Am\u00e9rica Latina&#8220;.\u00a0 Presentaci\u00f3n del Proyecto [&hellip;]<\/p>\n","protected":false},"author":21,"featured_media":0,"parent":0,"menu_order":0,"comment_status":"closed","ping_status":"closed","template":"page-ui.php","meta":{"_themeisle_gutenberg_block_has_review":false,"footnotes":""},"class_list":["post-740","page","type-page","status-publish","hentry"],"acf":[],"rttpg_featured_image_url":null,"rttpg_author":{"display_name":"psalguero","author_link":"https:\/\/idihcs.fahce.unlp.edu.ar\/pplit\/author\/psalguero\/"},"rttpg_comment":0,"rttpg_category":null,"rttpg_excerpt":"Primera Jornada Interna 2021 del Proyecto &#8220;Revistas, archivo y exposici\u00f3n&#8221;, 15 de abril de 2021.\u00a0 Presentaci\u00f3n del Proyecto de investigaci\u00f3n posdoctoral de\u00a0Juliana Melo\u00a0(CP-UFMG), investigadora visitante: &#8220;Revistas de fotonovelas en Brasil y Argentina,\u00a0entre finales de los a\u00f1os 1940 y la d\u00e9cada de 1980: indicadores de las culturas de lo escrito en Am\u00e9rica Latina&#8220;.\u00a0 Presentaci\u00f3n del Proyecto&hellip;","_links":{"self":[{"href":"https:\/\/idihcs.fahce.unlp.edu.ar\/pplit\/wp-json\/wp\/v2\/pages\/740","targetHints":{"allow":["GET"]}}],"collection":[{"href":"https:\/\/idihcs.fahce.unlp.edu.ar\/pplit\/wp-json\/wp\/v2\/pages"}],"about":[{"href":"https:\/\/idihcs.fahce.unlp.edu.ar\/pplit\/wp-json\/wp\/v2\/types\/page"}],"author":[{"embeddable":true,"href":"https:\/\/idihcs.fahce.unlp.edu.ar\/pplit\/wp-json\/wp\/v2\/users\/21"}],"replies":[{"embeddable":true,"href":"https:\/\/idihcs.fahce.unlp.edu.ar\/pplit\/wp-json\/wp\/v2\/comments?post=740"}],"version-history":[{"count":13,"href":"https:\/\/idihcs.fahce.unlp.edu.ar\/pplit\/wp-json\/wp\/v2\/pages\/740\/revisions"}],"predecessor-version":[{"id":1079,"href":"https:\/\/idihcs.fahce.unlp.edu.ar\/pplit\/wp-json\/wp\/v2\/pages\/740\/revisions\/1079"}],"wp:attachment":[{"href":"https:\/\/idihcs.fahce.unlp.edu.ar\/pplit\/wp-json\/wp\/v2\/media?parent=740"}],"curies":[{"name":"wp","href":"https:\/\/api.w.org\/{rel}","templated":true}]}}