{"id":150,"date":"2018-06-21T15:30:58","date_gmt":"2018-06-21T18:30:58","guid":{"rendered":"http:\/\/163.10.30.48\/~posgrado6\/wordpress\/chaya\/?page_id=150"},"modified":"2025-04-16T15:11:13","modified_gmt":"2025-04-16T18:11:13","slug":"proyectos-de-investigacion","status":"publish","type":"page","link":"https:\/\/idihcs.fahce.unlp.edu.ar\/pplit\/proyectos-de-investigacion\/","title":{"rendered":"Proyectos de investigaci\u00f3n"},"content":{"rendered":"\n<div class=\"wp-block-columns is-layout-flex wp-container-core-columns-is-layout-9d6595d7 wp-block-columns-is-layout-flex\">\n<div class=\"wp-block-column is-layout-flow wp-block-column-is-layout-flow\" style=\"flex-basis:100%\">\n<ul>\n<li><strong>2025-2028 <\/strong>Proyecto de investigaci\u00f3n del Programa de incentivos de la Universidad Nacional de La Plata: <strong>&#8220;Publicaciones peri\u00f3dicas, literatura y exposici\u00f3n a partir del siglo XX en Argentina&#8221; <\/strong>Direcci\u00f3n: Geraldine Rogers, Ver\u00f3nica Delgado.<\/li>\n<\/ul>\n<p>\u00a0<\/p>\n<ul>\n<li><strong>2023-2025<\/strong>. Proyecto de Investigaci\u00f3n Plurianual (PIP) del CONICET \u201cExhibiciones impresas: las publicaciones peri\u00f3dicas como dispositivos de exposici\u00f3n de la literatura (Argentina, siglo XX)\u201d. Directora: Geraldine Rogers, codirectora: Ver\u00f3nica Delgado. Investigadorxs integrantes: Mar\u00eda de los \u00c1ngeles Mascioto, Federico Gerhardt, Margarita Merbilha\u00e1.<\/li>\n<\/ul>\n<p>\u00a0<\/p>\n<ul>\n<li><strong>2020-2024.<\/strong> Proyecto de investigaci\u00f3n del Programa de incentivos de la Universidad Nacional de La Plata. \u201cRevistas, archivo y exposici\u00f3n: literatura argentina y publicaciones peri\u00f3dicas a partir del siglo XX\u201d, Universidad Nacional de La Plata. Direcci\u00f3n: Geraldine Rogers, Ver\u00f3nica Delgado.<\/li>\n<\/ul>\n<p>\u00a0<\/p>\n<ul>\n<li>Grupo de estudios: &#8220;Literatura argentina, suplementos y secciones period\u00edsticos e industria editorial&#8221;. Coordinadoras: Mar\u00eda de los \u00c1ngeles Mascioto- Laura Giaccio. Integrantes graduados: Ana Garc\u00eda Orsi, Iv\u00e1n Suasnabar, Luc\u00eda Pose, V\u00edctor H. Gonnet, Guadalupe Bolino.<\/li>\n<\/ul>\n<p>\u00a0<\/p>\n<ul>\n<li>Proyecto con sede en el IdIHCS: \u201c<a href=\"http:\/\/idihcs.fahce.unlp.edu.ar\/proyectos\/revistas-archivo-y-exposicion-literatura-argentina-y-publicaciones-periodicas-a-partir-del-siglo-xx\/\" target=\"_blank\" rel=\"noopener\">Revistas, archivo y exposici\u00f3n: literatura argentina y publicaciones peri\u00f3dicas a partir del siglo XX<\/a>\u201d, Programa de Incentivos de la Universidad Nacional de La Plata, dirigido por Geraldine Rogers y Ver\u00f3nica Delgado.<\/li>\n<\/ul>\n<p>\u00a0<\/p>\n<ul>\n<li>Proyecto &#8220;A imprensa para al\u00e9m do jornalismo: rastros da editora\u00e7\u00e3o nas pesquisa sobre revistas culturais na Am\u00e9rica Latina&#8221; (&#8220;La prensa m\u00e1s all\u00e1 del periodismo: rastros de la edici\u00f3n en investigaciones sobre revistas culturales latinoamericanas&#8221;), Instituto de Ci\u00eancias Sociais Aplicadas ICSA Departamento de Jornalismo, Universidade Federal de Ouro Preto, UFOP, Brasil.<\/li>\n<\/ul>\n<p>\u00a0<\/p>\n<ul>\n<li><a href=\"https:\/\/sib.iib.unam.mx\/\">\u201cSeminario interdisciplinario de Bibliolog\u00eda\u201d (SIB) dirigido por Marina Garone Gravier, Instituto de Investigaciones Bibliogr\u00e1ficas, UNAM, M\u00e9xico.<\/a> https:\/\/sib.iib.unam.mx\/<\/li>\n<\/ul>\n<p>\u00a0<\/p>\n<ul>\n<li>Proyecto \u201cHistoria de la prensa en M\u00e9xico como espacio de construcci\u00f3n de los g\u00e9neros literarios a mediados del siglo XX\u201d, de Elizabeth G\u00f3mez Rodr\u00edguez, UNAM, M\u00e9xico.<\/li>\n<\/ul>\n<p>\u00a0<\/p>\n<ul>\n<li><a href=\"https:\/\/www.iifilologicas.unam.mx\/espiral\">\u201cSeminario Permanente de investigaci\u00f3n en revistas de Am\u00e9rica Latina\u201d (ESPIRAL)<\/a>, coordinado por Mar\u00eda Andrea Giovine Ya\u00f1ez, Yanna Hadatty Mora. Instituto de Investigaciones Bibliogr\u00e1ficas, UNAM, M\u00e9xico. https:\/\/www.iifilologicas.unam.mx\/espiral<\/li>\n<\/ul>\n<p>\u00a0<\/p>\n<ul>\n<li>Proyecto &#8220;Chile peregrino: revistas literarias y culturales en el exilio\u201d de C\u00e9sar Zamorano D\u00edaz, Fondecyt.<\/li>\n<\/ul>\n<p>\u00a0<\/p>\n<ul>\n<li>Proyecto \u201cRevistas culturales latinoamericanas, recorte y globalizaci\u00f3n de la cultura en la primera mitad del siglo XX\u201d, dirigido por Antonia Viu y Claudia Darrigandi, Fondecyt.<\/li>\n<\/ul>\n<\/div>\n<\/div>\n","protected":false},"excerpt":{"rendered":"<p>2025-2028 Proyecto de investigaci\u00f3n del Programa de incentivos de la Universidad Nacional de La Plata: &#8220;Publicaciones peri\u00f3dicas, literatura y exposici\u00f3n a partir del siglo XX en Argentina&#8221; Direcci\u00f3n: Geraldine Rogers, Ver\u00f3nica Delgado. \u00a0 2023-2025. Proyecto de Investigaci\u00f3n Plurianual (PIP) del CONICET \u201cExhibiciones impresas: las publicaciones peri\u00f3dicas como dispositivos de exposici\u00f3n de la literatura (Argentina, siglo [&hellip;]<\/p>\n","protected":false},"author":3,"featured_media":0,"parent":0,"menu_order":0,"comment_status":"closed","ping_status":"closed","template":"page-ui.php","meta":{"_themeisle_gutenberg_block_has_review":false,"footnotes":""},"class_list":["post-150","page","type-page","status-publish","hentry"],"acf":[],"rttpg_featured_image_url":null,"rttpg_author":{"display_name":"cbarletta","author_link":"https:\/\/idihcs.fahce.unlp.edu.ar\/pplit\/author\/cbarletta\/"},"rttpg_comment":0,"rttpg_category":null,"rttpg_excerpt":"2025-2028 Proyecto de investigaci\u00f3n del Programa de incentivos de la Universidad Nacional de La Plata: &#8220;Publicaciones peri\u00f3dicas, literatura y exposici\u00f3n a partir del siglo XX en Argentina&#8221; Direcci\u00f3n: Geraldine Rogers, Ver\u00f3nica Delgado. \u00a0 2023-2025. Proyecto de Investigaci\u00f3n Plurianual (PIP) del CONICET \u201cExhibiciones impresas: las publicaciones peri\u00f3dicas como dispositivos de exposici\u00f3n de la literatura (Argentina, siglo&hellip;","_links":{"self":[{"href":"https:\/\/idihcs.fahce.unlp.edu.ar\/pplit\/wp-json\/wp\/v2\/pages\/150","targetHints":{"allow":["GET"]}}],"collection":[{"href":"https:\/\/idihcs.fahce.unlp.edu.ar\/pplit\/wp-json\/wp\/v2\/pages"}],"about":[{"href":"https:\/\/idihcs.fahce.unlp.edu.ar\/pplit\/wp-json\/wp\/v2\/types\/page"}],"author":[{"embeddable":true,"href":"https:\/\/idihcs.fahce.unlp.edu.ar\/pplit\/wp-json\/wp\/v2\/users\/3"}],"replies":[{"embeddable":true,"href":"https:\/\/idihcs.fahce.unlp.edu.ar\/pplit\/wp-json\/wp\/v2\/comments?post=150"}],"version-history":[{"count":13,"href":"https:\/\/idihcs.fahce.unlp.edu.ar\/pplit\/wp-json\/wp\/v2\/pages\/150\/revisions"}],"predecessor-version":[{"id":1270,"href":"https:\/\/idihcs.fahce.unlp.edu.ar\/pplit\/wp-json\/wp\/v2\/pages\/150\/revisions\/1270"}],"wp:attachment":[{"href":"https:\/\/idihcs.fahce.unlp.edu.ar\/pplit\/wp-json\/wp\/v2\/media?parent=150"}],"curies":[{"name":"wp","href":"https:\/\/api.w.org\/{rel}","templated":true}]}}