{"id":777,"date":"2021-04-22T17:30:45","date_gmt":"2021-04-22T20:30:45","guid":{"rendered":"http:\/\/idihcs.fahce.unlp.edu.ar\/pmt\/?page_id=777"},"modified":"2021-09-09T15:47:51","modified_gmt":"2021-09-09T18:47:51","slug":"enlaces-de-interes","status":"publish","type":"page","link":"https:\/\/idihcs.fahce.unlp.edu.ar\/pmt\/enlaces-de-interes\/","title":{"rendered":"Enlaces de inter\u00e9s"},"content":{"rendered":"<p><a href=\"https:\/\/gesmar.estudiosmaritimossociales.org\/\" target=\"_blank\" rel=\"noopener\">Grupo de Estudios Sociales Mar\u00edtimos<\/a><\/p>\n<p><a href=\"https:\/\/historiaobrera.com.ar\/\" target=\"_blank\" rel=\"noopener\">Historia Obrera<\/a><\/p>\n<p class=\"entry-title\"><a href=\"https:\/\/lehmt.org\/\"><span style=\"font-family: arial, helvetica, sans-serif\">Laborat\u00f3rio de Estudos de Hist\u00f3ria dos Mundos do Trabalho (LEHMT)<\/span><\/a><\/p>\n<p><a href=\"https:\/\/redeprocesosrepresivosempresasorg.com\/es\/home-2\/\" target=\"_blank\" rel=\"noopener\">Red Internacional sobre Procesos Represivos, Empresas, Trabajadores\/as y Sindicatos (RIProR)<\/a><\/p>\n<p><a href=\"https:\/\/getig.wordpress.com\/\">Grupo de Estudios sobre Trabajo, Izquierdas y G\u00e9nero<\/a><\/p>\n","protected":false},"excerpt":{"rendered":"<p>Grupo de Estudios Sociales Mar\u00edtimos Historia Obrera Laborat\u00f3rio de Estudos de Hist\u00f3ria dos Mundos do Trabalho (LEHMT) Red Internacional sobre Procesos Represivos, Empresas, Trabajadores\/as y Sindicatos (RIProR) Grupo de Estudios sobre Trabajo, Izquierdas y G\u00e9nero<\/p>\n","protected":false},"author":34,"featured_media":0,"parent":0,"menu_order":0,"comment_status":"closed","ping_status":"closed","template":"","meta":{"_themeisle_gutenberg_block_has_review":false,"footnotes":""},"class_list":["post-777","page","type-page","status-publish","hentry"],"acf":[],"rttpg_featured_image_url":null,"rttpg_author":{"display_name":"pghigliani","author_link":"https:\/\/idihcs.fahce.unlp.edu.ar\/pmt\/author\/pghigliani\/"},"rttpg_comment":0,"rttpg_category":null,"rttpg_excerpt":"Grupo de Estudios Sociales Mar\u00edtimos Historia Obrera Laborat\u00f3rio de Estudos de Hist\u00f3ria dos Mundos do Trabalho (LEHMT) Red Internacional sobre Procesos Represivos, Empresas, Trabajadores\/as y Sindicatos (RIProR) Grupo de Estudios sobre Trabajo, Izquierdas y G\u00e9nero","_links":{"self":[{"href":"https:\/\/idihcs.fahce.unlp.edu.ar\/pmt\/wp-json\/wp\/v2\/pages\/777","targetHints":{"allow":["GET"]}}],"collection":[{"href":"https:\/\/idihcs.fahce.unlp.edu.ar\/pmt\/wp-json\/wp\/v2\/pages"}],"about":[{"href":"https:\/\/idihcs.fahce.unlp.edu.ar\/pmt\/wp-json\/wp\/v2\/types\/page"}],"author":[{"embeddable":true,"href":"https:\/\/idihcs.fahce.unlp.edu.ar\/pmt\/wp-json\/wp\/v2\/users\/34"}],"replies":[{"embeddable":true,"href":"https:\/\/idihcs.fahce.unlp.edu.ar\/pmt\/wp-json\/wp\/v2\/comments?post=777"}],"version-history":[{"count":8,"href":"https:\/\/idihcs.fahce.unlp.edu.ar\/pmt\/wp-json\/wp\/v2\/pages\/777\/revisions"}],"predecessor-version":[{"id":950,"href":"https:\/\/idihcs.fahce.unlp.edu.ar\/pmt\/wp-json\/wp\/v2\/pages\/777\/revisions\/950"}],"wp:attachment":[{"href":"https:\/\/idihcs.fahce.unlp.edu.ar\/pmt\/wp-json\/wp\/v2\/media?parent=777"}],"curies":[{"name":"wp","href":"https:\/\/api.w.org\/{rel}","templated":true}]}}