{"id":547,"date":"2018-10-20T04:17:33","date_gmt":"2018-10-20T07:17:33","guid":{"rendered":"http:\/\/idihcs.fahce.unlp.edu.ar\/pmt\/?page_id=547"},"modified":"2023-12-04T10:04:35","modified_gmt":"2023-12-04T13:04:35","slug":"publicaciones","status":"publish","type":"page","link":"https:\/\/idihcs.fahce.unlp.edu.ar\/pmt\/publicaciones\/","title":{"rendered":"PMT &#8211; Documentos y Publicaciones"},"content":{"rendered":"\n<p>En esta secci\u00f3n se encuentran las publicaciones realizadas por el equipo del Programa Mundos del Trabajo<\/p>\n\n\n\n<hr class=\"wp-block-separator has-alpha-channel-opacity\" \/>\n\n\n\n<div class=\"wp-block-media-text alignwide is-stacked-on-mobile\" style=\"grid-template-columns:37% auto\"><figure class=\"wp-block-media-text__media\"><img loading=\"lazy\" decoding=\"async\" width=\"725\" height=\"1024\" src=\"https:\/\/idihcs.fahce.unlp.edu.ar\/pmt\/wp-content\/uploads\/sites\/28\/2021\/04\/Tapa-725x1024.jpg\" alt=\"\" class=\"wp-image-828 size-full\" srcset=\"https:\/\/idihcs.fahce.unlp.edu.ar\/pmt\/wp-content\/uploads\/sites\/28\/2021\/04\/Tapa-725x1024.jpg 725w, https:\/\/idihcs.fahce.unlp.edu.ar\/pmt\/wp-content\/uploads\/sites\/28\/2021\/04\/Tapa-212x300.jpg 212w, https:\/\/idihcs.fahce.unlp.edu.ar\/pmt\/wp-content\/uploads\/sites\/28\/2021\/04\/Tapa-768x1085.jpg 768w, https:\/\/idihcs.fahce.unlp.edu.ar\/pmt\/wp-content\/uploads\/sites\/28\/2021\/04\/Tapa-696x983.jpg 696w, https:\/\/idihcs.fahce.unlp.edu.ar\/pmt\/wp-content\/uploads\/sites\/28\/2021\/04\/Tapa-1068x1509.jpg 1068w, https:\/\/idihcs.fahce.unlp.edu.ar\/pmt\/wp-content\/uploads\/sites\/28\/2021\/04\/Tapa-297x420.jpg 297w, https:\/\/idihcs.fahce.unlp.edu.ar\/pmt\/wp-content\/uploads\/sites\/28\/2021\/04\/Tapa-1920x2713.jpg 1920w\" sizes=\"auto, (max-width: 725px) 100vw, 725px\" \/><\/figure><div class=\"wp-block-media-text__content\">\n<p class=\"has-text-align-center\"><strong><a href=\"https:\/\/idihcs.fahce.unlp.edu.ar\/pmt\/wp-content\/uploads\/sites\/28\/2021\/04\/Actas_II_Encuentro_RIProR_2021.pdf\" target=\"_blank\" rel=\"noreferrer noopener\">Actas del Segundo Encuentro de la RIProR (2019)<\/a><\/strong><\/p>\n<\/div><\/div>\n\n\n\n<hr class=\"wp-block-separator has-alpha-channel-opacity\" \/>\n\n\n\n<div class=\"wp-block-media-text alignwide is-stacked-on-mobile\" style=\"grid-template-columns:37% auto\"><figure class=\"wp-block-media-text__media\"><img loading=\"lazy\" decoding=\"async\" width=\"724\" height=\"1024\" src=\"https:\/\/idihcs.fahce.unlp.edu.ar\/pmt\/wp-content\/uploads\/sites\/28\/2023\/04\/1233-724x1024.jpg\" alt=\"\" class=\"wp-image-1153 size-full\" srcset=\"https:\/\/idihcs.fahce.unlp.edu.ar\/pmt\/wp-content\/uploads\/sites\/28\/2023\/04\/1233-724x1024.jpg 724w, https:\/\/idihcs.fahce.unlp.edu.ar\/pmt\/wp-content\/uploads\/sites\/28\/2023\/04\/1233-212x300.jpg 212w, https:\/\/idihcs.fahce.unlp.edu.ar\/pmt\/wp-content\/uploads\/sites\/28\/2023\/04\/1233-768x1086.jpg 768w, https:\/\/idihcs.fahce.unlp.edu.ar\/pmt\/wp-content\/uploads\/sites\/28\/2023\/04\/1233-1086x1536.jpg 1086w, https:\/\/idihcs.fahce.unlp.edu.ar\/pmt\/wp-content\/uploads\/sites\/28\/2023\/04\/1233-1448x2048.jpg 1448w, https:\/\/idihcs.fahce.unlp.edu.ar\/pmt\/wp-content\/uploads\/sites\/28\/2023\/04\/1233-696x984.jpg 696w, https:\/\/idihcs.fahce.unlp.edu.ar\/pmt\/wp-content\/uploads\/sites\/28\/2023\/04\/1233-1068x1510.jpg 1068w, https:\/\/idihcs.fahce.unlp.edu.ar\/pmt\/wp-content\/uploads\/sites\/28\/2023\/04\/1233-297x420.jpg 297w, https:\/\/idihcs.fahce.unlp.edu.ar\/pmt\/wp-content\/uploads\/sites\/28\/2023\/04\/1233-1920x2715.jpg 1920w, https:\/\/idihcs.fahce.unlp.edu.ar\/pmt\/wp-content\/uploads\/sites\/28\/2023\/04\/1233-scaled.jpg 1811w\" sizes=\"auto, (max-width: 724px) 100vw, 724px\" \/><\/figure><div class=\"wp-block-media-text__content\">\n<p class=\"has-text-align-center\"><strong><a href=\"https:\/\/idihcs.fahce.unlp.edu.ar\/pmt\/wp-content\/uploads\/sites\/28\/2023\/04\/2023_Los-procesos-de-formacion-y-reconfiguracion-de-la-clase-trabajadora-final.pdf\" target=\"_blank\" rel=\"noreferrer noopener\">Los procesos de formaci\u00f3n y reconfiguraci\u00f3n de la clase trabajadora: reflexiones te\u00f3ricas y problemas conceptuales<\/a><\/strong><\/p>\n<\/div><\/div>\n\n\n\n<hr class=\"wp-block-separator has-alpha-channel-opacity\" \/>\n\n\n\n<div class=\"wp-block-media-text alignwide is-stacked-on-mobile\" style=\"grid-template-columns:37% auto\"><figure class=\"wp-block-media-text__media\"><img loading=\"lazy\" decoding=\"async\" width=\"439\" height=\"637\" src=\"https:\/\/idihcs.fahce.unlp.edu.ar\/pmt\/wp-content\/uploads\/sites\/28\/2023\/02\/descarga-1.png\" alt=\"\" class=\"wp-image-1106 size-full\" srcset=\"https:\/\/idihcs.fahce.unlp.edu.ar\/pmt\/wp-content\/uploads\/sites\/28\/2023\/02\/descarga-1.png 439w, https:\/\/idihcs.fahce.unlp.edu.ar\/pmt\/wp-content\/uploads\/sites\/28\/2023\/02\/descarga-1-207x300.png 207w, https:\/\/idihcs.fahce.unlp.edu.ar\/pmt\/wp-content\/uploads\/sites\/28\/2023\/02\/descarga-1-289x420.png 289w\" sizes=\"auto, (max-width: 439px) 100vw, 439px\" \/><\/figure><div class=\"wp-block-media-text__content\">\n<p class=\"has-text-align-center\"><strong><a href=\"https:\/\/idihcs.fahce.unlp.edu.ar\/pmt\/wp-content\/uploads\/sites\/28\/2023\/02\/Repressao_aos_trabalhadores-ebook_final.pdf\" target=\"_blank\" rel=\"noreferrer noopener\">Repressao aos trabalhadores e responsabilidade empresarial nas ditaduras do Cone Sul<\/a><\/strong><\/p>\n<\/div><\/div>\n","protected":false},"excerpt":{"rendered":"<p>En esta secci\u00f3n se encuentran las publicaciones realizadas por el equipo del Programa Mundos del Trabajo Actas del Segundo Encuentro de la RIProR (2019) Los procesos de formaci\u00f3n y reconfiguraci\u00f3n de la clase trabajadora: reflexiones te\u00f3ricas y problemas conceptuales Repressao aos trabalhadores e responsabilidade empresarial nas ditaduras do Cone Sul<\/p>\n","protected":false},"author":24,"featured_media":0,"parent":0,"menu_order":0,"comment_status":"closed","ping_status":"closed","template":"page-ui.php","meta":{"_themeisle_gutenberg_block_has_review":false,"footnotes":""},"class_list":["post-547","page","type-page","status-publish","hentry"],"acf":[],"rttpg_featured_image_url":null,"rttpg_author":{"display_name":"melinajeanjean","author_link":"https:\/\/idihcs.fahce.unlp.edu.ar\/pmt\/author\/melinajeanjean\/"},"rttpg_comment":0,"rttpg_category":null,"rttpg_excerpt":"En esta secci\u00f3n se encuentran las publicaciones realizadas por el equipo del Programa Mundos del Trabajo Actas del Segundo Encuentro de la RIProR (2019) Los procesos de formaci\u00f3n y reconfiguraci\u00f3n de la clase trabajadora: reflexiones te\u00f3ricas y problemas conceptuales Repressao aos trabalhadores e responsabilidade empresarial nas ditaduras do Cone Sul","_links":{"self":[{"href":"https:\/\/idihcs.fahce.unlp.edu.ar\/pmt\/wp-json\/wp\/v2\/pages\/547","targetHints":{"allow":["GET"]}}],"collection":[{"href":"https:\/\/idihcs.fahce.unlp.edu.ar\/pmt\/wp-json\/wp\/v2\/pages"}],"about":[{"href":"https:\/\/idihcs.fahce.unlp.edu.ar\/pmt\/wp-json\/wp\/v2\/types\/page"}],"author":[{"embeddable":true,"href":"https:\/\/idihcs.fahce.unlp.edu.ar\/pmt\/wp-json\/wp\/v2\/users\/24"}],"replies":[{"embeddable":true,"href":"https:\/\/idihcs.fahce.unlp.edu.ar\/pmt\/wp-json\/wp\/v2\/comments?post=547"}],"version-history":[{"count":41,"href":"https:\/\/idihcs.fahce.unlp.edu.ar\/pmt\/wp-json\/wp\/v2\/pages\/547\/revisions"}],"predecessor-version":[{"id":1237,"href":"https:\/\/idihcs.fahce.unlp.edu.ar\/pmt\/wp-json\/wp\/v2\/pages\/547\/revisions\/1237"}],"wp:attachment":[{"href":"https:\/\/idihcs.fahce.unlp.edu.ar\/pmt\/wp-json\/wp\/v2\/media?parent=547"}],"curies":[{"name":"wp","href":"https:\/\/api.w.org\/{rel}","templated":true}]}}