{"id":345,"date":"2018-09-20T12:22:17","date_gmt":"2018-09-20T15:22:17","guid":{"rendered":"http:\/\/idihcs.fahce.unlp.edu.ar\/pmt\/?page_id=345"},"modified":"2021-04-10T12:18:42","modified_gmt":"2021-04-10T15:18:42","slug":"antecedentes","status":"publish","type":"page","link":"https:\/\/idihcs.fahce.unlp.edu.ar\/pmt\/antecedentes\/","title":{"rendered":"PMT &#8211; Antecedentes"},"content":{"rendered":"<p class=\"western\" lang=\"es-MX\">El Programa Mundos del Trabajo, creado por Resoluci\u00f3n 1034 del Consejo Directivo de la Facultad de Humanidades y\u00a0Ciencias de la Educaci\u00f3n el 7 de setiembre del 2020, surge de de la intersecci\u00f3n de diversos trayectos de investigaci\u00f3n desarrollados desde hace a\u00f1os en diversas Universidades y Centros de Investigaci\u00f3n latinoamericanos. Sus antecedentes, por tanto, se encuentran en las trayectorias convergentes, tanto personales como colectivas de los equipos de investigaci\u00f3n involucrados.<\/p>\n<p class=\"western\" lang=\"es-MX\">El antecedente m\u00e1s directo lo constituye la conformaci\u00f3n de la \u201cRed Latinoamericana sobre el trabajo, los trabajadores y sus experiencias pol\u00edticas y sindicales en Am\u00e9rica Latina desde una perspectiva comparada\u201d, dirigida por el Dr. Daniel Dic\u00f3simo e integrada por investigadores de Argentina, Chile y Uruguay. Asimismo, los encuentros entre investigadores e investigadoras integrantes de la Red se plasmaron en la organizaci\u00f3n y coordinaci\u00f3n de eventos en com\u00fan y en publicaciones conjuntas. Para citar solo algunos ejemplos de articulaci\u00f3n de acciones: la organizaci\u00f3n de cuatro Workshops sobre Relaciones obrero empresariales en la historia latinoamericana contempor\u00e1nea (Tandil, 2010; Rosario, 2012; Comodoro Rivadavia, 2014; Rosario, 2016); la realizaci\u00f3n de un Taller sobre trabajadores, g\u00e9nero y comunidades (Mar del Plata, 2016); la organizaci\u00f3n de las jornadas Rupturas y continuidades en la organizaci\u00f3n de los trabajadores frente a las transformaciones recientes del mundo laboral (Tandil, 2018); la publicaci\u00f3n de dos compilaciones (en el 2011 y en el 2017); la participaci\u00f3n de investigadores del grupo en el Seminario Permanente Historia y Antropolog\u00eda Social de los Trabajadores ISHIR\/CONICET-UNR (Rosario, 2018) y en diversos dossiers tem\u00e1ticos en revistas acad\u00e9micas nacionales (Anuario del IHES 2007 y 2013 y Revista Avances del CESOR 2013); la coordinaci\u00f3n y participaci\u00f3n en mesas de congresos nacionales e internacionales (Jornadas Interescuelas desde 2005 a la fecha y Mesa Mundo del Trabajo Jornadas de Historia Reciente desde 2010 a la fecha, Argentina; Congreso Latinoamericano de Historia Econ\u00f3mica, San Pablo, 2016; Jornadas Acad\u00e9micas de la Facultad de Humanidades y Ciencias de la Educaci\u00f3n, Montevideo, Uruguay, 2017), y la presentaci\u00f3n de proyectos de investigaci\u00f3n conjuntos (\u00a0\u201cProcesos de formaci\u00f3n de la\/s clases trabajadora\/s en Argentina desde la segunda mitad del siglo XX. Aproximaciones desde la historia y la antropolog\u00eda social del trabajo\u201d, Proyecto de Investigaci\u00f3n Plurianual No 11220170100722CO (PIP 2017-2019 GI).<\/p>\n<p class=\"western\" lang=\"es-MX\">\n","protected":false},"excerpt":{"rendered":"<p>El Programa Mundos del Trabajo, creado por Resoluci\u00f3n 1034 del Consejo Directivo de la Facultad de Humanidades y\u00a0Ciencias de la Educaci\u00f3n el 7 de setiembre del 2020, surge de de la intersecci\u00f3n de diversos trayectos de investigaci\u00f3n desarrollados desde hace a\u00f1os en diversas Universidades y Centros de Investigaci\u00f3n latinoamericanos. Sus antecedentes, por tanto, se encuentran [&hellip;]<\/p>\n","protected":false},"author":2,"featured_media":0,"parent":0,"menu_order":0,"comment_status":"closed","ping_status":"closed","template":"page-ui.php","meta":{"_themeisle_gutenberg_block_has_review":false,"footnotes":""},"class_list":["post-345","page","type-page","status-publish","hentry"],"acf":[],"rttpg_featured_image_url":null,"rttpg_author":{"display_name":"ggchicote","author_link":"https:\/\/idihcs.fahce.unlp.edu.ar\/pmt\/author\/ggchicote\/"},"rttpg_comment":0,"rttpg_category":null,"rttpg_excerpt":"El Programa Mundos del Trabajo, creado por Resoluci\u00f3n 1034 del Consejo Directivo de la Facultad de Humanidades y\u00a0Ciencias de la Educaci\u00f3n el 7 de setiembre del 2020, surge de de la intersecci\u00f3n de diversos trayectos de investigaci\u00f3n desarrollados desde hace a\u00f1os en diversas Universidades y Centros de Investigaci\u00f3n latinoamericanos. Sus antecedentes, por tanto, se encuentran&hellip;","_links":{"self":[{"href":"https:\/\/idihcs.fahce.unlp.edu.ar\/pmt\/wp-json\/wp\/v2\/pages\/345","targetHints":{"allow":["GET"]}}],"collection":[{"href":"https:\/\/idihcs.fahce.unlp.edu.ar\/pmt\/wp-json\/wp\/v2\/pages"}],"about":[{"href":"https:\/\/idihcs.fahce.unlp.edu.ar\/pmt\/wp-json\/wp\/v2\/types\/page"}],"author":[{"embeddable":true,"href":"https:\/\/idihcs.fahce.unlp.edu.ar\/pmt\/wp-json\/wp\/v2\/users\/2"}],"replies":[{"embeddable":true,"href":"https:\/\/idihcs.fahce.unlp.edu.ar\/pmt\/wp-json\/wp\/v2\/comments?post=345"}],"version-history":[{"count":8,"href":"https:\/\/idihcs.fahce.unlp.edu.ar\/pmt\/wp-json\/wp\/v2\/pages\/345\/revisions"}],"predecessor-version":[{"id":766,"href":"https:\/\/idihcs.fahce.unlp.edu.ar\/pmt\/wp-json\/wp\/v2\/pages\/345\/revisions\/766"}],"wp:attachment":[{"href":"https:\/\/idihcs.fahce.unlp.edu.ar\/pmt\/wp-json\/wp\/v2\/media?parent=345"}],"curies":[{"name":"wp","href":"https:\/\/api.w.org\/{rel}","templated":true}]}}