{"id":98,"date":"2018-06-17T23:15:21","date_gmt":"2018-06-18T02:15:21","guid":{"rendered":"http:\/\/163.10.30.48\/~posgrado6\/wordpress\/chaya\/?page_id=98"},"modified":"2023-09-29T14:47:50","modified_gmt":"2023-09-29T17:47:50","slug":"presentacion","status":"publish","type":"page","link":"https:\/\/idihcs.fahce.unlp.edu.ar\/pephpp\/","title":{"rendered":"Escolarizaci\u00f3n. Perspectivas hist\u00f3ricas, pedag\u00f3gicas y pol\u00edticas de la educaci\u00f3n &#8211; Presentaci\u00f3n"},"content":{"rendered":"<p>El Programa \u201cEscolarizaci\u00f3n. Perspectivas hist\u00f3ricas, pedag\u00f3gicas y pol\u00edticas de la educaci\u00f3n\u201d re\u00fane proyectos que abordan de manera interdisciplinaria discursos, contextos, sujetos, pr\u00e1cticas y saberes en torno a los procesos educacionales. Partiendo de la hip\u00f3tesis de la existencia de una \u201ccultura escolar\u201d y una \u201cgram\u00e1tica\u201d de la formaci\u00f3n, el Programa de Investigaci\u00f3n com\u00fan se encuentra en las indagaciones acerca de la configuraci\u00f3n hist\u00f3rica, las tensiones, racionalidades y estrategias de intervenci\u00f3n desplegadas en su devenir hist\u00f3rico en di\u00e1logo con las expresiones sociales emergentes y las nuevas demandas que adquieren una forma escolar espec\u00edfica, as\u00ed como la capacidad de los sistemas formativos para producir ordenamientos, escenarios culturales y configuraciones de sujeto.<\/p>\n<p>El objetivo se orienta hacia la producci\u00f3n de \u00e1mbitos de intercambio y producci\u00f3n conjunta de conocimiento y formaci\u00f3n en investigaci\u00f3n, desde perspectivas hist\u00f3ricas, pol\u00edticas, sociol\u00f3gicas y pedag\u00f3gicas sobre los procesos de escolarizaci\u00f3n en el mundo contempor\u00e1neo. Se propone entonces consolidar una red de investigaciones que posibilitan un abordaje desde perspectivas hist\u00f3ricas, sociol\u00f3gicas, pol\u00edticas y pedag\u00f3gicas sobre los procesos de formaci\u00f3n y escolarizaci\u00f3n en su devenir hist\u00f3rico y en el mundo contempor\u00e1neo, entendi\u00e9ndolos en un sentido amplio, como las instancias de formalizaci\u00f3n con regulaci\u00f3n estatal de los procesos de transmisi\u00f3n cultural.<\/p>\n","protected":false},"excerpt":{"rendered":"<p>El Programa \u201cEscolarizaci\u00f3n. Perspectivas hist\u00f3ricas, pedag\u00f3gicas y pol\u00edticas de la educaci\u00f3n\u201d re\u00fane proyectos que abordan de manera interdisciplinaria discursos, contextos, sujetos, pr\u00e1cticas y saberes en torno a los procesos educacionales. Partiendo de la hip\u00f3tesis de la existencia de una \u201ccultura escolar\u201d y una \u201cgram\u00e1tica\u201d de la formaci\u00f3n, el Programa de Investigaci\u00f3n com\u00fan se encuentra en [&hellip;]<\/p>\n","protected":false},"author":2,"featured_media":373,"parent":0,"menu_order":0,"comment_status":"closed","ping_status":"closed","template":"page-ui.php","meta":{"_themeisle_gutenberg_block_has_review":false,"footnotes":""},"class_list":["post-98","page","type-page","status-publish","has-post-thumbnail","hentry"],"acf":[],"rttpg_featured_image_url":{"full":["https:\/\/idihcs.fahce.unlp.edu.ar\/pephpp\/wp-content\/uploads\/sites\/25\/2018\/10\/banner-piemmer.png",8220,957,false],"landscape":["https:\/\/idihcs.fahce.unlp.edu.ar\/pephpp\/wp-content\/uploads\/sites\/25\/2018\/10\/banner-piemmer.png",8220,957,false],"portraits":["https:\/\/idihcs.fahce.unlp.edu.ar\/pephpp\/wp-content\/uploads\/sites\/25\/2018\/10\/banner-piemmer.png",8220,957,false],"thumbnail":["https:\/\/idihcs.fahce.unlp.edu.ar\/pephpp\/wp-content\/uploads\/sites\/25\/2018\/10\/banner-piemmer-150x150.png",150,150,true],"medium":["https:\/\/idihcs.fahce.unlp.edu.ar\/pephpp\/wp-content\/uploads\/sites\/25\/2018\/10\/banner-piemmer-300x35.png",300,35,true],"large":["https:\/\/idihcs.fahce.unlp.edu.ar\/pephpp\/wp-content\/uploads\/sites\/25\/2018\/10\/banner-piemmer-1024x119.png",696,81,true],"1536x1536":["https:\/\/idihcs.fahce.unlp.edu.ar\/pephpp\/wp-content\/uploads\/sites\/25\/2018\/10\/banner-piemmer.png",1536,179,false],"2048x2048":["https:\/\/idihcs.fahce.unlp.edu.ar\/pephpp\/wp-content\/uploads\/sites\/25\/2018\/10\/banner-piemmer.png",2048,238,false],"td_80x60":["https:\/\/idihcs.fahce.unlp.edu.ar\/pephpp\/wp-content\/uploads\/sites\/25\/2018\/10\/banner-piemmer-80x60.png",80,60,true],"td_100x70":["https:\/\/idihcs.fahce.unlp.edu.ar\/pephpp\/wp-content\/uploads\/sites\/25\/2018\/10\/banner-piemmer-100x70.png",100,70,true],"td_218x150":["https:\/\/idihcs.fahce.unlp.edu.ar\/pephpp\/wp-content\/uploads\/sites\/25\/2018\/10\/banner-piemmer-218x150.png",218,150,true],"td_265x198":["https:\/\/idihcs.fahce.unlp.edu.ar\/pephpp\/wp-content\/uploads\/sites\/25\/2018\/10\/banner-piemmer-265x198.png",265,198,true],"td_324x160":["https:\/\/idihcs.fahce.unlp.edu.ar\/pephpp\/wp-content\/uploads\/sites\/25\/2018\/10\/banner-piemmer-324x160.png",324,160,true],"td_324x235":["https:\/\/idihcs.fahce.unlp.edu.ar\/pephpp\/wp-content\/uploads\/sites\/25\/2018\/10\/banner-piemmer-324x235.png",324,235,true],"td_324x400":["https:\/\/idihcs.fahce.unlp.edu.ar\/pephpp\/wp-content\/uploads\/sites\/25\/2018\/10\/banner-piemmer-324x400.png",324,400,true],"td_356x220":["https:\/\/idihcs.fahce.unlp.edu.ar\/pephpp\/wp-content\/uploads\/sites\/25\/2018\/10\/banner-piemmer-356x220.png",356,220,true],"td_356x364":["https:\/\/idihcs.fahce.unlp.edu.ar\/pephpp\/wp-content\/uploads\/sites\/25\/2018\/10\/banner-piemmer-356x364.png",356,364,true],"td_485x360":["https:\/\/idihcs.fahce.unlp.edu.ar\/pephpp\/wp-content\/uploads\/sites\/25\/2018\/10\/banner-piemmer-485x360.png",485,360,true],"td_533x261":["https:\/\/idihcs.fahce.unlp.edu.ar\/pephpp\/wp-content\/uploads\/sites\/25\/2018\/10\/banner-piemmer-533x261.png",533,261,true],"td_534x462":["https:\/\/idihcs.fahce.unlp.edu.ar\/pephpp\/wp-content\/uploads\/sites\/25\/2018\/10\/banner-piemmer-534x462.png",534,462,true],"td_696x0":["https:\/\/idihcs.fahce.unlp.edu.ar\/pephpp\/wp-content\/uploads\/sites\/25\/2018\/10\/banner-piemmer-696x81.png",696,81,true],"td_696x385":["https:\/\/idihcs.fahce.unlp.edu.ar\/pephpp\/wp-content\/uploads\/sites\/25\/2018\/10\/banner-piemmer-696x385.png",696,385,true],"td_741x486":["https:\/\/idihcs.fahce.unlp.edu.ar\/pephpp\/wp-content\/uploads\/sites\/25\/2018\/10\/banner-piemmer-741x486.png",741,486,true],"td_1068x580":["https:\/\/idihcs.fahce.unlp.edu.ar\/pephpp\/wp-content\/uploads\/sites\/25\/2018\/10\/banner-piemmer-1068x580.png",1068,580,true],"td_1068x0":["https:\/\/idihcs.fahce.unlp.edu.ar\/pephpp\/wp-content\/uploads\/sites\/25\/2018\/10\/banner-piemmer-1068x124.png",1068,124,true],"td_0x420":["https:\/\/idihcs.fahce.unlp.edu.ar\/pephpp\/wp-content\/uploads\/sites\/25\/2018\/10\/banner-piemmer-3608x420.png",3608,420,true],"td_1920x0":["https:\/\/idihcs.fahce.unlp.edu.ar\/pephpp\/wp-content\/uploads\/sites\/25\/2018\/10\/banner-piemmer-1920x224.png",1920,224,true],"rt_custom":["https:\/\/idihcs.fahce.unlp.edu.ar\/pephpp\/wp-content\/uploads\/sites\/25\/2018\/10\/banner-piemmer.png",8220,957,false]},"rttpg_author":{"display_name":"ggchicote","author_link":"https:\/\/idihcs.fahce.unlp.edu.ar\/pephpp\/author\/ggchicote\/"},"rttpg_comment":0,"rttpg_category":null,"rttpg_excerpt":"El Programa \u201cEscolarizaci\u00f3n. Perspectivas hist\u00f3ricas, pedag\u00f3gicas y pol\u00edticas de la educaci\u00f3n\u201d re\u00fane proyectos que abordan de manera interdisciplinaria discursos, contextos, sujetos, pr\u00e1cticas y saberes en torno a los procesos educacionales. Partiendo de la hip\u00f3tesis de la existencia de una \u201ccultura escolar\u201d y una \u201cgram\u00e1tica\u201d de la formaci\u00f3n, el Programa de Investigaci\u00f3n com\u00fan se encuentra en&hellip;","_links":{"self":[{"href":"https:\/\/idihcs.fahce.unlp.edu.ar\/pephpp\/wp-json\/wp\/v2\/pages\/98","targetHints":{"allow":["GET"]}}],"collection":[{"href":"https:\/\/idihcs.fahce.unlp.edu.ar\/pephpp\/wp-json\/wp\/v2\/pages"}],"about":[{"href":"https:\/\/idihcs.fahce.unlp.edu.ar\/pephpp\/wp-json\/wp\/v2\/types\/page"}],"author":[{"embeddable":true,"href":"https:\/\/idihcs.fahce.unlp.edu.ar\/pephpp\/wp-json\/wp\/v2\/users\/2"}],"replies":[{"embeddable":true,"href":"https:\/\/idihcs.fahce.unlp.edu.ar\/pephpp\/wp-json\/wp\/v2\/comments?post=98"}],"version-history":[{"count":10,"href":"https:\/\/idihcs.fahce.unlp.edu.ar\/pephpp\/wp-json\/wp\/v2\/pages\/98\/revisions"}],"predecessor-version":[{"id":643,"href":"https:\/\/idihcs.fahce.unlp.edu.ar\/pephpp\/wp-json\/wp\/v2\/pages\/98\/revisions\/643"}],"wp:featuredmedia":[{"embeddable":true,"href":"https:\/\/idihcs.fahce.unlp.edu.ar\/pephpp\/wp-json\/wp\/v2\/media\/373"}],"wp:attachment":[{"href":"https:\/\/idihcs.fahce.unlp.edu.ar\/pephpp\/wp-json\/wp\/v2\/media?parent=98"}],"curies":[{"name":"wp","href":"https:\/\/api.w.org\/{rel}","templated":true}]}}