{"id":1368,"date":"2025-10-28T12:24:25","date_gmt":"2025-10-28T15:24:25","guid":{"rendered":"https:\/\/idihcs.fahce.unlp.edu.ar\/orientar\/?page_id=1368"},"modified":"2025-10-28T12:24:33","modified_gmt":"2025-10-28T15:24:33","slug":"integrantes","status":"publish","type":"page","link":"https:\/\/idihcs.fahce.unlp.edu.ar\/orientar\/integrantes\/","title":{"rendered":"Integrantes"},"content":{"rendered":"<ul>\n<li><strong>C\u00e9sar Mart\u00edn Barletta<\/strong><br \/>\nInvestigador formado. Docente del Seminario de Orientaci\u00f3n Educativa y Pr\u00e1ctica Profesional, Departamento de Ciencias de la Educaci\u00f3n (FaHCE-UNLP).<\/li>\n<li><strong>Silvina Justianovich<\/strong><br \/>\nInvestigadora en formaci\u00f3n. Docente en Pr\u00e1cticas de la Ense\u00f1anza, Departamento de Ciencias de la Educaci\u00f3n (FaHCE-UNLP).<\/li>\n<li><strong>Mar\u00eda Julia Lozada<\/strong><br \/>\nInvestigadora formada. Docente e investigadora en Psicolog\u00eda Educacional, Departamento de Ciencias de la Educaci\u00f3n (FaHCE-UNLP). Integrante del DOE del Bachillerato de Bellas Artes (UNLP).<\/li>\n<li><strong>Juan Gabriel Luque<\/strong><br \/>\nInvestigador en formaci\u00f3n. Docente de Fundamentos de la Educaci\u00f3n e integrante del DOE del Bachillerato de Bellas Artes (UNLP).<\/li>\n<li><strong>Marianela Peraf\u00e1n<\/strong><br \/>\nInvestigadora en formaci\u00f3n. Docente de Fundamentos Biol\u00f3gicos de la Educaci\u00f3n e integrante del DOE del Bachillerato de Bellas Artes (UNLP).<\/li>\n<li><strong>Nicol\u00e1s Lucasovsky<\/strong><br \/>\nInvestigador en formaci\u00f3n. Adscripto graduado en Psicolog\u00eda Educacional, Departamento de Ciencias de la Educaci\u00f3n (FaHCE-UNLP).<\/li>\n<li><strong>Mar\u00eda Julia Feijoo<\/strong><br \/>\nInvestigadora en formaci\u00f3n. Integrante del DOE del Liceo V\u00edctor Mercante (UNLP).<\/li>\n<li><strong>Mar\u00eda Eugenia Zaparart<\/strong><br \/>\nInvestigadora en formaci\u00f3n. Integrante del DOE del Colegio Nacional \u201cRafael Hern\u00e1ndez\u201d (UNLP).<\/li>\n<li><strong>Luj\u00e1n Alejandra Mingari Louz\u00e1n<\/strong><br \/>\nBecaria CIC. Adscripta graduada en Psicolog\u00eda Educacional, Departamento de Ciencias de la Educaci\u00f3n (FaHCE-UNLP).<\/li>\n<li><strong>Camila Bel\u00e9n Ravettino<\/strong><br \/>\nBecaria CIC. Integrante del DOE del Colegio Nacional \u201cRafael Hern\u00e1ndez\u201d (UNLP).<\/li>\n<\/ul>\n","protected":false},"excerpt":{"rendered":"<p>C\u00e9sar Mart\u00edn Barletta Investigador formado. Docente del Seminario de Orientaci\u00f3n Educativa y Pr\u00e1ctica Profesional, Departamento de Ciencias de la Educaci\u00f3n (FaHCE-UNLP). Silvina Justianovich Investigadora en formaci\u00f3n. Docente en Pr\u00e1cticas de la Ense\u00f1anza, Departamento de Ciencias de la Educaci\u00f3n (FaHCE-UNLP). Mar\u00eda Julia Lozada Investigadora formada. Docente e investigadora en Psicolog\u00eda Educacional, Departamento de Ciencias de la [&hellip;]<\/p>\n","protected":false},"author":21,"featured_media":0,"parent":0,"menu_order":0,"comment_status":"closed","ping_status":"closed","template":"page-ui.php","meta":{"_themeisle_gutenberg_block_has_review":false,"footnotes":""},"class_list":["post-1368","page","type-page","status-publish","hentry"],"acf":[],"rttpg_featured_image_url":null,"rttpg_author":{"display_name":"psalguero","author_link":"https:\/\/idihcs.fahce.unlp.edu.ar\/orientar\/author\/psalguero\/"},"rttpg_comment":0,"rttpg_category":null,"rttpg_excerpt":"C\u00e9sar Mart\u00edn Barletta Investigador formado. Docente del Seminario de Orientaci\u00f3n Educativa y Pr\u00e1ctica Profesional, Departamento de Ciencias de la Educaci\u00f3n (FaHCE-UNLP). Silvina Justianovich Investigadora en formaci\u00f3n. Docente en Pr\u00e1cticas de la Ense\u00f1anza, Departamento de Ciencias de la Educaci\u00f3n (FaHCE-UNLP). Mar\u00eda Julia Lozada Investigadora formada. Docente e investigadora en Psicolog\u00eda Educacional, Departamento de Ciencias de la&hellip;","_links":{"self":[{"href":"https:\/\/idihcs.fahce.unlp.edu.ar\/orientar\/wp-json\/wp\/v2\/pages\/1368","targetHints":{"allow":["GET"]}}],"collection":[{"href":"https:\/\/idihcs.fahce.unlp.edu.ar\/orientar\/wp-json\/wp\/v2\/pages"}],"about":[{"href":"https:\/\/idihcs.fahce.unlp.edu.ar\/orientar\/wp-json\/wp\/v2\/types\/page"}],"author":[{"embeddable":true,"href":"https:\/\/idihcs.fahce.unlp.edu.ar\/orientar\/wp-json\/wp\/v2\/users\/21"}],"replies":[{"embeddable":true,"href":"https:\/\/idihcs.fahce.unlp.edu.ar\/orientar\/wp-json\/wp\/v2\/comments?post=1368"}],"version-history":[{"count":1,"href":"https:\/\/idihcs.fahce.unlp.edu.ar\/orientar\/wp-json\/wp\/v2\/pages\/1368\/revisions"}],"predecessor-version":[{"id":1370,"href":"https:\/\/idihcs.fahce.unlp.edu.ar\/orientar\/wp-json\/wp\/v2\/pages\/1368\/revisions\/1370"}],"wp:attachment":[{"href":"https:\/\/idihcs.fahce.unlp.edu.ar\/orientar\/wp-json\/wp\/v2\/media?parent=1368"}],"curies":[{"name":"wp","href":"https:\/\/api.w.org\/{rel}","templated":true}]}}