{"id":98,"date":"2018-06-17T23:15:21","date_gmt":"2018-06-18T02:15:21","guid":{"rendered":"http:\/\/163.10.30.48\/~posgrado6\/wordpress\/aif\/?page_id=98"},"modified":"2020-11-26T12:04:41","modified_gmt":"2020-11-26T15:04:41","slug":"presentacion","status":"publish","type":"page","link":"https:\/\/idihcs.fahce.unlp.edu.ar\/lit\/","title":{"rendered":"LIT &#8211; Presentaci\u00f3n"},"content":{"rendered":"<p>El crecimiento de la Traductolog\u00eda como rama aut\u00f3noma del saber y la necesidad de adecuar la investigaci\u00f3n en esta disciplina a nuevas instancias de institucionalizaci\u00f3n (Ordenanza n\u00ba 284\/11 \u201cReglamentaci\u00f3n de la creaci\u00f3n, categorizaci\u00f3n y evaluaci\u00f3n de unidades de investigaci\u00f3n de la Universidad Nacional de La Plata\u201d) sentaron las bases para la creaci\u00f3n del Laboratorio de Investigaciones en Traductolog\u00eda (LIT), en reemplazo del \u00c1rea de Investigaci\u00f3n en Traductolog\u00eda (AIT) de 2009.<\/p>\n<p>En general, el LIT se propone:<\/p>\n<p>-Promover la elaboraci\u00f3n y ejecuci\u00f3n de proyectos y programas de investigaci\u00f3n relacionados con los campos disciplinarios de la especialidad mencionados y difundir sus resultados.<\/p>\n<p>-Desarrollar l\u00edneas de investigaci\u00f3n con criterio multi-,inter- y transdisciplinario, que articulen e integren en la Traductolog\u00eda problem\u00e1ticas conceptuales y metodol\u00f3gicas propias de las Ciencias Humanas y Sociales.<\/p>\n<p>En particular, el LIT tiene como objetivos:<\/p>\n<p>-Afianzar la investigaci\u00f3n que articule e integre en la Traductolog\u00edalos aportes epistemol\u00f3gicos de ciencias y teor\u00edas cuyas contribuciones sean pertinentes; entre otras, Ciencias del Lenguaje, Ciencias Cognitivas, Socioling\u00fc\u00edstica, Derecho, Historia, Filosof\u00eda, Psicolog\u00eda, Teor\u00eda Literaria, Did\u00e1ctica, Pedagog\u00eda, Estudios Culturales, Estudios de G\u00e9nero, Ciencias de la Informaci\u00f3n y la Comunicaci\u00f3n.<\/p>\n<p>-Consolidar la investigaci\u00f3n en Traductolog\u00edacon m\u00e9todos y desarrollos conceptuales propios, con la finalidad de contribuir con criterio de reciprocidad al desarrollo del conocimiento general.<\/p>\n<p>-Contribuir a la formaci\u00f3n de recursos humanos en Traductolog\u00eda mediante la direcci\u00f3n debecarios, tesistas e investigadores.<\/p>\n<p>-Fomentar la incorporaci\u00f3n de personal de apoyo a la investigaci\u00f3n (alumnos avanzados, colaboradores) provenientes de las \u00e1reas de conocimiento mencionadas.<\/p>\n<p>-Contribuir a la curr\u00edcula de los Traductorados administrados por la FaHCE, mediante la aplicaci\u00f3n de los resultados de las investigaciones del LIT.<\/p>\n<p>-Difundir los resultados de las investigaciones del LIT y estudios relacionados con la Traducci\u00f3n y la Traductolog\u00eda, a trav\u00e9s de los diversos canales de circulaci\u00f3n del conocimiento.<\/p>\n<p>-Asesorar a las unidades de investigaci\u00f3n en problem\u00e1ticas inherentes a la traducci\u00f3n.<\/p>\n<p>-Proseguir con la organizaci\u00f3n de reuniones cient\u00edficas tales como Ciclo de encuentros traductol\u00f3gicos (CEtra), ateneos, jornadas, congresos, de car\u00e1cter nacional e internacional.<\/p>\n<p>-Renovar los v\u00ednculos e intercambios con instituciones nacionales y extranjeras y ampliarlas a nuevas unidades de investigaci\u00f3n.<\/p>\n<p>&nbsp;<\/p>\n<p>&nbsp;<\/p>\n","protected":false},"excerpt":{"rendered":"<p>El crecimiento de la Traductolog\u00eda como rama aut\u00f3noma del saber y la necesidad de adecuar la investigaci\u00f3n en esta disciplina a nuevas instancias de institucionalizaci\u00f3n (Ordenanza n\u00ba 284\/11 \u201cReglamentaci\u00f3n de la creaci\u00f3n, categorizaci\u00f3n y evaluaci\u00f3n de unidades de investigaci\u00f3n de la Universidad Nacional de La Plata\u201d) sentaron las bases para la creaci\u00f3n del Laboratorio de [&hellip;]<\/p>\n","protected":false},"author":2,"featured_media":237,"parent":0,"menu_order":0,"comment_status":"closed","ping_status":"closed","template":"page-ui.php","meta":{"_themeisle_gutenberg_block_has_review":false,"footnotes":""},"class_list":["post-98","page","type-page","status-publish","has-post-thumbnail","hentry"],"acf":[],"rttpg_featured_image_url":{"full":["https:\/\/idihcs.fahce.unlp.edu.ar\/lit\/wp-content\/uploads\/sites\/20\/2018\/08\/banner-lit.jpg",2900,337,false],"landscape":["https:\/\/idihcs.fahce.unlp.edu.ar\/lit\/wp-content\/uploads\/sites\/20\/2018\/08\/banner-lit.jpg",2900,337,false],"portraits":["https:\/\/idihcs.fahce.unlp.edu.ar\/lit\/wp-content\/uploads\/sites\/20\/2018\/08\/banner-lit.jpg",2900,337,false],"thumbnail":["https:\/\/idihcs.fahce.unlp.edu.ar\/lit\/wp-content\/uploads\/sites\/20\/2018\/08\/banner-lit-150x150.jpg",150,150,true],"medium":["https:\/\/idihcs.fahce.unlp.edu.ar\/lit\/wp-content\/uploads\/sites\/20\/2018\/08\/banner-lit-300x35.jpg",300,35,true],"large":["https:\/\/idihcs.fahce.unlp.edu.ar\/lit\/wp-content\/uploads\/sites\/20\/2018\/08\/banner-lit-1024x119.jpg",696,81,true],"1536x1536":["https:\/\/idihcs.fahce.unlp.edu.ar\/lit\/wp-content\/uploads\/sites\/20\/2018\/08\/banner-lit.jpg",1536,178,false],"2048x2048":["https:\/\/idihcs.fahce.unlp.edu.ar\/lit\/wp-content\/uploads\/sites\/20\/2018\/08\/banner-lit.jpg",2048,238,false],"td_80x60":["https:\/\/idihcs.fahce.unlp.edu.ar\/lit\/wp-content\/uploads\/sites\/20\/2018\/08\/banner-lit-80x60.jpg",80,60,true],"td_100x70":["https:\/\/idihcs.fahce.unlp.edu.ar\/lit\/wp-content\/uploads\/sites\/20\/2018\/08\/banner-lit-100x70.jpg",100,70,true],"td_218x150":["https:\/\/idihcs.fahce.unlp.edu.ar\/lit\/wp-content\/uploads\/sites\/20\/2018\/08\/banner-lit-218x150.jpg",218,150,true],"td_265x198":["https:\/\/idihcs.fahce.unlp.edu.ar\/lit\/wp-content\/uploads\/sites\/20\/2018\/08\/banner-lit-265x198.jpg",265,198,true],"td_324x160":["https:\/\/idihcs.fahce.unlp.edu.ar\/lit\/wp-content\/uploads\/sites\/20\/2018\/08\/banner-lit-324x160.jpg",324,160,true],"td_324x235":["https:\/\/idihcs.fahce.unlp.edu.ar\/lit\/wp-content\/uploads\/sites\/20\/2018\/08\/banner-lit-324x235.jpg",324,235,true],"td_324x400":["https:\/\/idihcs.fahce.unlp.edu.ar\/lit\/wp-content\/uploads\/sites\/20\/2018\/08\/banner-lit-324x337.jpg",324,337,true],"td_356x220":["https:\/\/idihcs.fahce.unlp.edu.ar\/lit\/wp-content\/uploads\/sites\/20\/2018\/08\/banner-lit-356x220.jpg",356,220,true],"td_356x364":["https:\/\/idihcs.fahce.unlp.edu.ar\/lit\/wp-content\/uploads\/sites\/20\/2018\/08\/banner-lit-356x337.jpg",356,337,true],"td_485x360":["https:\/\/idihcs.fahce.unlp.edu.ar\/lit\/wp-content\/uploads\/sites\/20\/2018\/08\/banner-lit-485x337.jpg",485,337,true],"td_533x261":["https:\/\/idihcs.fahce.unlp.edu.ar\/lit\/wp-content\/uploads\/sites\/20\/2018\/08\/banner-lit-533x261.jpg",533,261,true],"td_534x462":["https:\/\/idihcs.fahce.unlp.edu.ar\/lit\/wp-content\/uploads\/sites\/20\/2018\/08\/banner-lit-534x337.jpg",534,337,true],"td_696x0":["https:\/\/idihcs.fahce.unlp.edu.ar\/lit\/wp-content\/uploads\/sites\/20\/2018\/08\/banner-lit-696x81.jpg",696,81,true],"td_696x385":["https:\/\/idihcs.fahce.unlp.edu.ar\/lit\/wp-content\/uploads\/sites\/20\/2018\/08\/banner-lit-696x337.jpg",696,337,true],"td_741x486":["https:\/\/idihcs.fahce.unlp.edu.ar\/lit\/wp-content\/uploads\/sites\/20\/2018\/08\/banner-lit-741x337.jpg",741,337,true],"td_1068x580":["https:\/\/idihcs.fahce.unlp.edu.ar\/lit\/wp-content\/uploads\/sites\/20\/2018\/08\/banner-lit-1068x337.jpg",1068,337,true],"td_1068x0":["https:\/\/idihcs.fahce.unlp.edu.ar\/lit\/wp-content\/uploads\/sites\/20\/2018\/08\/banner-lit-1068x124.jpg",1068,124,true],"td_0x420":["https:\/\/idihcs.fahce.unlp.edu.ar\/lit\/wp-content\/uploads\/sites\/20\/2018\/08\/banner-lit.jpg",2900,337,false],"td_1920x0":["https:\/\/idihcs.fahce.unlp.edu.ar\/lit\/wp-content\/uploads\/sites\/20\/2018\/08\/banner-lit-1920x223.jpg",1920,223,true],"rt_custom":["https:\/\/idihcs.fahce.unlp.edu.ar\/lit\/wp-content\/uploads\/sites\/20\/2018\/08\/banner-lit.jpg",2900,337,false]},"rttpg_author":{"display_name":"ggchicote","author_link":"https:\/\/idihcs.fahce.unlp.edu.ar\/lit\/author\/ggchicote\/"},"rttpg_comment":0,"rttpg_category":null,"rttpg_excerpt":"El crecimiento de la Traductolog\u00eda como rama aut\u00f3noma del saber y la necesidad de adecuar la investigaci\u00f3n en esta disciplina a nuevas instancias de institucionalizaci\u00f3n (Ordenanza n\u00ba 284\/11 \u201cReglamentaci\u00f3n de la creaci\u00f3n, categorizaci\u00f3n y evaluaci\u00f3n de unidades de investigaci\u00f3n de la Universidad Nacional de La Plata\u201d) sentaron las bases para la creaci\u00f3n del Laboratorio de&hellip;","_links":{"self":[{"href":"https:\/\/idihcs.fahce.unlp.edu.ar\/lit\/wp-json\/wp\/v2\/pages\/98","targetHints":{"allow":["GET"]}}],"collection":[{"href":"https:\/\/idihcs.fahce.unlp.edu.ar\/lit\/wp-json\/wp\/v2\/pages"}],"about":[{"href":"https:\/\/idihcs.fahce.unlp.edu.ar\/lit\/wp-json\/wp\/v2\/types\/page"}],"author":[{"embeddable":true,"href":"https:\/\/idihcs.fahce.unlp.edu.ar\/lit\/wp-json\/wp\/v2\/users\/2"}],"replies":[{"embeddable":true,"href":"https:\/\/idihcs.fahce.unlp.edu.ar\/lit\/wp-json\/wp\/v2\/comments?post=98"}],"version-history":[{"count":11,"href":"https:\/\/idihcs.fahce.unlp.edu.ar\/lit\/wp-json\/wp\/v2\/pages\/98\/revisions"}],"predecessor-version":[{"id":641,"href":"https:\/\/idihcs.fahce.unlp.edu.ar\/lit\/wp-json\/wp\/v2\/pages\/98\/revisions\/641"}],"wp:featuredmedia":[{"embeddable":true,"href":"https:\/\/idihcs.fahce.unlp.edu.ar\/lit\/wp-json\/wp\/v2\/media\/237"}],"wp:attachment":[{"href":"https:\/\/idihcs.fahce.unlp.edu.ar\/lit\/wp-json\/wp\/v2\/media?parent=98"}],"curies":[{"name":"wp","href":"https:\/\/api.w.org\/{rel}","templated":true}]}}