{"id":150,"date":"2018-06-21T17:50:48","date_gmt":"2018-06-21T20:50:48","guid":{"rendered":"http:\/\/163.10.30.48\/~posgrado6\/wordpress\/aif\/?page_id=150"},"modified":"2026-03-13T12:54:29","modified_gmt":"2026-03-13T15:54:29","slug":"autoridades","status":"publish","type":"page","link":"https:\/\/idihcs.fahce.unlp.edu.ar\/lit\/autoridades\/","title":{"rendered":"LIT &#8211; Autoridades"},"content":{"rendered":"<div><strong>Directora<\/strong><br \/>\nAna Mar\u00eda Gentile<\/div>\n<div><\/div>\n<div><strong>Subdirectora<\/strong><\/div>\n<div>Mar\u00eda Laura Spoturno<\/div>\n<div><\/div>\n<div><strong>Consejo Directivo<\/strong><\/div>\n<div>\n<ul>\n<li>Investigadoras formadas<\/li>\n<\/ul>\n<p>Julia Esp\u00f3sito<\/p>\n<p>Daniela Spoto Zabala<\/p>\n<p>Gabriela Ya\u00f1ez<\/p>\n<p>Julia Zaparart<\/p>\n<\/div>\n<ul>\n<li>Investigadoras en formaci\u00f3n<\/li>\n<\/ul>\n<p>Mar\u00eda Laura Escobar Aguiar<\/p>\n<p>Guillermina Remiro<\/p>\n<div><\/div>\n","protected":false},"excerpt":{"rendered":"<p>Directora Ana Mar\u00eda Gentile Subdirectora Mar\u00eda Laura Spoturno Consejo Directivo Investigadoras formadas Julia Esp\u00f3sito Daniela Spoto Zabala Gabriela Ya\u00f1ez Julia Zaparart Investigadoras en formaci\u00f3n Mar\u00eda Laura Escobar Aguiar Guillermina Remiro<\/p>\n","protected":false},"author":3,"featured_media":237,"parent":0,"menu_order":0,"comment_status":"closed","ping_status":"closed","template":"page-ui.php","meta":{"_themeisle_gutenberg_block_has_review":false,"footnotes":""},"class_list":["post-150","page","type-page","status-publish","has-post-thumbnail","hentry"],"acf":[],"rttpg_featured_image_url":{"full":["https:\/\/idihcs.fahce.unlp.edu.ar\/lit\/wp-content\/uploads\/sites\/20\/2018\/08\/banner-lit.jpg",2900,337,false],"landscape":["https:\/\/idihcs.fahce.unlp.edu.ar\/lit\/wp-content\/uploads\/sites\/20\/2018\/08\/banner-lit.jpg",2900,337,false],"portraits":["https:\/\/idihcs.fahce.unlp.edu.ar\/lit\/wp-content\/uploads\/sites\/20\/2018\/08\/banner-lit.jpg",2900,337,false],"thumbnail":["https:\/\/idihcs.fahce.unlp.edu.ar\/lit\/wp-content\/uploads\/sites\/20\/2018\/08\/banner-lit-150x150.jpg",150,150,true],"medium":["https:\/\/idihcs.fahce.unlp.edu.ar\/lit\/wp-content\/uploads\/sites\/20\/2018\/08\/banner-lit-300x35.jpg",300,35,true],"large":["https:\/\/idihcs.fahce.unlp.edu.ar\/lit\/wp-content\/uploads\/sites\/20\/2018\/08\/banner-lit-1024x119.jpg",696,81,true],"1536x1536":["https:\/\/idihcs.fahce.unlp.edu.ar\/lit\/wp-content\/uploads\/sites\/20\/2018\/08\/banner-lit.jpg",1536,178,false],"2048x2048":["https:\/\/idihcs.fahce.unlp.edu.ar\/lit\/wp-content\/uploads\/sites\/20\/2018\/08\/banner-lit.jpg",2048,238,false],"td_80x60":["https:\/\/idihcs.fahce.unlp.edu.ar\/lit\/wp-content\/uploads\/sites\/20\/2018\/08\/banner-lit-80x60.jpg",80,60,true],"td_100x70":["https:\/\/idihcs.fahce.unlp.edu.ar\/lit\/wp-content\/uploads\/sites\/20\/2018\/08\/banner-lit-100x70.jpg",100,70,true],"td_218x150":["https:\/\/idihcs.fahce.unlp.edu.ar\/lit\/wp-content\/uploads\/sites\/20\/2018\/08\/banner-lit-218x150.jpg",218,150,true],"td_265x198":["https:\/\/idihcs.fahce.unlp.edu.ar\/lit\/wp-content\/uploads\/sites\/20\/2018\/08\/banner-lit-265x198.jpg",265,198,true],"td_324x160":["https:\/\/idihcs.fahce.unlp.edu.ar\/lit\/wp-content\/uploads\/sites\/20\/2018\/08\/banner-lit-324x160.jpg",324,160,true],"td_324x235":["https:\/\/idihcs.fahce.unlp.edu.ar\/lit\/wp-content\/uploads\/sites\/20\/2018\/08\/banner-lit-324x235.jpg",324,235,true],"td_324x400":["https:\/\/idihcs.fahce.unlp.edu.ar\/lit\/wp-content\/uploads\/sites\/20\/2018\/08\/banner-lit-324x337.jpg",324,337,true],"td_356x220":["https:\/\/idihcs.fahce.unlp.edu.ar\/lit\/wp-content\/uploads\/sites\/20\/2018\/08\/banner-lit-356x220.jpg",356,220,true],"td_356x364":["https:\/\/idihcs.fahce.unlp.edu.ar\/lit\/wp-content\/uploads\/sites\/20\/2018\/08\/banner-lit-356x337.jpg",356,337,true],"td_485x360":["https:\/\/idihcs.fahce.unlp.edu.ar\/lit\/wp-content\/uploads\/sites\/20\/2018\/08\/banner-lit-485x337.jpg",485,337,true],"td_533x261":["https:\/\/idihcs.fahce.unlp.edu.ar\/lit\/wp-content\/uploads\/sites\/20\/2018\/08\/banner-lit-533x261.jpg",533,261,true],"td_534x462":["https:\/\/idihcs.fahce.unlp.edu.ar\/lit\/wp-content\/uploads\/sites\/20\/2018\/08\/banner-lit-534x337.jpg",534,337,true],"td_696x0":["https:\/\/idihcs.fahce.unlp.edu.ar\/lit\/wp-content\/uploads\/sites\/20\/2018\/08\/banner-lit-696x81.jpg",696,81,true],"td_696x385":["https:\/\/idihcs.fahce.unlp.edu.ar\/lit\/wp-content\/uploads\/sites\/20\/2018\/08\/banner-lit-696x337.jpg",696,337,true],"td_741x486":["https:\/\/idihcs.fahce.unlp.edu.ar\/lit\/wp-content\/uploads\/sites\/20\/2018\/08\/banner-lit-741x337.jpg",741,337,true],"td_1068x580":["https:\/\/idihcs.fahce.unlp.edu.ar\/lit\/wp-content\/uploads\/sites\/20\/2018\/08\/banner-lit-1068x337.jpg",1068,337,true],"td_1068x0":["https:\/\/idihcs.fahce.unlp.edu.ar\/lit\/wp-content\/uploads\/sites\/20\/2018\/08\/banner-lit-1068x124.jpg",1068,124,true],"td_0x420":["https:\/\/idihcs.fahce.unlp.edu.ar\/lit\/wp-content\/uploads\/sites\/20\/2018\/08\/banner-lit.jpg",2900,337,false],"td_1920x0":["https:\/\/idihcs.fahce.unlp.edu.ar\/lit\/wp-content\/uploads\/sites\/20\/2018\/08\/banner-lit-1920x223.jpg",1920,223,true],"rt_custom":["https:\/\/idihcs.fahce.unlp.edu.ar\/lit\/wp-content\/uploads\/sites\/20\/2018\/08\/banner-lit.jpg",2900,337,false]},"rttpg_author":{"display_name":"cbarletta","author_link":"https:\/\/idihcs.fahce.unlp.edu.ar\/lit\/author\/cbarletta\/"},"rttpg_comment":0,"rttpg_category":null,"rttpg_excerpt":"Directora Ana Mar\u00eda Gentile Subdirectora Mar\u00eda Laura Spoturno Consejo Directivo Investigadoras formadas Julia Esp\u00f3sito Daniela Spoto Zabala Gabriela Ya\u00f1ez Julia Zaparart Investigadoras en formaci\u00f3n Mar\u00eda Laura Escobar Aguiar Guillermina Remiro","_links":{"self":[{"href":"https:\/\/idihcs.fahce.unlp.edu.ar\/lit\/wp-json\/wp\/v2\/pages\/150","targetHints":{"allow":["GET"]}}],"collection":[{"href":"https:\/\/idihcs.fahce.unlp.edu.ar\/lit\/wp-json\/wp\/v2\/pages"}],"about":[{"href":"https:\/\/idihcs.fahce.unlp.edu.ar\/lit\/wp-json\/wp\/v2\/types\/page"}],"author":[{"embeddable":true,"href":"https:\/\/idihcs.fahce.unlp.edu.ar\/lit\/wp-json\/wp\/v2\/users\/3"}],"replies":[{"embeddable":true,"href":"https:\/\/idihcs.fahce.unlp.edu.ar\/lit\/wp-json\/wp\/v2\/comments?post=150"}],"version-history":[{"count":11,"href":"https:\/\/idihcs.fahce.unlp.edu.ar\/lit\/wp-json\/wp\/v2\/pages\/150\/revisions"}],"predecessor-version":[{"id":873,"href":"https:\/\/idihcs.fahce.unlp.edu.ar\/lit\/wp-json\/wp\/v2\/pages\/150\/revisions\/873"}],"wp:featuredmedia":[{"embeddable":true,"href":"https:\/\/idihcs.fahce.unlp.edu.ar\/lit\/wp-json\/wp\/v2\/media\/237"}],"wp:attachment":[{"href":"https:\/\/idihcs.fahce.unlp.edu.ar\/lit\/wp-json\/wp\/v2\/media?parent=150"}],"curies":[{"name":"wp","href":"https:\/\/api.w.org\/{rel}","templated":true}]}}