{"id":263,"date":"2019-11-04T10:29:16","date_gmt":"2019-11-04T13:29:16","guid":{"rendered":"http:\/\/idihcs.fahce.unlp.edu.ar\/liieceyn\/?page_id=263"},"modified":"2022-04-22T11:07:25","modified_gmt":"2022-04-22T14:07:25","slug":"liieceyn-recursos-humanos","status":"publish","type":"page","link":"https:\/\/idihcs.fahce.unlp.edu.ar\/liieceyn\/liieceyn-recursos-humanos\/","title":{"rendered":"LIIECEyN &#8211; Recursos Humanos"},"content":{"rendered":"<p><strong><span style=\"color: #000000;\">Investigadores formados<\/span><\/strong><\/p>\n<p><a href=\"http:\/\/www.fahce.unlp.edu.ar\/personal\/lapasta-leticia\">Leticia Lapasta<\/a><\/p>\n<p><a href=\"http:\/\/www.fahce.unlp.edu.ar\/personal\/legarralde-teresa-ines?searchterm=Teresa+Legarralde\">Teresa Legarralde<\/a><\/p>\n<p><a href=\"http:\/\/www.fahce.unlp.edu.ar\/personal\/arias-mercader-maria-jose?searchterm=Maria+Jos%C3%A9+Arias\">Mar\u00eda Jos\u00e9 Arias Mercader <\/a><\/p>\n<p><a href=\"http:\/\/www.fahce.unlp.edu.ar\/personal\/vilches-alfredo-martin\">Alfredo Vilches<\/a><\/p>\n<p><strong>Investigadores en Formaci\u00f3n<\/strong><\/p>\n<p><a href=\"http:\/\/www.fahce.unlp.edu.ar\/personal\/arcaria-natalia\">Natalia Arcar\u00eda<\/a><\/p>\n<p><a href=\"http:\/\/www.fahce.unlp.edu.ar\/personal\/cabana-florencia\">Florencia Cabana<\/a><\/p>\n<p><a href=\"http:\/\/www.fahce.unlp.edu.ar\/personal\/cademartori-patricia\">Patricia Cademartori<\/a><\/p>\n<p><a href=\"http:\/\/www.fahce.unlp.edu.ar\/personal\/grimaldi-veronica\">Ver\u00f3nica Grimaldi<\/a><\/p>\n<p><a href=\"http:\/\/www.fahce.unlp.edu.ar\/personal\/lorenzo-jimena\">Jimena Lorenzo<\/a><\/p>\n<p><a href=\"http:\/\/www.fahce.unlp.edu.ar\/personal\/garcia-silvia-patricia?searchterm=Silvia+Garc%C3%ADa\">Silvia Garc\u00eda<\/a><\/p>\n<p><strong>Tesistas<\/strong><\/p>\n<p>Florencia Menconi<\/p>\n<p>Pablo De Andrea<\/p>\n<p>Constanza Marafuschi<\/p>\n<p><strong>Colaboradores<\/strong><\/p>\n<p>Gustavo Darrigran<\/p>\n<p>Cristina Wainmaier<\/p>\n<p>Graciela Merino<\/p>\n<p><a href=\"https:\/\/idihcs.fahce.unlp.edu.ar\/personas\/custodio-aufiero-heliana-mailen\/\" target=\"_blank\" rel=\"noopener\">Heliana Custodio<\/a><\/p>\n<p>Maria Julia Solari<\/p>\n<p>Ver\u00f3nica Mancini<\/p>\n","protected":false},"excerpt":{"rendered":"<p>Investigadores formados Leticia Lapasta Teresa Legarralde Mar\u00eda Jos\u00e9 Arias Mercader Alfredo Vilches Investigadores en Formaci\u00f3n Natalia Arcar\u00eda Florencia Cabana Patricia Cademartori Ver\u00f3nica Grimaldi Jimena Lorenzo Silvia Garc\u00eda Tesistas Florencia Menconi Pablo De Andrea Constanza Marafuschi Colaboradores Gustavo Darrigran Cristina Wainmaier Graciela Merino Heliana Custodio Maria Julia Solari Ver\u00f3nica Mancini<\/p>\n","protected":false},"author":2,"featured_media":0,"parent":0,"menu_order":0,"comment_status":"closed","ping_status":"closed","template":"page-ui.php","meta":{"_themeisle_gutenberg_block_has_review":false,"footnotes":""},"class_list":["post-263","page","type-page","status-publish","hentry"],"acf":[],"rttpg_featured_image_url":null,"rttpg_author":{"display_name":"ggchicote","author_link":"https:\/\/idihcs.fahce.unlp.edu.ar\/liieceyn\/author\/ggchicote\/"},"rttpg_comment":0,"rttpg_category":null,"rttpg_excerpt":"Investigadores formados Leticia Lapasta Teresa Legarralde Mar\u00eda Jos\u00e9 Arias Mercader Alfredo Vilches Investigadores en Formaci\u00f3n Natalia Arcar\u00eda Florencia Cabana Patricia Cademartori Ver\u00f3nica Grimaldi Jimena Lorenzo Silvia Garc\u00eda Tesistas Florencia Menconi Pablo De Andrea Constanza Marafuschi Colaboradores Gustavo Darrigran Cristina Wainmaier Graciela Merino Heliana Custodio Maria Julia Solari Ver\u00f3nica Mancini","_links":{"self":[{"href":"https:\/\/idihcs.fahce.unlp.edu.ar\/liieceyn\/wp-json\/wp\/v2\/pages\/263","targetHints":{"allow":["GET"]}}],"collection":[{"href":"https:\/\/idihcs.fahce.unlp.edu.ar\/liieceyn\/wp-json\/wp\/v2\/pages"}],"about":[{"href":"https:\/\/idihcs.fahce.unlp.edu.ar\/liieceyn\/wp-json\/wp\/v2\/types\/page"}],"author":[{"embeddable":true,"href":"https:\/\/idihcs.fahce.unlp.edu.ar\/liieceyn\/wp-json\/wp\/v2\/users\/2"}],"replies":[{"embeddable":true,"href":"https:\/\/idihcs.fahce.unlp.edu.ar\/liieceyn\/wp-json\/wp\/v2\/comments?post=263"}],"version-history":[{"count":6,"href":"https:\/\/idihcs.fahce.unlp.edu.ar\/liieceyn\/wp-json\/wp\/v2\/pages\/263\/revisions"}],"predecessor-version":[{"id":531,"href":"https:\/\/idihcs.fahce.unlp.edu.ar\/liieceyn\/wp-json\/wp\/v2\/pages\/263\/revisions\/531"}],"wp:attachment":[{"href":"https:\/\/idihcs.fahce.unlp.edu.ar\/liieceyn\/wp-json\/wp\/v2\/media?parent=263"}],"curies":[{"name":"wp","href":"https:\/\/api.w.org\/{rel}","templated":true}]}}