{"id":261,"date":"2019-11-04T10:28:44","date_gmt":"2019-11-04T13:28:44","guid":{"rendered":"http:\/\/idihcs.fahce.unlp.edu.ar\/liieceyn\/?page_id=261"},"modified":"2019-11-07T19:55:21","modified_gmt":"2019-11-07T22:55:21","slug":"liieceyn-autoridades","status":"publish","type":"page","link":"https:\/\/idihcs.fahce.unlp.edu.ar\/liieceyn\/liieceyn-autoridades\/","title":{"rendered":"LIIECEyN &#8211; Autoridades"},"content":{"rendered":"<p>&nbsp;<\/p>\n<p><strong>Directora<\/strong><\/p>\n<p><a href=\"http:\/\/idihcs.fahce.unlp.edu.ar\/personas\/lapasta-leticia\/\" target=\"_blank\" rel=\"noopener\">Leticia Lapasta<\/a><\/p>\n<p><strong>Consejo Directivo<\/strong><\/p>\n<p><a href=\"http:\/\/www.fahce.unlp.edu.ar\/personal\/legarralde-teresa-ines?searchterm=teresa+legarralde\">Teresa Legarralde<\/a><\/p>\n<p><a href=\"http:\/\/www.fahce.unlp.edu.ar\/personal\/vilches-alfredo-martin?searchterm=Alfredo+Vilches\">Alfredo Vilches<\/a><\/p>\n<p><a href=\"http:\/\/www.fahce.unlp.edu.ar\/personal\/arias-mercader-maria-jose?searchterm=Maria+Jos%C3%A9+Arias+Mercader\">Mar\u00eda Jos\u00e9 Arias Mercader<\/a><\/p>\n<p><a href=\"http:\/\/www.fahce.unlp.edu.ar\/personal\/cabana-florencia\">Mar\u00eda Florencia Cabana<\/a><\/p>\n<p>&nbsp;<\/p>\n","protected":false},"excerpt":{"rendered":"<p>&nbsp; Directora Leticia Lapasta Consejo Directivo Teresa Legarralde Alfredo Vilches Mar\u00eda Jos\u00e9 Arias Mercader Mar\u00eda Florencia Cabana &nbsp;<\/p>\n","protected":false},"author":2,"featured_media":0,"parent":0,"menu_order":0,"comment_status":"closed","ping_status":"closed","template":"page-ui.php","meta":{"_themeisle_gutenberg_block_has_review":false,"footnotes":""},"class_list":["post-261","page","type-page","status-publish","hentry"],"acf":[],"rttpg_featured_image_url":null,"rttpg_author":{"display_name":"ggchicote","author_link":"https:\/\/idihcs.fahce.unlp.edu.ar\/liieceyn\/author\/ggchicote\/"},"rttpg_comment":0,"rttpg_category":null,"rttpg_excerpt":"&nbsp; Directora Leticia Lapasta Consejo Directivo Teresa Legarralde Alfredo Vilches Mar\u00eda Jos\u00e9 Arias Mercader Mar\u00eda Florencia Cabana &nbsp;","_links":{"self":[{"href":"https:\/\/idihcs.fahce.unlp.edu.ar\/liieceyn\/wp-json\/wp\/v2\/pages\/261","targetHints":{"allow":["GET"]}}],"collection":[{"href":"https:\/\/idihcs.fahce.unlp.edu.ar\/liieceyn\/wp-json\/wp\/v2\/pages"}],"about":[{"href":"https:\/\/idihcs.fahce.unlp.edu.ar\/liieceyn\/wp-json\/wp\/v2\/types\/page"}],"author":[{"embeddable":true,"href":"https:\/\/idihcs.fahce.unlp.edu.ar\/liieceyn\/wp-json\/wp\/v2\/users\/2"}],"replies":[{"embeddable":true,"href":"https:\/\/idihcs.fahce.unlp.edu.ar\/liieceyn\/wp-json\/wp\/v2\/comments?post=261"}],"version-history":[{"count":5,"href":"https:\/\/idihcs.fahce.unlp.edu.ar\/liieceyn\/wp-json\/wp\/v2\/pages\/261\/revisions"}],"predecessor-version":[{"id":295,"href":"https:\/\/idihcs.fahce.unlp.edu.ar\/liieceyn\/wp-json\/wp\/v2\/pages\/261\/revisions\/295"}],"wp:attachment":[{"href":"https:\/\/idihcs.fahce.unlp.edu.ar\/liieceyn\/wp-json\/wp\/v2\/media?parent=261"}],"curies":[{"name":"wp","href":"https:\/\/api.w.org\/{rel}","templated":true}]}}