{"id":98,"date":"2018-06-17T23:15:21","date_gmt":"2018-06-18T02:15:21","guid":{"rendered":"http:\/\/163.10.30.48\/~posgrado6\/wordpress\/leset\/?page_id=98"},"modified":"2024-09-20T14:19:26","modified_gmt":"2024-09-20T17:19:26","slug":"presentacion","status":"publish","type":"page","link":"https:\/\/idihcs.fahce.unlp.edu.ar\/leset\/","title":{"rendered":"LESET &#8211; Presentaci\u00f3n"},"content":{"rendered":"<p>El Laboratorio de Estudios en\u00a0 Sociolog\u00eda y Econom\u00eda del Trabajo (LESET) desarrolla las siguientes l\u00edneas de investigaci\u00f3n:<\/p>\n<ul>\n<li>Macroeconom\u00eda y mercado de trabajo.<\/li>\n<li>Estructura y din\u00e1mica del mercado de trabajo.<\/li>\n<li>Grupos vulnerables del mercado de trabajo.<\/li>\n<li>Trayectorias socio-profesionales.<\/li>\n<li>Identidad y subjetividad de los trabajadores.<\/li>\n<li>Sindicalismo y acci\u00f3n colectiva en los lugares de trabajo.<\/li>\n<li>Trabajo y Educaci\u00f3n.<\/li>\n<li>Pol\u00edticas de empleo, de ingreso y sociales.<\/li>\n<li>Trabajo y tecnolog\u00edas digitales.<\/li>\n<\/ul>\n","protected":false},"excerpt":{"rendered":"<p>El Laboratorio de Estudios en\u00a0 Sociolog\u00eda y Econom\u00eda del Trabajo (LESET) desarrolla las siguientes l\u00edneas de investigaci\u00f3n: Macroeconom\u00eda y mercado de trabajo. Estructura y din\u00e1mica del mercado de trabajo. Grupos vulnerables del mercado de trabajo. Trayectorias socio-profesionales. Identidad y subjetividad de los trabajadores. Sindicalismo y acci\u00f3n colectiva en los lugares de trabajo. Trabajo y Educaci\u00f3n. [&hellip;]<\/p>\n","protected":false},"author":2,"featured_media":0,"parent":0,"menu_order":0,"comment_status":"closed","ping_status":"closed","template":"page-ui.php","meta":{"_themeisle_gutenberg_block_has_review":false,"footnotes":""},"class_list":["post-98","page","type-page","status-publish","hentry"],"acf":[],"rttpg_featured_image_url":null,"rttpg_author":{"display_name":"ggchicote","author_link":"https:\/\/idihcs.fahce.unlp.edu.ar\/leset\/author\/ggchicote\/"},"rttpg_comment":0,"rttpg_category":null,"rttpg_excerpt":"El Laboratorio de Estudios en\u00a0 Sociolog\u00eda y Econom\u00eda del Trabajo (LESET) desarrolla las siguientes l\u00edneas de investigaci\u00f3n: Macroeconom\u00eda y mercado de trabajo. Estructura y din\u00e1mica del mercado de trabajo. Grupos vulnerables del mercado de trabajo. Trayectorias socio-profesionales. Identidad y subjetividad de los trabajadores. Sindicalismo y acci\u00f3n colectiva en los lugares de trabajo. Trabajo y Educaci\u00f3n.&hellip;","_links":{"self":[{"href":"https:\/\/idihcs.fahce.unlp.edu.ar\/leset\/wp-json\/wp\/v2\/pages\/98","targetHints":{"allow":["GET"]}}],"collection":[{"href":"https:\/\/idihcs.fahce.unlp.edu.ar\/leset\/wp-json\/wp\/v2\/pages"}],"about":[{"href":"https:\/\/idihcs.fahce.unlp.edu.ar\/leset\/wp-json\/wp\/v2\/types\/page"}],"author":[{"embeddable":true,"href":"https:\/\/idihcs.fahce.unlp.edu.ar\/leset\/wp-json\/wp\/v2\/users\/2"}],"replies":[{"embeddable":true,"href":"https:\/\/idihcs.fahce.unlp.edu.ar\/leset\/wp-json\/wp\/v2\/comments?post=98"}],"version-history":[{"count":10,"href":"https:\/\/idihcs.fahce.unlp.edu.ar\/leset\/wp-json\/wp\/v2\/pages\/98\/revisions"}],"predecessor-version":[{"id":375,"href":"https:\/\/idihcs.fahce.unlp.edu.ar\/leset\/wp-json\/wp\/v2\/pages\/98\/revisions\/375"}],"wp:attachment":[{"href":"https:\/\/idihcs.fahce.unlp.edu.ar\/leset\/wp-json\/wp\/v2\/media?parent=98"}],"curies":[{"name":"wp","href":"https:\/\/api.w.org\/{rel}","templated":true}]}}