{"id":23,"date":"2018-05-01T16:05:27","date_gmt":"2018-05-01T19:05:27","guid":{"rendered":"http:\/\/163.10.30.48\/~posgrado6\/wordpress\/leset\/?page_id=23"},"modified":"2024-08-19T14:19:25","modified_gmt":"2024-08-19T17:19:25","slug":"recursos-humanos","status":"publish","type":"page","link":"https:\/\/idihcs.fahce.unlp.edu.ar\/leset\/recursos-humanos\/","title":{"rendered":"LESET &#8211; Recursos Humanos"},"content":{"rendered":"<p><strong>Investigadores\/as\u00a0<\/strong><\/p>\n<ul style=\"list-style-type: disc\">\n<li style=\"list-style-type: none\">\n<ul style=\"list-style-type: disc\">\n<li><a href=\"http:\/\/idihcs.fahce.unlp.edu.ar\/personas\/barrera-facundo\/\" target=\"_blank\" rel=\"noopener\">Barrera Facundo<\/a><\/li>\n<li><a href=\"http:\/\/idihcs.fahce.unlp.edu.ar\/personas\/busso-mariana\/\" target=\"_blank\" rel=\"noopener\">Busso Mariana<\/a><\/li>\n<li><a href=\"http:\/\/idihcs.fahce.unlp.edu.ar\/personas\/chena-pablo-ignacio\/\" target=\"_blank\" rel=\"noopener\">Chena Pablo<\/a><\/li>\n<li><a href=\"http:\/\/idihcs.fahce.unlp.edu.ar\/personas\/fernandez-massi-mariana-irma\/\" target=\"_blank\" rel=\"noopener\">Fern\u00e1ndez Massi Mariana<\/a><\/li>\n<li><a href=\"http:\/\/idihcs.fahce.unlp.edu.ar\/personas\/gonzalez-federico-martin\/\" target=\"_blank\" rel=\"noopener\">Gonz\u00e1lez Federico Mart\u00edn<\/a><\/li>\n<li><a href=\"http:\/\/idihcs.fahce.unlp.edu.ar\/personas\/longo-julieta\/\" target=\"_blank\" rel=\"noopener\">Longo Julieta<\/a><\/li>\n<li><a href=\"http:\/\/idihcs.fahce.unlp.edu.ar\/personas\/lopez-emiliano\/\" target=\"_blank\" rel=\"noopener\">L\u00f3pez Emiliano<\/a><\/li>\n<li><a href=\"http:\/\/idihcs.fahce.unlp.edu.ar\/personas\/perez-pablo-ernesto\/\" target=\"_blank\" rel=\"noopener\">P\u00e9rez Pablo Ernesto<\/a><\/li>\n<\/ul>\n<\/li>\n<\/ul>\n<p><strong>Becarios\/as<\/strong><\/p>\n<ul>\n<li><a href=\"http:\/\/idihcs.fahce.unlp.edu.ar\/personas\/bostal-maria-cecilia\/\" target=\"_blank\" rel=\"noopener\">Bostal, Mar\u00eda Cecilia<\/a><\/li>\n<li><a href=\"http:\/\/idihcs.fahce.unlp.edu.ar\/personas\/diaz-juliana\/\" target=\"_blank\" rel=\"noopener\">D\u00edaz Juliana<\/a><\/li>\n<li><a href=\"https:\/\/idihcs.fahce.unlp.edu.ar\/integrante_idihcs\/gotelli-agustin-nicolas\/\">Gotelli, Agust\u00edn<\/a><\/li>\n<li><a href=\"http:\/\/idihcs.fahce.unlp.edu.ar\/personas\/malleville-sofia\/\" target=\"_blank\" rel=\"noopener\">Malleville Sof\u00eda<\/a><\/li>\n<li><a href=\"http:\/\/idihcs.fahce.unlp.edu.ar\/personas\/naspleda-federico-daniel\/\" target=\"_blank\" rel=\"noopener\">Naspleda, Federico Daniel<\/a><\/li>\n<\/ul>\n<p><strong>Colaboradores\/as<\/strong><\/p>\n<ul>\n<li><a href=\"http:\/\/idihcs.fahce.unlp.edu.ar\/personas\/adamini-marina\/\" target=\"_blank\" rel=\"noopener\">Adamini Marina<\/a><\/li>\n<li><a href=\"http:\/\/idihcs.fahce.unlp.edu.ar\/personas\/beliera-anabel-angelica\/\" target=\"_blank\" rel=\"noopener\">Beliera Anabel Ang\u00e9lica<\/a><\/li>\n<li><a href=\"http:\/\/idihcs.fahce.unlp.edu.ar\/personas\/belloni-paula\/\" target=\"_blank\" rel=\"noopener\">Belloni Paula<\/a><\/li>\n<li><a href=\"http:\/\/idihcs.fahce.unlp.edu.ar\/personas\/bona-leandro-marcelo\/\" target=\"_blank\" rel=\"noopener\">Bona Leandro<\/a><\/li>\n<li><a href=\"http:\/\/idihcs.fahce.unlp.edu.ar\/personas\/brown-brenda\/\" target=\"_blank\" rel=\"noopener\">Brown Brenda<\/a><\/li>\n<li><a href=\"http:\/\/idihcs.fahce.unlp.edu.ar\/personas\/deleo-camila\/\" target=\"_blank\" rel=\"noopener\">Deleo Camila<\/a><\/li>\n<li><a href=\"http:\/\/idihcs.fahce.unlp.edu.ar\/personas\/noguera-deborah-mercedes\/\" target=\"_blank\" rel=\"noopener\">Noguera Deborah<\/a><\/li>\n<li><a href=\"http:\/\/idihcs.fahce.unlp.edu.ar\/personas\/lazarte-joaquin\/\" target=\"_blank\" rel=\"noopener\">Lazarte Joaqu\u00edn<\/a><\/li>\n<li><a href=\"http:\/\/idihcs.fahce.unlp.edu.ar\/personas\/reartes-lucia-fernanda\/\" target=\"_blank\" rel=\"noopener\">Reartes Lucia<\/a><\/li>\n<\/ul>\n","protected":false},"excerpt":{"rendered":"<p>Investigadores\/as\u00a0 Barrera Facundo Busso Mariana Chena Pablo Fern\u00e1ndez Massi Mariana Gonz\u00e1lez Federico Mart\u00edn Longo Julieta L\u00f3pez Emiliano P\u00e9rez Pablo Ernesto Becarios\/as Bostal, Mar\u00eda Cecilia D\u00edaz Juliana Gotelli, Agust\u00edn Malleville Sof\u00eda Naspleda, Federico Daniel Colaboradores\/as Adamini Marina Beliera Anabel Ang\u00e9lica Belloni Paula Bona Leandro Brown Brenda Deleo Camila Noguera Deborah Lazarte Joaqu\u00edn Reartes Lucia<\/p>\n","protected":false},"author":2,"featured_media":139,"parent":0,"menu_order":0,"comment_status":"closed","ping_status":"closed","template":"page-ui.php","meta":{"_themeisle_gutenberg_block_has_review":false,"footnotes":""},"class_list":["post-23","page","type-page","status-publish","has-post-thumbnail","hentry"],"acf":[],"rttpg_featured_image_url":{"full":["https:\/\/idihcs.fahce.unlp.edu.ar\/leset\/wp-content\/uploads\/sites\/4\/2018\/06\/banner-leset.jpg",2900,338,false],"landscape":["https:\/\/idihcs.fahce.unlp.edu.ar\/leset\/wp-content\/uploads\/sites\/4\/2018\/06\/banner-leset.jpg",2900,338,false],"portraits":["https:\/\/idihcs.fahce.unlp.edu.ar\/leset\/wp-content\/uploads\/sites\/4\/2018\/06\/banner-leset.jpg",2900,338,false],"thumbnail":["https:\/\/idihcs.fahce.unlp.edu.ar\/leset\/wp-content\/uploads\/sites\/4\/2018\/06\/banner-leset-150x150.jpg",150,150,true],"medium":["https:\/\/idihcs.fahce.unlp.edu.ar\/leset\/wp-content\/uploads\/sites\/4\/2018\/06\/banner-leset-300x35.jpg",300,35,true],"large":["https:\/\/idihcs.fahce.unlp.edu.ar\/leset\/wp-content\/uploads\/sites\/4\/2018\/06\/banner-leset-1024x119.jpg",696,81,true],"1536x1536":["https:\/\/idihcs.fahce.unlp.edu.ar\/leset\/wp-content\/uploads\/sites\/4\/2018\/06\/banner-leset.jpg",1536,179,false],"2048x2048":["https:\/\/idihcs.fahce.unlp.edu.ar\/leset\/wp-content\/uploads\/sites\/4\/2018\/06\/banner-leset.jpg",2048,239,false],"td_80x60":["https:\/\/idihcs.fahce.unlp.edu.ar\/leset\/wp-content\/uploads\/sites\/4\/2018\/06\/banner-leset-80x60.jpg",80,60,true],"td_100x70":["https:\/\/idihcs.fahce.unlp.edu.ar\/leset\/wp-content\/uploads\/sites\/4\/2018\/06\/banner-leset-100x70.jpg",100,70,true],"td_218x150":["https:\/\/idihcs.fahce.unlp.edu.ar\/leset\/wp-content\/uploads\/sites\/4\/2018\/06\/banner-leset-218x150.jpg",218,150,true],"td_265x198":["https:\/\/idihcs.fahce.unlp.edu.ar\/leset\/wp-content\/uploads\/sites\/4\/2018\/06\/banner-leset-265x198.jpg",265,198,true],"td_324x160":["https:\/\/idihcs.fahce.unlp.edu.ar\/leset\/wp-content\/uploads\/sites\/4\/2018\/06\/banner-leset-324x160.jpg",324,160,true],"td_324x235":["https:\/\/idihcs.fahce.unlp.edu.ar\/leset\/wp-content\/uploads\/sites\/4\/2018\/06\/banner-leset-324x235.jpg",324,235,true],"td_324x400":["https:\/\/idihcs.fahce.unlp.edu.ar\/leset\/wp-content\/uploads\/sites\/4\/2018\/06\/banner-leset-324x338.jpg",324,338,true],"td_356x220":["https:\/\/idihcs.fahce.unlp.edu.ar\/leset\/wp-content\/uploads\/sites\/4\/2018\/06\/banner-leset-356x220.jpg",356,220,true],"td_356x364":["https:\/\/idihcs.fahce.unlp.edu.ar\/leset\/wp-content\/uploads\/sites\/4\/2018\/06\/banner-leset-356x338.jpg",356,338,true],"td_485x360":["https:\/\/idihcs.fahce.unlp.edu.ar\/leset\/wp-content\/uploads\/sites\/4\/2018\/06\/banner-leset-485x338.jpg",485,338,true],"td_533x261":["https:\/\/idihcs.fahce.unlp.edu.ar\/leset\/wp-content\/uploads\/sites\/4\/2018\/06\/banner-leset-533x261.jpg",533,261,true],"td_534x462":["https:\/\/idihcs.fahce.unlp.edu.ar\/leset\/wp-content\/uploads\/sites\/4\/2018\/06\/banner-leset-534x338.jpg",534,338,true],"td_696x0":["https:\/\/idihcs.fahce.unlp.edu.ar\/leset\/wp-content\/uploads\/sites\/4\/2018\/06\/banner-leset-696x81.jpg",696,81,true],"td_696x385":["https:\/\/idihcs.fahce.unlp.edu.ar\/leset\/wp-content\/uploads\/sites\/4\/2018\/06\/banner-leset-696x338.jpg",696,338,true],"td_741x486":["https:\/\/idihcs.fahce.unlp.edu.ar\/leset\/wp-content\/uploads\/sites\/4\/2018\/06\/banner-leset-741x338.jpg",741,338,true],"td_1068x580":["https:\/\/idihcs.fahce.unlp.edu.ar\/leset\/wp-content\/uploads\/sites\/4\/2018\/06\/banner-leset-1068x338.jpg",1068,338,true],"td_1068x0":["https:\/\/idihcs.fahce.unlp.edu.ar\/leset\/wp-content\/uploads\/sites\/4\/2018\/06\/banner-leset-1068x124.jpg",1068,124,true],"td_0x420":["https:\/\/idihcs.fahce.unlp.edu.ar\/leset\/wp-content\/uploads\/sites\/4\/2018\/06\/banner-leset.jpg",2900,338,false],"td_1920x0":["https:\/\/idihcs.fahce.unlp.edu.ar\/leset\/wp-content\/uploads\/sites\/4\/2018\/06\/banner-leset-1920x224.jpg",1920,224,true],"rt_custom":["https:\/\/idihcs.fahce.unlp.edu.ar\/leset\/wp-content\/uploads\/sites\/4\/2018\/06\/banner-leset.jpg",2900,338,false]},"rttpg_author":{"display_name":"ggchicote","author_link":"https:\/\/idihcs.fahce.unlp.edu.ar\/leset\/author\/ggchicote\/"},"rttpg_comment":0,"rttpg_category":null,"rttpg_excerpt":"Investigadores\/as\u00a0 Barrera Facundo Busso Mariana Chena Pablo Fern\u00e1ndez Massi Mariana Gonz\u00e1lez Federico Mart\u00edn Longo Julieta L\u00f3pez Emiliano P\u00e9rez Pablo Ernesto Becarios\/as Bostal, Mar\u00eda Cecilia D\u00edaz Juliana Gotelli, Agust\u00edn Malleville Sof\u00eda Naspleda, Federico Daniel Colaboradores\/as Adamini Marina Beliera Anabel Ang\u00e9lica Belloni Paula Bona Leandro Brown Brenda Deleo Camila Noguera Deborah Lazarte Joaqu\u00edn Reartes Lucia","_links":{"self":[{"href":"https:\/\/idihcs.fahce.unlp.edu.ar\/leset\/wp-json\/wp\/v2\/pages\/23","targetHints":{"allow":["GET"]}}],"collection":[{"href":"https:\/\/idihcs.fahce.unlp.edu.ar\/leset\/wp-json\/wp\/v2\/pages"}],"about":[{"href":"https:\/\/idihcs.fahce.unlp.edu.ar\/leset\/wp-json\/wp\/v2\/types\/page"}],"author":[{"embeddable":true,"href":"https:\/\/idihcs.fahce.unlp.edu.ar\/leset\/wp-json\/wp\/v2\/users\/2"}],"replies":[{"embeddable":true,"href":"https:\/\/idihcs.fahce.unlp.edu.ar\/leset\/wp-json\/wp\/v2\/comments?post=23"}],"version-history":[{"count":13,"href":"https:\/\/idihcs.fahce.unlp.edu.ar\/leset\/wp-json\/wp\/v2\/pages\/23\/revisions"}],"predecessor-version":[{"id":366,"href":"https:\/\/idihcs.fahce.unlp.edu.ar\/leset\/wp-json\/wp\/v2\/pages\/23\/revisions\/366"}],"wp:featuredmedia":[{"embeddable":true,"href":"https:\/\/idihcs.fahce.unlp.edu.ar\/leset\/wp-json\/wp\/v2\/media\/139"}],"wp:attachment":[{"href":"https:\/\/idihcs.fahce.unlp.edu.ar\/leset\/wp-json\/wp\/v2\/media?parent=23"}],"curies":[{"name":"wp","href":"https:\/\/api.w.org\/{rel}","templated":true}]}}