{"id":848,"date":"2024-04-30T12:01:11","date_gmt":"2024-04-30T15:01:11","guid":{"rendered":"https:\/\/idihcs.fahce.unlp.edu.ar\/gesdes2\/?page_id=848"},"modified":"2025-06-14T19:19:13","modified_gmt":"2025-06-14T22:19:13","slug":"presentacion","status":"publish","type":"page","link":"https:\/\/idihcs.fahce.unlp.edu.ar\/gesdes\/","title":{"rendered":"Grupo de Estudios sobre Desigualdades Educativas y Sociales"},"content":{"rendered":"\n<p>El Grupo de Estudios sobre Desigualdades Educativas y Sociales (GESDES) se inserta en el <strong>campo disciplinar de la Sociolog\u00eda de la Educaci\u00f3n y la Pol\u00edtica Educativa<\/strong> y re\u00fane investigadores\/as formados\/as y en formaci\u00f3n, centralmente docentes, estudiantes y graduados\/as en Sociolog\u00eda y Ciencias de la Educaci\u00f3n, en torno a las siguientes l\u00edneas tem\u00e1ticas:<br><br>&#8211; Procesos de producci\u00f3n y reproducci\u00f3n de las desigualdades en los niveles secundario y superior.<br>&#8211; Pol\u00edticas de articulaci\u00f3n interniveles dentro del sistema educativo.<br>&#8211; Trayectorias y expectativas estudiantiles.<br>&#8211; Pol\u00edticas y estrategias institucionales en los niveles secundario y superior.<br>&#8211; Discusiones en torno al formato y pol\u00edticas para el nivel secundario.<\/p>\n\n\n\n<figure class=\"wp-block-image size-large\"><img loading=\"lazy\" decoding=\"async\" width=\"1024\" height=\"461\" src=\"https:\/\/idihcs.fahce.unlp.edu.ar\/gesdes\/wp-content\/uploads\/sites\/36\/2025\/06\/DSC00614-1024x461.jpg\" alt=\"\" class=\"wp-image-967\" srcset=\"https:\/\/idihcs.fahce.unlp.edu.ar\/gesdes\/wp-content\/uploads\/sites\/36\/2025\/06\/DSC00614-1024x461.jpg 1024w, https:\/\/idihcs.fahce.unlp.edu.ar\/gesdes\/wp-content\/uploads\/sites\/36\/2025\/06\/DSC00614-300x135.jpg 300w, https:\/\/idihcs.fahce.unlp.edu.ar\/gesdes\/wp-content\/uploads\/sites\/36\/2025\/06\/DSC00614-768x346.jpg 768w, https:\/\/idihcs.fahce.unlp.edu.ar\/gesdes\/wp-content\/uploads\/sites\/36\/2025\/06\/DSC00614-1536x692.jpg 1536w, https:\/\/idihcs.fahce.unlp.edu.ar\/gesdes\/wp-content\/uploads\/sites\/36\/2025\/06\/DSC00614-2048x923.jpg 2048w, https:\/\/idihcs.fahce.unlp.edu.ar\/gesdes\/wp-content\/uploads\/sites\/36\/2025\/06\/DSC00614-696x314.jpg 696w, https:\/\/idihcs.fahce.unlp.edu.ar\/gesdes\/wp-content\/uploads\/sites\/36\/2025\/06\/DSC00614-1068x481.jpg 1068w, https:\/\/idihcs.fahce.unlp.edu.ar\/gesdes\/wp-content\/uploads\/sites\/36\/2025\/06\/DSC00614-932x420.jpg 932w, https:\/\/idihcs.fahce.unlp.edu.ar\/gesdes\/wp-content\/uploads\/sites\/36\/2025\/06\/DSC00614-1920x865.jpg 1920w\" sizes=\"auto, (max-width: 1024px) 100vw, 1024px\" \/><\/figure>\n","protected":false},"excerpt":{"rendered":"<p>El Grupo de Estudios sobre Desigualdades Educativas y Sociales (GESDES) se inserta en el campo disciplinar de la Sociolog\u00eda de la Educaci\u00f3n y la Pol\u00edtica Educativa y re\u00fane investigadores\/as formados\/as y en formaci\u00f3n, centralmente docentes, estudiantes y graduados\/as en Sociolog\u00eda y Ciencias de la Educaci\u00f3n, en torno a las siguientes l\u00edneas tem\u00e1ticas: &#8211; Procesos de [&hellip;]<\/p>\n","protected":false},"author":1,"featured_media":0,"parent":0,"menu_order":0,"comment_status":"closed","ping_status":"closed","template":"page-ui.php","meta":{"_themeisle_gutenberg_block_has_review":false,"footnotes":""},"class_list":["post-848","page","type-page","status-publish","hentry"],"acf":[],"rttpg_featured_image_url":null,"rttpg_author":{"display_name":"admin_ead","author_link":"https:\/\/idihcs.fahce.unlp.edu.ar\/gesdes\/author\/admin_ead\/"},"rttpg_comment":0,"rttpg_category":null,"rttpg_excerpt":"El Grupo de Estudios sobre Desigualdades Educativas y Sociales (GESDES) se inserta en el campo disciplinar de la Sociolog\u00eda de la Educaci\u00f3n y la Pol\u00edtica Educativa y re\u00fane investigadores\/as formados\/as y en formaci\u00f3n, centralmente docentes, estudiantes y graduados\/as en Sociolog\u00eda y Ciencias de la Educaci\u00f3n, en torno a las siguientes l\u00edneas tem\u00e1ticas: &#8211; Procesos de&hellip;","_links":{"self":[{"href":"https:\/\/idihcs.fahce.unlp.edu.ar\/gesdes\/wp-json\/wp\/v2\/pages\/848","targetHints":{"allow":["GET"]}}],"collection":[{"href":"https:\/\/idihcs.fahce.unlp.edu.ar\/gesdes\/wp-json\/wp\/v2\/pages"}],"about":[{"href":"https:\/\/idihcs.fahce.unlp.edu.ar\/gesdes\/wp-json\/wp\/v2\/types\/page"}],"author":[{"embeddable":true,"href":"https:\/\/idihcs.fahce.unlp.edu.ar\/gesdes\/wp-json\/wp\/v2\/users\/1"}],"replies":[{"embeddable":true,"href":"https:\/\/idihcs.fahce.unlp.edu.ar\/gesdes\/wp-json\/wp\/v2\/comments?post=848"}],"version-history":[{"count":10,"href":"https:\/\/idihcs.fahce.unlp.edu.ar\/gesdes\/wp-json\/wp\/v2\/pages\/848\/revisions"}],"predecessor-version":[{"id":969,"href":"https:\/\/idihcs.fahce.unlp.edu.ar\/gesdes\/wp-json\/wp\/v2\/pages\/848\/revisions\/969"}],"wp:attachment":[{"href":"https:\/\/idihcs.fahce.unlp.edu.ar\/gesdes\/wp-json\/wp\/v2\/media?parent=848"}],"curies":[{"name":"wp","href":"https:\/\/api.w.org\/{rel}","templated":true}]}}