{"id":168,"date":"2018-06-21T17:19:04","date_gmt":"2018-06-21T20:19:04","guid":{"rendered":"http:\/\/163.10.30.48\/~posgrado6\/wordpress\/else\/?page_id=168"},"modified":"2023-10-24T16:54:01","modified_gmt":"2023-10-24T19:54:01","slug":"cuerpo-docente","status":"publish","type":"page","link":"https:\/\/idihcs.fahce.unlp.edu.ar\/else\/cuerpo-docente\/","title":{"rendered":"ELSE &#8211; Cuerpo docente"},"content":{"rendered":"<pre><strong><span style=\"font-family: tahoma, arial, helvetica, sans-serif\">Guillermina Bogdan<\/span><\/strong>\n<strong><span style=\"font-family: tahoma, arial, helvetica, sans-serif\">Marcela Bruno\n<\/span><\/strong><strong><span style=\"font-family: tahoma, arial, helvetica, sans-serif\">Adriana Coscarelli<\/span><\/strong>\n<strong><span style=\"font-family: tahoma, arial, helvetica, sans-serif\">Florencia Cobeaga<\/span><\/strong>\n<strong><span style=\"font-family: tahoma, arial, helvetica, sans-serif\">Mar\u00eda de los \u00c1ngeles Contreras<\/span><\/strong>\n<strong><span style=\"font-family: tahoma, arial, helvetica, sans-serif\">Lucas Correa<\/span><\/strong>\n<strong><span style=\"font-family: tahoma, arial, helvetica, sans-serif\">Cintia Cristini<\/span><\/strong>\n<strong><span style=\"font-family: tahoma, arial, helvetica, sans-serif\">Ignacia Larocca<\/span><\/strong>\n<strong><span style=\"font-family: tahoma, arial, helvetica, sans-serif\">Mar\u00eda de los \u00c1ngeles Mascioto\nVirginia N\u00fa\u00f1ez \nMariana Castro \nSol Pedernera\n<\/span><\/strong>\n\n\n\n<\/pre>\n","protected":false},"excerpt":{"rendered":"<p>Guillermina Bogdan Marcela Bruno Adriana Coscarelli Florencia Cobeaga Mar\u00eda de los \u00c1ngeles Contreras Lucas Correa Cintia Cristini Ignacia Larocca Mar\u00eda de los \u00c1ngeles Mascioto Virginia N\u00fa\u00f1ez Mariana Castro Sol Pedernera<\/p>\n","protected":false},"author":3,"featured_media":195,"parent":0,"menu_order":0,"comment_status":"closed","ping_status":"closed","template":"page-ui.php","meta":{"_themeisle_gutenberg_block_has_review":false,"footnotes":""},"class_list":["post-168","page","type-page","status-publish","has-post-thumbnail","hentry"],"acf":[],"rttpg_featured_image_url":{"full":["https:\/\/idihcs.fahce.unlp.edu.ar\/else\/wp-content\/uploads\/sites\/18\/2018\/07\/banner-else.jpg",2900,338,false],"landscape":["https:\/\/idihcs.fahce.unlp.edu.ar\/else\/wp-content\/uploads\/sites\/18\/2018\/07\/banner-else.jpg",2900,338,false],"portraits":["https:\/\/idihcs.fahce.unlp.edu.ar\/else\/wp-content\/uploads\/sites\/18\/2018\/07\/banner-else.jpg",2900,338,false],"thumbnail":["https:\/\/idihcs.fahce.unlp.edu.ar\/else\/wp-content\/uploads\/sites\/18\/2018\/07\/banner-else-150x150.jpg",150,150,true],"medium":["https:\/\/idihcs.fahce.unlp.edu.ar\/else\/wp-content\/uploads\/sites\/18\/2018\/07\/banner-else-300x35.jpg",300,35,true],"large":["https:\/\/idihcs.fahce.unlp.edu.ar\/else\/wp-content\/uploads\/sites\/18\/2018\/07\/banner-else-1024x119.jpg",696,81,true],"1536x1536":["https:\/\/idihcs.fahce.unlp.edu.ar\/else\/wp-content\/uploads\/sites\/18\/2018\/07\/banner-else.jpg",1536,179,false],"2048x2048":["https:\/\/idihcs.fahce.unlp.edu.ar\/else\/wp-content\/uploads\/sites\/18\/2018\/07\/banner-else.jpg",2048,239,false],"td_80x60":["https:\/\/idihcs.fahce.unlp.edu.ar\/else\/wp-content\/uploads\/sites\/18\/2018\/07\/banner-else-80x60.jpg",80,60,true],"td_100x70":["https:\/\/idihcs.fahce.unlp.edu.ar\/else\/wp-content\/uploads\/sites\/18\/2018\/07\/banner-else-100x70.jpg",100,70,true],"td_218x150":["https:\/\/idihcs.fahce.unlp.edu.ar\/else\/wp-content\/uploads\/sites\/18\/2018\/07\/banner-else-218x150.jpg",218,150,true],"td_265x198":["https:\/\/idihcs.fahce.unlp.edu.ar\/else\/wp-content\/uploads\/sites\/18\/2018\/07\/banner-else-265x198.jpg",265,198,true],"td_324x160":["https:\/\/idihcs.fahce.unlp.edu.ar\/else\/wp-content\/uploads\/sites\/18\/2018\/07\/banner-else-324x160.jpg",324,160,true],"td_324x235":["https:\/\/idihcs.fahce.unlp.edu.ar\/else\/wp-content\/uploads\/sites\/18\/2018\/07\/banner-else-324x235.jpg",324,235,true],"td_324x400":["https:\/\/idihcs.fahce.unlp.edu.ar\/else\/wp-content\/uploads\/sites\/18\/2018\/07\/banner-else-324x338.jpg",324,338,true],"td_356x220":["https:\/\/idihcs.fahce.unlp.edu.ar\/else\/wp-content\/uploads\/sites\/18\/2018\/07\/banner-else-356x220.jpg",356,220,true],"td_356x364":["https:\/\/idihcs.fahce.unlp.edu.ar\/else\/wp-content\/uploads\/sites\/18\/2018\/07\/banner-else-356x338.jpg",356,338,true],"td_485x360":["https:\/\/idihcs.fahce.unlp.edu.ar\/else\/wp-content\/uploads\/sites\/18\/2018\/07\/banner-else-485x338.jpg",485,338,true],"td_533x261":["https:\/\/idihcs.fahce.unlp.edu.ar\/else\/wp-content\/uploads\/sites\/18\/2018\/07\/banner-else-533x261.jpg",533,261,true],"td_534x462":["https:\/\/idihcs.fahce.unlp.edu.ar\/else\/wp-content\/uploads\/sites\/18\/2018\/07\/banner-else-534x338.jpg",534,338,true],"td_696x0":["https:\/\/idihcs.fahce.unlp.edu.ar\/else\/wp-content\/uploads\/sites\/18\/2018\/07\/banner-else-696x81.jpg",696,81,true],"td_696x385":["https:\/\/idihcs.fahce.unlp.edu.ar\/else\/wp-content\/uploads\/sites\/18\/2018\/07\/banner-else-696x338.jpg",696,338,true],"td_741x486":["https:\/\/idihcs.fahce.unlp.edu.ar\/else\/wp-content\/uploads\/sites\/18\/2018\/07\/banner-else-741x338.jpg",741,338,true],"td_1068x580":["https:\/\/idihcs.fahce.unlp.edu.ar\/else\/wp-content\/uploads\/sites\/18\/2018\/07\/banner-else-1068x338.jpg",1068,338,true],"td_1068x0":["https:\/\/idihcs.fahce.unlp.edu.ar\/else\/wp-content\/uploads\/sites\/18\/2018\/07\/banner-else-1068x124.jpg",1068,124,true],"td_0x420":["https:\/\/idihcs.fahce.unlp.edu.ar\/else\/wp-content\/uploads\/sites\/18\/2018\/07\/banner-else.jpg",2900,338,false],"td_1920x0":["https:\/\/idihcs.fahce.unlp.edu.ar\/else\/wp-content\/uploads\/sites\/18\/2018\/07\/banner-else-1920x224.jpg",1920,224,true],"rt_custom":["https:\/\/idihcs.fahce.unlp.edu.ar\/else\/wp-content\/uploads\/sites\/18\/2018\/07\/banner-else.jpg",2900,338,false]},"rttpg_author":{"display_name":"cbarletta","author_link":"https:\/\/idihcs.fahce.unlp.edu.ar\/else\/author\/cbarletta\/"},"rttpg_comment":0,"rttpg_category":null,"rttpg_excerpt":"Guillermina Bogdan Marcela Bruno Adriana Coscarelli Florencia Cobeaga Mar\u00eda de los \u00c1ngeles Contreras Lucas Correa Cintia Cristini Ignacia Larocca Mar\u00eda de los \u00c1ngeles Mascioto Virginia N\u00fa\u00f1ez Mariana Castro Sol Pedernera","_links":{"self":[{"href":"https:\/\/idihcs.fahce.unlp.edu.ar\/else\/wp-json\/wp\/v2\/pages\/168","targetHints":{"allow":["GET"]}}],"collection":[{"href":"https:\/\/idihcs.fahce.unlp.edu.ar\/else\/wp-json\/wp\/v2\/pages"}],"about":[{"href":"https:\/\/idihcs.fahce.unlp.edu.ar\/else\/wp-json\/wp\/v2\/types\/page"}],"author":[{"embeddable":true,"href":"https:\/\/idihcs.fahce.unlp.edu.ar\/else\/wp-json\/wp\/v2\/users\/3"}],"replies":[{"embeddable":true,"href":"https:\/\/idihcs.fahce.unlp.edu.ar\/else\/wp-json\/wp\/v2\/comments?post=168"}],"version-history":[{"count":4,"href":"https:\/\/idihcs.fahce.unlp.edu.ar\/else\/wp-json\/wp\/v2\/pages\/168\/revisions"}],"predecessor-version":[{"id":721,"href":"https:\/\/idihcs.fahce.unlp.edu.ar\/else\/wp-json\/wp\/v2\/pages\/168\/revisions\/721"}],"wp:featuredmedia":[{"embeddable":true,"href":"https:\/\/idihcs.fahce.unlp.edu.ar\/else\/wp-json\/wp\/v2\/media\/195"}],"wp:attachment":[{"href":"https:\/\/idihcs.fahce.unlp.edu.ar\/else\/wp-json\/wp\/v2\/media?parent=168"}],"curies":[{"name":"wp","href":"https:\/\/api.w.org\/{rel}","templated":true}]}}