{"id":166,"date":"2018-06-21T17:18:35","date_gmt":"2018-06-21T20:18:35","guid":{"rendered":"http:\/\/163.10.30.48\/~posgrado6\/wordpress\/else\/?page_id=166"},"modified":"2020-09-26T11:48:53","modified_gmt":"2020-09-26T14:48:53","slug":"certificaciones","status":"publish","type":"page","link":"https:\/\/idihcs.fahce.unlp.edu.ar\/else\/certificaciones\/","title":{"rendered":"ELSE &#8211; Certificaciones"},"content":{"rendered":"<p><strong>El \u00c1rea ELSE ofrece tres certificaciones:<\/strong><\/p>\n<ul style=\"list-style-type: square\">\n<li>La certificaci\u00f3n extendida una vez finalizados los talleres o cursos ya sean regulares o extraordinarios ofrecidos en forma presencial o virtual. La evaluaci\u00f3n consiste en un trabajo final en espa\u00f1ol del curso elegido \u00f3 un trabajo integrador de los cursos\/talleres tomados. Quienes no realicen la evaluaci\u00f3n final tendr\u00e1n constancia de asistencia por el total de horas del curso.<\/li>\n<\/ul>\n<ul style=\"list-style-type: square\">\n<li>La Facultad de Humanidades y Ciencias de la Educaci\u00f3n ofrece el <a href=\"http:\/\/idihcs.fahce.unlp.edu.ar\/else\/certificado-de-espanol-academico-certea\/\">CertEA<\/a> ( Certificado de Espa\u00f1ol Acad\u00e9mico) para ingresantes no hispanohablantes a las carreras de la Universidad Nacional de La Plata. Para m\u00e1s informaci\u00f3n click <a href=\"http:\/\/idihcs.fahce.unlp.edu.ar\/else\/wp-content\/uploads\/sites\/18\/2020\/09\/versi%C3%B3n-final-CertEA.pdf\">aqu\u00ed<\/a><\/li>\n<\/ul>\n<ul style=\"list-style-type: square\">\n<li>El \u00c1rea es sede de la administraci\u00f3n del examen CELU del\u00a0<i>Consorcio Interuniversitario\u00a0 \u00a0 \u00a0 \u00a0 \u00a0para la Ense\u00f1anza y Evaluaci\u00f3n de ELSE<\/i>\u00a0en las fechas regulares de junio y noviembre.\u00a0 \u00a0 \u00a0 \u00a0Tambi\u00e9n puede consultar por otras sedes en el pa\u00eds y en el exterior <a href=\"https:\/\/www.celu.edu.ar\/es\/content\/sedes\">aqu\u00ed<\/a>. Para mayor\u00a0 \u00a0 \u00a0 \u00a0 \u00a0 \u00a0 informaci\u00f3n:\u00a0<a href=\"http:\/\/www.celu.edu.ar\/\" target=\"_blank\" rel=\"noopener\">http:\/\/www.celu.edu.ar\/<\/a><\/li>\n<\/ul>\n","protected":false},"excerpt":{"rendered":"<p>El \u00c1rea ELSE ofrece tres certificaciones: La certificaci\u00f3n extendida una vez finalizados los talleres o cursos ya sean regulares o extraordinarios ofrecidos en forma presencial o virtual. La evaluaci\u00f3n consiste en un trabajo final en espa\u00f1ol del curso elegido \u00f3 un trabajo integrador de los cursos\/talleres tomados. Quienes no realicen la evaluaci\u00f3n final tendr\u00e1n constancia [&hellip;]<\/p>\n","protected":false},"author":3,"featured_media":195,"parent":0,"menu_order":0,"comment_status":"closed","ping_status":"closed","template":"page-ui.php","meta":{"_themeisle_gutenberg_block_has_review":false,"footnotes":""},"class_list":["post-166","page","type-page","status-publish","has-post-thumbnail","hentry"],"acf":[],"rttpg_featured_image_url":{"full":["https:\/\/idihcs.fahce.unlp.edu.ar\/else\/wp-content\/uploads\/sites\/18\/2018\/07\/banner-else.jpg",2900,338,false],"landscape":["https:\/\/idihcs.fahce.unlp.edu.ar\/else\/wp-content\/uploads\/sites\/18\/2018\/07\/banner-else.jpg",2900,338,false],"portraits":["https:\/\/idihcs.fahce.unlp.edu.ar\/else\/wp-content\/uploads\/sites\/18\/2018\/07\/banner-else.jpg",2900,338,false],"thumbnail":["https:\/\/idihcs.fahce.unlp.edu.ar\/else\/wp-content\/uploads\/sites\/18\/2018\/07\/banner-else-150x150.jpg",150,150,true],"medium":["https:\/\/idihcs.fahce.unlp.edu.ar\/else\/wp-content\/uploads\/sites\/18\/2018\/07\/banner-else-300x35.jpg",300,35,true],"large":["https:\/\/idihcs.fahce.unlp.edu.ar\/else\/wp-content\/uploads\/sites\/18\/2018\/07\/banner-else-1024x119.jpg",696,81,true],"1536x1536":["https:\/\/idihcs.fahce.unlp.edu.ar\/else\/wp-content\/uploads\/sites\/18\/2018\/07\/banner-else.jpg",1536,179,false],"2048x2048":["https:\/\/idihcs.fahce.unlp.edu.ar\/else\/wp-content\/uploads\/sites\/18\/2018\/07\/banner-else.jpg",2048,239,false],"td_80x60":["https:\/\/idihcs.fahce.unlp.edu.ar\/else\/wp-content\/uploads\/sites\/18\/2018\/07\/banner-else-80x60.jpg",80,60,true],"td_100x70":["https:\/\/idihcs.fahce.unlp.edu.ar\/else\/wp-content\/uploads\/sites\/18\/2018\/07\/banner-else-100x70.jpg",100,70,true],"td_218x150":["https:\/\/idihcs.fahce.unlp.edu.ar\/else\/wp-content\/uploads\/sites\/18\/2018\/07\/banner-else-218x150.jpg",218,150,true],"td_265x198":["https:\/\/idihcs.fahce.unlp.edu.ar\/else\/wp-content\/uploads\/sites\/18\/2018\/07\/banner-else-265x198.jpg",265,198,true],"td_324x160":["https:\/\/idihcs.fahce.unlp.edu.ar\/else\/wp-content\/uploads\/sites\/18\/2018\/07\/banner-else-324x160.jpg",324,160,true],"td_324x235":["https:\/\/idihcs.fahce.unlp.edu.ar\/else\/wp-content\/uploads\/sites\/18\/2018\/07\/banner-else-324x235.jpg",324,235,true],"td_324x400":["https:\/\/idihcs.fahce.unlp.edu.ar\/else\/wp-content\/uploads\/sites\/18\/2018\/07\/banner-else-324x338.jpg",324,338,true],"td_356x220":["https:\/\/idihcs.fahce.unlp.edu.ar\/else\/wp-content\/uploads\/sites\/18\/2018\/07\/banner-else-356x220.jpg",356,220,true],"td_356x364":["https:\/\/idihcs.fahce.unlp.edu.ar\/else\/wp-content\/uploads\/sites\/18\/2018\/07\/banner-else-356x338.jpg",356,338,true],"td_485x360":["https:\/\/idihcs.fahce.unlp.edu.ar\/else\/wp-content\/uploads\/sites\/18\/2018\/07\/banner-else-485x338.jpg",485,338,true],"td_533x261":["https:\/\/idihcs.fahce.unlp.edu.ar\/else\/wp-content\/uploads\/sites\/18\/2018\/07\/banner-else-533x261.jpg",533,261,true],"td_534x462":["https:\/\/idihcs.fahce.unlp.edu.ar\/else\/wp-content\/uploads\/sites\/18\/2018\/07\/banner-else-534x338.jpg",534,338,true],"td_696x0":["https:\/\/idihcs.fahce.unlp.edu.ar\/else\/wp-content\/uploads\/sites\/18\/2018\/07\/banner-else-696x81.jpg",696,81,true],"td_696x385":["https:\/\/idihcs.fahce.unlp.edu.ar\/else\/wp-content\/uploads\/sites\/18\/2018\/07\/banner-else-696x338.jpg",696,338,true],"td_741x486":["https:\/\/idihcs.fahce.unlp.edu.ar\/else\/wp-content\/uploads\/sites\/18\/2018\/07\/banner-else-741x338.jpg",741,338,true],"td_1068x580":["https:\/\/idihcs.fahce.unlp.edu.ar\/else\/wp-content\/uploads\/sites\/18\/2018\/07\/banner-else-1068x338.jpg",1068,338,true],"td_1068x0":["https:\/\/idihcs.fahce.unlp.edu.ar\/else\/wp-content\/uploads\/sites\/18\/2018\/07\/banner-else-1068x124.jpg",1068,124,true],"td_0x420":["https:\/\/idihcs.fahce.unlp.edu.ar\/else\/wp-content\/uploads\/sites\/18\/2018\/07\/banner-else.jpg",2900,338,false],"td_1920x0":["https:\/\/idihcs.fahce.unlp.edu.ar\/else\/wp-content\/uploads\/sites\/18\/2018\/07\/banner-else-1920x224.jpg",1920,224,true],"rt_custom":["https:\/\/idihcs.fahce.unlp.edu.ar\/else\/wp-content\/uploads\/sites\/18\/2018\/07\/banner-else.jpg",2900,338,false]},"rttpg_author":{"display_name":"cbarletta","author_link":"https:\/\/idihcs.fahce.unlp.edu.ar\/else\/author\/cbarletta\/"},"rttpg_comment":0,"rttpg_category":null,"rttpg_excerpt":"El \u00c1rea ELSE ofrece tres certificaciones: La certificaci\u00f3n extendida una vez finalizados los talleres o cursos ya sean regulares o extraordinarios ofrecidos en forma presencial o virtual. La evaluaci\u00f3n consiste en un trabajo final en espa\u00f1ol del curso elegido \u00f3 un trabajo integrador de los cursos\/talleres tomados. Quienes no realicen la evaluaci\u00f3n final tendr\u00e1n constancia&hellip;","_links":{"self":[{"href":"https:\/\/idihcs.fahce.unlp.edu.ar\/else\/wp-json\/wp\/v2\/pages\/166","targetHints":{"allow":["GET"]}}],"collection":[{"href":"https:\/\/idihcs.fahce.unlp.edu.ar\/else\/wp-json\/wp\/v2\/pages"}],"about":[{"href":"https:\/\/idihcs.fahce.unlp.edu.ar\/else\/wp-json\/wp\/v2\/types\/page"}],"author":[{"embeddable":true,"href":"https:\/\/idihcs.fahce.unlp.edu.ar\/else\/wp-json\/wp\/v2\/users\/3"}],"replies":[{"embeddable":true,"href":"https:\/\/idihcs.fahce.unlp.edu.ar\/else\/wp-json\/wp\/v2\/comments?post=166"}],"version-history":[{"count":5,"href":"https:\/\/idihcs.fahce.unlp.edu.ar\/else\/wp-json\/wp\/v2\/pages\/166\/revisions"}],"predecessor-version":[{"id":374,"href":"https:\/\/idihcs.fahce.unlp.edu.ar\/else\/wp-json\/wp\/v2\/pages\/166\/revisions\/374"}],"wp:featuredmedia":[{"embeddable":true,"href":"https:\/\/idihcs.fahce.unlp.edu.ar\/else\/wp-json\/wp\/v2\/media\/195"}],"wp:attachment":[{"href":"https:\/\/idihcs.fahce.unlp.edu.ar\/else\/wp-json\/wp\/v2\/media?parent=166"}],"curies":[{"name":"wp","href":"https:\/\/api.w.org\/{rel}","templated":true}]}}