{"id":164,"date":"2018-06-21T17:18:06","date_gmt":"2018-06-21T20:18:06","guid":{"rendered":"http:\/\/163.10.30.48\/~posgrado6\/wordpress\/else\/?page_id=164"},"modified":"2018-07-02T12:45:08","modified_gmt":"2018-07-02T15:45:08","slug":"actividades-modulos","status":"publish","type":"page","link":"https:\/\/idihcs.fahce.unlp.edu.ar\/else\/actividades-modulos\/","title":{"rendered":"ELSE &#8211; Actividades \/ M\u00f3dulos"},"content":{"rendered":"<ul>\n<li>Cursos de espa\u00f1ol orientados a la problem\u00e1tica de la ense\u00f1anza, aprendizaje y evaluaci\u00f3n de ELSE (cuestiones de gram\u00e1tica pedag\u00f3gica, metodolog\u00eda, espa\u00f1ol para fines espec\u00edficos, evaluaci\u00f3n, pragm\u00e1tica, variedades del espa\u00f1ol, g\u00e9neros literarios u otros<\/li>\n<li>Curso\/s a elecci\u00f3n sobre tem\u00e1tica local, nacional o regional (Historia Argentina y\/o Latinoamericana,\u00a0 Arte Argentino y\/o Latinoamericano, Literatura Argentina y\/o Latinoamericana, Pol\u00edticas P\u00fablicas, Socioling\u00fc\u00edstica, Integraci\u00f3n Regional, M\u00fasica y Folklore Argentino y\/o Latinoamericano u otros temas seg\u00fan demandas puntuales solicitadas por grupos con al menos tres meses de antelaci\u00f3n.<\/li>\n<li>Talleres sobre la misma tem\u00e1tica de los cursos<\/li>\n<li>Actividades culturales- visitas a museos, galer\u00edas de arte, \u00e1mbitos oficiales relacionados a \u00e1reas de inter\u00e9s de los participantes, fiestas populares, d\u00edas de campo u otros-. Estas actividades ser\u00e1n complementarias a los cursos con tareas dise\u00f1adas en forma conjunta por los docentes y la coordinaci\u00f3n de Turismo Idiom\u00e1tico.<\/li>\n<li>Los cursos contar\u00e1n con un sitio en el campus virtual de la UNLP donde los participantes encontrar\u00e1n los programas, el material de lectura y complementario, tareas, un foro, links a sitios de inter\u00e9s y toda la informaci\u00f3n necesaria para desarrollo de los cursos y la\u00a0 elaboraci\u00f3n del trabajo final.<\/li>\n<\/ul>\n<p style=\"text-align: center;\"><strong>Cronograma<br \/>\n(ejemplo de m\u00f3dulo presencial de una semana &#8211; 30 horas acad\u00e9micas y 8 horas de actividades complementarias)<\/strong><\/p>\n<table class=\"vertical listing\">\n<tbody>\n<tr>\n<td>\n<p align=\"center\"><b>\u00a0<\/b><\/p>\n<\/td>\n<td>\n<p align=\"center\"><b>Lunes<\/b><\/p>\n<\/td>\n<td>\n<p align=\"center\"><b>Martes<\/b><\/p>\n<\/td>\n<td>\n<p align=\"center\"><b>Mi\u00e9rcoles<\/b><\/p>\n<\/td>\n<td>\n<p align=\"center\"><b>Jueves<\/b><\/p>\n<\/td>\n<td>\n<p align=\"center\"><b>Viernes<\/b><\/p>\n<\/td>\n<td>\n<p align=\"center\"><b>S\u00e1bado<\/b><\/p>\n<\/td>\n<\/tr>\n<tr>\n<td>8.00 a 10:00<\/td>\n<td>\n<p align=\"center\">Espa\u00f1ol<\/p>\n<\/td>\n<td>\n<p align=\"center\">Espa\u00f1ol<\/p>\n<\/td>\n<td>\n<p align=\"center\">Espa\u00f1ol<\/p>\n<\/td>\n<td>\n<p align=\"center\">Espa\u00f1ol<\/p>\n<\/td>\n<td>\n<p align=\"center\">Variedades de espa\u00f1ol<\/p>\n<\/td>\n<td rowspan=\"7\">\n<p align=\"center\">A<\/p>\n<p align=\"center\">C<\/p>\n<p align=\"center\">T<\/p>\n<p align=\"center\">I<\/p>\n<p align=\"center\">V<\/p>\n<p align=\"center\">I<\/p>\n<p align=\"center\">D<\/p>\n<p align=\"center\">A<\/p>\n<p align=\"center\">D<\/p>\n<p align=\"center\">E<\/p>\n<p align=\"center\">S<\/p>\n<p align=\"center\">O<\/p>\n<p align=\"center\">P<\/p>\n<p align=\"center\">T<\/p>\n<p align=\"center\">A<\/p>\n<p align=\"center\">T<\/p>\n<p align=\"center\">I<\/p>\n<p align=\"center\">V<\/p>\n<p align=\"center\">A<\/p>\n<p align=\"center\">S<\/p>\n<\/td>\n<\/tr>\n<tr>\n<td>10:00 a 10:30<\/td>\n<td>\n<p align=\"center\">Caf\u00e9<\/p>\n<\/td>\n<td>\n<p align=\"center\">Caf\u00e9<\/p>\n<\/td>\n<td>\n<p align=\"center\">Caf\u00e9<\/p>\n<\/td>\n<td>\n<p align=\"center\">Caf\u00e9<\/p>\n<\/td>\n<td>\n<p align=\"center\">Caf\u00e9<\/p>\n<\/td>\n<\/tr>\n<tr>\n<td>10: 30 a<\/p>\n<p>12.30<\/td>\n<td>\n<p align=\"center\">Historia y sociedad<\/p>\n<\/td>\n<td>\n<p align=\"center\">Literatura<\/p>\n<p align=\"center\">\n<\/td>\n<td>\n<p align=\"center\">Arte M\u00fasica<\/p>\n<\/td>\n<td>\n<p align=\"center\">Cultura popular<\/p>\n<\/td>\n<td>\n<p align=\"center\">Variedades de espa\u00f1ol<\/p>\n<\/td>\n<\/tr>\n<tr>\n<td>12.30 a 14.00<\/td>\n<td>\n<p align=\"center\">Almuerzo<\/p>\n<\/td>\n<td>\n<p align=\"center\">Almuerzo<\/p>\n<\/td>\n<td>\n<p align=\"center\">Almuerzo<\/p>\n<\/td>\n<td>\n<p align=\"center\">Almuerzo<\/p>\n<\/td>\n<td>\n<p align=\"center\">Libre<\/p>\n<\/td>\n<\/tr>\n<tr>\n<td>14.00 a 16.30<\/p>\n<p>&nbsp;<\/td>\n<td>\n<p align=\"center\">Historia y sociedad<\/p>\n<\/td>\n<td>\n<p align=\"center\">Literatura<\/p>\n<p align=\"center\">\n<\/td>\n<td>\n<p align=\"center\">Arte M\u00fasica<\/p>\n<p align=\"center\">Cine<\/p>\n<\/td>\n<td>\n<p align=\"center\">Cultura popular<\/p>\n<\/td>\n<td>\n<p align=\"center\">Libre<\/p>\n<\/td>\n<\/tr>\n<tr>\n<td>16.30 a 17.00<\/td>\n<td>\n<p align=\"center\">Caf\u00e9<\/p>\n<\/td>\n<td>\n<p align=\"center\">Caf\u00e9<\/p>\n<\/td>\n<td>\n<p align=\"center\">Caf\u00e9<\/p>\n<\/td>\n<td>\n<p align=\"center\">Caf\u00e9<\/p>\n<\/td>\n<td>\n<p align=\"center\">Libre<\/p>\n<\/td>\n<\/tr>\n<tr>\n<td>17.00 a 19.00<\/td>\n<td>\n<p align=\"center\">Recorrido hist\u00f3rico ciudad de La Plata<\/p>\n<\/td>\n<td>\n<p align=\"center\">Visita al Museo de Ciencias Naturales<\/p>\n<\/td>\n<td>\n<p align=\"center\">Visita al Planetario<\/p>\n<\/td>\n<td>\n<p align=\"center\">Visita al Teatro Argentino<\/p>\n<\/td>\n<td>\n<p align=\"center\">Libre<\/p>\n<\/td>\n<\/tr>\n<\/tbody>\n<\/table>\n<p>Las opciones para el d\u00eda s\u00e1bado incluyen visitas a lugares de inter\u00e9s en la ciudad de La Plata y zona de influencia, como por ejemplo: fiesta del inmigrante en Berisso, vi\u00f1edos y elaboraci\u00f3n del vino de la costa,\u00a0 reserva ecol\u00f3gica\u00a0<em>El Destino<\/em>\u00a0en Magdalena, estancias, escuelas de tango, pe\u00f1as y fiestas de campo en la zona, cabalgatas, recorridos en bicicleta, laguna de Chascom\u00fas, como as\u00ed tambi\u00e9n a lugares de inter\u00e9s en la ciudad de Buenos Aires.<\/p>\n<p>Los d\u00edas domingos no se desarrollan actividades.<\/p>\n<p>Por su car\u00e1cter\u00a0 variado y optativo, ser\u00e1n presupuestadas separadamente.<\/p>\n","protected":false},"excerpt":{"rendered":"<p>Cursos de espa\u00f1ol orientados a la problem\u00e1tica de la ense\u00f1anza, aprendizaje y evaluaci\u00f3n de ELSE (cuestiones de gram\u00e1tica pedag\u00f3gica, metodolog\u00eda, espa\u00f1ol para fines espec\u00edficos, evaluaci\u00f3n, pragm\u00e1tica, variedades del espa\u00f1ol, g\u00e9neros literarios u otros Curso\/s a elecci\u00f3n sobre tem\u00e1tica local, nacional o regional (Historia Argentina y\/o Latinoamericana,\u00a0 Arte Argentino y\/o Latinoamericano, Literatura Argentina y\/o Latinoamericana, Pol\u00edticas [&hellip;]<\/p>\n","protected":false},"author":3,"featured_media":195,"parent":0,"menu_order":0,"comment_status":"closed","ping_status":"closed","template":"page-ui.php","meta":{"_themeisle_gutenberg_block_has_review":false,"footnotes":""},"class_list":["post-164","page","type-page","status-publish","has-post-thumbnail","hentry"],"acf":[],"rttpg_featured_image_url":{"full":["https:\/\/idihcs.fahce.unlp.edu.ar\/else\/wp-content\/uploads\/sites\/18\/2018\/07\/banner-else.jpg",2900,338,false],"landscape":["https:\/\/idihcs.fahce.unlp.edu.ar\/else\/wp-content\/uploads\/sites\/18\/2018\/07\/banner-else.jpg",2900,338,false],"portraits":["https:\/\/idihcs.fahce.unlp.edu.ar\/else\/wp-content\/uploads\/sites\/18\/2018\/07\/banner-else.jpg",2900,338,false],"thumbnail":["https:\/\/idihcs.fahce.unlp.edu.ar\/else\/wp-content\/uploads\/sites\/18\/2018\/07\/banner-else-150x150.jpg",150,150,true],"medium":["https:\/\/idihcs.fahce.unlp.edu.ar\/else\/wp-content\/uploads\/sites\/18\/2018\/07\/banner-else-300x35.jpg",300,35,true],"large":["https:\/\/idihcs.fahce.unlp.edu.ar\/else\/wp-content\/uploads\/sites\/18\/2018\/07\/banner-else-1024x119.jpg",696,81,true],"1536x1536":["https:\/\/idihcs.fahce.unlp.edu.ar\/else\/wp-content\/uploads\/sites\/18\/2018\/07\/banner-else.jpg",1536,179,false],"2048x2048":["https:\/\/idihcs.fahce.unlp.edu.ar\/else\/wp-content\/uploads\/sites\/18\/2018\/07\/banner-else.jpg",2048,239,false],"td_80x60":["https:\/\/idihcs.fahce.unlp.edu.ar\/else\/wp-content\/uploads\/sites\/18\/2018\/07\/banner-else-80x60.jpg",80,60,true],"td_100x70":["https:\/\/idihcs.fahce.unlp.edu.ar\/else\/wp-content\/uploads\/sites\/18\/2018\/07\/banner-else-100x70.jpg",100,70,true],"td_218x150":["https:\/\/idihcs.fahce.unlp.edu.ar\/else\/wp-content\/uploads\/sites\/18\/2018\/07\/banner-else-218x150.jpg",218,150,true],"td_265x198":["https:\/\/idihcs.fahce.unlp.edu.ar\/else\/wp-content\/uploads\/sites\/18\/2018\/07\/banner-else-265x198.jpg",265,198,true],"td_324x160":["https:\/\/idihcs.fahce.unlp.edu.ar\/else\/wp-content\/uploads\/sites\/18\/2018\/07\/banner-else-324x160.jpg",324,160,true],"td_324x235":["https:\/\/idihcs.fahce.unlp.edu.ar\/else\/wp-content\/uploads\/sites\/18\/2018\/07\/banner-else-324x235.jpg",324,235,true],"td_324x400":["https:\/\/idihcs.fahce.unlp.edu.ar\/else\/wp-content\/uploads\/sites\/18\/2018\/07\/banner-else-324x338.jpg",324,338,true],"td_356x220":["https:\/\/idihcs.fahce.unlp.edu.ar\/else\/wp-content\/uploads\/sites\/18\/2018\/07\/banner-else-356x220.jpg",356,220,true],"td_356x364":["https:\/\/idihcs.fahce.unlp.edu.ar\/else\/wp-content\/uploads\/sites\/18\/2018\/07\/banner-else-356x338.jpg",356,338,true],"td_485x360":["https:\/\/idihcs.fahce.unlp.edu.ar\/else\/wp-content\/uploads\/sites\/18\/2018\/07\/banner-else-485x338.jpg",485,338,true],"td_533x261":["https:\/\/idihcs.fahce.unlp.edu.ar\/else\/wp-content\/uploads\/sites\/18\/2018\/07\/banner-else-533x261.jpg",533,261,true],"td_534x462":["https:\/\/idihcs.fahce.unlp.edu.ar\/else\/wp-content\/uploads\/sites\/18\/2018\/07\/banner-else-534x338.jpg",534,338,true],"td_696x0":["https:\/\/idihcs.fahce.unlp.edu.ar\/else\/wp-content\/uploads\/sites\/18\/2018\/07\/banner-else-696x81.jpg",696,81,true],"td_696x385":["https:\/\/idihcs.fahce.unlp.edu.ar\/else\/wp-content\/uploads\/sites\/18\/2018\/07\/banner-else-696x338.jpg",696,338,true],"td_741x486":["https:\/\/idihcs.fahce.unlp.edu.ar\/else\/wp-content\/uploads\/sites\/18\/2018\/07\/banner-else-741x338.jpg",741,338,true],"td_1068x580":["https:\/\/idihcs.fahce.unlp.edu.ar\/else\/wp-content\/uploads\/sites\/18\/2018\/07\/banner-else-1068x338.jpg",1068,338,true],"td_1068x0":["https:\/\/idihcs.fahce.unlp.edu.ar\/else\/wp-content\/uploads\/sites\/18\/2018\/07\/banner-else-1068x124.jpg",1068,124,true],"td_0x420":["https:\/\/idihcs.fahce.unlp.edu.ar\/else\/wp-content\/uploads\/sites\/18\/2018\/07\/banner-else.jpg",2900,338,false],"td_1920x0":["https:\/\/idihcs.fahce.unlp.edu.ar\/else\/wp-content\/uploads\/sites\/18\/2018\/07\/banner-else-1920x224.jpg",1920,224,true],"rt_custom":["https:\/\/idihcs.fahce.unlp.edu.ar\/else\/wp-content\/uploads\/sites\/18\/2018\/07\/banner-else.jpg",2900,338,false]},"rttpg_author":{"display_name":"cbarletta","author_link":"https:\/\/idihcs.fahce.unlp.edu.ar\/else\/author\/cbarletta\/"},"rttpg_comment":0,"rttpg_category":null,"rttpg_excerpt":"Cursos de espa\u00f1ol orientados a la problem\u00e1tica de la ense\u00f1anza, aprendizaje y evaluaci\u00f3n de ELSE (cuestiones de gram\u00e1tica pedag\u00f3gica, metodolog\u00eda, espa\u00f1ol para fines espec\u00edficos, evaluaci\u00f3n, pragm\u00e1tica, variedades del espa\u00f1ol, g\u00e9neros literarios u otros Curso\/s a elecci\u00f3n sobre tem\u00e1tica local, nacional o regional (Historia Argentina y\/o Latinoamericana,\u00a0 Arte Argentino y\/o Latinoamericano, Literatura Argentina y\/o Latinoamericana, Pol\u00edticas&hellip;","_links":{"self":[{"href":"https:\/\/idihcs.fahce.unlp.edu.ar\/else\/wp-json\/wp\/v2\/pages\/164","targetHints":{"allow":["GET"]}}],"collection":[{"href":"https:\/\/idihcs.fahce.unlp.edu.ar\/else\/wp-json\/wp\/v2\/pages"}],"about":[{"href":"https:\/\/idihcs.fahce.unlp.edu.ar\/else\/wp-json\/wp\/v2\/types\/page"}],"author":[{"embeddable":true,"href":"https:\/\/idihcs.fahce.unlp.edu.ar\/else\/wp-json\/wp\/v2\/users\/3"}],"replies":[{"embeddable":true,"href":"https:\/\/idihcs.fahce.unlp.edu.ar\/else\/wp-json\/wp\/v2\/comments?post=164"}],"version-history":[{"count":2,"href":"https:\/\/idihcs.fahce.unlp.edu.ar\/else\/wp-json\/wp\/v2\/pages\/164\/revisions"}],"predecessor-version":[{"id":196,"href":"https:\/\/idihcs.fahce.unlp.edu.ar\/else\/wp-json\/wp\/v2\/pages\/164\/revisions\/196"}],"wp:featuredmedia":[{"embeddable":true,"href":"https:\/\/idihcs.fahce.unlp.edu.ar\/else\/wp-json\/wp\/v2\/media\/195"}],"wp:attachment":[{"href":"https:\/\/idihcs.fahce.unlp.edu.ar\/else\/wp-json\/wp\/v2\/media?parent=164"}],"curies":[{"name":"wp","href":"https:\/\/api.w.org\/{rel}","templated":true}]}}