{"id":153,"date":"2018-06-21T17:14:22","date_gmt":"2018-06-21T20:14:22","guid":{"rendered":"http:\/\/163.10.30.48\/~posgrado6\/wordpress\/else\/?page_id=153"},"modified":"2025-04-29T15:28:15","modified_gmt":"2025-04-29T18:28:15","slug":"cursos-regulares","status":"publish","type":"page","link":"https:\/\/idihcs.fahce.unlp.edu.ar\/else\/cursos-regulares\/","title":{"rendered":"ELSE &#8211; Cursos regulares de espa\u00f1ol"},"content":{"rendered":"<h3 style=\"text-align: center;\"><img loading=\"lazy\" decoding=\"async\" class=\"size-medium wp-image-295 alignleft\" src=\"https:\/\/idihcs.fahce.unlp.edu.ar\/else\/wp-content\/uploads\/sites\/18\/2020\/03\/extranjeros-300x200.jpg\" alt=\"\" width=\"300\" height=\"200\" srcset=\"https:\/\/idihcs.fahce.unlp.edu.ar\/else\/wp-content\/uploads\/sites\/18\/2020\/03\/extranjeros-300x200.jpg 300w, https:\/\/idihcs.fahce.unlp.edu.ar\/else\/wp-content\/uploads\/sites\/18\/2020\/03\/extranjeros.jpg 380w\" sizes=\"auto, (max-width: 300px) 100vw, 300px\" \/><span style=\"color: #008000;\">3 horas semanales<\/span><br \/><span style=\"color: #008000;\">(2 presenciales + 1 virtual)<\/span><\/h3>\n<p>Comienzo el 7 de mayo de 2025<br \/>Espa\u00f1ol A: lunes de 9 a 11<br \/>Espa\u00f1ol B: lunes de 11 a 13<\/p>\n<p><strong>Contacto: cursosespfahce@gmail.com<\/strong><\/p>\n\n\n<hr class=\"wp-block-separator has-alpha-channel-opacity\"\/>\n\n\n<h2><span style=\"color: #ff0000;\"><strong>Adem\u00e1s&#8230; cursos virtuales, gratuitos y por niveles\u00a0<\/strong><\/span><\/h2>\n<p><strong>Espa\u00f1ol para aquellos estudiantes de la UNLP que tengan a este idioma como segunda lengua .<br \/><\/strong><br \/>\u00a1Inscripci\u00f3n abierta!\u00a0<\/p>\n\n\n<div class=\"wp-block-buttons is-layout-flex wp-block-buttons-is-layout-flex\">\n<div class=\"wp-block-button is-style-outline is-style-outline--1\"><a class=\"wp-block-button__link has-black-color has-light-green-cyan-background-color has-text-color has-background has-link-color wp-element-button\" href=\"https:\/\/www.fahce.unlp.edu.ar\/facultad\/secretarias-y-prosecretarias\/prosecretaria-de-relaciones-institucionales\/noticias\/cursos-gratuitos-de-espanol-2025-para-estudiantes-de-la-unlp\" style=\"border-radius:65px\">M\u00e1s informaci\u00f3n<\/a><\/div>\n<\/div>\n","protected":false},"excerpt":{"rendered":"<p>3 horas semanales(2 presenciales + 1 virtual) Comienzo el 7 de mayo de 2025Espa\u00f1ol A: lunes de 9 a 11Espa\u00f1ol B: lunes de 11 a 13 Contacto: cursosespfahce@gmail.com Adem\u00e1s&#8230; cursos virtuales, gratuitos y por niveles\u00a0 Espa\u00f1ol para aquellos estudiantes de la UNLP que tengan a este idioma como segunda lengua .\u00a1Inscripci\u00f3n abierta!\u00a0<\/p>\n","protected":false},"author":3,"featured_media":195,"parent":0,"menu_order":0,"comment_status":"closed","ping_status":"closed","template":"page-ui.php","meta":{"_themeisle_gutenberg_block_has_review":false,"footnotes":""},"class_list":["post-153","page","type-page","status-publish","has-post-thumbnail","hentry"],"acf":[],"rttpg_featured_image_url":{"full":["https:\/\/idihcs.fahce.unlp.edu.ar\/else\/wp-content\/uploads\/sites\/18\/2018\/07\/banner-else.jpg",2900,338,false],"landscape":["https:\/\/idihcs.fahce.unlp.edu.ar\/else\/wp-content\/uploads\/sites\/18\/2018\/07\/banner-else.jpg",2900,338,false],"portraits":["https:\/\/idihcs.fahce.unlp.edu.ar\/else\/wp-content\/uploads\/sites\/18\/2018\/07\/banner-else.jpg",2900,338,false],"thumbnail":["https:\/\/idihcs.fahce.unlp.edu.ar\/else\/wp-content\/uploads\/sites\/18\/2018\/07\/banner-else-150x150.jpg",150,150,true],"medium":["https:\/\/idihcs.fahce.unlp.edu.ar\/else\/wp-content\/uploads\/sites\/18\/2018\/07\/banner-else-300x35.jpg",300,35,true],"large":["https:\/\/idihcs.fahce.unlp.edu.ar\/else\/wp-content\/uploads\/sites\/18\/2018\/07\/banner-else-1024x119.jpg",696,81,true],"1536x1536":["https:\/\/idihcs.fahce.unlp.edu.ar\/else\/wp-content\/uploads\/sites\/18\/2018\/07\/banner-else.jpg",1536,179,false],"2048x2048":["https:\/\/idihcs.fahce.unlp.edu.ar\/else\/wp-content\/uploads\/sites\/18\/2018\/07\/banner-else.jpg",2048,239,false],"td_80x60":["https:\/\/idihcs.fahce.unlp.edu.ar\/else\/wp-content\/uploads\/sites\/18\/2018\/07\/banner-else-80x60.jpg",80,60,true],"td_100x70":["https:\/\/idihcs.fahce.unlp.edu.ar\/else\/wp-content\/uploads\/sites\/18\/2018\/07\/banner-else-100x70.jpg",100,70,true],"td_218x150":["https:\/\/idihcs.fahce.unlp.edu.ar\/else\/wp-content\/uploads\/sites\/18\/2018\/07\/banner-else-218x150.jpg",218,150,true],"td_265x198":["https:\/\/idihcs.fahce.unlp.edu.ar\/else\/wp-content\/uploads\/sites\/18\/2018\/07\/banner-else-265x198.jpg",265,198,true],"td_324x160":["https:\/\/idihcs.fahce.unlp.edu.ar\/else\/wp-content\/uploads\/sites\/18\/2018\/07\/banner-else-324x160.jpg",324,160,true],"td_324x235":["https:\/\/idihcs.fahce.unlp.edu.ar\/else\/wp-content\/uploads\/sites\/18\/2018\/07\/banner-else-324x235.jpg",324,235,true],"td_324x400":["https:\/\/idihcs.fahce.unlp.edu.ar\/else\/wp-content\/uploads\/sites\/18\/2018\/07\/banner-else-324x338.jpg",324,338,true],"td_356x220":["https:\/\/idihcs.fahce.unlp.edu.ar\/else\/wp-content\/uploads\/sites\/18\/2018\/07\/banner-else-356x220.jpg",356,220,true],"td_356x364":["https:\/\/idihcs.fahce.unlp.edu.ar\/else\/wp-content\/uploads\/sites\/18\/2018\/07\/banner-else-356x338.jpg",356,338,true],"td_485x360":["https:\/\/idihcs.fahce.unlp.edu.ar\/else\/wp-content\/uploads\/sites\/18\/2018\/07\/banner-else-485x338.jpg",485,338,true],"td_533x261":["https:\/\/idihcs.fahce.unlp.edu.ar\/else\/wp-content\/uploads\/sites\/18\/2018\/07\/banner-else-533x261.jpg",533,261,true],"td_534x462":["https:\/\/idihcs.fahce.unlp.edu.ar\/else\/wp-content\/uploads\/sites\/18\/2018\/07\/banner-else-534x338.jpg",534,338,true],"td_696x0":["https:\/\/idihcs.fahce.unlp.edu.ar\/else\/wp-content\/uploads\/sites\/18\/2018\/07\/banner-else-696x81.jpg",696,81,true],"td_696x385":["https:\/\/idihcs.fahce.unlp.edu.ar\/else\/wp-content\/uploads\/sites\/18\/2018\/07\/banner-else-696x338.jpg",696,338,true],"td_741x486":["https:\/\/idihcs.fahce.unlp.edu.ar\/else\/wp-content\/uploads\/sites\/18\/2018\/07\/banner-else-741x338.jpg",741,338,true],"td_1068x580":["https:\/\/idihcs.fahce.unlp.edu.ar\/else\/wp-content\/uploads\/sites\/18\/2018\/07\/banner-else-1068x338.jpg",1068,338,true],"td_1068x0":["https:\/\/idihcs.fahce.unlp.edu.ar\/else\/wp-content\/uploads\/sites\/18\/2018\/07\/banner-else-1068x124.jpg",1068,124,true],"td_0x420":["https:\/\/idihcs.fahce.unlp.edu.ar\/else\/wp-content\/uploads\/sites\/18\/2018\/07\/banner-else.jpg",2900,338,false],"td_1920x0":["https:\/\/idihcs.fahce.unlp.edu.ar\/else\/wp-content\/uploads\/sites\/18\/2018\/07\/banner-else-1920x224.jpg",1920,224,true],"rt_custom":["https:\/\/idihcs.fahce.unlp.edu.ar\/else\/wp-content\/uploads\/sites\/18\/2018\/07\/banner-else.jpg",2900,338,false]},"rttpg_author":{"display_name":"cbarletta","author_link":"https:\/\/idihcs.fahce.unlp.edu.ar\/else\/author\/cbarletta\/"},"rttpg_comment":0,"rttpg_category":null,"rttpg_excerpt":"3 horas semanales(2 presenciales + 1 virtual) Comienzo el 7 de mayo de 2025Espa\u00f1ol A: lunes de 9 a 11Espa\u00f1ol B: lunes de 11 a 13 Contacto: cursosespfahce@gmail.com Adem\u00e1s&#8230; cursos virtuales, gratuitos y por niveles\u00a0 Espa\u00f1ol para aquellos estudiantes de la UNLP que tengan a este idioma como segunda lengua .\u00a1Inscripci\u00f3n abierta!\u00a0","_links":{"self":[{"href":"https:\/\/idihcs.fahce.unlp.edu.ar\/else\/wp-json\/wp\/v2\/pages\/153","targetHints":{"allow":["GET"]}}],"collection":[{"href":"https:\/\/idihcs.fahce.unlp.edu.ar\/else\/wp-json\/wp\/v2\/pages"}],"about":[{"href":"https:\/\/idihcs.fahce.unlp.edu.ar\/else\/wp-json\/wp\/v2\/types\/page"}],"author":[{"embeddable":true,"href":"https:\/\/idihcs.fahce.unlp.edu.ar\/else\/wp-json\/wp\/v2\/users\/3"}],"replies":[{"embeddable":true,"href":"https:\/\/idihcs.fahce.unlp.edu.ar\/else\/wp-json\/wp\/v2\/comments?post=153"}],"version-history":[{"count":8,"href":"https:\/\/idihcs.fahce.unlp.edu.ar\/else\/wp-json\/wp\/v2\/pages\/153\/revisions"}],"predecessor-version":[{"id":781,"href":"https:\/\/idihcs.fahce.unlp.edu.ar\/else\/wp-json\/wp\/v2\/pages\/153\/revisions\/781"}],"wp:featuredmedia":[{"embeddable":true,"href":"https:\/\/idihcs.fahce.unlp.edu.ar\/else\/wp-json\/wp\/v2\/media\/195"}],"wp:attachment":[{"href":"https:\/\/idihcs.fahce.unlp.edu.ar\/else\/wp-json\/wp\/v2\/media?parent=153"}],"curies":[{"name":"wp","href":"https:\/\/api.w.org\/{rel}","templated":true}]}}