{"id":98,"date":"2018-06-17T23:15:21","date_gmt":"2018-06-18T02:15:21","guid":{"rendered":"http:\/\/163.10.30.48\/~posgrado6\/wordpress\/ctcl\/?page_id=98"},"modified":"2020-06-11T21:51:12","modified_gmt":"2020-06-12T00:51:12","slug":"presentacion","status":"publish","type":"page","link":"https:\/\/idihcs.fahce.unlp.edu.ar\/ctcl\/","title":{"rendered":"CTCL &#8211; Presentaci\u00f3n"},"content":{"rendered":"<p style=\"text-align: left;\">\u00a0 \u00a0 \u00a0 \u00a0 \u00a0 El Centro de Estudios de Teor\u00eda y Cr\u00edtica Literaria (CTCL) es una instituci\u00f3n de investigaciones acad\u00e9micas especializadas en el \u00e1rea de literaturas en lengua espa\u00f1ola. Fue creado por el Consejo Superior de la Universidad Nacional de La Plata el 30 de agosto de 1994. Es sede de proyectos de investigaci\u00f3n del CONICET y de la UNLP, del Programa de Incentivos a Docentes-Investigadores del Ministerio de Educaci\u00f3n de la Naci\u00f3n, de la Agencia Nacional de Promoci\u00f3n Cient\u00edfica y de programas de intercambio cient\u00edfico con universidades, asociaciones e instituciones acad\u00e9micas del pa\u00eds y del exterior, especialmente de Alemania, Francia, B\u00e9lgica, los Pa\u00edses Bajos, Italia, Espa\u00f1a, Estados Unidos, M\u00e9xico y otros pa\u00edses de Am\u00e9rica Latina.<\/p>\n<p style=\"text-align: left;\">\u00a0 \u00a0 \u00a0 \u00a0 \u00a0 Publica regularmente dos revistas con referato internacional, periodicidad semestral e indizadas en las principales bases de datos y cat\u00e1logos: <em>Orbis Tertius<\/em>, orientada especialmente a literatura argentina y latinoamericana, y <em>Olivar<\/em>, especializada en literatura espa\u00f1ola. Ha desarrollado la<em> Biblioteca Orbis Tertius<\/em>, una colecci\u00f3n de libros electr\u00f3nicos que tiene por objeto recuperar, a trav\u00e9s de ediciones comentadas y anotadas por especialistas, documentos literarios de valor hist\u00f3rico y reducida accesibilidad: in\u00e9ditos, impresos inaccesibles, corpora documentales, entre otros. <em>Colectivo cr\u00edtico<\/em> es otra de sus colecciones, dedicada a publicar obras de car\u00e1cter grupal, sobre resultados de proyectos de investigaci\u00f3n y \u00e1reas de estudio, as\u00ed como selecciones de trabajos presentados a Congresos, muchos de las cuales se organizan en torno a un problema o eje tem\u00e1tico relacionado con la teor\u00eda y la cr\u00edtica literarias. Todos los a\u00f1os se realizan <em>Jornadas internas de investigaci\u00f3n<\/em>, destinadas a la exposici\u00f3n y discusi\u00f3n de los avances de proyectos con sede en el CTCL, y se organizan numerosas conferencias y presentaciones de libros. Cada tres a\u00f1os se organiza el <em>Congreso Internacional Orbis Tertius<\/em>.<\/p>\n","protected":false},"excerpt":{"rendered":"<p>\u00a0 \u00a0 \u00a0 \u00a0 \u00a0 El Centro de Estudios de Teor\u00eda y Cr\u00edtica Literaria (CTCL) es una instituci\u00f3n de investigaciones acad\u00e9micas especializadas en el \u00e1rea de literaturas en lengua espa\u00f1ola. Fue creado por el Consejo Superior de la Universidad Nacional de La Plata el 30 de agosto de 1994. Es sede de proyectos de investigaci\u00f3n [&hellip;]<\/p>\n","protected":false},"author":2,"featured_media":190,"parent":0,"menu_order":0,"comment_status":"closed","ping_status":"closed","template":"page-ui.php","meta":{"_themeisle_gutenberg_block_has_review":false,"footnotes":""},"class_list":["post-98","page","type-page","status-publish","has-post-thumbnail","hentry"],"acf":[],"rttpg_featured_image_url":{"full":["https:\/\/idihcs.fahce.unlp.edu.ar\/ctcl\/wp-content\/uploads\/sites\/7\/2018\/06\/banner-ctcl.jpg",696,81,false],"landscape":["https:\/\/idihcs.fahce.unlp.edu.ar\/ctcl\/wp-content\/uploads\/sites\/7\/2018\/06\/banner-ctcl.jpg",696,81,false],"portraits":["https:\/\/idihcs.fahce.unlp.edu.ar\/ctcl\/wp-content\/uploads\/sites\/7\/2018\/06\/banner-ctcl.jpg",696,81,false],"thumbnail":["https:\/\/idihcs.fahce.unlp.edu.ar\/ctcl\/wp-content\/uploads\/sites\/7\/2018\/06\/banner-ctcl-150x81.jpg",150,81,true],"medium":["https:\/\/idihcs.fahce.unlp.edu.ar\/ctcl\/wp-content\/uploads\/sites\/7\/2018\/06\/banner-ctcl-300x35.jpg",300,35,true],"large":["https:\/\/idihcs.fahce.unlp.edu.ar\/ctcl\/wp-content\/uploads\/sites\/7\/2018\/06\/banner-ctcl.jpg",696,81,false],"1536x1536":["https:\/\/idihcs.fahce.unlp.edu.ar\/ctcl\/wp-content\/uploads\/sites\/7\/2018\/06\/banner-ctcl.jpg",696,81,false],"2048x2048":["https:\/\/idihcs.fahce.unlp.edu.ar\/ctcl\/wp-content\/uploads\/sites\/7\/2018\/06\/banner-ctcl.jpg",696,81,false],"td_80x60":["https:\/\/idihcs.fahce.unlp.edu.ar\/ctcl\/wp-content\/uploads\/sites\/7\/2018\/06\/banner-ctcl-80x60.jpg",80,60,true],"td_100x70":["https:\/\/idihcs.fahce.unlp.edu.ar\/ctcl\/wp-content\/uploads\/sites\/7\/2018\/06\/banner-ctcl-100x70.jpg",100,70,true],"td_218x150":["https:\/\/idihcs.fahce.unlp.edu.ar\/ctcl\/wp-content\/uploads\/sites\/7\/2018\/06\/banner-ctcl-218x81.jpg",218,81,true],"td_265x198":["https:\/\/idihcs.fahce.unlp.edu.ar\/ctcl\/wp-content\/uploads\/sites\/7\/2018\/06\/banner-ctcl-265x81.jpg",265,81,true],"td_324x160":["https:\/\/idihcs.fahce.unlp.edu.ar\/ctcl\/wp-content\/uploads\/sites\/7\/2018\/06\/banner-ctcl-324x81.jpg",324,81,true],"td_324x235":["https:\/\/idihcs.fahce.unlp.edu.ar\/ctcl\/wp-content\/uploads\/sites\/7\/2018\/06\/banner-ctcl-324x81.jpg",324,81,true],"td_324x400":["https:\/\/idihcs.fahce.unlp.edu.ar\/ctcl\/wp-content\/uploads\/sites\/7\/2018\/06\/banner-ctcl-324x81.jpg",324,81,true],"td_356x220":["https:\/\/idihcs.fahce.unlp.edu.ar\/ctcl\/wp-content\/uploads\/sites\/7\/2018\/06\/banner-ctcl-356x81.jpg",356,81,true],"td_356x364":["https:\/\/idihcs.fahce.unlp.edu.ar\/ctcl\/wp-content\/uploads\/sites\/7\/2018\/06\/banner-ctcl-356x81.jpg",356,81,true],"td_485x360":["https:\/\/idihcs.fahce.unlp.edu.ar\/ctcl\/wp-content\/uploads\/sites\/7\/2018\/06\/banner-ctcl-485x81.jpg",485,81,true],"td_533x261":["https:\/\/idihcs.fahce.unlp.edu.ar\/ctcl\/wp-content\/uploads\/sites\/7\/2018\/06\/banner-ctcl-533x81.jpg",533,81,true],"td_534x462":["https:\/\/idihcs.fahce.unlp.edu.ar\/ctcl\/wp-content\/uploads\/sites\/7\/2018\/06\/banner-ctcl-534x81.jpg",534,81,true],"td_696x0":["https:\/\/idihcs.fahce.unlp.edu.ar\/ctcl\/wp-content\/uploads\/sites\/7\/2018\/06\/banner-ctcl-696x81.jpg",696,81,true],"td_696x385":["https:\/\/idihcs.fahce.unlp.edu.ar\/ctcl\/wp-content\/uploads\/sites\/7\/2018\/06\/banner-ctcl-696x81.jpg",696,81,true],"td_741x486":["https:\/\/idihcs.fahce.unlp.edu.ar\/ctcl\/wp-content\/uploads\/sites\/7\/2018\/06\/banner-ctcl.jpg",696,81,false],"td_1068x580":["https:\/\/idihcs.fahce.unlp.edu.ar\/ctcl\/wp-content\/uploads\/sites\/7\/2018\/06\/banner-ctcl.jpg",696,81,false],"td_1068x0":["https:\/\/idihcs.fahce.unlp.edu.ar\/ctcl\/wp-content\/uploads\/sites\/7\/2018\/06\/banner-ctcl.jpg",696,81,false],"td_0x420":["https:\/\/idihcs.fahce.unlp.edu.ar\/ctcl\/wp-content\/uploads\/sites\/7\/2018\/06\/banner-ctcl.jpg",696,81,false],"td_1920x0":["https:\/\/idihcs.fahce.unlp.edu.ar\/ctcl\/wp-content\/uploads\/sites\/7\/2018\/06\/banner-ctcl.jpg",696,81,false],"rt_custom":["https:\/\/idihcs.fahce.unlp.edu.ar\/ctcl\/wp-content\/uploads\/sites\/7\/2018\/06\/banner-ctcl.jpg",696,81,false]},"rttpg_author":{"display_name":"ggchicote","author_link":"https:\/\/idihcs.fahce.unlp.edu.ar\/ctcl\/author\/ggchicote\/"},"rttpg_comment":0,"rttpg_category":null,"rttpg_excerpt":"\u00a0 \u00a0 \u00a0 \u00a0 \u00a0 El Centro de Estudios de Teor\u00eda y Cr\u00edtica Literaria (CTCL) es una instituci\u00f3n de investigaciones acad\u00e9micas especializadas en el \u00e1rea de literaturas en lengua espa\u00f1ola. Fue creado por el Consejo Superior de la Universidad Nacional de La Plata el 30 de agosto de 1994. Es sede de proyectos de investigaci\u00f3n&hellip;","_links":{"self":[{"href":"https:\/\/idihcs.fahce.unlp.edu.ar\/ctcl\/wp-json\/wp\/v2\/pages\/98","targetHints":{"allow":["GET"]}}],"collection":[{"href":"https:\/\/idihcs.fahce.unlp.edu.ar\/ctcl\/wp-json\/wp\/v2\/pages"}],"about":[{"href":"https:\/\/idihcs.fahce.unlp.edu.ar\/ctcl\/wp-json\/wp\/v2\/types\/page"}],"author":[{"embeddable":true,"href":"https:\/\/idihcs.fahce.unlp.edu.ar\/ctcl\/wp-json\/wp\/v2\/users\/2"}],"replies":[{"embeddable":true,"href":"https:\/\/idihcs.fahce.unlp.edu.ar\/ctcl\/wp-json\/wp\/v2\/comments?post=98"}],"version-history":[{"count":9,"href":"https:\/\/idihcs.fahce.unlp.edu.ar\/ctcl\/wp-json\/wp\/v2\/pages\/98\/revisions"}],"predecessor-version":[{"id":457,"href":"https:\/\/idihcs.fahce.unlp.edu.ar\/ctcl\/wp-json\/wp\/v2\/pages\/98\/revisions\/457"}],"wp:featuredmedia":[{"embeddable":true,"href":"https:\/\/idihcs.fahce.unlp.edu.ar\/ctcl\/wp-json\/wp\/v2\/media\/190"}],"wp:attachment":[{"href":"https:\/\/idihcs.fahce.unlp.edu.ar\/ctcl\/wp-json\/wp\/v2\/media?parent=98"}],"curies":[{"name":"wp","href":"https:\/\/api.w.org\/{rel}","templated":true}]}}