{"id":145,"date":"2018-06-19T12:52:52","date_gmt":"2018-06-19T15:52:52","guid":{"rendered":"http:\/\/163.10.30.48\/~posgrado6\/wordpress\/ctcl\/?page_id=145"},"modified":"2020-07-06T17:03:50","modified_gmt":"2020-07-06T20:03:50","slug":"leset-publicaciones","status":"publish","type":"page","link":"https:\/\/idihcs.fahce.unlp.edu.ar\/ctcl\/leset-publicaciones\/","title":{"rendered":"CTCL &#8211; Publicaciones"},"content":{"rendered":"<h5><strong>Revistas<\/strong><\/h5>\n<ul>\n<li><a href=\"https:\/\/www.olivar.fahce.unlp.edu.ar\/\">Olivar: Revista de literatura y cultura espa\u00f1olas<\/a><\/li>\n<li><a class=\"external-link\" title=\"\" href=\"https:\/\/www.orbistertius.unlp.edu.ar\/\" target=\"_blank\" rel=\"noopener\"><span class=\"link-external\">Orbis Tertius: Revista de teor\u00eda y cr\u00edtica literaria<\/span><\/a><\/li>\n<\/ul>\n<h5><strong>Colecciones de libros<\/strong><\/h5>\n<ul>\n<li><a href=\"http:\/\/bibliotecaorbistertius.fahce.unlp.edu.ar\/\" target=\"_blank\" rel=\"noopener\">Biblioteca Orbis Tertius<\/a><\/li>\n<li><a href=\"http:\/\/www.libros.fahce.unlp.edu.ar\/index.php\/libros\/catalog\/series\/colectivocritico\" target=\"_blank\" rel=\"noopener\">Colectivo Cr\u00edtico<\/a><\/li>\n<\/ul>\n","protected":false},"excerpt":{"rendered":"<p>Revistas Olivar: Revista de literatura y cultura espa\u00f1olas Orbis Tertius: Revista de teor\u00eda y cr\u00edtica literaria Colecciones de libros Biblioteca Orbis Tertius Colectivo Cr\u00edtico<\/p>\n","protected":false},"author":2,"featured_media":190,"parent":0,"menu_order":0,"comment_status":"closed","ping_status":"closed","template":"page-ui.php","meta":{"_themeisle_gutenberg_block_has_review":false,"footnotes":""},"class_list":["post-145","page","type-page","status-publish","has-post-thumbnail","hentry"],"acf":[],"rttpg_featured_image_url":{"full":["https:\/\/idihcs.fahce.unlp.edu.ar\/ctcl\/wp-content\/uploads\/sites\/7\/2018\/06\/banner-ctcl.jpg",696,81,false],"landscape":["https:\/\/idihcs.fahce.unlp.edu.ar\/ctcl\/wp-content\/uploads\/sites\/7\/2018\/06\/banner-ctcl.jpg",696,81,false],"portraits":["https:\/\/idihcs.fahce.unlp.edu.ar\/ctcl\/wp-content\/uploads\/sites\/7\/2018\/06\/banner-ctcl.jpg",696,81,false],"thumbnail":["https:\/\/idihcs.fahce.unlp.edu.ar\/ctcl\/wp-content\/uploads\/sites\/7\/2018\/06\/banner-ctcl-150x81.jpg",150,81,true],"medium":["https:\/\/idihcs.fahce.unlp.edu.ar\/ctcl\/wp-content\/uploads\/sites\/7\/2018\/06\/banner-ctcl-300x35.jpg",300,35,true],"large":["https:\/\/idihcs.fahce.unlp.edu.ar\/ctcl\/wp-content\/uploads\/sites\/7\/2018\/06\/banner-ctcl.jpg",696,81,false],"1536x1536":["https:\/\/idihcs.fahce.unlp.edu.ar\/ctcl\/wp-content\/uploads\/sites\/7\/2018\/06\/banner-ctcl.jpg",696,81,false],"2048x2048":["https:\/\/idihcs.fahce.unlp.edu.ar\/ctcl\/wp-content\/uploads\/sites\/7\/2018\/06\/banner-ctcl.jpg",696,81,false],"td_80x60":["https:\/\/idihcs.fahce.unlp.edu.ar\/ctcl\/wp-content\/uploads\/sites\/7\/2018\/06\/banner-ctcl-80x60.jpg",80,60,true],"td_100x70":["https:\/\/idihcs.fahce.unlp.edu.ar\/ctcl\/wp-content\/uploads\/sites\/7\/2018\/06\/banner-ctcl-100x70.jpg",100,70,true],"td_218x150":["https:\/\/idihcs.fahce.unlp.edu.ar\/ctcl\/wp-content\/uploads\/sites\/7\/2018\/06\/banner-ctcl-218x81.jpg",218,81,true],"td_265x198":["https:\/\/idihcs.fahce.unlp.edu.ar\/ctcl\/wp-content\/uploads\/sites\/7\/2018\/06\/banner-ctcl-265x81.jpg",265,81,true],"td_324x160":["https:\/\/idihcs.fahce.unlp.edu.ar\/ctcl\/wp-content\/uploads\/sites\/7\/2018\/06\/banner-ctcl-324x81.jpg",324,81,true],"td_324x235":["https:\/\/idihcs.fahce.unlp.edu.ar\/ctcl\/wp-content\/uploads\/sites\/7\/2018\/06\/banner-ctcl-324x81.jpg",324,81,true],"td_324x400":["https:\/\/idihcs.fahce.unlp.edu.ar\/ctcl\/wp-content\/uploads\/sites\/7\/2018\/06\/banner-ctcl-324x81.jpg",324,81,true],"td_356x220":["https:\/\/idihcs.fahce.unlp.edu.ar\/ctcl\/wp-content\/uploads\/sites\/7\/2018\/06\/banner-ctcl-356x81.jpg",356,81,true],"td_356x364":["https:\/\/idihcs.fahce.unlp.edu.ar\/ctcl\/wp-content\/uploads\/sites\/7\/2018\/06\/banner-ctcl-356x81.jpg",356,81,true],"td_485x360":["https:\/\/idihcs.fahce.unlp.edu.ar\/ctcl\/wp-content\/uploads\/sites\/7\/2018\/06\/banner-ctcl-485x81.jpg",485,81,true],"td_533x261":["https:\/\/idihcs.fahce.unlp.edu.ar\/ctcl\/wp-content\/uploads\/sites\/7\/2018\/06\/banner-ctcl-533x81.jpg",533,81,true],"td_534x462":["https:\/\/idihcs.fahce.unlp.edu.ar\/ctcl\/wp-content\/uploads\/sites\/7\/2018\/06\/banner-ctcl-534x81.jpg",534,81,true],"td_696x0":["https:\/\/idihcs.fahce.unlp.edu.ar\/ctcl\/wp-content\/uploads\/sites\/7\/2018\/06\/banner-ctcl-696x81.jpg",696,81,true],"td_696x385":["https:\/\/idihcs.fahce.unlp.edu.ar\/ctcl\/wp-content\/uploads\/sites\/7\/2018\/06\/banner-ctcl-696x81.jpg",696,81,true],"td_741x486":["https:\/\/idihcs.fahce.unlp.edu.ar\/ctcl\/wp-content\/uploads\/sites\/7\/2018\/06\/banner-ctcl.jpg",696,81,false],"td_1068x580":["https:\/\/idihcs.fahce.unlp.edu.ar\/ctcl\/wp-content\/uploads\/sites\/7\/2018\/06\/banner-ctcl.jpg",696,81,false],"td_1068x0":["https:\/\/idihcs.fahce.unlp.edu.ar\/ctcl\/wp-content\/uploads\/sites\/7\/2018\/06\/banner-ctcl.jpg",696,81,false],"td_0x420":["https:\/\/idihcs.fahce.unlp.edu.ar\/ctcl\/wp-content\/uploads\/sites\/7\/2018\/06\/banner-ctcl.jpg",696,81,false],"td_1920x0":["https:\/\/idihcs.fahce.unlp.edu.ar\/ctcl\/wp-content\/uploads\/sites\/7\/2018\/06\/banner-ctcl.jpg",696,81,false],"rt_custom":["https:\/\/idihcs.fahce.unlp.edu.ar\/ctcl\/wp-content\/uploads\/sites\/7\/2018\/06\/banner-ctcl.jpg",696,81,false]},"rttpg_author":{"display_name":"ggchicote","author_link":"https:\/\/idihcs.fahce.unlp.edu.ar\/ctcl\/author\/ggchicote\/"},"rttpg_comment":0,"rttpg_category":null,"rttpg_excerpt":"Revistas Olivar: Revista de literatura y cultura espa\u00f1olas Orbis Tertius: Revista de teor\u00eda y cr\u00edtica literaria Colecciones de libros Biblioteca Orbis Tertius Colectivo Cr\u00edtico","_links":{"self":[{"href":"https:\/\/idihcs.fahce.unlp.edu.ar\/ctcl\/wp-json\/wp\/v2\/pages\/145","targetHints":{"allow":["GET"]}}],"collection":[{"href":"https:\/\/idihcs.fahce.unlp.edu.ar\/ctcl\/wp-json\/wp\/v2\/pages"}],"about":[{"href":"https:\/\/idihcs.fahce.unlp.edu.ar\/ctcl\/wp-json\/wp\/v2\/types\/page"}],"author":[{"embeddable":true,"href":"https:\/\/idihcs.fahce.unlp.edu.ar\/ctcl\/wp-json\/wp\/v2\/users\/2"}],"replies":[{"embeddable":true,"href":"https:\/\/idihcs.fahce.unlp.edu.ar\/ctcl\/wp-json\/wp\/v2\/comments?post=145"}],"version-history":[{"count":10,"href":"https:\/\/idihcs.fahce.unlp.edu.ar\/ctcl\/wp-json\/wp\/v2\/pages\/145\/revisions"}],"predecessor-version":[{"id":469,"href":"https:\/\/idihcs.fahce.unlp.edu.ar\/ctcl\/wp-json\/wp\/v2\/pages\/145\/revisions\/469"}],"wp:featuredmedia":[{"embeddable":true,"href":"https:\/\/idihcs.fahce.unlp.edu.ar\/ctcl\/wp-json\/wp\/v2\/media\/190"}],"wp:attachment":[{"href":"https:\/\/idihcs.fahce.unlp.edu.ar\/ctcl\/wp-json\/wp\/v2\/media?parent=145"}],"curies":[{"name":"wp","href":"https:\/\/api.w.org\/{rel}","templated":true}]}}