{"id":195,"date":"2018-08-02T14:26:54","date_gmt":"2018-08-02T17:26:54","guid":{"rendered":"http:\/\/163.10.30.48\/~posgrado6\/wordpress\/cish\/?page_id=195"},"modified":"2025-12-02T14:00:54","modified_gmt":"2025-12-02T17:00:54","slug":"proyectos-de-investigacion","status":"publish","type":"page","link":"https:\/\/idihcs.fahce.unlp.edu.ar\/cish\/proyectos-de-investigacion\/","title":{"rendered":"CISH &#8211; Proyectos de investigaci\u00f3n vigente"},"content":{"rendered":"    <style>\n        .tabla-proyectos-flex {width:100%;border-collapse:separate;border-spacing:0;margin:2rem 0;font-family:\"Segoe UI\",Arial,sans-serif;font-size:15px;background:#fff;border-radius:12px;overflow:hidden;box-shadow:0 10px 30px rgba(0,0,0,0.08);}\n        .tabla-proyectos-flex thead th {background:#49ab4c;color:white;padding:16px 18px;text-align:left;font-weight:600;}\n        .tabla-proyectos-flex tbody td {padding:16px 18px;border-bottom:1px solid #eef2f7;vertical-align:top;}\n        .tabla-proyectos-flex tbody tr:hover {background:#f8fcf8;}\n        .tabla-proyectos-flex a {color:#227730;font-weight:600;text-decoration:none;position:relative;}\n        .tabla-proyectos-flex a::after {content:'';position:absolute;width:0;height:2px;bottom:-2px;left:0;background:#49ab4c;transition:width .3s;}\n        .tabla-proyectos-flex a:hover::after {width:100%;}\n        .prorroga-nota {font-size:0.85em;color:#e67e22;display:block;margin-top:4px;}\n        @media(max-width:720px){\n            .tabla-proyectos-flex,.tabla-proyectos-flex thead,.tabla-proyectos-flex tbody,.tabla-proyectos-flex th,.tabla-proyectos-flex td,.tabla-proyectos-flex tr{display:block;}\n            .tabla-proyectos-flex thead tr{display:none;}\n            .tabla-proyectos-flex tr{margin-bottom:20px;border:1px solid #ddd;border-radius:10px;background:white !important;}\n            .tabla-proyectos-flex td{border:none;position:relative;padding-left:50%;text-align:right;}\n            .tabla-proyectos-flex td::before{content:attr(data-label);position:absolute;left:15px;width:45%;font-weight:600;color:#49ab4c;text-align:left;}\n        }\n    <\/style>\n\n    <table class=\"tabla-proyectos-flex\">\n        <thead>\n            <tr>\n                                    <th>T\u00edtulo<\/th>\n                                    <th>Tipo proyecto<\/th>\n                                    <th>Director\/es<\/th>\n                                    <th>Codirector\/es<\/th>\n                                    <th>Vigente hasta<\/th>\n                            <\/tr>\n        <\/thead>\n        <tbody>\n                            <tr>\n                                            <td data-label=\"T\u00edtulo\">\n                            <a href=\"http:\/\/www.memoria.fahce.unlp.edu.ar\/library?a=d&#038;c=proyecto&#038;d=Jpy1271\" target=\"_blank\" rel=\"noopener\">Entre los 40 a\u00f1os de la recuperaci\u00f3n democr\u00e1tica y los 50 a\u00f1os de la \u00faltima dictadura militar. Balances, perspectivas ydesaf\u00edos de las pr\u00e1cticas y las pol\u00edticas de memoria en torno al pasado reciente<\/a>                        <\/td>\n                                            <td data-label=\"tipo-proyecto\">\n                            PI+D                        <\/td>\n                                            <td data-label=\"Director\/es\">\n                            Flier, Patricia Graciela                        <\/td>\n                                            <td data-label=\"Codirector\/es\">\n                            Kahan, Emmanuel Nicol\u00e1s                        <\/td>\n                                            <td data-label=\"Vigente hasta\">\n                            <strong style=\"color:#49ab4c;\">31 de diciembre de 2028<\/strong>                        <\/td>\n                                    <\/tr>\n                            <tr>\n                                            <td data-label=\"T\u00edtulo\">\n                            <a href=\"http:\/\/www.memoria.fahce.unlp.edu.ar\/library?a=d&#038;c=proyecto&#038;d=Jpy1265\" target=\"_blank\" rel=\"noopener\">Im\u00e1genes e imaginarios sobre lo contempor\u00e1neo en Argentina y Brasil<\/a>                        <\/td>\n                                            <td data-label=\"tipo-proyecto\">\n                            PI+D                        <\/td>\n                                            <td data-label=\"Director\/es\">\n                            Bugnone, Ana Liza                        <\/td>\n                                            <td data-label=\"Codirector\/es\">\n                            Capasso, Ver\u00f3nica Cecilia                        <\/td>\n                                            <td data-label=\"Vigente hasta\">\n                            <strong style=\"color:#49ab4c;\">31 de diciembre de 2028<\/strong>                        <\/td>\n                                    <\/tr>\n                            <tr>\n                                            <td data-label=\"T\u00edtulo\">\n                            <a href=\"http:\/\/www.memoria.fahce.unlp.edu.ar\/library?a=d&#038;c=proyecto&#038;d=Jpy1311\" target=\"_blank\" rel=\"noopener\">Archivos policiales e historia social. El archivo de la DIPPBA y sus usos para la investigaci\u00f3n de los mundos del trabajo y los procesos represivos (1957 - 1976)<\/a>                        <\/td>\n                                            <td data-label=\"tipo-proyecto\">\n                            PI+D                        <\/td>\n                                            <td data-label=\"Director\/es\">\n                            Ghigliani, Pablo Esteban                        <\/td>\n                                            <td data-label=\"Codirector\/es\">\n                            Stagnaro, Andr\u00e9s                        <\/td>\n                                            <td data-label=\"Vigente hasta\">\n                            <strong style=\"color:#49ab4c;\">31 de diciembre de 2028<\/strong>                        <\/td>\n                                    <\/tr>\n                            <tr>\n                                            <td data-label=\"T\u00edtulo\">\n                            <a href=\"http:\/\/www.memoria.fahce.unlp.edu.ar\/library?a=d&#038;c=proyecto&#038;d=Jpy1320\" target=\"_blank\" rel=\"noopener\">De lo recurrente a lo persistente: el neoliberalismo como proceso y devenir de la sociedad. De los estudios sociohist\u00f3ricos y etnogr\u00e1ficos a la construcci\u00f3n de un enfoque te\u00f3rico-anal\u00edtico<\/a>                        <\/td>\n                                            <td data-label=\"tipo-proyecto\">\n                            PI+D                        <\/td>\n                                            <td data-label=\"Director\/es\">\n                            Pinedo, Jer\u00f3nimo                        <\/td>\n                                            <td data-label=\"Codirector\/es\">\n                            D&#039;Amico, Victoria                        <\/td>\n                                            <td data-label=\"Vigente hasta\">\n                            <strong style=\"color:#49ab4c;\">31 de diciembre de 2028<\/strong>                        <\/td>\n                                    <\/tr>\n                            <tr>\n                                            <td data-label=\"T\u00edtulo\">\n                            <a href=\"http:\/\/www.memoria.fahce.unlp.edu.ar\/library?a=d&#038;c=proyecto&#038;d=Jpy1325\" target=\"_blank\" rel=\"noopener\">El gobierno de Javier Milei: demandas, movilizaciones y pol\u00edticas en el nuevo ciclo hist\u00f3rico<\/a>                        <\/td>\n                                            <td data-label=\"tipo-proyecto\">\n                            PI+D                        <\/td>\n                                            <td data-label=\"Director\/es\">\n                            Retamozo, Mart\u00edn                        <\/td>\n                                            <td data-label=\"Codirector\/es\">\n                            Morris, Mar\u00eda Bel\u00e9n                        <\/td>\n                                            <td data-label=\"Vigente hasta\">\n                            <strong style=\"color:#49ab4c;\">31 de diciembre de 2028<\/strong>                        <\/td>\n                                    <\/tr>\n                            <tr>\n                                            <td data-label=\"T\u00edtulo\">\n                            <a href=\"http:\/\/www.memoria.fahce.unlp.edu.ar\/library?a=d&#038;c=proyecto&#038;d=Jpy1214\" target=\"_blank\" rel=\"noopener\">Estudios sociohist\u00f3ricos sobre el compromiso militante: indagaciones sobre experiencias de activismo en el pasado reciente argentino<\/a>                        <\/td>\n                                            <td data-label=\"tipo-proyecto\">\n                            PI+D                        <\/td>\n                                            <td data-label=\"Director\/es\">\n                            Chama, Mauricio Sergio                        <\/td>\n                                            <td data-label=\"Codirector\/es\">\n                            Gonz\u00e1lez Canosa, Mora                        <\/td>\n                                            <td data-label=\"Vigente hasta\">\n                            <strong style=\"color:#49ab4c;\">31 de diciembre de 2027<\/strong>                        <\/td>\n                                    <\/tr>\n                            <tr>\n                                            <td data-label=\"T\u00edtulo\">\n                            <a href=\"http:\/\/www.memoria.fahce.unlp.edu.ar\/library?a=d&#038;c=proyecto&#038;d=Jpy1206\" target=\"_blank\" rel=\"noopener\">Izquierda, nueva izquierda y movimientos populares en Argentina durante la Guerra Fr\u00eda. Actores, experiencias y discursos desde mediados del siglo XX hasta la post dictadura<\/a>                        <\/td>\n                                            <td data-label=\"tipo-proyecto\">\n                            PI+D                        <\/td>\n                                            <td data-label=\"Director\/es\">\n                            Gonz\u00e1lez Canosa, Mora                        <\/td>\n                                            <td data-label=\"Codirector\/es\">\n                            Tortti, Mar\u00eda Cristina                        <\/td>\n                                            <td data-label=\"Vigente hasta\">\n                            <strong style=\"color:#49ab4c;\">31 de diciembre de 2027<\/strong>                        <\/td>\n                                    <\/tr>\n                            <tr>\n                                            <td data-label=\"T\u00edtulo\">\n                            <a href=\"http:\/\/www.memoria.fahce.unlp.edu.ar\/library?a=d&#038;c=proyecto&#038;d=Jpy1223\" target=\"_blank\" rel=\"noopener\">Artes, posmemorias y trauma en el Cono Sur de Am\u00e9rica Latina (2000-2023): miradas interdisciplinarias de la elaboraci\u00f3n del pasado reciente<\/a>                        <\/td>\n                                            <td data-label=\"tipo-proyecto\">\n                            PIP                        <\/td>\n                                            <td data-label=\"Director\/es\">\n                            Larralde Armas, Florencia                        <\/td>\n                                            <td data-label=\"Codirector\/es\">\n                            Verzero, Lorena                        <\/td>\n                                            <td data-label=\"Vigente hasta\">\n                            <strong style=\"color:#49ab4c;\">31 de octubre de 2027<\/strong>                        <\/td>\n                                    <\/tr>\n                            <tr>\n                                            <td data-label=\"T\u00edtulo\">\n                            <a href=\"http:\/\/www.memoria.fahce.unlp.edu.ar\/library?a=d&#038;c=proyecto&#038;d=Jpy1128\" target=\"_blank\" rel=\"noopener\">Indagaciones sobre los sentidos del pasado: construcciones nacionales, discursos contrahegem\u00f3nicos y teor\u00edas sociales<\/a>                        <\/td>\n                                            <td data-label=\"tipo-proyecto\">\n                            PI+D                        <\/td>\n                                            <td data-label=\"Director\/es\">\n                            Garguin, Enrique                        <\/td>\n                                            <td data-label=\"Codirector\/es\">\n                            Starcenbaum, Marcelo                        <\/td>\n                                            <td data-label=\"Vigente hasta\">\n                            <strong style=\"color:#49ab4c;\">31 de diciembre de 2026<\/strong>                        <\/td>\n                                    <\/tr>\n                            <tr>\n                                            <td data-label=\"T\u00edtulo\">\n                            <a href=\"http:\/\/www.memoria.fahce.unlp.edu.ar\/library?a=d&#038;c=proyecto&#038;d=Jpy1138\" target=\"_blank\" rel=\"noopener\">El mundo del trabajo en Argentina: cambios sociales, organizaciones sindicales y conflictos. Desde los a\u00f1os cincuenta a la actualidad<\/a>                        <\/td>\n                                            <td data-label=\"tipo-proyecto\">\n                            PI+D                        <\/td>\n                                            <td data-label=\"Director\/es\">\n                            Schneider, Alejandro Miguel                        <\/td>\n                                            <td data-label=\"Codirector\/es\">\n                            Massano, Juan Pedro                        <\/td>\n                                            <td data-label=\"Vigente hasta\">\n                            <strong style=\"color:#49ab4c;\">31 de diciembre de 2026<\/strong>                        <\/td>\n                                    <\/tr>\n                            <tr>\n                                            <td data-label=\"T\u00edtulo\">\n                            <a href=\"http:\/\/www.memoria.fahce.unlp.edu.ar\/library?a=d&#038;c=proyecto&#038;d=Jpy1149\" target=\"_blank\" rel=\"noopener\">Transici\u00f3n hist\u00f3rica-espacial del sistema mundial y Am\u00e9rica Latina. Crisis de hegemon\u00eda, din\u00e1mica multipolar y proyectos estrat\u00e9gicos en pugna desde una perspectiva multiescalar<\/a>                        <\/td>\n                                            <td data-label=\"tipo-proyecto\">\n                            PI+D                        <\/td>\n                                            <td data-label=\"Director\/es\">\n                            Merino, Gabriel                        <\/td>\n                                            <td data-label=\"Codirector\/es\">\n                            Margueliche, Juan Cruz                        <\/td>\n                                            <td data-label=\"Vigente hasta\">\n                            <strong style=\"color:#49ab4c;\">31 de diciembre de 2026<\/strong>                        <\/td>\n                                    <\/tr>\n                            <tr>\n                                            <td data-label=\"T\u00edtulo\">\n                            <a href=\"http:\/\/www.memoria.fahce.unlp.edu.ar\/library?a=d&#038;c=proyecto&#038;d=Jpy1178\" target=\"_blank\" rel=\"noopener\">Tiempos y formas de la pol\u00edtica en la Argentina, desde los a\u00f1os felices hasta la posdictadura: trayectorias, experiencias, tramas represivas y reconfiguraciones en las d\u00e9cadas de 1960 y 1980<\/a>                        <\/td>\n                                            <td data-label=\"tipo-proyecto\">\n                            PI+D                        <\/td>\n                                            <td data-label=\"Director\/es\">\n                            Lenci, Mar\u00eda Laura                        <\/td>\n                                            <td data-label=\"Codirector\/es\">\n                            Tocho, Fernanda                        <\/td>\n                                            <td data-label=\"Vigente hasta\">\n                            <strong style=\"color:#49ab4c;\">31 de diciembre de 2026<\/strong>                        <\/td>\n                                    <\/tr>\n                            <tr>\n                                            <td data-label=\"T\u00edtulo\">\n                            <a href=\"http:\/\/www.memoria.fahce.unlp.edu.ar\/library?a=d&#038;c=proyecto&#038;d=Jpy1180\" target=\"_blank\" rel=\"noopener\">Delitos, violencias y pol\u00edticas p\u00fablicas en la provincia de Buenos Aires (2009-2024)<\/a>                        <\/td>\n                                            <td data-label=\"tipo-proyecto\">\n                            PI+D                        <\/td>\n                                            <td data-label=\"Director\/es\">\n                            Oyhandy, Angela                        <\/td>\n                                            <td data-label=\"Codirector\/es\">\n                            \u2014                        <\/td>\n                                            <td data-label=\"Vigente hasta\">\n                            <strong style=\"color:#49ab4c;\">31 de diciembre de 2026<\/strong>                        <\/td>\n                                    <\/tr>\n                            <tr>\n                                            <td data-label=\"T\u00edtulo\">\n                            <a href=\"http:\/\/www.memoria.fahce.unlp.edu.ar\/library?a=d&#038;c=proyecto&#038;d=Jpy1233\" target=\"_blank\" rel=\"noopener\">Ense\u00f1ar y aprender Historia de la Educaci\u00f3n General en la universidad a futuros egresados de la carrera de Educaci\u00f3n F\u00edsica. Problem\u00e1ticas, desaf\u00edos y apuestas para la inclusi\u00f3n educativa<\/a>                        <\/td>\n                                            <td data-label=\"tipo-proyecto\">\n                            PPID                        <\/td>\n                                            <td data-label=\"Director\/es\">\n                            Meschiany, Talia Noemi                        <\/td>\n                                            <td data-label=\"Codirector\/es\">\n                            \u2014                        <\/td>\n                                            <td data-label=\"Vigente hasta\">\n                            <strong style=\"color:#49ab4c;\">31 de diciembre de 2026<\/strong>                        <\/td>\n                                    <\/tr>\n                            <tr>\n                                            <td data-label=\"T\u00edtulo\">\n                            <a href=\"http:\/\/www.memoria.fahce.unlp.edu.ar\/library?a=d&#038;c=proyecto&#038;d=Jpy1257\" target=\"_blank\" rel=\"noopener\">El problema de lo nacional en la encrucijada historiogr\u00e1fica. Debates te\u00f3ricos y estudios de casos en Am\u00e9rica Latina, entre la cr\u00edtica al &quot;nacionalismo metodol\u00f3gico&quot; y la historia global<\/a>                        <\/td>\n                                            <td data-label=\"tipo-proyecto\">\n                            PI+D                        <\/td>\n                                            <td data-label=\"Director\/es\">\n                            Sessa, Leandro                        <\/td>\n                                            <td data-label=\"Codirector\/es\">\n                            Lafit, Facundo Carlos Esteban                        <\/td>\n                                            <td data-label=\"Vigente hasta\">\n                            <strong style=\"color:#49ab4c;\">31 de diciembre de 2026<\/strong>                        <\/td>\n                                    <\/tr>\n                            <tr>\n                                            <td data-label=\"T\u00edtulo\">\n                            <a href=\"http:\/\/www.memoria.fahce.unlp.edu.ar\/library?a=d&#038;c=proyecto&#038;d=Jpy1258\" target=\"_blank\" rel=\"noopener\">Movimientos socioespaciales y socioterritoriales urbanos en Argentina (MSUA). Relevamiento y an\u00e1lisis de acciones colectivas<\/a>                        <\/td>\n                                            <td data-label=\"tipo-proyecto\">\n                            PI+D                        <\/td>\n                                            <td data-label=\"Director\/es\">\n                            Torres, Fernanda Valeria                        <\/td>\n                                            <td data-label=\"Codirector\/es\">\n                            \u2014                        <\/td>\n                                            <td data-label=\"Vigente hasta\">\n                            <strong style=\"color:#49ab4c;\">31 de diciembre de 2026<\/strong>                        <\/td>\n                                    <\/tr>\n                    <\/tbody>\n    <\/table>\n\n    \n","protected":false},"excerpt":{"rendered":"","protected":false},"author":2,"featured_media":185,"parent":0,"menu_order":0,"comment_status":"closed","ping_status":"closed","template":"page-ui.php","meta":{"_themeisle_gutenberg_block_has_review":false,"footnotes":""},"class_list":["post-195","page","type-page","status-publish","has-post-thumbnail","hentry"],"acf":[],"rttpg_featured_image_url":{"full":["https:\/\/idihcs.fahce.unlp.edu.ar\/cish\/wp-content\/uploads\/sites\/14\/2018\/06\/banner-cish.jpg",696,81,false],"landscape":["https:\/\/idihcs.fahce.unlp.edu.ar\/cish\/wp-content\/uploads\/sites\/14\/2018\/06\/banner-cish.jpg",696,81,false],"portraits":["https:\/\/idihcs.fahce.unlp.edu.ar\/cish\/wp-content\/uploads\/sites\/14\/2018\/06\/banner-cish.jpg",696,81,false],"thumbnail":["https:\/\/idihcs.fahce.unlp.edu.ar\/cish\/wp-content\/uploads\/sites\/14\/2018\/06\/banner-cish-150x81.jpg",150,81,true],"medium":["https:\/\/idihcs.fahce.unlp.edu.ar\/cish\/wp-content\/uploads\/sites\/14\/2018\/06\/banner-cish-300x35.jpg",300,35,true],"large":["https:\/\/idihcs.fahce.unlp.edu.ar\/cish\/wp-content\/uploads\/sites\/14\/2018\/06\/banner-cish.jpg",696,81,false],"1536x1536":["https:\/\/idihcs.fahce.unlp.edu.ar\/cish\/wp-content\/uploads\/sites\/14\/2018\/06\/banner-cish.jpg",696,81,false],"2048x2048":["https:\/\/idihcs.fahce.unlp.edu.ar\/cish\/wp-content\/uploads\/sites\/14\/2018\/06\/banner-cish.jpg",696,81,false],"td_80x60":["https:\/\/idihcs.fahce.unlp.edu.ar\/cish\/wp-content\/uploads\/sites\/14\/2018\/06\/banner-cish-80x60.jpg",80,60,true],"td_100x70":["https:\/\/idihcs.fahce.unlp.edu.ar\/cish\/wp-content\/uploads\/sites\/14\/2018\/06\/banner-cish-100x70.jpg",100,70,true],"td_218x150":["https:\/\/idihcs.fahce.unlp.edu.ar\/cish\/wp-content\/uploads\/sites\/14\/2018\/06\/banner-cish-218x81.jpg",218,81,true],"td_265x198":["https:\/\/idihcs.fahce.unlp.edu.ar\/cish\/wp-content\/uploads\/sites\/14\/2018\/06\/banner-cish-265x81.jpg",265,81,true],"td_324x160":["https:\/\/idihcs.fahce.unlp.edu.ar\/cish\/wp-content\/uploads\/sites\/14\/2018\/06\/banner-cish-324x81.jpg",324,81,true],"td_324x235":["https:\/\/idihcs.fahce.unlp.edu.ar\/cish\/wp-content\/uploads\/sites\/14\/2018\/06\/banner-cish-324x81.jpg",324,81,true],"td_324x400":["https:\/\/idihcs.fahce.unlp.edu.ar\/cish\/wp-content\/uploads\/sites\/14\/2018\/06\/banner-cish-324x81.jpg",324,81,true],"td_356x220":["https:\/\/idihcs.fahce.unlp.edu.ar\/cish\/wp-content\/uploads\/sites\/14\/2018\/06\/banner-cish-356x81.jpg",356,81,true],"td_356x364":["https:\/\/idihcs.fahce.unlp.edu.ar\/cish\/wp-content\/uploads\/sites\/14\/2018\/06\/banner-cish-356x81.jpg",356,81,true],"td_485x360":["https:\/\/idihcs.fahce.unlp.edu.ar\/cish\/wp-content\/uploads\/sites\/14\/2018\/06\/banner-cish-485x81.jpg",485,81,true],"td_533x261":["https:\/\/idihcs.fahce.unlp.edu.ar\/cish\/wp-content\/uploads\/sites\/14\/2018\/06\/banner-cish-533x81.jpg",533,81,true],"td_534x462":["https:\/\/idihcs.fahce.unlp.edu.ar\/cish\/wp-content\/uploads\/sites\/14\/2018\/06\/banner-cish-534x81.jpg",534,81,true],"td_696x0":["https:\/\/idihcs.fahce.unlp.edu.ar\/cish\/wp-content\/uploads\/sites\/14\/2018\/06\/banner-cish-696x81.jpg",696,81,true],"td_696x385":["https:\/\/idihcs.fahce.unlp.edu.ar\/cish\/wp-content\/uploads\/sites\/14\/2018\/06\/banner-cish-696x81.jpg",696,81,true],"td_741x486":["https:\/\/idihcs.fahce.unlp.edu.ar\/cish\/wp-content\/uploads\/sites\/14\/2018\/06\/banner-cish.jpg",696,81,false],"td_1068x580":["https:\/\/idihcs.fahce.unlp.edu.ar\/cish\/wp-content\/uploads\/sites\/14\/2018\/06\/banner-cish.jpg",696,81,false],"td_1068x0":["https:\/\/idihcs.fahce.unlp.edu.ar\/cish\/wp-content\/uploads\/sites\/14\/2018\/06\/banner-cish.jpg",696,81,false],"td_0x420":["https:\/\/idihcs.fahce.unlp.edu.ar\/cish\/wp-content\/uploads\/sites\/14\/2018\/06\/banner-cish.jpg",696,81,false],"td_1920x0":["https:\/\/idihcs.fahce.unlp.edu.ar\/cish\/wp-content\/uploads\/sites\/14\/2018\/06\/banner-cish.jpg",696,81,false],"rt_custom":["https:\/\/idihcs.fahce.unlp.edu.ar\/cish\/wp-content\/uploads\/sites\/14\/2018\/06\/banner-cish.jpg",696,81,false]},"rttpg_author":{"display_name":"ggchicote","author_link":"https:\/\/idihcs.fahce.unlp.edu.ar\/cish\/author\/ggchicote\/"},"rttpg_comment":0,"rttpg_category":null,"rttpg_excerpt":null,"_links":{"self":[{"href":"https:\/\/idihcs.fahce.unlp.edu.ar\/cish\/wp-json\/wp\/v2\/pages\/195","targetHints":{"allow":["GET"]}}],"collection":[{"href":"https:\/\/idihcs.fahce.unlp.edu.ar\/cish\/wp-json\/wp\/v2\/pages"}],"about":[{"href":"https:\/\/idihcs.fahce.unlp.edu.ar\/cish\/wp-json\/wp\/v2\/types\/page"}],"author":[{"embeddable":true,"href":"https:\/\/idihcs.fahce.unlp.edu.ar\/cish\/wp-json\/wp\/v2\/users\/2"}],"replies":[{"embeddable":true,"href":"https:\/\/idihcs.fahce.unlp.edu.ar\/cish\/wp-json\/wp\/v2\/comments?post=195"}],"version-history":[{"count":6,"href":"https:\/\/idihcs.fahce.unlp.edu.ar\/cish\/wp-json\/wp\/v2\/pages\/195\/revisions"}],"predecessor-version":[{"id":748,"href":"https:\/\/idihcs.fahce.unlp.edu.ar\/cish\/wp-json\/wp\/v2\/pages\/195\/revisions\/748"}],"wp:featuredmedia":[{"embeddable":true,"href":"https:\/\/idihcs.fahce.unlp.edu.ar\/cish\/wp-json\/wp\/v2\/media\/185"}],"wp:attachment":[{"href":"https:\/\/idihcs.fahce.unlp.edu.ar\/cish\/wp-json\/wp\/v2\/media?parent=195"}],"curies":[{"name":"wp","href":"https:\/\/api.w.org\/{rel}","templated":true}]}}