{"id":154,"date":"2018-06-21T16:30:27","date_gmt":"2018-06-21T19:30:27","guid":{"rendered":"http:\/\/163.10.30.48\/~posgrado6\/wordpress\/cish\/?page_id=154"},"modified":"2018-08-26T18:40:11","modified_gmt":"2018-08-26T21:40:11","slug":"reglamento-interno","status":"publish","type":"page","link":"https:\/\/idihcs.fahce.unlp.edu.ar\/cish\/reglamento-interno\/","title":{"rendered":"CISH &#8211; Reglamento interno"},"content":{"rendered":"<p><b>Art\u00edculo 1\u00ba<\/b><br \/>\nEl\u00a0<i>Centro de Investigaciones Sociohist\u00f3ricas<\/i>\u00a0(en adelante CISH) tiene por objetivos promover, realizar y difundir investigaciones b\u00e1sicas y aplicadas, con criterio interdisciplinario y desde una perspectiva cr\u00edtica, en el campo de la historia y otras ciencias sociales.<br \/>\nEl campo de estudios que distingue a este Centro, si bien se orienta especialmente a estudios de historia contempor\u00e1nea con \u00e9nfasis en procesos latinoamericanos y argentinos, no se define por coordenadas espaciales o temporales espec\u00edficas sino por el enfoque integrador y la perspectiva cr\u00edtica que se propone dar a sus investigaciones. En este sentido, las l\u00edneas de trabajo que integran el CISH convergen en torno a interrogantes que directa o indirectamente apuntan a explorar los diversos mecanismos de reproducci\u00f3n del orden social as\u00ed como las alternativas de resistencia y transformaci\u00f3n que se generan respecto a \u00e9l.<br \/>\nEl enfoque integrador retoma la tradici\u00f3n inaugurada con la historia social, profundizada a partir de la confluencia de la historia con otras disciplinas sociales, para enfocar los procesos hist\u00f3ricos \u2013pasados o recientes- con una lente que procura dar cuenta del complejo entramado entre las dimensiones econ\u00f3mico-sociales, pol\u00edticas y culturales que los explican. La perspectiva cr\u00edtica supone, como\u00a0<i>horizonte<\/i>\u00a0de las investigaciones nucleadas en el Centro, la intenci\u00f3n de contribuir a develar y analizar las relaciones de poder y dominaci\u00f3n que en la confluencia entre esas diversas dimensiones atraviesan a nuestras sociedades as\u00ed como las estructuras de desigualdad y subordinaci\u00f3n que las mismas implican; al mismo tiempo, dicho horizonte de reflexi\u00f3n implica incluir entre sus objetivos la indagaci\u00f3n de las expresiones de resistencia, los proyectos transformadores y las tradiciones intelectuales cr\u00edticas que con diversos alcances y perspectivas constituyen o han constituido un desaf\u00edo para el orden establecido aunque no dejen de estar atravesados por los intrincados mecanismos de consenso y reproducci\u00f3n que sustentan dicho orden.<\/p>\n<p><b>Art\u00edculo 2\u00ba<\/b><br \/>\nSon sus funciones:<br \/>\n\u00b7\u00a0\u00a0\u00a0\u00a0\u00a0\u00a0\u00a0\u00a0 Elaborar y ejecutar proyectos y programas de investigaci\u00f3n que converjan en torno a los objetivos planteados en el art\u00edculo precedente.<br \/>\n\u00b7\u00a0\u00a0\u00a0\u00a0\u00a0\u00a0\u00a0\u00a0 Contribuir a la formaci\u00f3n de investigadores mediante la radicaci\u00f3n y direcci\u00f3n de becarios, tesistas e investigadores noveles.<br \/>\n\u00b7\u00a0\u00a0\u00a0\u00a0\u00a0\u00a0\u00a0\u00a0 Contribuir a la formaci\u00f3n de grado.<br \/>\n\u00b7\u00a0\u00a0\u00a0\u00a0\u00a0\u00a0\u00a0\u00a0 Realizar o participar en cursos y otras actividades de postgrado, previa aprobaci\u00f3n de las instancias que correspondan.<br \/>\n\u00b7\u00a0\u00a0\u00a0\u00a0\u00a0\u00a0\u00a0\u00a0 Prestar asesoramiento a las instituciones que lo requieran.<br \/>\n\u00b7\u00a0\u00a0\u00a0\u00a0\u00a0\u00a0\u00a0\u00a0 Organizar y participar en reuniones cient\u00edficas, ciclos de conferencias, paneles de discusi\u00f3n y otros eventos que contribuyan al intercambio y debate entre investigadores de diversos \u00e1mbitos relacionados con las tem\u00e1ticas que se desarrollen en el Centro.<br \/>\n\u00b7\u00a0\u00a0\u00a0\u00a0\u00a0\u00a0\u00a0\u00a0 Difundir los temas de sus especialidades.<br \/>\n\u00b7\u00a0\u00a0\u00a0\u00a0\u00a0\u00a0\u00a0\u00a0 Establecer relaciones institucionales con todo tipo de organismos del pa\u00eds o del extranjero, a fin de dar cumplimiento a sus fines.<br \/>\n\u00b7\u00a0\u00a0\u00a0\u00a0\u00a0\u00a0\u00a0\u00a0 Gestionar recursos econ\u00f3micos y materiales, y administrar sus fondos de acuerdo a las normas que fije la Universidad.<br \/>\n\u00b7\u00a0\u00a0\u00a0\u00a0\u00a0\u00a0\u00a0\u00a0 Toda otra funci\u00f3n que contribuya al cumplimiento de sus fines.<\/p>\n<p><b>Art\u00edculo 3\u00ba<\/b><br \/>\nEl gobierno del CISH ser\u00e1 ejercido por un Director, un Sub-Director y un Consejo Directivo, designados con los requisitos y en los t\u00e9rminos fijados por la Ordenanza CS 265\/03.<\/p>\n<p><b>Art\u00edculo 4\u00ba<\/b><br \/>\nEl Director deber\u00e1 ser un Docente-Investigador categorizado A\/I o II en el programa del Docente-Investigador de la UNLP. El Director deber\u00e1 estar en actividad en alguna de las disciplinas que desarrolle el Centro y desempe\u00f1arse con dedicaci\u00f3n exclusiva en la UNLP con lugar de trabajo de investigaci\u00f3n asignado en el mismo. Ser\u00e1 designado por concurso, durante 5 (cinco) a\u00f1os en sus funciones, pudiendo ser prorrogado por un per\u00edodo de 2 (dos) a\u00f1os, con acuerdo del Consejo Acad\u00e9mico de la Fahce.<br \/>\nSer\u00e1n funciones del Director la conducci\u00f3n acad\u00e9mica, cient\u00edfica y administrativa del Centro.<\/p>\n<p><b>Articulo 5\u00ba<\/b><br \/>\nEl Sub-Director deber\u00e1 ser un miembro del Consejo Directivo de categor\u00eda A\/I o II, propuesto por el Consejo Directivo del\u00a0 Centro y designado por el Consejo Acad\u00e9mico de la Fahce.<br \/>\nSer\u00e1n funciones del Sub-Director reemplazar al Director cuando \u00e9ste no pudiere por cualquier causa ejercer sus funciones como tal.<\/p>\n<p><b>Art\u00edculo 6\u00ba<\/b><br \/>\nEl Consejo Directivo estar\u00e1 integrado por ocho miembros, adem\u00e1s del Director quien presidir\u00e1 el cuerpo. Seis de los miembros deber\u00e1n estar categorizados A\/I, II o III. Todos los miembros del Consejo Directivo ser\u00e1n elegidos por sus correspondientes pares del Centro mediante votaci\u00f3n por per\u00edodos de 2 (dos) a\u00f1os.<br \/>\nSer\u00e1n funciones del Consejo Directivo la fijaci\u00f3n de las pol\u00edticas de orden administrativo y de investigaci\u00f3n cient\u00edfica del Centro, as\u00ed como elaborar y\/o modificar el reglamento interno. Se reunir\u00e1 en forma ordinaria al menos 6 (seis) veces al a\u00f1o, presidido por el Director. Las decisiones se tomar\u00e1n por votaci\u00f3n de sus miembros, votando el Director en caso de empate.<\/p>\n<p><b>Art\u00edculo 7\u00ba<\/b><br \/>\nPodr\u00e1n tener lugar de trabajo en el CISH y utilizar sus instalaciones para el desarrollo de tareas de investigaci\u00f3n:<br \/>\na)\u00a0\u00a0\u00a0\u00a0\u00a0 Los Proyectos de Investigaci\u00f3n acreditados o en proceso de acreditaci\u00f3n ante la UNLP o la FAHCE que desarrollen tem\u00e1ticas convergentes con los fines del Centro y soliciten su radicaci\u00f3n en el mismo.<br \/>\nb)\u00a0\u00a0\u00a0\u00a0\u00a0 Los investigadores del CONICET, CIC u otras agencias cient\u00edficas que sean docentes de la Fahce, trabajen sobre temas convergentes con los fines del Centro y soliciten tener lugar de trabajo en el mismo.<br \/>\nc)\u00a0\u00a0\u00a0\u00a0\u00a0 Los Becarios dirigidos o codirigidos por un docente-investigador de la FAHCE que trabajen sobre temas convergentes con los fines del Centro y soliciten tener lugar de trabajo en el mismo.<br \/>\nd)\u00a0\u00a0\u00a0\u00a0\u00a0 Otros investigadores o tesistas que lo soliciten y que a criterio del Consejo Directivo puedan contribuir al desarrollo de los objetivos del Centro.<\/p>\n<p><b>Art\u00edculo 8\u00ba<\/b><br \/>\nPodr\u00e1n ser miembros plenos del CISH:<br \/>\na)\u00a0\u00a0\u00a0\u00a0\u00a0 Los integrantes de los Proyectos radicados en el centro que sean docentes de la Facultad de Humanidades y Ciencias de la Educaci\u00f3n\u00a0 y soliciten ser miembros plenos del mismo.<br \/>\nb)\u00a0\u00a0\u00a0\u00a0\u00a0 Los becarios e investigadores con lugar de trabajo en el Centro que sean docentes de la Facultad de Humanidades y Ciencias de la Educaci\u00f3n\u00a0 y soliciten ser miembros plenos del mismo.<br \/>\nc)\u00a0\u00a0\u00a0\u00a0\u00a0 Otros investigadores, becarios o tesistas que lo soliciten y que a criterio del Consejo Directivo puedan contribuir al desarrollo de los fines del Centro.<\/p>\n<p><b>Art\u00edculo 9\u00ba<\/b><br \/>\nSer\u00e1n obligaciones de los miembros plenos del CISH:<br \/>\n\u00b7\u00a0\u00a0\u00a0\u00a0\u00a0\u00a0\u00a0\u00a0 colaborar, en la medida de sus posibilidades, en las actividades organizadas por el CISH.<br \/>\n\u00b7\u00a0\u00a0\u00a0\u00a0\u00a0\u00a0\u00a0\u00a0 mencionar su pertenencia al CISH en todas sus publicaciones y\/o intervenciones acad\u00e9micas.<br \/>\n\u00b7\u00a0\u00a0\u00a0\u00a0\u00a0\u00a0\u00a0\u00a0 brindar a las autoridades del CISH informaci\u00f3n actualizada sobre sus investigaciones, publicaciones, cursos dictados, participaciones en eventos cient\u00edficos, y todo otro dato que resulte relevante a efectos de permitir una fluida difusi\u00f3n de las actividades y de la producci\u00f3n cient\u00edfica del Centro.<br \/>\n\u00b7\u00a0\u00a0\u00a0\u00a0\u00a0\u00a0\u00a0\u00a0 los Proyectos de Investigaci\u00f3n colectivos deber\u00e1n aportar al CISH una parte de los subsidios recibidos que no podr\u00e1 ser inferior a un 10%.<br \/>\n\u00b7\u00a0\u00a0\u00a0\u00a0\u00a0\u00a0\u00a0\u00a0 otorgar prioridad al CISH al decidir la incorporaci\u00f3n institucional de los bienes inventariables adquiridos mediante subsidios obtenidos individual o colectivamente.<br \/>\n\u00b7\u00a0\u00a0\u00a0\u00a0\u00a0\u00a0\u00a0\u00a0 velar por el patrimonio del CISH en la medida en que se utilicen sus instalaciones, infraestructura y\/o bienes radicados en el mismo.<\/p>\n<p><b>Art\u00edculo 10\u00ba<\/b><br \/>\nSer\u00e1n derechos de los miembros plenos del CISH:<br \/>\n\u00b7\u00a0\u00a0\u00a0\u00a0\u00a0\u00a0\u00a0\u00a0 utilizar las instalaciones, infraestructura y bienes del Centro para el desarrollo de tareas de investigaci\u00f3n.<br \/>\n\u00b7\u00a0\u00a0\u00a0\u00a0\u00a0\u00a0\u00a0\u00a0 organizar y realizar reuniones en el \u00e1mbito del Centro en los t\u00e9rminos establecidos en los art\u00edculos 13\u00ba y 14\u00ba del presente reglamento.<br \/>\n\u00b7\u00a0\u00a0\u00a0\u00a0\u00a0\u00a0\u00a0\u00a0 retirar en pr\u00e9stamo material bibliogr\u00e1fico radicado en el CISH, a trav\u00e9s de los mecanismos y en las condiciones que se establezcan a tal efecto.<br \/>\n\u00b7\u00a0\u00a0\u00a0\u00a0\u00a0\u00a0\u00a0\u00a0 elegir y ser elegidos para integrar el Consejo Directivo del Centro, u otras instancias de participaci\u00f3n que se establezcan para actividades especificas.<\/p>\n<p><b>Art\u00edculo 11\u00ba<\/b><br \/>\nPodr\u00e1n integrar el CISH en car\u00e1cter de miembros adscriptos, con obligaciones y derechos a establecer en cada caso en acuerdo con el Consejo Directivo, aquellos investigadores que sean miembros plenos de otro Centro de la Fahce, seg\u00fan las pautas que establezca la Facultad respecto a la pertenencia a m\u00e1s de un Centro de Investigaci\u00f3n.<\/p>\n<p><b>Art\u00edculo 12\u00ba<\/b><br \/>\nEl CISH se someter\u00e1 anualmente y cada cinco a\u00f1os a las evaluaciones previstas por la ordenanza 265 de la UNLP.<\/p>\n<p><b>Art\u00edculo 13\u00ba<\/b><br \/>\nLos integrantes del CISH podr\u00e1n organizar en el \u00e1mbito del mismo reuniones de trabajo vinculadas a sus tareas de investigaci\u00f3n, a las que podr\u00e1n concurrir los integrantes del Centro u otros investigadores invitados. A tal efecto s\u00f3lo deber\u00e1n comunicar a la Secretar\u00eda del Centro las fechas y horarios de las reuniones previstas, a efectos de coordinar la utilizaci\u00f3n de las instalaciones y evitar eventuales superposiciones de actividades.<\/p>\n<p><b>Art\u00edculo 14\u00ba<\/b><br \/>\nNo se podr\u00e1n utilizar las instalaciones del CISH para reuniones de c\u00e1tedra (salvo que las mismas estuvieran especialmente relacionadas con los proyectos de investigaci\u00f3n o extensi\u00f3n radicados en el mismo) ni para horarios de consulta.<\/p>\n","protected":false},"excerpt":{"rendered":"<p>Art\u00edculo 1\u00ba El\u00a0Centro de Investigaciones Sociohist\u00f3ricas\u00a0(en adelante CISH) tiene por objetivos promover, realizar y difundir investigaciones b\u00e1sicas y aplicadas, con criterio interdisciplinario y desde una perspectiva cr\u00edtica, en el campo de la historia y otras ciencias sociales. El campo de estudios que distingue a este Centro, si bien se orienta especialmente a estudios de historia [&hellip;]<\/p>\n","protected":false},"author":3,"featured_media":185,"parent":0,"menu_order":0,"comment_status":"closed","ping_status":"closed","template":"page-ui.php","meta":{"_themeisle_gutenberg_block_has_review":false,"footnotes":""},"class_list":["post-154","page","type-page","status-publish","has-post-thumbnail","hentry"],"acf":[],"rttpg_featured_image_url":{"full":["https:\/\/idihcs.fahce.unlp.edu.ar\/cish\/wp-content\/uploads\/sites\/14\/2018\/06\/banner-cish.jpg",696,81,false],"landscape":["https:\/\/idihcs.fahce.unlp.edu.ar\/cish\/wp-content\/uploads\/sites\/14\/2018\/06\/banner-cish.jpg",696,81,false],"portraits":["https:\/\/idihcs.fahce.unlp.edu.ar\/cish\/wp-content\/uploads\/sites\/14\/2018\/06\/banner-cish.jpg",696,81,false],"thumbnail":["https:\/\/idihcs.fahce.unlp.edu.ar\/cish\/wp-content\/uploads\/sites\/14\/2018\/06\/banner-cish-150x81.jpg",150,81,true],"medium":["https:\/\/idihcs.fahce.unlp.edu.ar\/cish\/wp-content\/uploads\/sites\/14\/2018\/06\/banner-cish-300x35.jpg",300,35,true],"large":["https:\/\/idihcs.fahce.unlp.edu.ar\/cish\/wp-content\/uploads\/sites\/14\/2018\/06\/banner-cish.jpg",696,81,false],"1536x1536":["https:\/\/idihcs.fahce.unlp.edu.ar\/cish\/wp-content\/uploads\/sites\/14\/2018\/06\/banner-cish.jpg",696,81,false],"2048x2048":["https:\/\/idihcs.fahce.unlp.edu.ar\/cish\/wp-content\/uploads\/sites\/14\/2018\/06\/banner-cish.jpg",696,81,false],"td_80x60":["https:\/\/idihcs.fahce.unlp.edu.ar\/cish\/wp-content\/uploads\/sites\/14\/2018\/06\/banner-cish-80x60.jpg",80,60,true],"td_100x70":["https:\/\/idihcs.fahce.unlp.edu.ar\/cish\/wp-content\/uploads\/sites\/14\/2018\/06\/banner-cish-100x70.jpg",100,70,true],"td_218x150":["https:\/\/idihcs.fahce.unlp.edu.ar\/cish\/wp-content\/uploads\/sites\/14\/2018\/06\/banner-cish-218x81.jpg",218,81,true],"td_265x198":["https:\/\/idihcs.fahce.unlp.edu.ar\/cish\/wp-content\/uploads\/sites\/14\/2018\/06\/banner-cish-265x81.jpg",265,81,true],"td_324x160":["https:\/\/idihcs.fahce.unlp.edu.ar\/cish\/wp-content\/uploads\/sites\/14\/2018\/06\/banner-cish-324x81.jpg",324,81,true],"td_324x235":["https:\/\/idihcs.fahce.unlp.edu.ar\/cish\/wp-content\/uploads\/sites\/14\/2018\/06\/banner-cish-324x81.jpg",324,81,true],"td_324x400":["https:\/\/idihcs.fahce.unlp.edu.ar\/cish\/wp-content\/uploads\/sites\/14\/2018\/06\/banner-cish-324x81.jpg",324,81,true],"td_356x220":["https:\/\/idihcs.fahce.unlp.edu.ar\/cish\/wp-content\/uploads\/sites\/14\/2018\/06\/banner-cish-356x81.jpg",356,81,true],"td_356x364":["https:\/\/idihcs.fahce.unlp.edu.ar\/cish\/wp-content\/uploads\/sites\/14\/2018\/06\/banner-cish-356x81.jpg",356,81,true],"td_485x360":["https:\/\/idihcs.fahce.unlp.edu.ar\/cish\/wp-content\/uploads\/sites\/14\/2018\/06\/banner-cish-485x81.jpg",485,81,true],"td_533x261":["https:\/\/idihcs.fahce.unlp.edu.ar\/cish\/wp-content\/uploads\/sites\/14\/2018\/06\/banner-cish-533x81.jpg",533,81,true],"td_534x462":["https:\/\/idihcs.fahce.unlp.edu.ar\/cish\/wp-content\/uploads\/sites\/14\/2018\/06\/banner-cish-534x81.jpg",534,81,true],"td_696x0":["https:\/\/idihcs.fahce.unlp.edu.ar\/cish\/wp-content\/uploads\/sites\/14\/2018\/06\/banner-cish-696x81.jpg",696,81,true],"td_696x385":["https:\/\/idihcs.fahce.unlp.edu.ar\/cish\/wp-content\/uploads\/sites\/14\/2018\/06\/banner-cish-696x81.jpg",696,81,true],"td_741x486":["https:\/\/idihcs.fahce.unlp.edu.ar\/cish\/wp-content\/uploads\/sites\/14\/2018\/06\/banner-cish.jpg",696,81,false],"td_1068x580":["https:\/\/idihcs.fahce.unlp.edu.ar\/cish\/wp-content\/uploads\/sites\/14\/2018\/06\/banner-cish.jpg",696,81,false],"td_1068x0":["https:\/\/idihcs.fahce.unlp.edu.ar\/cish\/wp-content\/uploads\/sites\/14\/2018\/06\/banner-cish.jpg",696,81,false],"td_0x420":["https:\/\/idihcs.fahce.unlp.edu.ar\/cish\/wp-content\/uploads\/sites\/14\/2018\/06\/banner-cish.jpg",696,81,false],"td_1920x0":["https:\/\/idihcs.fahce.unlp.edu.ar\/cish\/wp-content\/uploads\/sites\/14\/2018\/06\/banner-cish.jpg",696,81,false],"rt_custom":["https:\/\/idihcs.fahce.unlp.edu.ar\/cish\/wp-content\/uploads\/sites\/14\/2018\/06\/banner-cish.jpg",696,81,false]},"rttpg_author":{"display_name":"cbarletta","author_link":"https:\/\/idihcs.fahce.unlp.edu.ar\/cish\/author\/cbarletta\/"},"rttpg_comment":0,"rttpg_category":null,"rttpg_excerpt":"Art\u00edculo 1\u00ba El\u00a0Centro de Investigaciones Sociohist\u00f3ricas\u00a0(en adelante CISH) tiene por objetivos promover, realizar y difundir investigaciones b\u00e1sicas y aplicadas, con criterio interdisciplinario y desde una perspectiva cr\u00edtica, en el campo de la historia y otras ciencias sociales. El campo de estudios que distingue a este Centro, si bien se orienta especialmente a estudios de historia&hellip;","_links":{"self":[{"href":"https:\/\/idihcs.fahce.unlp.edu.ar\/cish\/wp-json\/wp\/v2\/pages\/154","targetHints":{"allow":["GET"]}}],"collection":[{"href":"https:\/\/idihcs.fahce.unlp.edu.ar\/cish\/wp-json\/wp\/v2\/pages"}],"about":[{"href":"https:\/\/idihcs.fahce.unlp.edu.ar\/cish\/wp-json\/wp\/v2\/types\/page"}],"author":[{"embeddable":true,"href":"https:\/\/idihcs.fahce.unlp.edu.ar\/cish\/wp-json\/wp\/v2\/users\/3"}],"replies":[{"embeddable":true,"href":"https:\/\/idihcs.fahce.unlp.edu.ar\/cish\/wp-json\/wp\/v2\/comments?post=154"}],"version-history":[{"count":1,"href":"https:\/\/idihcs.fahce.unlp.edu.ar\/cish\/wp-json\/wp\/v2\/pages\/154\/revisions"}],"predecessor-version":[{"id":155,"href":"https:\/\/idihcs.fahce.unlp.edu.ar\/cish\/wp-json\/wp\/v2\/pages\/154\/revisions\/155"}],"wp:featuredmedia":[{"embeddable":true,"href":"https:\/\/idihcs.fahce.unlp.edu.ar\/cish\/wp-json\/wp\/v2\/media\/185"}],"wp:attachment":[{"href":"https:\/\/idihcs.fahce.unlp.edu.ar\/cish\/wp-json\/wp\/v2\/media?parent=154"}],"curies":[{"name":"wp","href":"https:\/\/api.w.org\/{rel}","templated":true}]}}