{"id":151,"date":"2018-06-21T16:29:23","date_gmt":"2018-06-21T19:29:23","guid":{"rendered":"http:\/\/163.10.30.48\/~posgrado6\/wordpress\/cish\/?page_id=151"},"modified":"2018-08-26T18:40:00","modified_gmt":"2018-08-26T21:40:00","slug":"objetivos","status":"publish","type":"page","link":"https:\/\/idihcs.fahce.unlp.edu.ar\/cish\/objetivos\/","title":{"rendered":"CISH &#8211; Objetivos"},"content":{"rendered":"<p>El\u00a0<i>Centro de Investigaciones Socio-hist\u00f3ricas<\/i>\u00a0 tiene por objetivos promover, realizar y difundir investigaciones b\u00e1sicas y aplicadas, con criterio interdisciplinario y desde una perspectiva cr\u00edtica, en el campo de la historia y otras ciencias sociales.<\/p>\n<p>El campo de estudios que distingue a este Centro, si bien se orienta especialmente a estudios de historia contempor\u00e1nea con \u00e9nfasis en procesos latinoamericanos y argentinos, no se define por coordenadas espaciales o temporales espec\u00edficas sino por el enfoque integrador y la perspectiva cr\u00edtica que se propone dar a sus investigaciones. En este sentido, las l\u00edneas de trabajo que integran el CISH convergen en torno a interrogantes que directa o indirectamente apuntan a explorar los diversos mecanismos de reproducci\u00f3n del orden social as\u00ed como las alternativas de resistencia y transformaci\u00f3n que se generan respecto a \u00e9l.<\/p>\n<p>El enfoque integrador retoma la tradici\u00f3n inaugurada con la historia social, profundizada a partir de la confluencia de la historia con otras disciplinas sociales, para enfocar los procesos hist\u00f3ricos \u2013pasados o recientes- con una lente que procura dar cuenta del complejo entramado entre las dimensiones econ\u00f3mico-sociales, pol\u00edticas y culturales que los explican. La perspectiva cr\u00edtica supone, como\u00a0<i>horizonte<\/i>\u00a0de las investigaciones nucleadas en el Centro, la intenci\u00f3n de contribuir a develar y analizar las relaciones de poder y dominaci\u00f3n que en la confluencia entre esas diversas dimensiones atraviesan a nuestras sociedades as\u00ed como las estructuras de desigualdad y subordinaci\u00f3n que las mismas implican; al mismo tiempo, dicho horizonte de reflexi\u00f3n implica incluir entre sus objetivos la indagaci\u00f3n de las expresiones de resistencia, los proyectos transformadores y las tradiciones intelectuales cr\u00edticas que con diversos alcances y perspectivas constituyen o han constituido un desaf\u00edo para el orden establecido aunque no dejen de estar atravesados por los intrincados mecanismos de consenso y reproducci\u00f3n que sustentan dicho orden.<\/p>\n","protected":false},"excerpt":{"rendered":"<p>El\u00a0Centro de Investigaciones Socio-hist\u00f3ricas\u00a0 tiene por objetivos promover, realizar y difundir investigaciones b\u00e1sicas y aplicadas, con criterio interdisciplinario y desde una perspectiva cr\u00edtica, en el campo de la historia y otras ciencias sociales. El campo de estudios que distingue a este Centro, si bien se orienta especialmente a estudios de historia contempor\u00e1nea con \u00e9nfasis en [&hellip;]<\/p>\n","protected":false},"author":3,"featured_media":185,"parent":0,"menu_order":0,"comment_status":"closed","ping_status":"closed","template":"page-ui.php","meta":{"_themeisle_gutenberg_block_has_review":false,"footnotes":""},"class_list":["post-151","page","type-page","status-publish","has-post-thumbnail","hentry"],"acf":[],"rttpg_featured_image_url":{"full":["https:\/\/idihcs.fahce.unlp.edu.ar\/cish\/wp-content\/uploads\/sites\/14\/2018\/06\/banner-cish.jpg",696,81,false],"landscape":["https:\/\/idihcs.fahce.unlp.edu.ar\/cish\/wp-content\/uploads\/sites\/14\/2018\/06\/banner-cish.jpg",696,81,false],"portraits":["https:\/\/idihcs.fahce.unlp.edu.ar\/cish\/wp-content\/uploads\/sites\/14\/2018\/06\/banner-cish.jpg",696,81,false],"thumbnail":["https:\/\/idihcs.fahce.unlp.edu.ar\/cish\/wp-content\/uploads\/sites\/14\/2018\/06\/banner-cish-150x81.jpg",150,81,true],"medium":["https:\/\/idihcs.fahce.unlp.edu.ar\/cish\/wp-content\/uploads\/sites\/14\/2018\/06\/banner-cish-300x35.jpg",300,35,true],"large":["https:\/\/idihcs.fahce.unlp.edu.ar\/cish\/wp-content\/uploads\/sites\/14\/2018\/06\/banner-cish.jpg",696,81,false],"1536x1536":["https:\/\/idihcs.fahce.unlp.edu.ar\/cish\/wp-content\/uploads\/sites\/14\/2018\/06\/banner-cish.jpg",696,81,false],"2048x2048":["https:\/\/idihcs.fahce.unlp.edu.ar\/cish\/wp-content\/uploads\/sites\/14\/2018\/06\/banner-cish.jpg",696,81,false],"td_80x60":["https:\/\/idihcs.fahce.unlp.edu.ar\/cish\/wp-content\/uploads\/sites\/14\/2018\/06\/banner-cish-80x60.jpg",80,60,true],"td_100x70":["https:\/\/idihcs.fahce.unlp.edu.ar\/cish\/wp-content\/uploads\/sites\/14\/2018\/06\/banner-cish-100x70.jpg",100,70,true],"td_218x150":["https:\/\/idihcs.fahce.unlp.edu.ar\/cish\/wp-content\/uploads\/sites\/14\/2018\/06\/banner-cish-218x81.jpg",218,81,true],"td_265x198":["https:\/\/idihcs.fahce.unlp.edu.ar\/cish\/wp-content\/uploads\/sites\/14\/2018\/06\/banner-cish-265x81.jpg",265,81,true],"td_324x160":["https:\/\/idihcs.fahce.unlp.edu.ar\/cish\/wp-content\/uploads\/sites\/14\/2018\/06\/banner-cish-324x81.jpg",324,81,true],"td_324x235":["https:\/\/idihcs.fahce.unlp.edu.ar\/cish\/wp-content\/uploads\/sites\/14\/2018\/06\/banner-cish-324x81.jpg",324,81,true],"td_324x400":["https:\/\/idihcs.fahce.unlp.edu.ar\/cish\/wp-content\/uploads\/sites\/14\/2018\/06\/banner-cish-324x81.jpg",324,81,true],"td_356x220":["https:\/\/idihcs.fahce.unlp.edu.ar\/cish\/wp-content\/uploads\/sites\/14\/2018\/06\/banner-cish-356x81.jpg",356,81,true],"td_356x364":["https:\/\/idihcs.fahce.unlp.edu.ar\/cish\/wp-content\/uploads\/sites\/14\/2018\/06\/banner-cish-356x81.jpg",356,81,true],"td_485x360":["https:\/\/idihcs.fahce.unlp.edu.ar\/cish\/wp-content\/uploads\/sites\/14\/2018\/06\/banner-cish-485x81.jpg",485,81,true],"td_533x261":["https:\/\/idihcs.fahce.unlp.edu.ar\/cish\/wp-content\/uploads\/sites\/14\/2018\/06\/banner-cish-533x81.jpg",533,81,true],"td_534x462":["https:\/\/idihcs.fahce.unlp.edu.ar\/cish\/wp-content\/uploads\/sites\/14\/2018\/06\/banner-cish-534x81.jpg",534,81,true],"td_696x0":["https:\/\/idihcs.fahce.unlp.edu.ar\/cish\/wp-content\/uploads\/sites\/14\/2018\/06\/banner-cish-696x81.jpg",696,81,true],"td_696x385":["https:\/\/idihcs.fahce.unlp.edu.ar\/cish\/wp-content\/uploads\/sites\/14\/2018\/06\/banner-cish-696x81.jpg",696,81,true],"td_741x486":["https:\/\/idihcs.fahce.unlp.edu.ar\/cish\/wp-content\/uploads\/sites\/14\/2018\/06\/banner-cish.jpg",696,81,false],"td_1068x580":["https:\/\/idihcs.fahce.unlp.edu.ar\/cish\/wp-content\/uploads\/sites\/14\/2018\/06\/banner-cish.jpg",696,81,false],"td_1068x0":["https:\/\/idihcs.fahce.unlp.edu.ar\/cish\/wp-content\/uploads\/sites\/14\/2018\/06\/banner-cish.jpg",696,81,false],"td_0x420":["https:\/\/idihcs.fahce.unlp.edu.ar\/cish\/wp-content\/uploads\/sites\/14\/2018\/06\/banner-cish.jpg",696,81,false],"td_1920x0":["https:\/\/idihcs.fahce.unlp.edu.ar\/cish\/wp-content\/uploads\/sites\/14\/2018\/06\/banner-cish.jpg",696,81,false],"rt_custom":["https:\/\/idihcs.fahce.unlp.edu.ar\/cish\/wp-content\/uploads\/sites\/14\/2018\/06\/banner-cish.jpg",696,81,false]},"rttpg_author":{"display_name":"cbarletta","author_link":"https:\/\/idihcs.fahce.unlp.edu.ar\/cish\/author\/cbarletta\/"},"rttpg_comment":0,"rttpg_category":null,"rttpg_excerpt":"El\u00a0Centro de Investigaciones Socio-hist\u00f3ricas\u00a0 tiene por objetivos promover, realizar y difundir investigaciones b\u00e1sicas y aplicadas, con criterio interdisciplinario y desde una perspectiva cr\u00edtica, en el campo de la historia y otras ciencias sociales. El campo de estudios que distingue a este Centro, si bien se orienta especialmente a estudios de historia contempor\u00e1nea con \u00e9nfasis en&hellip;","_links":{"self":[{"href":"https:\/\/idihcs.fahce.unlp.edu.ar\/cish\/wp-json\/wp\/v2\/pages\/151","targetHints":{"allow":["GET"]}}],"collection":[{"href":"https:\/\/idihcs.fahce.unlp.edu.ar\/cish\/wp-json\/wp\/v2\/pages"}],"about":[{"href":"https:\/\/idihcs.fahce.unlp.edu.ar\/cish\/wp-json\/wp\/v2\/types\/page"}],"author":[{"embeddable":true,"href":"https:\/\/idihcs.fahce.unlp.edu.ar\/cish\/wp-json\/wp\/v2\/users\/3"}],"replies":[{"embeddable":true,"href":"https:\/\/idihcs.fahce.unlp.edu.ar\/cish\/wp-json\/wp\/v2\/comments?post=151"}],"version-history":[{"count":1,"href":"https:\/\/idihcs.fahce.unlp.edu.ar\/cish\/wp-json\/wp\/v2\/pages\/151\/revisions"}],"predecessor-version":[{"id":152,"href":"https:\/\/idihcs.fahce.unlp.edu.ar\/cish\/wp-json\/wp\/v2\/pages\/151\/revisions\/152"}],"wp:featuredmedia":[{"embeddable":true,"href":"https:\/\/idihcs.fahce.unlp.edu.ar\/cish\/wp-json\/wp\/v2\/media\/185"}],"wp:attachment":[{"href":"https:\/\/idihcs.fahce.unlp.edu.ar\/cish\/wp-json\/wp\/v2\/media?parent=151"}],"curies":[{"name":"wp","href":"https:\/\/api.w.org\/{rel}","templated":true}]}}