{"id":1497,"date":"2025-12-02T14:55:58","date_gmt":"2025-12-02T17:55:58","guid":{"rendered":"https:\/\/idihcs.fahce.unlp.edu.ar\/cinveduc\/?page_id=1497"},"modified":"2025-12-02T14:56:06","modified_gmt":"2025-12-02T17:56:06","slug":"proyectos-vigentes","status":"publish","type":"page","link":"https:\/\/idihcs.fahce.unlp.edu.ar\/cinveduc\/proyectos-vigentes\/","title":{"rendered":"Proyectos de investigaci\u00f3n vigentes"},"content":{"rendered":"    <style>\n        .tabla-proyectos-flex {width:100%;border-collapse:separate;border-spacing:0;margin:2rem 0;font-family:\"Segoe UI\",Arial,sans-serif;font-size:15px;background:#fff;border-radius:12px;overflow:hidden;box-shadow:0 10px 30px rgba(0,0,0,0.08);}\n        .tabla-proyectos-flex thead th {background:#49ab4c;color:white;padding:16px 18px;text-align:left;font-weight:600;}\n        .tabla-proyectos-flex tbody td {padding:16px 18px;border-bottom:1px solid #eef2f7;vertical-align:top;}\n        .tabla-proyectos-flex tbody tr:hover {background:#f8fcf8;}\n        .tabla-proyectos-flex a {color:#227730;font-weight:600;text-decoration:none;position:relative;}\n        .tabla-proyectos-flex a::after {content:'';position:absolute;width:0;height:2px;bottom:-2px;left:0;background:#49ab4c;transition:width .3s;}\n        .tabla-proyectos-flex a:hover::after {width:100%;}\n        .prorroga-nota {font-size:0.85em;color:#e67e22;display:block;margin-top:4px;}\n        @media(max-width:720px){\n            .tabla-proyectos-flex,.tabla-proyectos-flex thead,.tabla-proyectos-flex tbody,.tabla-proyectos-flex th,.tabla-proyectos-flex td,.tabla-proyectos-flex tr{display:block;}\n            .tabla-proyectos-flex thead tr{display:none;}\n            .tabla-proyectos-flex tr{margin-bottom:20px;border:1px solid #ddd;border-radius:10px;background:white !important;}\n            .tabla-proyectos-flex td{border:none;position:relative;padding-left:50%;text-align:right;}\n            .tabla-proyectos-flex td::before{content:attr(data-label);position:absolute;left:15px;width:45%;font-weight:600;color:#49ab4c;text-align:left;}\n        }\n    <\/style>\n\n    <table class=\"tabla-proyectos-flex\">\n        <thead>\n            <tr>\n                                    <th>T\u00edtulo<\/th>\n                                    <th>Tipo proyecto<\/th>\n                                    <th>Director\/es<\/th>\n                                    <th>Codirector\/es<\/th>\n                                    <th>Vigente hasta<\/th>\n                            <\/tr>\n        <\/thead>\n        <tbody>\n                            <tr>\n                                            <td data-label=\"T\u00edtulo\">\n                            <a href=\"http:\/\/www.memoria.fahce.unlp.edu.ar\/library?a=d&#038;c=proyecto&#038;d=Jpy1268\" target=\"_blank\" rel=\"noopener\">Producci\u00f3n curricular y pr\u00e1cticas de ense\u00f1anza transformadoras en la Educaci\u00f3n Ambiental, la Educaci\u00f3n en Salud y la Educaci\u00f3n Sexual Integral del nivel secundario de Argentina<\/a>                        <\/td>\n                                            <td data-label=\"tipo-proyecto\">\n                            PI+D                        <\/td>\n                                            <td data-label=\"Director\/es\">\n                            Cordero, Silvina                        <\/td>\n                                            <td data-label=\"Codirector\/es\">\n                            Picco, Sof\u00eda                        <\/td>\n                                            <td data-label=\"Vigente hasta\">\n                            <strong style=\"color:#49ab4c;\">31 de diciembre de 2028<\/strong>                        <\/td>\n                                    <\/tr>\n                            <tr>\n                                            <td data-label=\"T\u00edtulo\">\n                            <a href=\"http:\/\/www.memoria.fahce.unlp.edu.ar\/library?a=d&#038;c=proyecto&#038;d=Jpy1236\" target=\"_blank\" rel=\"noopener\">La formaci\u00f3n pedag\u00f3gica de especialistas en educaci\u00f3n. Tradiciones, perspectivas y experiencias<\/a>                        <\/td>\n                                            <td data-label=\"tipo-proyecto\">\n                            PI+D                        <\/td>\n                                            <td data-label=\"Director\/es\">\n                            Barcia, Marina In\u00e9s                        <\/td>\n                                            <td data-label=\"Codirector\/es\">\n                            Garatte, Maria Luciana                        <\/td>\n                                            <td data-label=\"Vigente hasta\">\n                            <strong style=\"color:#49ab4c;\">31 de diciembre de 2026<\/strong>                        <\/td>\n                                    <\/tr>\n                            <tr>\n                                            <td data-label=\"T\u00edtulo\">\n                            <a href=\"http:\/\/www.memoria.fahce.unlp.edu.ar\/library?a=d&#038;c=proyecto&#038;d=Jpy1240\" target=\"_blank\" rel=\"noopener\">Escuela secundaria y nivel superior en clave institucional. Estudio longitudinal de las trayectorias estudiantiles y de las pol\u00edticas de articulaci\u00f3n internivel en provincia de Buenos Aires en la pospandemia<\/a>                        <\/td>\n                                            <td data-label=\"tipo-proyecto\">\n                            PI+D                        <\/td>\n                                            <td data-label=\"Director\/es\">\n                            Di Piero, Emilia                        <\/td>\n                                            <td data-label=\"Codirector\/es\">\n                            \u2014                        <\/td>\n                                            <td data-label=\"Vigente hasta\">\n                            <strong style=\"color:#49ab4c;\">31 de diciembre de 2026<\/strong>                        <\/td>\n                                    <\/tr>\n                    <\/tbody>\n    <\/table>\n\n    \n","protected":false},"excerpt":{"rendered":"","protected":false},"author":1,"featured_media":0,"parent":0,"menu_order":0,"comment_status":"closed","ping_status":"closed","template":"page-ui.php","meta":{"_themeisle_gutenberg_block_has_review":false,"footnotes":""},"class_list":["post-1497","page","type-page","status-publish","hentry"],"acf":[],"rttpg_featured_image_url":null,"rttpg_author":{"display_name":"admin_ead","author_link":"https:\/\/idihcs.fahce.unlp.edu.ar\/cinveduc\/author\/admin_ead\/"},"rttpg_comment":0,"rttpg_category":null,"rttpg_excerpt":null,"_links":{"self":[{"href":"https:\/\/idihcs.fahce.unlp.edu.ar\/cinveduc\/wp-json\/wp\/v2\/pages\/1497","targetHints":{"allow":["GET"]}}],"collection":[{"href":"https:\/\/idihcs.fahce.unlp.edu.ar\/cinveduc\/wp-json\/wp\/v2\/pages"}],"about":[{"href":"https:\/\/idihcs.fahce.unlp.edu.ar\/cinveduc\/wp-json\/wp\/v2\/types\/page"}],"author":[{"embeddable":true,"href":"https:\/\/idihcs.fahce.unlp.edu.ar\/cinveduc\/wp-json\/wp\/v2\/users\/1"}],"replies":[{"embeddable":true,"href":"https:\/\/idihcs.fahce.unlp.edu.ar\/cinveduc\/wp-json\/wp\/v2\/comments?post=1497"}],"version-history":[{"count":1,"href":"https:\/\/idihcs.fahce.unlp.edu.ar\/cinveduc\/wp-json\/wp\/v2\/pages\/1497\/revisions"}],"predecessor-version":[{"id":1499,"href":"https:\/\/idihcs.fahce.unlp.edu.ar\/cinveduc\/wp-json\/wp\/v2\/pages\/1497\/revisions\/1499"}],"wp:attachment":[{"href":"https:\/\/idihcs.fahce.unlp.edu.ar\/cinveduc\/wp-json\/wp\/v2\/media?parent=1497"}],"curies":[{"name":"wp","href":"https:\/\/api.w.org\/{rel}","templated":true}]}}