{"id":3144,"date":"2025-10-14T12:44:23","date_gmt":"2025-10-14T15:44:23","guid":{"rendered":"https:\/\/idihcs.fahce.unlp.edu.ar\/cinig\/?page_id=3144"},"modified":"2025-11-27T14:14:35","modified_gmt":"2025-11-27T17:14:35","slug":"jornadas-de-becaries-y-adscriptxs","status":"publish","type":"page","link":"https:\/\/idihcs.fahce.unlp.edu.ar\/cinig\/jornadas-de-becaries-y-adscriptxs\/","title":{"rendered":"Jornadas de Becaries y Adscriptxs"},"content":{"rendered":"\n<div class=\"wp-block-media-text is-stacked-on-mobile\" style=\"grid-template-columns:42% auto\"><figure class=\"wp-block-media-text__media\"><img loading=\"lazy\" decoding=\"async\" width=\"820\" height=\"1024\" src=\"https:\/\/idihcs.fahce.unlp.edu.ar\/cinig\/wp-content\/uploads\/sites\/16\/2025\/11\/VII-Jornadas-de-Becaries-del-CInIG_Mesa-de-trabajo-3-copia-4-1-820x1024.jpg\" alt=\"\" class=\"wp-image-3250 size-full\" srcset=\"https:\/\/idihcs.fahce.unlp.edu.ar\/cinig\/wp-content\/uploads\/sites\/16\/2025\/11\/VII-Jornadas-de-Becaries-del-CInIG_Mesa-de-trabajo-3-copia-4-1-820x1024.jpg 820w, https:\/\/idihcs.fahce.unlp.edu.ar\/cinig\/wp-content\/uploads\/sites\/16\/2025\/11\/VII-Jornadas-de-Becaries-del-CInIG_Mesa-de-trabajo-3-copia-4-1-240x300.jpg 240w, https:\/\/idihcs.fahce.unlp.edu.ar\/cinig\/wp-content\/uploads\/sites\/16\/2025\/11\/VII-Jornadas-de-Becaries-del-CInIG_Mesa-de-trabajo-3-copia-4-1-768x959.jpg 768w, https:\/\/idihcs.fahce.unlp.edu.ar\/cinig\/wp-content\/uploads\/sites\/16\/2025\/11\/VII-Jornadas-de-Becaries-del-CInIG_Mesa-de-trabajo-3-copia-4-1-696x869.jpg 696w, https:\/\/idihcs.fahce.unlp.edu.ar\/cinig\/wp-content\/uploads\/sites\/16\/2025\/11\/VII-Jornadas-de-Becaries-del-CInIG_Mesa-de-trabajo-3-copia-4-1-336x420.jpg 336w, https:\/\/idihcs.fahce.unlp.edu.ar\/cinig\/wp-content\/uploads\/sites\/16\/2025\/11\/VII-Jornadas-de-Becaries-del-CInIG_Mesa-de-trabajo-3-copia-4-1.jpg 961w\" sizes=\"auto, (max-width: 820px) 100vw, 820px\" \/><\/figure><div class=\"wp-block-media-text__content\">\n<p><strong>VII Jornadas de Becaries del CInIG (2025)<\/strong><\/p>\n\n\n\n<div class=\"wp-block-file\"><a id=\"wp-block-file--media-6a1794c6-2df7-4950-9e8b-9384b3987454\" href=\"https:\/\/idihcs.fahce.unlp.edu.ar\/cinig\/wp-content\/uploads\/sites\/16\/2025\/11\/Programa-Jornadas-CiNIG.pdf\">Programa-Jornadas-CiNIG<\/a><a href=\"https:\/\/idihcs.fahce.unlp.edu.ar\/cinig\/wp-content\/uploads\/sites\/16\/2025\/11\/Programa-Jornadas-CiNIG.pdf\" class=\"wp-block-file__button wp-element-button\" download aria-describedby=\"wp-block-file--media-6a1794c6-2df7-4950-9e8b-9384b3987454\">Descarga<\/a><\/div>\n<\/div><\/div>\n\n\n\n<h2 class=\"wp-block-heading\" id=\"h-\"><\/h2>\n\n\n\n<hr class=\"wp-block-separator has-alpha-channel-opacity\" \/>\n\n\n\n<h2 class=\"wp-block-heading\" id=\"h-\"><\/h2>\n\n\n\n<div class=\"wp-block-media-text\" style=\"grid-template-columns:45% auto\"><figure class=\"wp-block-media-text__media\"><img loading=\"lazy\" decoding=\"async\" width=\"820\" height=\"1024\" src=\"https:\/\/idihcs.fahce.unlp.edu.ar\/cinig\/wp-content\/uploads\/sites\/16\/2025\/10\/Jornadas-becaries-CInIG-Flyer-820x1024.jpg\" alt=\"\" class=\"wp-image-3182 size-full\" srcset=\"https:\/\/idihcs.fahce.unlp.edu.ar\/cinig\/wp-content\/uploads\/sites\/16\/2025\/10\/Jornadas-becaries-CInIG-Flyer-820x1024.jpg 820w, https:\/\/idihcs.fahce.unlp.edu.ar\/cinig\/wp-content\/uploads\/sites\/16\/2025\/10\/Jornadas-becaries-CInIG-Flyer-240x300.jpg 240w, https:\/\/idihcs.fahce.unlp.edu.ar\/cinig\/wp-content\/uploads\/sites\/16\/2025\/10\/Jornadas-becaries-CInIG-Flyer-768x959.jpg 768w, https:\/\/idihcs.fahce.unlp.edu.ar\/cinig\/wp-content\/uploads\/sites\/16\/2025\/10\/Jornadas-becaries-CInIG-Flyer-696x869.jpg 696w, https:\/\/idihcs.fahce.unlp.edu.ar\/cinig\/wp-content\/uploads\/sites\/16\/2025\/10\/Jornadas-becaries-CInIG-Flyer-336x420.jpg 336w, https:\/\/idihcs.fahce.unlp.edu.ar\/cinig\/wp-content\/uploads\/sites\/16\/2025\/10\/Jornadas-becaries-CInIG-Flyer.jpg 961w\" sizes=\"auto, (max-width: 820px) 100vw, 820px\" \/><\/figure><div class=\"wp-block-media-text__content\">\n<p><strong>VI Jornadas de Becaries del CInIG (2023)<\/strong><\/p>\n\n\n\n<div class=\"wp-block-file\"><a id=\"wp-block-file--media-4dca582e-b068-4ba7-b96b-10f01dcb19a4\" href=\"https:\/\/idihcs.fahce.unlp.edu.ar\/cinig\/wp-content\/uploads\/sites\/16\/2025\/10\/Programa-Jornadas-de-Becaries-CInIG-2023.pdf\" target=\"_blank\" rel=\"noreferrer noopener\">Programa Jornadas de Becaries CInIG 2023<\/a><a href=\"https:\/\/idihcs.fahce.unlp.edu.ar\/cinig\/wp-content\/uploads\/sites\/16\/2025\/10\/Programa-Jornadas-de-Becaries-CInIG-2023.pdf\" class=\"wp-block-file__button wp-element-button\" download aria-describedby=\"wp-block-file--media-4dca582e-b068-4ba7-b96b-10f01dcb19a4\">Descargar<\/a><\/div>\n<\/div><\/div>\n\n\n\n<h2 class=\"wp-block-heading\" id=\"h-\"><\/h2>\n\n\n\n<hr class=\"wp-block-separator has-alpha-channel-opacity\" \/>\n\n\n\n<h2 class=\"wp-block-heading\" id=\"h-\"><\/h2>\n\n\n\n<div class=\"wp-block-media-text\" style=\"grid-template-columns:44% auto\"><figure class=\"wp-block-media-text__media\"><img loading=\"lazy\" decoding=\"async\" width=\"819\" height=\"1024\" src=\"https:\/\/idihcs.fahce.unlp.edu.ar\/cinig\/wp-content\/uploads\/sites\/16\/2025\/10\/Jornada-de-Becaries-2022-1-819x1024.jpg\" alt=\"\" class=\"wp-image-3189 size-full\" srcset=\"https:\/\/idihcs.fahce.unlp.edu.ar\/cinig\/wp-content\/uploads\/sites\/16\/2025\/10\/Jornada-de-Becaries-2022-1-819x1024.jpg 819w, https:\/\/idihcs.fahce.unlp.edu.ar\/cinig\/wp-content\/uploads\/sites\/16\/2025\/10\/Jornada-de-Becaries-2022-1-240x300.jpg 240w, https:\/\/idihcs.fahce.unlp.edu.ar\/cinig\/wp-content\/uploads\/sites\/16\/2025\/10\/Jornada-de-Becaries-2022-1-768x960.jpg 768w, https:\/\/idihcs.fahce.unlp.edu.ar\/cinig\/wp-content\/uploads\/sites\/16\/2025\/10\/Jornada-de-Becaries-2022-1-696x870.jpg 696w, https:\/\/idihcs.fahce.unlp.edu.ar\/cinig\/wp-content\/uploads\/sites\/16\/2025\/10\/Jornada-de-Becaries-2022-1-336x420.jpg 336w, https:\/\/idihcs.fahce.unlp.edu.ar\/cinig\/wp-content\/uploads\/sites\/16\/2025\/10\/Jornada-de-Becaries-2022-1.jpg 960w\" sizes=\"auto, (max-width: 819px) 100vw, 819px\" \/><\/figure><div class=\"wp-block-media-text__content\">\n<p><strong>V Jornadas de Becaries CInIG (2022)<\/strong><br>Estas jornadas contaron con tres ejes de trabajo: cuestiones metodol\u00f3gicas, \u00edndice comentado y avances sobre cap\u00edtulos de tesis.<br>Expusieron: Ail\u00edn Basilio Fabris, Mar\u00eda Eugenia Vel\u00e1zquez, Milagros Rocha, Tom\u00e1s Gomariz, Viviana Pappier, Juliana Esquivel, Ana Carou, Julieta Maiar\u00fa, Rosario G\u00f3mez Molla.<br>Comentaron: Indi Valobra y Guillermo De Martinelli.<\/p>\n<\/div><\/div>\n\n\n\n<h2 class=\"wp-block-heading\" id=\"h-\"><\/h2>\n\n\n\n<hr class=\"wp-block-separator has-alpha-channel-opacity\" \/>\n\n\n\n<h2 class=\"wp-block-heading\" id=\"h-\"><\/h2>\n\n\n\n<div class=\"wp-block-media-text\" style=\"grid-template-columns:43% auto\"><figure class=\"wp-block-media-text__media\"><img loading=\"lazy\" decoding=\"async\" width=\"642\" height=\"1024\" src=\"https:\/\/idihcs.fahce.unlp.edu.ar\/cinig\/wp-content\/uploads\/sites\/16\/2025\/10\/Captura-de-pantalla-2025-10-16-114150-642x1024.png\" alt=\"\" class=\"wp-image-3188 size-full\" srcset=\"https:\/\/idihcs.fahce.unlp.edu.ar\/cinig\/wp-content\/uploads\/sites\/16\/2025\/10\/Captura-de-pantalla-2025-10-16-114150-642x1024.png 642w, https:\/\/idihcs.fahce.unlp.edu.ar\/cinig\/wp-content\/uploads\/sites\/16\/2025\/10\/Captura-de-pantalla-2025-10-16-114150-188x300.png 188w, https:\/\/idihcs.fahce.unlp.edu.ar\/cinig\/wp-content\/uploads\/sites\/16\/2025\/10\/Captura-de-pantalla-2025-10-16-114150-263x420.png 263w, https:\/\/idihcs.fahce.unlp.edu.ar\/cinig\/wp-content\/uploads\/sites\/16\/2025\/10\/Captura-de-pantalla-2025-10-16-114150.png 676w\" sizes=\"auto, (max-width: 642px) 100vw, 642px\" \/><\/figure><div class=\"wp-block-media-text__content\">\n<p><strong>IV Jornadas de Becaries del CInIG (2021)<br><\/strong>Publicaci\u00f3n: Caleidoscopio del g\u00e9nero. Nuevas miradas desde las ciencias sociales. Luisina Bolla (ed.)<\/p>\n\n\n\n<div class=\"wp-block-buttons has-custom-font-size has-small-font-size is-content-justification-center is-layout-flex wp-container-core-buttons-is-layout-16018d1d wp-block-buttons-is-layout-flex\">\n<div class=\"wp-block-button\"><a class=\"wp-block-button__link wp-element-button\" href=\"https:\/\/www.memoria.fahce.unlp.edu.ar\/libros\/pm.5541\/pm.5541.pdf\" target=\"_blank\" rel=\"noreferrer noopener\">Ver publicaci\u00f3n<\/a><\/div>\n<\/div>\n<\/div><\/div>\n\n\n\n<h2 class=\"wp-block-heading\" id=\"h-\"><\/h2>\n\n\n\n<hr class=\"wp-block-separator has-alpha-channel-opacity\" \/>\n\n\n\n<h2 class=\"wp-block-heading\" id=\"h-\"><\/h2>\n\n\n\n<p><strong>III Jornadas de Becaries CInIG (2020).<\/strong><\/p>\n\n\n\n<figure class=\"wp-block-embed is-type-video is-provider-youtube wp-block-embed-youtube wp-embed-aspect-16-9 wp-has-aspect-ratio\"><div class=\"wp-block-embed__wrapper\">\n<iframe loading=\"lazy\" title=\"III Jornadas de Adscriptxs y Becarixs del CInIG 2020.\" width=\"696\" height=\"392\" src=\"https:\/\/www.youtube.com\/embed\/Ycd3Cz2PyOM?start=1&#038;feature=oembed\" frameborder=\"0\" allow=\"accelerometer; autoplay; clipboard-write; encrypted-media; gyroscope; picture-in-picture; web-share\" referrerpolicy=\"strict-origin-when-cross-origin\" allowfullscreen><\/iframe>\n<\/div><\/figure>\n\n\n\n<p class=\"has-small-font-size\">El Centro Interdisciplinario de Investigaciones en G\u00e9nero (CINIG) retom\u00f3 el 1\u00ba de diciembre de 2020, la experiencia que se discontinu\u00f3 en 2012. Dado el creciente n\u00famero de adscriptxs a proyectos y becarixs: \u201cconsidera oportuno reeditar este a\u00f1o como una forma de encuento y fortalecimiento en este contexto en el que es imposible el intercambio presencial que caracteriza a nuestro Centro\u201d.<br>Siete investigadorxs en formaci\u00f3n cuentan sus proyectos doctorales y postdoctorales con el objetivo de darles divulgaci\u00f3n. La din\u00e1mica gener\u00f3 un espacio interdisciplinario para potenciar y enriquecer las producciones.<br>Gracias a cada participante por el trabajo sostenido durante todo el a\u00f1o y especialmente a las gestiones de Santiago Abel que coordin\u00f3 la organizaci\u00f3n del evento.<br>Aportes desde la Filosof\u00eda, la Historia y las Letras a la investigaci\u00f3n y los estudios de g\u00e9nero.<\/p>\n\n\n\n<h2 class=\"wp-block-heading\" id=\"h-\"><\/h2>\n\n\n\n<hr class=\"wp-block-separator has-alpha-channel-opacity\" \/>\n\n\n\n<h2 class=\"wp-block-heading\" id=\"h-\"><\/h2>\n\n\n\n<div class=\"wp-block-media-text\" style=\"grid-template-columns:38% auto\"><figure class=\"wp-block-media-text__media\"><img loading=\"lazy\" decoding=\"async\" width=\"1024\" height=\"683\" src=\"https:\/\/idihcs.fahce.unlp.edu.ar\/cinig\/wp-content\/uploads\/sites\/16\/2025\/10\/logo-cinig-1-1024x683.jpg\" alt=\"\" class=\"wp-image-3193 size-full\" srcset=\"https:\/\/idihcs.fahce.unlp.edu.ar\/cinig\/wp-content\/uploads\/sites\/16\/2025\/10\/logo-cinig-1-1024x683.jpg 1024w, https:\/\/idihcs.fahce.unlp.edu.ar\/cinig\/wp-content\/uploads\/sites\/16\/2025\/10\/logo-cinig-1-300x200.jpg 300w, https:\/\/idihcs.fahce.unlp.edu.ar\/cinig\/wp-content\/uploads\/sites\/16\/2025\/10\/logo-cinig-1-768x512.jpg 768w, https:\/\/idihcs.fahce.unlp.edu.ar\/cinig\/wp-content\/uploads\/sites\/16\/2025\/10\/logo-cinig-1-696x464.jpg 696w, https:\/\/idihcs.fahce.unlp.edu.ar\/cinig\/wp-content\/uploads\/sites\/16\/2025\/10\/logo-cinig-1-1068x712.jpg 1068w, https:\/\/idihcs.fahce.unlp.edu.ar\/cinig\/wp-content\/uploads\/sites\/16\/2025\/10\/logo-cinig-1-630x420.jpg 630w, https:\/\/idihcs.fahce.unlp.edu.ar\/cinig\/wp-content\/uploads\/sites\/16\/2025\/10\/logo-cinig-1.jpg 1200w\" sizes=\"auto, (max-width: 1024px) 100vw, 1024px\" \/><\/figure><div class=\"wp-block-media-text__content\">\n<p><strong>II Jornada de Adscriptxs y Becarixs del CINIG (2012)<\/strong><\/p>\n\n\n\n<div class=\"wp-block-buttons has-custom-font-size has-small-font-size is-content-justification-center is-layout-flex wp-container-core-buttons-is-layout-16018d1d wp-block-buttons-is-layout-flex\">\n<div class=\"wp-block-button\"><a class=\"wp-block-button__link wp-element-button\" href=\"http:\/\/163.10.30.35\/congresos\/jornadascinig\/vi-jornadas-2021\/ibec-2012\/ii-jornada-de-adscriptxs-y-becarixs-del-cinig\" target=\"_blank\" rel=\"noreferrer noopener\">Ver sitio de las jornadas<\/a><\/div>\n<\/div>\n<\/div><\/div>\n\n\n\n<h2 class=\"wp-block-heading\" id=\"h-\"><\/h2>\n\n\n\n<hr class=\"wp-block-separator has-alpha-channel-opacity\" \/>\n\n\n\n<h2 class=\"wp-block-heading\" id=\"h-\"><\/h2>\n\n\n\n<div class=\"wp-block-media-text\" style=\"grid-template-columns:38% auto\"><figure class=\"wp-block-media-text__media\"><img loading=\"lazy\" decoding=\"async\" width=\"1024\" height=\"683\" src=\"https:\/\/idihcs.fahce.unlp.edu.ar\/cinig\/wp-content\/uploads\/sites\/16\/2025\/10\/logo-cinig-2-1024x683.jpg\" alt=\"\" class=\"wp-image-3195 size-full\" srcset=\"https:\/\/idihcs.fahce.unlp.edu.ar\/cinig\/wp-content\/uploads\/sites\/16\/2025\/10\/logo-cinig-2-1024x683.jpg 1024w, https:\/\/idihcs.fahce.unlp.edu.ar\/cinig\/wp-content\/uploads\/sites\/16\/2025\/10\/logo-cinig-2-300x200.jpg 300w, https:\/\/idihcs.fahce.unlp.edu.ar\/cinig\/wp-content\/uploads\/sites\/16\/2025\/10\/logo-cinig-2-768x512.jpg 768w, https:\/\/idihcs.fahce.unlp.edu.ar\/cinig\/wp-content\/uploads\/sites\/16\/2025\/10\/logo-cinig-2-696x464.jpg 696w, https:\/\/idihcs.fahce.unlp.edu.ar\/cinig\/wp-content\/uploads\/sites\/16\/2025\/10\/logo-cinig-2-1068x712.jpg 1068w, https:\/\/idihcs.fahce.unlp.edu.ar\/cinig\/wp-content\/uploads\/sites\/16\/2025\/10\/logo-cinig-2-630x420.jpg 630w, https:\/\/idihcs.fahce.unlp.edu.ar\/cinig\/wp-content\/uploads\/sites\/16\/2025\/10\/logo-cinig-2.jpg 1200w\" sizes=\"auto, (max-width: 1024px) 100vw, 1024px\" \/><\/figure><div class=\"wp-block-media-text__content\">\n<p><strong>I Jornada de Adscriptxs y Becarixs del CINIG (2010)<\/strong><\/p>\n\n\n\n<div class=\"wp-block-buttons has-custom-font-size has-small-font-size is-content-justification-center is-layout-flex wp-container-core-buttons-is-layout-16018d1d wp-block-buttons-is-layout-flex\">\n<div class=\"wp-block-button\"><a class=\"wp-block-button__link wp-element-button\" href=\"http:\/\/163.10.30.35\/congresos\/jornadascinig\/ibec-2012\/ibec2010\/i-jornadas-de-becarias-os-del-cinig\" target=\"_blank\" rel=\"noreferrer noopener\">Ver sitio de las jornadas<\/a><\/div>\n<\/div>\n\n\n\n<p><\/p>\n<\/div><\/div>\n\n\n\n<h2 class=\"wp-block-heading\" id=\"h-\"><\/h2>\n\n\n\n<hr class=\"wp-block-separator has-alpha-channel-opacity\" \/>\n","protected":false},"excerpt":{"rendered":"<p>V Jornadas de Becaries CInIG (2022)Estas jornadas contaron con tres ejes de trabajo: cuestiones metodol\u00f3gicas, \u00edndice comentado y avances sobre cap\u00edtulos de tesis.Expusieron: Ail\u00edn Basilio Fabris, Mar\u00eda Eugenia Vel\u00e1zquez, Milagros Rocha, Tom\u00e1s Gomariz, Viviana Pappier, Juliana Esquivel, Ana Carou, Julieta Maiar\u00fa, Rosario G\u00f3mez Molla.Comentaron: Indi Valobra y Guillermo De Martinelli. III Jornadas de Becaries CInIG [&hellip;]<\/p>\n","protected":false},"author":7,"featured_media":2631,"parent":0,"menu_order":0,"comment_status":"closed","ping_status":"closed","template":"page-ui.php","meta":{"_themeisle_gutenberg_block_has_review":false,"footnotes":""},"class_list":["post-3144","page","type-page","status-publish","has-post-thumbnail","hentry"],"acf":[],"rttpg_featured_image_url":{"full":["https:\/\/idihcs.fahce.unlp.edu.ar\/cinig\/wp-content\/uploads\/sites\/16\/2025\/08\/banner-cinig-1920x224-3.jpg",1920,224,false],"landscape":["https:\/\/idihcs.fahce.unlp.edu.ar\/cinig\/wp-content\/uploads\/sites\/16\/2025\/08\/banner-cinig-1920x224-3.jpg",1920,224,false],"portraits":["https:\/\/idihcs.fahce.unlp.edu.ar\/cinig\/wp-content\/uploads\/sites\/16\/2025\/08\/banner-cinig-1920x224-3.jpg",1920,224,false],"thumbnail":["https:\/\/idihcs.fahce.unlp.edu.ar\/cinig\/wp-content\/uploads\/sites\/16\/2025\/08\/banner-cinig-1920x224-3-150x150.jpg",150,150,true],"medium":["https:\/\/idihcs.fahce.unlp.edu.ar\/cinig\/wp-content\/uploads\/sites\/16\/2025\/08\/banner-cinig-1920x224-3-300x35.jpg",300,35,true],"large":["https:\/\/idihcs.fahce.unlp.edu.ar\/cinig\/wp-content\/uploads\/sites\/16\/2025\/08\/banner-cinig-1920x224-3-1024x119.jpg",696,81,true],"1536x1536":["https:\/\/idihcs.fahce.unlp.edu.ar\/cinig\/wp-content\/uploads\/sites\/16\/2025\/08\/banner-cinig-1920x224-3-1536x179.jpg",1536,179,true],"2048x2048":["https:\/\/idihcs.fahce.unlp.edu.ar\/cinig\/wp-content\/uploads\/sites\/16\/2025\/08\/banner-cinig-1920x224-3.jpg",1920,224,false],"td_80x60":["https:\/\/idihcs.fahce.unlp.edu.ar\/cinig\/wp-content\/uploads\/sites\/16\/2025\/08\/banner-cinig-1920x224-3-80x60.jpg",80,60,true],"td_100x70":["https:\/\/idihcs.fahce.unlp.edu.ar\/cinig\/wp-content\/uploads\/sites\/16\/2025\/08\/banner-cinig-1920x224-3-100x70.jpg",100,70,true],"td_218x150":["https:\/\/idihcs.fahce.unlp.edu.ar\/cinig\/wp-content\/uploads\/sites\/16\/2025\/08\/banner-cinig-1920x224-3-218x150.jpg",218,150,true],"td_265x198":["https:\/\/idihcs.fahce.unlp.edu.ar\/cinig\/wp-content\/uploads\/sites\/16\/2025\/08\/banner-cinig-1920x224-3-265x198.jpg",265,198,true],"td_324x160":["https:\/\/idihcs.fahce.unlp.edu.ar\/cinig\/wp-content\/uploads\/sites\/16\/2025\/08\/banner-cinig-1920x224-3-324x160.jpg",324,160,true],"td_324x235":["https:\/\/idihcs.fahce.unlp.edu.ar\/cinig\/wp-content\/uploads\/sites\/16\/2025\/08\/banner-cinig-1920x224-3-324x224.jpg",324,224,true],"td_324x400":["https:\/\/idihcs.fahce.unlp.edu.ar\/cinig\/wp-content\/uploads\/sites\/16\/2025\/08\/banner-cinig-1920x224-3-324x224.jpg",324,224,true],"td_356x220":["https:\/\/idihcs.fahce.unlp.edu.ar\/cinig\/wp-content\/uploads\/sites\/16\/2025\/08\/banner-cinig-1920x224-3-356x220.jpg",356,220,true],"td_356x364":["https:\/\/idihcs.fahce.unlp.edu.ar\/cinig\/wp-content\/uploads\/sites\/16\/2025\/08\/banner-cinig-1920x224-3-356x224.jpg",356,224,true],"td_485x360":["https:\/\/idihcs.fahce.unlp.edu.ar\/cinig\/wp-content\/uploads\/sites\/16\/2025\/08\/banner-cinig-1920x224-3-485x224.jpg",485,224,true],"td_533x261":["https:\/\/idihcs.fahce.unlp.edu.ar\/cinig\/wp-content\/uploads\/sites\/16\/2025\/08\/banner-cinig-1920x224-3-533x224.jpg",533,224,true],"td_534x462":["https:\/\/idihcs.fahce.unlp.edu.ar\/cinig\/wp-content\/uploads\/sites\/16\/2025\/08\/banner-cinig-1920x224-3-534x224.jpg",534,224,true],"td_696x0":["https:\/\/idihcs.fahce.unlp.edu.ar\/cinig\/wp-content\/uploads\/sites\/16\/2025\/08\/banner-cinig-1920x224-3-696x81.jpg",696,81,true],"td_696x385":["https:\/\/idihcs.fahce.unlp.edu.ar\/cinig\/wp-content\/uploads\/sites\/16\/2025\/08\/banner-cinig-1920x224-3-696x224.jpg",696,224,true],"td_741x486":["https:\/\/idihcs.fahce.unlp.edu.ar\/cinig\/wp-content\/uploads\/sites\/16\/2025\/08\/banner-cinig-1920x224-3-741x224.jpg",741,224,true],"td_1068x580":["https:\/\/idihcs.fahce.unlp.edu.ar\/cinig\/wp-content\/uploads\/sites\/16\/2025\/08\/banner-cinig-1920x224-3-1068x224.jpg",1068,224,true],"td_1068x0":["https:\/\/idihcs.fahce.unlp.edu.ar\/cinig\/wp-content\/uploads\/sites\/16\/2025\/08\/banner-cinig-1920x224-3-1068x125.jpg",1068,125,true],"td_0x420":["https:\/\/idihcs.fahce.unlp.edu.ar\/cinig\/wp-content\/uploads\/sites\/16\/2025\/08\/banner-cinig-1920x224-3.jpg",1920,224,false],"td_1920x0":["https:\/\/idihcs.fahce.unlp.edu.ar\/cinig\/wp-content\/uploads\/sites\/16\/2025\/08\/banner-cinig-1920x224-3.jpg",1920,224,false],"rt_custom":["https:\/\/idihcs.fahce.unlp.edu.ar\/cinig\/wp-content\/uploads\/sites\/16\/2025\/08\/banner-cinig-1920x224-3.jpg",1920,224,false]},"rttpg_author":{"display_name":"cinig","author_link":"https:\/\/idihcs.fahce.unlp.edu.ar\/cinig\/author\/cinig\/"},"rttpg_comment":0,"rttpg_category":null,"rttpg_excerpt":"V Jornadas de Becaries CInIG (2022)Estas jornadas contaron con tres ejes de trabajo: cuestiones metodol\u00f3gicas, \u00edndice comentado y avances sobre cap\u00edtulos de tesis.Expusieron: Ail\u00edn Basilio Fabris, Mar\u00eda Eugenia Vel\u00e1zquez, Milagros Rocha, Tom\u00e1s Gomariz, Viviana Pappier, Juliana Esquivel, Ana Carou, Julieta Maiar\u00fa, Rosario G\u00f3mez Molla.Comentaron: Indi Valobra y Guillermo De Martinelli. III Jornadas de Becaries CInIG&hellip;","_links":{"self":[{"href":"https:\/\/idihcs.fahce.unlp.edu.ar\/cinig\/wp-json\/wp\/v2\/pages\/3144","targetHints":{"allow":["GET"]}}],"collection":[{"href":"https:\/\/idihcs.fahce.unlp.edu.ar\/cinig\/wp-json\/wp\/v2\/pages"}],"about":[{"href":"https:\/\/idihcs.fahce.unlp.edu.ar\/cinig\/wp-json\/wp\/v2\/types\/page"}],"author":[{"embeddable":true,"href":"https:\/\/idihcs.fahce.unlp.edu.ar\/cinig\/wp-json\/wp\/v2\/users\/7"}],"replies":[{"embeddable":true,"href":"https:\/\/idihcs.fahce.unlp.edu.ar\/cinig\/wp-json\/wp\/v2\/comments?post=3144"}],"version-history":[{"count":11,"href":"https:\/\/idihcs.fahce.unlp.edu.ar\/cinig\/wp-json\/wp\/v2\/pages\/3144\/revisions"}],"predecessor-version":[{"id":3251,"href":"https:\/\/idihcs.fahce.unlp.edu.ar\/cinig\/wp-json\/wp\/v2\/pages\/3144\/revisions\/3251"}],"wp:featuredmedia":[{"embeddable":true,"href":"https:\/\/idihcs.fahce.unlp.edu.ar\/cinig\/wp-json\/wp\/v2\/media\/2631"}],"wp:attachment":[{"href":"https:\/\/idihcs.fahce.unlp.edu.ar\/cinig\/wp-json\/wp\/v2\/media?parent=3144"}],"curies":[{"name":"wp","href":"https:\/\/api.w.org\/{rel}","templated":true}]}}