{"id":2922,"date":"2025-09-29T20:17:35","date_gmt":"2025-09-29T23:17:35","guid":{"rendered":"https:\/\/idihcs.fahce.unlp.edu.ar\/cinig\/?page_id=2922"},"modified":"2025-09-30T11:37:07","modified_gmt":"2025-09-30T14:37:07","slug":"8-de-marzo-dia-internacional-de-la-mujer","status":"publish","type":"page","link":"https:\/\/idihcs.fahce.unlp.edu.ar\/cinig\/8-de-marzo-dia-internacional-de-la-mujer\/","title":{"rendered":"8 de marzo. D\u00eda internacional de la mujer trabajadora"},"content":{"rendered":"\n<figure class=\"wp-block-embed is-type-video is-provider-youtube wp-block-embed-youtube wp-embed-aspect-16-9 wp-has-aspect-ratio\"><div class=\"wp-block-embed__wrapper\">\n<iframe loading=\"lazy\" title=\"#8M: D\u00eda Internacional de las Mujeres Trabajadoras | Entrevista a Adriana Valobra\" width=\"696\" height=\"392\" src=\"https:\/\/www.youtube.com\/embed\/FdlRhKkZYSo?feature=oembed\" frameborder=\"0\" allow=\"accelerometer; autoplay; clipboard-write; encrypted-media; gyroscope; picture-in-picture; web-share\" referrerpolicy=\"strict-origin-when-cross-origin\" allowfullscreen><\/iframe>\n<\/div><\/figure>\n\n\n\n<p class=\"has-small-font-size\">Adriana \u201cIndi\u201d Valobra es Doctora en Historia, investigadora del CONICET y Directora del Centro Interdisciplinario de Investigaciones en G\u00e9nero (CInIG) &#8211; FaHCE &#8211; UNLP. Conversamos sobre los or\u00edgenes del 8 de marzo como D\u00eda Internacional de las Mujeres Trabajadoras, el Paro Internacional de Mujeres y Disidencias y los desaf\u00edos de los feminismos en el presente, a 40 a\u00f1os de democracia<\/p>\n\n\n\n<h2 class=\"wp-block-heading\" id=\"h-\"><\/h2>\n\n\n\n<hr class=\"wp-block-separator has-alpha-channel-opacity\" \/>\n\n\n\n<h2 class=\"wp-block-heading\" id=\"h-\"><\/h2>\n\n\n\n<figure class=\"wp-block-embed is-type-video is-provider-youtube wp-block-embed-youtube wp-embed-aspect-16-9 wp-has-aspect-ratio\"><div class=\"wp-block-embed__wrapper\">\n<iframe loading=\"lazy\" title=\"#8M \u00bfQu\u00e9 pasar\u00eda si las enfermeras pararan?\" width=\"696\" height=\"392\" src=\"https:\/\/www.youtube.com\/embed\/UGS_ftyjKWQ?start=7&#038;feature=oembed\" frameborder=\"0\" allow=\"accelerometer; autoplay; clipboard-write; encrypted-media; gyroscope; picture-in-picture; web-share\" referrerpolicy=\"strict-origin-when-cross-origin\" allowfullscreen><\/iframe>\n<\/div><\/figure>\n\n\n\n<p class=\"has-small-font-size\">Este 8 de marzo, Sof\u00eda Malleville, Anabel Beliera y Guillermo de Martinelli, integrantes del Proyecto PISAC-COVID 19 &#8220;La enfermer\u00eda los cuidados sanitarios profesionales durante la pandemia y la postpandemia del COVID 19 (Argentina, siglo XX y XXI)\u201d, radicado en el CInIG, reflexionan sobre la pregunta \u00bfqu\u00e9 pasar\u00eda si las enfermeras pararan?<\/p>\n","protected":false},"excerpt":{"rendered":"<p>Adriana \u201cIndi\u201d Valobra es Doctora en Historia, investigadora del CONICET y Directora del Centro Interdisciplinario de Investigaciones en G\u00e9nero (CInIG) &#8211; FaHCE &#8211; UNLP. Conversamos sobre los or\u00edgenes del 8 de marzo como D\u00eda Internacional de las Mujeres Trabajadoras, el Paro Internacional de Mujeres y Disidencias y los desaf\u00edos de los feminismos en el presente, [&hellip;]<\/p>\n","protected":false},"author":7,"featured_media":2619,"parent":0,"menu_order":0,"comment_status":"closed","ping_status":"closed","template":"page-ui.php","meta":{"_themeisle_gutenberg_block_has_review":false,"footnotes":""},"class_list":["post-2922","page","type-page","status-publish","has-post-thumbnail","hentry"],"acf":[],"rttpg_featured_image_url":{"full":["https:\/\/idihcs.fahce.unlp.edu.ar\/cinig\/wp-content\/uploads\/sites\/16\/2025\/08\/banner-cinig-1920x224-1.jpg",1920,224,false],"landscape":["https:\/\/idihcs.fahce.unlp.edu.ar\/cinig\/wp-content\/uploads\/sites\/16\/2025\/08\/banner-cinig-1920x224-1.jpg",1920,224,false],"portraits":["https:\/\/idihcs.fahce.unlp.edu.ar\/cinig\/wp-content\/uploads\/sites\/16\/2025\/08\/banner-cinig-1920x224-1.jpg",1920,224,false],"thumbnail":["https:\/\/idihcs.fahce.unlp.edu.ar\/cinig\/wp-content\/uploads\/sites\/16\/2025\/08\/banner-cinig-1920x224-1-150x150.jpg",150,150,true],"medium":["https:\/\/idihcs.fahce.unlp.edu.ar\/cinig\/wp-content\/uploads\/sites\/16\/2025\/08\/banner-cinig-1920x224-1-300x35.jpg",300,35,true],"large":["https:\/\/idihcs.fahce.unlp.edu.ar\/cinig\/wp-content\/uploads\/sites\/16\/2025\/08\/banner-cinig-1920x224-1-1024x119.jpg",696,81,true],"1536x1536":["https:\/\/idihcs.fahce.unlp.edu.ar\/cinig\/wp-content\/uploads\/sites\/16\/2025\/08\/banner-cinig-1920x224-1-1536x179.jpg",1536,179,true],"2048x2048":["https:\/\/idihcs.fahce.unlp.edu.ar\/cinig\/wp-content\/uploads\/sites\/16\/2025\/08\/banner-cinig-1920x224-1.jpg",1920,224,false],"td_80x60":["https:\/\/idihcs.fahce.unlp.edu.ar\/cinig\/wp-content\/uploads\/sites\/16\/2025\/08\/banner-cinig-1920x224-1-80x60.jpg",80,60,true],"td_100x70":["https:\/\/idihcs.fahce.unlp.edu.ar\/cinig\/wp-content\/uploads\/sites\/16\/2025\/08\/banner-cinig-1920x224-1-100x70.jpg",100,70,true],"td_218x150":["https:\/\/idihcs.fahce.unlp.edu.ar\/cinig\/wp-content\/uploads\/sites\/16\/2025\/08\/banner-cinig-1920x224-1-218x150.jpg",218,150,true],"td_265x198":["https:\/\/idihcs.fahce.unlp.edu.ar\/cinig\/wp-content\/uploads\/sites\/16\/2025\/08\/banner-cinig-1920x224-1-265x198.jpg",265,198,true],"td_324x160":["https:\/\/idihcs.fahce.unlp.edu.ar\/cinig\/wp-content\/uploads\/sites\/16\/2025\/08\/banner-cinig-1920x224-1-324x160.jpg",324,160,true],"td_324x235":["https:\/\/idihcs.fahce.unlp.edu.ar\/cinig\/wp-content\/uploads\/sites\/16\/2025\/08\/banner-cinig-1920x224-1-324x224.jpg",324,224,true],"td_324x400":["https:\/\/idihcs.fahce.unlp.edu.ar\/cinig\/wp-content\/uploads\/sites\/16\/2025\/08\/banner-cinig-1920x224-1-324x224.jpg",324,224,true],"td_356x220":["https:\/\/idihcs.fahce.unlp.edu.ar\/cinig\/wp-content\/uploads\/sites\/16\/2025\/08\/banner-cinig-1920x224-1-356x220.jpg",356,220,true],"td_356x364":["https:\/\/idihcs.fahce.unlp.edu.ar\/cinig\/wp-content\/uploads\/sites\/16\/2025\/08\/banner-cinig-1920x224-1-356x224.jpg",356,224,true],"td_485x360":["https:\/\/idihcs.fahce.unlp.edu.ar\/cinig\/wp-content\/uploads\/sites\/16\/2025\/08\/banner-cinig-1920x224-1-485x224.jpg",485,224,true],"td_533x261":["https:\/\/idihcs.fahce.unlp.edu.ar\/cinig\/wp-content\/uploads\/sites\/16\/2025\/08\/banner-cinig-1920x224-1-533x224.jpg",533,224,true],"td_534x462":["https:\/\/idihcs.fahce.unlp.edu.ar\/cinig\/wp-content\/uploads\/sites\/16\/2025\/08\/banner-cinig-1920x224-1-534x224.jpg",534,224,true],"td_696x0":["https:\/\/idihcs.fahce.unlp.edu.ar\/cinig\/wp-content\/uploads\/sites\/16\/2025\/08\/banner-cinig-1920x224-1-696x81.jpg",696,81,true],"td_696x385":["https:\/\/idihcs.fahce.unlp.edu.ar\/cinig\/wp-content\/uploads\/sites\/16\/2025\/08\/banner-cinig-1920x224-1-696x224.jpg",696,224,true],"td_741x486":["https:\/\/idihcs.fahce.unlp.edu.ar\/cinig\/wp-content\/uploads\/sites\/16\/2025\/08\/banner-cinig-1920x224-1-741x224.jpg",741,224,true],"td_1068x580":["https:\/\/idihcs.fahce.unlp.edu.ar\/cinig\/wp-content\/uploads\/sites\/16\/2025\/08\/banner-cinig-1920x224-1-1068x224.jpg",1068,224,true],"td_1068x0":["https:\/\/idihcs.fahce.unlp.edu.ar\/cinig\/wp-content\/uploads\/sites\/16\/2025\/08\/banner-cinig-1920x224-1-1068x125.jpg",1068,125,true],"td_0x420":["https:\/\/idihcs.fahce.unlp.edu.ar\/cinig\/wp-content\/uploads\/sites\/16\/2025\/08\/banner-cinig-1920x224-1.jpg",1920,224,false],"td_1920x0":["https:\/\/idihcs.fahce.unlp.edu.ar\/cinig\/wp-content\/uploads\/sites\/16\/2025\/08\/banner-cinig-1920x224-1.jpg",1920,224,false],"rt_custom":["https:\/\/idihcs.fahce.unlp.edu.ar\/cinig\/wp-content\/uploads\/sites\/16\/2025\/08\/banner-cinig-1920x224-1.jpg",1920,224,false]},"rttpg_author":{"display_name":"cinig","author_link":"https:\/\/idihcs.fahce.unlp.edu.ar\/cinig\/author\/cinig\/"},"rttpg_comment":0,"rttpg_category":null,"rttpg_excerpt":"Adriana \u201cIndi\u201d Valobra es Doctora en Historia, investigadora del CONICET y Directora del Centro Interdisciplinario de Investigaciones en G\u00e9nero (CInIG) &#8211; FaHCE &#8211; UNLP. Conversamos sobre los or\u00edgenes del 8 de marzo como D\u00eda Internacional de las Mujeres Trabajadoras, el Paro Internacional de Mujeres y Disidencias y los desaf\u00edos de los feminismos en el presente,&hellip;","_links":{"self":[{"href":"https:\/\/idihcs.fahce.unlp.edu.ar\/cinig\/wp-json\/wp\/v2\/pages\/2922","targetHints":{"allow":["GET"]}}],"collection":[{"href":"https:\/\/idihcs.fahce.unlp.edu.ar\/cinig\/wp-json\/wp\/v2\/pages"}],"about":[{"href":"https:\/\/idihcs.fahce.unlp.edu.ar\/cinig\/wp-json\/wp\/v2\/types\/page"}],"author":[{"embeddable":true,"href":"https:\/\/idihcs.fahce.unlp.edu.ar\/cinig\/wp-json\/wp\/v2\/users\/7"}],"replies":[{"embeddable":true,"href":"https:\/\/idihcs.fahce.unlp.edu.ar\/cinig\/wp-json\/wp\/v2\/comments?post=2922"}],"version-history":[{"count":4,"href":"https:\/\/idihcs.fahce.unlp.edu.ar\/cinig\/wp-json\/wp\/v2\/pages\/2922\/revisions"}],"predecessor-version":[{"id":2991,"href":"https:\/\/idihcs.fahce.unlp.edu.ar\/cinig\/wp-json\/wp\/v2\/pages\/2922\/revisions\/2991"}],"wp:featuredmedia":[{"embeddable":true,"href":"https:\/\/idihcs.fahce.unlp.edu.ar\/cinig\/wp-json\/wp\/v2\/media\/2619"}],"wp:attachment":[{"href":"https:\/\/idihcs.fahce.unlp.edu.ar\/cinig\/wp-json\/wp\/v2\/media?parent=2922"}],"curies":[{"name":"wp","href":"https:\/\/api.w.org\/{rel}","templated":true}]}}