{"id":2768,"date":"2025-09-23T10:45:15","date_gmt":"2025-09-23T13:45:15","guid":{"rendered":"https:\/\/idihcs.fahce.unlp.edu.ar\/cinig\/?page_id=2768"},"modified":"2025-10-02T12:05:18","modified_gmt":"2025-10-02T15:05:18","slug":"sufragio-2","status":"publish","type":"page","link":"https:\/\/idihcs.fahce.unlp.edu.ar\/cinig\/sufragio-2\/","title":{"rendered":"Sufragio"},"content":{"rendered":"\n<div class=\"wp-block-media-text is-stacked-on-mobile\" style=\"grid-template-columns:49% auto\"><figure class=\"wp-block-media-text__media\"><img loading=\"lazy\" decoding=\"async\" width=\"740\" height=\"538\" src=\"https:\/\/idihcs.fahce.unlp.edu.ar\/cinig\/wp-content\/uploads\/sites\/16\/2025\/09\/eva_discurso_ley_13_010_voto_femenino.jpg_972373002.jpg\" alt=\"\" class=\"wp-image-2844 size-full\" srcset=\"https:\/\/idihcs.fahce.unlp.edu.ar\/cinig\/wp-content\/uploads\/sites\/16\/2025\/09\/eva_discurso_ley_13_010_voto_femenino.jpg_972373002.jpg 740w, https:\/\/idihcs.fahce.unlp.edu.ar\/cinig\/wp-content\/uploads\/sites\/16\/2025\/09\/eva_discurso_ley_13_010_voto_femenino.jpg_972373002-300x218.jpg 300w, https:\/\/idihcs.fahce.unlp.edu.ar\/cinig\/wp-content\/uploads\/sites\/16\/2025\/09\/eva_discurso_ley_13_010_voto_femenino.jpg_972373002-324x235.jpg 324w, https:\/\/idihcs.fahce.unlp.edu.ar\/cinig\/wp-content\/uploads\/sites\/16\/2025\/09\/eva_discurso_ley_13_010_voto_femenino.jpg_972373002-696x506.jpg 696w, https:\/\/idihcs.fahce.unlp.edu.ar\/cinig\/wp-content\/uploads\/sites\/16\/2025\/09\/eva_discurso_ley_13_010_voto_femenino.jpg_972373002-578x420.jpg 578w\" sizes=\"auto, (max-width: 740px) 100vw, 740px\" \/><\/figure><div class=\"wp-block-media-text__content\">\n<p class=\"has-small-font-size\"><br><br><br><strong>Hoy en 1951, las mujeres votaban y eran elegidas por primera vez en Argentina<\/strong><br>12\/11\/2020<br>A 69 a\u00f1os del d\u00eda en que las argentinas votaron en igualdad de condiciones que los hombres y pudieron ser elegidas para ocupar cargos: qu\u00e9 dicen las especialistas sobre la lucha para conquistar el voto y las repercusiones que obtuvo.<\/p>\n\n\n\n<div class=\"wp-block-buttons is-content-justification-center is-layout-flex wp-container-core-buttons-is-layout-16018d1d wp-block-buttons-is-layout-flex\">\n<div class=\"wp-block-button\"><a class=\"wp-block-button__link has-background has-small-font-size has-custom-font-size wp-element-button\" href=\"https:\/\/www.filo.news\/genero\/Hoy-en-1951-las-mujeres-votaban-y-eran-elegidas-por-primera-vez-en-Argentina-20201110-0055.html\" style=\"background-color:#edc22c\" target=\"_blank\" rel=\"noreferrer noopener\">Ver nota<\/a><\/div>\n<\/div>\n\n\n\n<p class=\"has-small-font-size\"><\/p>\n<\/div><\/div>\n\n\n\n<h2 class=\"wp-block-heading\" id=\"h-\"><\/h2>\n\n\n\n<hr class=\"wp-block-separator has-alpha-channel-opacity\" \/>\n\n\n\n<h2 class=\"wp-block-heading\" id=\"h-\"><\/h2>\n\n\n\n<div class=\"wp-block-media-text is-stacked-on-mobile\"><figure class=\"wp-block-media-text__media\"><img loading=\"lazy\" decoding=\"async\" width=\"979\" height=\"431\" src=\"https:\/\/idihcs.fahce.unlp.edu.ar\/cinig\/wp-content\/uploads\/sites\/16\/2025\/09\/notaa.jpg\" alt=\"\" class=\"wp-image-2845 size-full\" srcset=\"https:\/\/idihcs.fahce.unlp.edu.ar\/cinig\/wp-content\/uploads\/sites\/16\/2025\/09\/notaa.jpg 979w, https:\/\/idihcs.fahce.unlp.edu.ar\/cinig\/wp-content\/uploads\/sites\/16\/2025\/09\/notaa-300x132.jpg 300w, https:\/\/idihcs.fahce.unlp.edu.ar\/cinig\/wp-content\/uploads\/sites\/16\/2025\/09\/notaa-768x338.jpg 768w, https:\/\/idihcs.fahce.unlp.edu.ar\/cinig\/wp-content\/uploads\/sites\/16\/2025\/09\/notaa-696x306.jpg 696w, https:\/\/idihcs.fahce.unlp.edu.ar\/cinig\/wp-content\/uploads\/sites\/16\/2025\/09\/notaa-954x420.jpg 954w\" sizes=\"auto, (max-width: 979px) 100vw, 979px\" \/><\/figure><div class=\"wp-block-media-text__content\">\n<p class=\"has-small-font-size\"><strong>En movimiento y lucha: las pioneras que accionaron para que las mujeres pudieran votar<\/strong><br>Entrevista a la Doctora en Historia Adriana Mar\u00eda \u201cIndi\u201d Valobra.<\/p>\n\n\n\n<div class=\"wp-block-buttons is-content-justification-center is-layout-flex wp-container-core-buttons-is-layout-16018d1d wp-block-buttons-is-layout-flex\">\n<div class=\"wp-block-button\"><a class=\"wp-block-button__link has-background has-small-font-size has-custom-font-size wp-element-button\" href=\"https:\/\/dib.com.ar\/2020\/09\/en-movimiento-y-lucha-las-pioneras-que-accionaron-para-que-las-mujeres-pudieran-votar\" style=\"background-color:#edc22c\" target=\"_blank\" rel=\"noreferrer noopener\">Ver nota<\/a><\/div>\n<\/div>\n\n\n\n<p class=\"has-small-font-size\"><\/p>\n<\/div><\/div>\n\n\n\n<h2 class=\"wp-block-heading\" id=\"h-\"><\/h2>\n\n\n\n<hr class=\"wp-block-separator has-alpha-channel-opacity\" \/>\n\n\n\n<h2 class=\"wp-block-heading\" id=\"h-\"><\/h2>\n\n\n\n<div class=\"wp-block-media-text is-stacked-on-mobile\" style=\"grid-template-columns:52% auto\"><figure class=\"wp-block-media-text__media\"><img loading=\"lazy\" decoding=\"async\" width=\"720\" height=\"400\" src=\"https:\/\/idihcs.fahce.unlp.edu.ar\/cinig\/wp-content\/uploads\/sites\/16\/2025\/09\/Eva-votando-web-720x400-1.jpg\" alt=\"\" class=\"wp-image-2846 size-full\" srcset=\"https:\/\/idihcs.fahce.unlp.edu.ar\/cinig\/wp-content\/uploads\/sites\/16\/2025\/09\/Eva-votando-web-720x400-1.jpg 720w, https:\/\/idihcs.fahce.unlp.edu.ar\/cinig\/wp-content\/uploads\/sites\/16\/2025\/09\/Eva-votando-web-720x400-1-300x167.jpg 300w, https:\/\/idihcs.fahce.unlp.edu.ar\/cinig\/wp-content\/uploads\/sites\/16\/2025\/09\/Eva-votando-web-720x400-1-696x387.jpg 696w\" sizes=\"auto, (max-width: 720px) 100vw, 720px\" \/><\/figure><div class=\"wp-block-media-text__content\">\n<p class=\"has-small-font-size\"><br><br><br><br><br><br><strong>D\u00cdA DEL VOTO. Todas las voces, todas las mujeres por el voto femenino<\/strong><br>Las investigadoras del CONICET, Adriana Mar\u00eda Valobra y Silvana Palermo, trazan un amplio mapa federal con los nombres de las muchas mujeres protagonistas que lucharon por el voto femenino en la Argentina.<\/p>\n\n\n\n<div class=\"wp-block-buttons is-content-justification-center is-layout-flex wp-container-core-buttons-is-layout-16018d1d wp-block-buttons-is-layout-flex\">\n<div class=\"wp-block-button\"><a class=\"wp-block-button__link has-background has-small-font-size has-custom-font-size wp-element-button\" href=\"https:\/\/www.conicet.gov.ar\/todas-las-voces-todas-las-mujeres-por-el-voto-femenino\/\" style=\"background-color:#edc22c\" target=\"_blank\" rel=\"noreferrer noopener\">Ver nota<\/a><\/div>\n<\/div>\n\n\n\n<p class=\"has-small-font-size\"><br><br><\/p>\n<\/div><\/div>\n\n\n\n<hr class=\"wp-block-separator has-alpha-channel-opacity\" \/>\n\n\n\n<h2 class=\"wp-block-heading\" id=\"h-\"><\/h2>\n\n\n\n<div class=\"wp-block-media-text is-stacked-on-mobile\"><figure class=\"wp-block-media-text__media\"><img loading=\"lazy\" decoding=\"async\" width=\"713\" height=\"392\" src=\"https:\/\/idihcs.fahce.unlp.edu.ar\/cinig\/wp-content\/uploads\/sites\/16\/2025\/09\/notasaa.jpg\" alt=\"\" class=\"wp-image-2847 size-full\" srcset=\"https:\/\/idihcs.fahce.unlp.edu.ar\/cinig\/wp-content\/uploads\/sites\/16\/2025\/09\/notasaa.jpg 713w, https:\/\/idihcs.fahce.unlp.edu.ar\/cinig\/wp-content\/uploads\/sites\/16\/2025\/09\/notasaa-300x165.jpg 300w, https:\/\/idihcs.fahce.unlp.edu.ar\/cinig\/wp-content\/uploads\/sites\/16\/2025\/09\/notasaa-696x383.jpg 696w\" sizes=\"auto, (max-width: 713px) 100vw, 713px\" \/><\/figure><div class=\"wp-block-media-text__content\">\n<p class=\"has-small-font-size\"><br><br><strong>La paja en el ojo ajeno.<br><\/strong>Las 12<br>26\/06\/2015<br>Por&nbsp;Adriana Valobra<\/p>\n\n\n\n<div class=\"wp-block-buttons is-content-justification-center is-layout-flex wp-container-core-buttons-is-layout-16018d1d wp-block-buttons-is-layout-flex\">\n<div class=\"wp-block-button\"><a class=\"wp-block-button__link has-background has-small-font-size has-custom-font-size wp-element-button\" href=\"https:\/\/www.pagina12.com.ar\/diario\/suplementos\/las12\/subnotas\/9831-936-2015-06-26.html\" style=\"background-color:#edc22c\" target=\"_blank\" rel=\"noreferrer noopener\">Ver nota<\/a><\/div>\n<\/div>\n\n\n\n<p class=\"has-small-font-size\"><br><\/p>\n<\/div><\/div>\n\n\n\n<h2 class=\"wp-block-heading\" id=\"h-\"><\/h2>\n\n\n\n<hr class=\"wp-block-separator has-alpha-channel-opacity\" \/>\n\n\n\n<h2 class=\"wp-block-heading\" id=\"h-\"><\/h2>\n\n\n\n<p><\/p>\n\n\n\n<div class=\"wp-block-media-text is-stacked-on-mobile\"><figure class=\"wp-block-media-text__media\"><img loading=\"lazy\" decoding=\"async\" width=\"720\" height=\"465\" src=\"https:\/\/idihcs.fahce.unlp.edu.ar\/cinig\/wp-content\/uploads\/sites\/16\/2025\/09\/notasaasdaa.jpg\" alt=\"\" class=\"wp-image-2850 size-full\" srcset=\"https:\/\/idihcs.fahce.unlp.edu.ar\/cinig\/wp-content\/uploads\/sites\/16\/2025\/09\/notasaasdaa.jpg 720w, https:\/\/idihcs.fahce.unlp.edu.ar\/cinig\/wp-content\/uploads\/sites\/16\/2025\/09\/notasaasdaa-300x194.jpg 300w, https:\/\/idihcs.fahce.unlp.edu.ar\/cinig\/wp-content\/uploads\/sites\/16\/2025\/09\/notasaasdaa-696x450.jpg 696w, https:\/\/idihcs.fahce.unlp.edu.ar\/cinig\/wp-content\/uploads\/sites\/16\/2025\/09\/notasaasdaa-650x420.jpg 650w\" sizes=\"auto, (max-width: 720px) 100vw, 720px\" \/><\/figure><div class=\"wp-block-media-text__content\">\n<p class=\"has-small-font-size\"><strong>Para venderte mejor<br><\/strong>Las 12<br>22\/04\/2011<\/p>\n\n\n\n<div class=\"wp-block-buttons is-content-justification-center is-layout-flex wp-container-core-buttons-is-layout-16018d1d wp-block-buttons-is-layout-flex\">\n<div class=\"wp-block-button\"><a class=\"wp-block-button__link has-background has-small-font-size has-custom-font-size wp-element-button\" href=\"https:\/\/www.pagina12.com.ar\/diario\/suplementos\/las12\/13-6456-2011-04-22.html\" style=\"background-color:#edc22c\" target=\"_blank\" rel=\"noreferrer noopener\">Ver nota<\/a><\/div>\n<\/div>\n\n\n\n<p class=\"has-small-font-size\"><\/p>\n<\/div><\/div>\n\n\n\n<h2 class=\"wp-block-heading\" id=\"h-\"><\/h2>\n\n\n\n<hr class=\"wp-block-separator has-alpha-channel-opacity\" \/>\n\n\n\n<h2 class=\"wp-block-heading\" id=\"h-\"><\/h2>\n\n\n\n<div class=\"wp-block-media-text is-stacked-on-mobile\"><figure class=\"wp-block-media-text__media\"><img loading=\"lazy\" decoding=\"async\" width=\"714\" height=\"478\" src=\"https:\/\/idihcs.fahce.unlp.edu.ar\/cinig\/wp-content\/uploads\/sites\/16\/2025\/09\/nodsfaasdaa.jpg\" alt=\"\" class=\"wp-image-2851 size-full\" srcset=\"https:\/\/idihcs.fahce.unlp.edu.ar\/cinig\/wp-content\/uploads\/sites\/16\/2025\/09\/nodsfaasdaa.jpg 714w, https:\/\/idihcs.fahce.unlp.edu.ar\/cinig\/wp-content\/uploads\/sites\/16\/2025\/09\/nodsfaasdaa-300x201.jpg 300w, https:\/\/idihcs.fahce.unlp.edu.ar\/cinig\/wp-content\/uploads\/sites\/16\/2025\/09\/nodsfaasdaa-696x466.jpg 696w, https:\/\/idihcs.fahce.unlp.edu.ar\/cinig\/wp-content\/uploads\/sites\/16\/2025\/09\/nodsfaasdaa-627x420.jpg 627w\" sizes=\"auto, (max-width: 714px) 100vw, 714px\" \/><\/figure><div class=\"wp-block-media-text__content\">\n<p class=\"has-small-font-size\"><strong>Otra tanda, por favor<\/strong>. Las 12. 01\/10\/2010<br>Un estudio realizado por la Universidad Nacional de Quilmes investiga la violencia de g\u00e9nero en la televisi\u00f3n argentina, haciendo foco en las im\u00e1genes estereotipadas que transmite nuestra tanda publicitaria.<\/p>\n\n\n\n<div class=\"wp-block-buttons is-content-justification-center is-layout-flex wp-container-core-buttons-is-layout-16018d1d wp-block-buttons-is-layout-flex\">\n<div class=\"wp-block-button\"><a class=\"wp-block-button__link has-background has-small-font-size has-custom-font-size wp-element-button\" href=\"https:\/\/www.pagina12.com.ar\/diario\/suplementos\/las12\/13-6014-2010-10-01.html\" style=\"background-color:#edc22c\" target=\"_blank\" rel=\"noreferrer noopener\">Ver nota<\/a><\/div>\n<\/div>\n\n\n\n<p class=\"has-small-font-size\"><\/p>\n<\/div><\/div>\n\n\n\n<h2 class=\"wp-block-heading\" id=\"h-\"><\/h2>\n\n\n\n<hr class=\"wp-block-separator has-alpha-channel-opacity\" \/>\n\n\n\n<h2 class=\"wp-block-heading\" id=\"h-\"><\/h2>\n\n\n\n<div class=\"wp-block-media-text is-stacked-on-mobile\"><figure class=\"wp-block-media-text__media\"><img loading=\"lazy\" decoding=\"async\" width=\"200\" height=\"130\" src=\"https:\/\/idihcs.fahce.unlp.edu.ar\/cinig\/wp-content\/uploads\/sites\/16\/2025\/09\/alumnos.jpg\" alt=\"\" class=\"wp-image-2852 size-full\" \/><\/figure><div class=\"wp-block-media-text__content\">\n<p><\/p>\n\n\n\n<p class=\"has-small-font-size\"><strong>Blancas palomitas<\/strong>.<br>Las 12. 18\/03\/2005<br>\u00bfPor qu\u00e9 las chicas tienen que usar guardapolvo blanco y los varones no? \u00bfPor qu\u00e9 ellas tienen que cubrir su cuerpo como si fuera algo de lo que deben avergonzarse?<\/p>\n\n\n\n<div class=\"wp-block-buttons is-content-justification-center is-layout-flex wp-container-core-buttons-is-layout-16018d1d wp-block-buttons-is-layout-flex\">\n<div class=\"wp-block-button\"><a class=\"wp-block-button__link has-background has-small-font-size has-custom-font-size wp-element-button\" href=\"https:\/\/www.pagina12.com.ar\/diario\/suplementos\/las12\/13-1831-2005-03-18.html\" style=\"background-color:#edc22c\" target=\"_blank\" rel=\"noreferrer noopener\">Ver nota<\/a><\/div>\n<\/div>\n\n\n\n<p class=\"has-small-font-size\"><br><\/p>\n<\/div><\/div>\n","protected":false},"excerpt":{"rendered":"","protected":false},"author":7,"featured_media":2619,"parent":0,"menu_order":0,"comment_status":"closed","ping_status":"closed","template":"page-ui.php","meta":{"_themeisle_gutenberg_block_has_review":false,"footnotes":""},"class_list":["post-2768","page","type-page","status-publish","has-post-thumbnail","hentry"],"acf":[],"rttpg_featured_image_url":{"full":["https:\/\/idihcs.fahce.unlp.edu.ar\/cinig\/wp-content\/uploads\/sites\/16\/2025\/08\/banner-cinig-1920x224-1.jpg",1920,224,false],"landscape":["https:\/\/idihcs.fahce.unlp.edu.ar\/cinig\/wp-content\/uploads\/sites\/16\/2025\/08\/banner-cinig-1920x224-1.jpg",1920,224,false],"portraits":["https:\/\/idihcs.fahce.unlp.edu.ar\/cinig\/wp-content\/uploads\/sites\/16\/2025\/08\/banner-cinig-1920x224-1.jpg",1920,224,false],"thumbnail":["https:\/\/idihcs.fahce.unlp.edu.ar\/cinig\/wp-content\/uploads\/sites\/16\/2025\/08\/banner-cinig-1920x224-1-150x150.jpg",150,150,true],"medium":["https:\/\/idihcs.fahce.unlp.edu.ar\/cinig\/wp-content\/uploads\/sites\/16\/2025\/08\/banner-cinig-1920x224-1-300x35.jpg",300,35,true],"large":["https:\/\/idihcs.fahce.unlp.edu.ar\/cinig\/wp-content\/uploads\/sites\/16\/2025\/08\/banner-cinig-1920x224-1-1024x119.jpg",696,81,true],"1536x1536":["https:\/\/idihcs.fahce.unlp.edu.ar\/cinig\/wp-content\/uploads\/sites\/16\/2025\/08\/banner-cinig-1920x224-1-1536x179.jpg",1536,179,true],"2048x2048":["https:\/\/idihcs.fahce.unlp.edu.ar\/cinig\/wp-content\/uploads\/sites\/16\/2025\/08\/banner-cinig-1920x224-1.jpg",1920,224,false],"td_80x60":["https:\/\/idihcs.fahce.unlp.edu.ar\/cinig\/wp-content\/uploads\/sites\/16\/2025\/08\/banner-cinig-1920x224-1-80x60.jpg",80,60,true],"td_100x70":["https:\/\/idihcs.fahce.unlp.edu.ar\/cinig\/wp-content\/uploads\/sites\/16\/2025\/08\/banner-cinig-1920x224-1-100x70.jpg",100,70,true],"td_218x150":["https:\/\/idihcs.fahce.unlp.edu.ar\/cinig\/wp-content\/uploads\/sites\/16\/2025\/08\/banner-cinig-1920x224-1-218x150.jpg",218,150,true],"td_265x198":["https:\/\/idihcs.fahce.unlp.edu.ar\/cinig\/wp-content\/uploads\/sites\/16\/2025\/08\/banner-cinig-1920x224-1-265x198.jpg",265,198,true],"td_324x160":["https:\/\/idihcs.fahce.unlp.edu.ar\/cinig\/wp-content\/uploads\/sites\/16\/2025\/08\/banner-cinig-1920x224-1-324x160.jpg",324,160,true],"td_324x235":["https:\/\/idihcs.fahce.unlp.edu.ar\/cinig\/wp-content\/uploads\/sites\/16\/2025\/08\/banner-cinig-1920x224-1-324x224.jpg",324,224,true],"td_324x400":["https:\/\/idihcs.fahce.unlp.edu.ar\/cinig\/wp-content\/uploads\/sites\/16\/2025\/08\/banner-cinig-1920x224-1-324x224.jpg",324,224,true],"td_356x220":["https:\/\/idihcs.fahce.unlp.edu.ar\/cinig\/wp-content\/uploads\/sites\/16\/2025\/08\/banner-cinig-1920x224-1-356x220.jpg",356,220,true],"td_356x364":["https:\/\/idihcs.fahce.unlp.edu.ar\/cinig\/wp-content\/uploads\/sites\/16\/2025\/08\/banner-cinig-1920x224-1-356x224.jpg",356,224,true],"td_485x360":["https:\/\/idihcs.fahce.unlp.edu.ar\/cinig\/wp-content\/uploads\/sites\/16\/2025\/08\/banner-cinig-1920x224-1-485x224.jpg",485,224,true],"td_533x261":["https:\/\/idihcs.fahce.unlp.edu.ar\/cinig\/wp-content\/uploads\/sites\/16\/2025\/08\/banner-cinig-1920x224-1-533x224.jpg",533,224,true],"td_534x462":["https:\/\/idihcs.fahce.unlp.edu.ar\/cinig\/wp-content\/uploads\/sites\/16\/2025\/08\/banner-cinig-1920x224-1-534x224.jpg",534,224,true],"td_696x0":["https:\/\/idihcs.fahce.unlp.edu.ar\/cinig\/wp-content\/uploads\/sites\/16\/2025\/08\/banner-cinig-1920x224-1-696x81.jpg",696,81,true],"td_696x385":["https:\/\/idihcs.fahce.unlp.edu.ar\/cinig\/wp-content\/uploads\/sites\/16\/2025\/08\/banner-cinig-1920x224-1-696x224.jpg",696,224,true],"td_741x486":["https:\/\/idihcs.fahce.unlp.edu.ar\/cinig\/wp-content\/uploads\/sites\/16\/2025\/08\/banner-cinig-1920x224-1-741x224.jpg",741,224,true],"td_1068x580":["https:\/\/idihcs.fahce.unlp.edu.ar\/cinig\/wp-content\/uploads\/sites\/16\/2025\/08\/banner-cinig-1920x224-1-1068x224.jpg",1068,224,true],"td_1068x0":["https:\/\/idihcs.fahce.unlp.edu.ar\/cinig\/wp-content\/uploads\/sites\/16\/2025\/08\/banner-cinig-1920x224-1-1068x125.jpg",1068,125,true],"td_0x420":["https:\/\/idihcs.fahce.unlp.edu.ar\/cinig\/wp-content\/uploads\/sites\/16\/2025\/08\/banner-cinig-1920x224-1.jpg",1920,224,false],"td_1920x0":["https:\/\/idihcs.fahce.unlp.edu.ar\/cinig\/wp-content\/uploads\/sites\/16\/2025\/08\/banner-cinig-1920x224-1.jpg",1920,224,false],"rt_custom":["https:\/\/idihcs.fahce.unlp.edu.ar\/cinig\/wp-content\/uploads\/sites\/16\/2025\/08\/banner-cinig-1920x224-1.jpg",1920,224,false]},"rttpg_author":{"display_name":"cinig","author_link":"https:\/\/idihcs.fahce.unlp.edu.ar\/cinig\/author\/cinig\/"},"rttpg_comment":0,"rttpg_category":null,"rttpg_excerpt":null,"_links":{"self":[{"href":"https:\/\/idihcs.fahce.unlp.edu.ar\/cinig\/wp-json\/wp\/v2\/pages\/2768","targetHints":{"allow":["GET"]}}],"collection":[{"href":"https:\/\/idihcs.fahce.unlp.edu.ar\/cinig\/wp-json\/wp\/v2\/pages"}],"about":[{"href":"https:\/\/idihcs.fahce.unlp.edu.ar\/cinig\/wp-json\/wp\/v2\/types\/page"}],"author":[{"embeddable":true,"href":"https:\/\/idihcs.fahce.unlp.edu.ar\/cinig\/wp-json\/wp\/v2\/users\/7"}],"replies":[{"embeddable":true,"href":"https:\/\/idihcs.fahce.unlp.edu.ar\/cinig\/wp-json\/wp\/v2\/comments?post=2768"}],"version-history":[{"count":5,"href":"https:\/\/idihcs.fahce.unlp.edu.ar\/cinig\/wp-json\/wp\/v2\/pages\/2768\/revisions"}],"predecessor-version":[{"id":3028,"href":"https:\/\/idihcs.fahce.unlp.edu.ar\/cinig\/wp-json\/wp\/v2\/pages\/2768\/revisions\/3028"}],"wp:featuredmedia":[{"embeddable":true,"href":"https:\/\/idihcs.fahce.unlp.edu.ar\/cinig\/wp-json\/wp\/v2\/media\/2619"}],"wp:attachment":[{"href":"https:\/\/idihcs.fahce.unlp.edu.ar\/cinig\/wp-json\/wp\/v2\/media?parent=2768"}],"curies":[{"name":"wp","href":"https:\/\/api.w.org\/{rel}","templated":true}]}}