{"id":2765,"date":"2025-09-23T10:45:01","date_gmt":"2025-09-23T13:45:01","guid":{"rendered":"https:\/\/idihcs.fahce.unlp.edu.ar\/cinig\/?page_id=2765"},"modified":"2025-09-30T11:35:29","modified_gmt":"2025-09-30T14:35:29","slug":"violencias","status":"publish","type":"page","link":"https:\/\/idihcs.fahce.unlp.edu.ar\/cinig\/violencias\/","title":{"rendered":"Violencias"},"content":{"rendered":"\n<h2 class=\"wp-block-heading\" id=\"h-andamios-genero-y-derechos-cap-iii-derechos-civiles-cinig\">ANDAMIOS. G\u00e9nero y Derechos Cap III Derechos Civiles (CInIG)<a href=\"https:\/\/www.youtube.com\/@fahceunlp207\"><\/a><\/h2>\n\n\n\n<figure class=\"wp-block-embed is-type-video is-provider-youtube wp-block-embed-youtube wp-embed-aspect-16-9 wp-has-aspect-ratio\"><div class=\"wp-block-embed__wrapper\">\n<iframe loading=\"lazy\" title=\"ANDAMIOS G\u00e9nero y Derechos  Cap III Derechos Civiles (Cinig)\" width=\"696\" height=\"392\" src=\"https:\/\/www.youtube.com\/embed\/t66fFBF7OyE?feature=oembed\" frameborder=\"0\" allow=\"accelerometer; autoplay; clipboard-write; encrypted-media; gyroscope; picture-in-picture; web-share\" referrerpolicy=\"strict-origin-when-cross-origin\" allowfullscreen><\/iframe>\n<\/div><\/figure>\n\n\n\n<p class=\"has-small-font-size\">Entrevista a Ver\u00f3nica Giordano, Dra. en Ciencias Sociales Proyecto de Voluntariado &#8220;G\u00e9nero, pr\u00e1ctica transformadora&#8221; (FaHCE). Colecci\u00f3n ANDAMIOS (FaHCE- Sec. Extensi\u00f3n) &#8220;G\u00e9nero y Derechos&#8221; Cap III Los Derechos Civiles: matrimonio y g\u00e9nero.<\/p>\n\n\n\n<h2 class=\"wp-block-heading\" id=\"h-\"><\/h2>\n\n\n\n<hr class=\"wp-block-separator has-alpha-channel-opacity\" \/>\n\n\n\n<h2 class=\"wp-block-heading\">\u00bfC\u00f3mo se construye el registro Nacional de Femicidios?<a href=\"https:\/\/www.youtube.com\/@cinigunlp\"><\/a><\/h2>\n\n\n\n<figure class=\"wp-block-embed is-type-video is-provider-youtube wp-block-embed-youtube wp-embed-aspect-16-9 wp-has-aspect-ratio\"><div class=\"wp-block-embed__wrapper\">\n<iframe loading=\"lazy\" title=\"\u00bfC\u00f3mo se construye el registro Nacional de Femicidios?\" width=\"696\" height=\"392\" src=\"https:\/\/www.youtube.com\/embed\/TInKopez3uc?feature=oembed\" frameborder=\"0\" allow=\"accelerometer; autoplay; clipboard-write; encrypted-media; gyroscope; picture-in-picture; web-share\" referrerpolicy=\"strict-origin-when-cross-origin\" allowfullscreen><\/iframe>\n<\/div><\/figure>\n\n\n\n<p class=\"has-small-font-size\">Ni una menos, 3 de Junio de 2022. \u00bfC\u00f3mo se construye el registro Nacional de Femicidios? CInIG, Adriana Valobra, Directora del CInIG, presentaci\u00f3n. Invitadas: Mar\u00eda Delia Casta\u00f1ares, Secretaria letrada a cargo de la Oficina de la Mujer de la Corte Suprema de Justicia de la Naci\u00f3n (OM, CSJN); Alejandra Otamendi, Coordinadora del \u00c1rea de Investigaciones y Registros de la OM, CSJN y Luciana Gagniere, Coordinadora Jur\u00eddica de la OM, CSJN. Producci\u00f3n: Adriana Valobra y Gisela Manzoni (CInIG).<\/p>\n\n\n\n<h2 class=\"wp-block-heading\" id=\"header\"><\/h2>\n\n\n\n<hr class=\"wp-block-separator has-alpha-channel-opacity\" \/>\n\n\n\n<h2 class=\"wp-block-heading\">Mujeres: lo personal es pol\u00edtico &#8211; Vida cotidiana (cap\u00edtulo completo) &#8211; Canal Encuentro<a href=\"https:\/\/www.youtube.com\/@encuentro\"><\/a><\/h2>\n\n\n\n<figure class=\"wp-block-embed is-type-video is-provider-youtube wp-block-embed-youtube wp-embed-aspect-4-3 wp-has-aspect-ratio\"><div class=\"wp-block-embed__wrapper\">\n<iframe loading=\"lazy\" title=\"Mujeres: lo personal es pol\u00edtico - Vida cotidiana (cap\u00edtulo completo) - Canal Encuentro\" width=\"696\" height=\"522\" src=\"https:\/\/www.youtube.com\/embed\/gxQEF3Jz6TI?feature=oembed\" frameborder=\"0\" allow=\"accelerometer; autoplay; clipboard-write; encrypted-media; gyroscope; picture-in-picture; web-share\" referrerpolicy=\"strict-origin-when-cross-origin\" allowfullscreen><\/iframe>\n<\/div><\/figure>\n\n\n\n<p class=\"has-small-font-size\">C\u00f3mo era la vida de las mujeres en 1810? \u00bfQu\u00e9 esperaba de ellas la sociedad? \u00bfSi se casaban, pod\u00edan trabajar? Este cap\u00edtulo expone los cambios cotidianos que experimentaron las mujeres en doscientos a\u00f1os de historia.<\/p>\n\n\n\n<h2 class=\"wp-block-heading\" id=\"h-\"><\/h2>\n\n\n\n<hr class=\"wp-block-separator has-alpha-channel-opacity\" \/>\n\n\n\n<h2 class=\"wp-block-heading\">MARZO. Transversalidad feminista VI<a href=\"https:\/\/www.youtube.com\/@cinigunlp\"><\/a><\/h2>\n\n\n\n<figure class=\"wp-block-embed is-type-video is-provider-youtube wp-block-embed-youtube wp-embed-aspect-16-9 wp-has-aspect-ratio\"><div class=\"wp-block-embed__wrapper\">\n<iframe loading=\"lazy\" title=\"MARZO. Transversalidad feminista VI\" width=\"696\" height=\"392\" src=\"https:\/\/www.youtube.com\/embed\/LctsxcmdM80?feature=oembed\" frameborder=\"0\" allow=\"accelerometer; autoplay; clipboard-write; encrypted-media; gyroscope; picture-in-picture; web-share\" referrerpolicy=\"strict-origin-when-cross-origin\" allowfullscreen><\/iframe>\n<\/div><\/figure>\n\n\n\n<p class=\"has-small-font-size\">Desde el CInIG conmemoramos la transversalidad feminista del mes de marzo aunando las fechas 7M d\u00eda de la Visibilidad L\u00e9sbica, 8M D\u00eda Internacional de las Mujeres Trabajadoras, 18M D\u00eda de la Promoci\u00f3n de los Derechos de las Personas Trans, 24M D\u00eda de la Memoria por la Verdad y la Justicia. Por eso, compartiremos videos en los que algun*s integrantes del Centro comunican sus producciones, en funci\u00f3n de hacer visible la articulaci\u00f3n de nuestras investigaciones con las problem\u00e1ticas sociales de nuestro tiempo.<br>En esta oportunidad, compartimos la intervenci\u00f3n de Paula Soza Rossi, Lic. en Sociolog\u00eda (UNLP), Mg. en G\u00e9nero, Sociedad y Pol\u00edticas, Prigepp, Flacso, Docente- investigadora (UNLP).<\/p>\n\n\n\n<h2 class=\"wp-block-heading\" id=\"h-\"><\/h2>\n\n\n\n<hr class=\"wp-block-separator has-alpha-channel-opacity\" \/>\n","protected":false},"excerpt":{"rendered":"<p>ANDAMIOS. G\u00e9nero y Derechos Cap III Derechos Civiles (CInIG) Entrevista a Ver\u00f3nica Giordano, Dra. en Ciencias Sociales Proyecto de Voluntariado &#8220;G\u00e9nero, pr\u00e1ctica transformadora&#8221; (FaHCE). Colecci\u00f3n ANDAMIOS (FaHCE- Sec. Extensi\u00f3n) &#8220;G\u00e9nero y Derechos&#8221; Cap III Los Derechos Civiles: matrimonio y g\u00e9nero. \u00bfC\u00f3mo se construye el registro Nacional de Femicidios? Ni una menos, 3 de Junio de [&hellip;]<\/p>\n","protected":false},"author":7,"featured_media":2619,"parent":0,"menu_order":0,"comment_status":"closed","ping_status":"closed","template":"page-ui.php","meta":{"_themeisle_gutenberg_block_has_review":false,"footnotes":""},"class_list":["post-2765","page","type-page","status-publish","has-post-thumbnail","hentry"],"acf":[],"rttpg_featured_image_url":{"full":["https:\/\/idihcs.fahce.unlp.edu.ar\/cinig\/wp-content\/uploads\/sites\/16\/2025\/08\/banner-cinig-1920x224-1.jpg",1920,224,false],"landscape":["https:\/\/idihcs.fahce.unlp.edu.ar\/cinig\/wp-content\/uploads\/sites\/16\/2025\/08\/banner-cinig-1920x224-1.jpg",1920,224,false],"portraits":["https:\/\/idihcs.fahce.unlp.edu.ar\/cinig\/wp-content\/uploads\/sites\/16\/2025\/08\/banner-cinig-1920x224-1.jpg",1920,224,false],"thumbnail":["https:\/\/idihcs.fahce.unlp.edu.ar\/cinig\/wp-content\/uploads\/sites\/16\/2025\/08\/banner-cinig-1920x224-1-150x150.jpg",150,150,true],"medium":["https:\/\/idihcs.fahce.unlp.edu.ar\/cinig\/wp-content\/uploads\/sites\/16\/2025\/08\/banner-cinig-1920x224-1-300x35.jpg",300,35,true],"large":["https:\/\/idihcs.fahce.unlp.edu.ar\/cinig\/wp-content\/uploads\/sites\/16\/2025\/08\/banner-cinig-1920x224-1-1024x119.jpg",696,81,true],"1536x1536":["https:\/\/idihcs.fahce.unlp.edu.ar\/cinig\/wp-content\/uploads\/sites\/16\/2025\/08\/banner-cinig-1920x224-1-1536x179.jpg",1536,179,true],"2048x2048":["https:\/\/idihcs.fahce.unlp.edu.ar\/cinig\/wp-content\/uploads\/sites\/16\/2025\/08\/banner-cinig-1920x224-1.jpg",1920,224,false],"td_80x60":["https:\/\/idihcs.fahce.unlp.edu.ar\/cinig\/wp-content\/uploads\/sites\/16\/2025\/08\/banner-cinig-1920x224-1-80x60.jpg",80,60,true],"td_100x70":["https:\/\/idihcs.fahce.unlp.edu.ar\/cinig\/wp-content\/uploads\/sites\/16\/2025\/08\/banner-cinig-1920x224-1-100x70.jpg",100,70,true],"td_218x150":["https:\/\/idihcs.fahce.unlp.edu.ar\/cinig\/wp-content\/uploads\/sites\/16\/2025\/08\/banner-cinig-1920x224-1-218x150.jpg",218,150,true],"td_265x198":["https:\/\/idihcs.fahce.unlp.edu.ar\/cinig\/wp-content\/uploads\/sites\/16\/2025\/08\/banner-cinig-1920x224-1-265x198.jpg",265,198,true],"td_324x160":["https:\/\/idihcs.fahce.unlp.edu.ar\/cinig\/wp-content\/uploads\/sites\/16\/2025\/08\/banner-cinig-1920x224-1-324x160.jpg",324,160,true],"td_324x235":["https:\/\/idihcs.fahce.unlp.edu.ar\/cinig\/wp-content\/uploads\/sites\/16\/2025\/08\/banner-cinig-1920x224-1-324x224.jpg",324,224,true],"td_324x400":["https:\/\/idihcs.fahce.unlp.edu.ar\/cinig\/wp-content\/uploads\/sites\/16\/2025\/08\/banner-cinig-1920x224-1-324x224.jpg",324,224,true],"td_356x220":["https:\/\/idihcs.fahce.unlp.edu.ar\/cinig\/wp-content\/uploads\/sites\/16\/2025\/08\/banner-cinig-1920x224-1-356x220.jpg",356,220,true],"td_356x364":["https:\/\/idihcs.fahce.unlp.edu.ar\/cinig\/wp-content\/uploads\/sites\/16\/2025\/08\/banner-cinig-1920x224-1-356x224.jpg",356,224,true],"td_485x360":["https:\/\/idihcs.fahce.unlp.edu.ar\/cinig\/wp-content\/uploads\/sites\/16\/2025\/08\/banner-cinig-1920x224-1-485x224.jpg",485,224,true],"td_533x261":["https:\/\/idihcs.fahce.unlp.edu.ar\/cinig\/wp-content\/uploads\/sites\/16\/2025\/08\/banner-cinig-1920x224-1-533x224.jpg",533,224,true],"td_534x462":["https:\/\/idihcs.fahce.unlp.edu.ar\/cinig\/wp-content\/uploads\/sites\/16\/2025\/08\/banner-cinig-1920x224-1-534x224.jpg",534,224,true],"td_696x0":["https:\/\/idihcs.fahce.unlp.edu.ar\/cinig\/wp-content\/uploads\/sites\/16\/2025\/08\/banner-cinig-1920x224-1-696x81.jpg",696,81,true],"td_696x385":["https:\/\/idihcs.fahce.unlp.edu.ar\/cinig\/wp-content\/uploads\/sites\/16\/2025\/08\/banner-cinig-1920x224-1-696x224.jpg",696,224,true],"td_741x486":["https:\/\/idihcs.fahce.unlp.edu.ar\/cinig\/wp-content\/uploads\/sites\/16\/2025\/08\/banner-cinig-1920x224-1-741x224.jpg",741,224,true],"td_1068x580":["https:\/\/idihcs.fahce.unlp.edu.ar\/cinig\/wp-content\/uploads\/sites\/16\/2025\/08\/banner-cinig-1920x224-1-1068x224.jpg",1068,224,true],"td_1068x0":["https:\/\/idihcs.fahce.unlp.edu.ar\/cinig\/wp-content\/uploads\/sites\/16\/2025\/08\/banner-cinig-1920x224-1-1068x125.jpg",1068,125,true],"td_0x420":["https:\/\/idihcs.fahce.unlp.edu.ar\/cinig\/wp-content\/uploads\/sites\/16\/2025\/08\/banner-cinig-1920x224-1.jpg",1920,224,false],"td_1920x0":["https:\/\/idihcs.fahce.unlp.edu.ar\/cinig\/wp-content\/uploads\/sites\/16\/2025\/08\/banner-cinig-1920x224-1.jpg",1920,224,false],"rt_custom":["https:\/\/idihcs.fahce.unlp.edu.ar\/cinig\/wp-content\/uploads\/sites\/16\/2025\/08\/banner-cinig-1920x224-1.jpg",1920,224,false]},"rttpg_author":{"display_name":"cinig","author_link":"https:\/\/idihcs.fahce.unlp.edu.ar\/cinig\/author\/cinig\/"},"rttpg_comment":0,"rttpg_category":null,"rttpg_excerpt":"ANDAMIOS. G\u00e9nero y Derechos Cap III Derechos Civiles (CInIG) Entrevista a Ver\u00f3nica Giordano, Dra. en Ciencias Sociales Proyecto de Voluntariado &#8220;G\u00e9nero, pr\u00e1ctica transformadora&#8221; (FaHCE). Colecci\u00f3n ANDAMIOS (FaHCE- Sec. Extensi\u00f3n) &#8220;G\u00e9nero y Derechos&#8221; Cap III Los Derechos Civiles: matrimonio y g\u00e9nero. \u00bfC\u00f3mo se construye el registro Nacional de Femicidios? Ni una menos, 3 de Junio de&hellip;","_links":{"self":[{"href":"https:\/\/idihcs.fahce.unlp.edu.ar\/cinig\/wp-json\/wp\/v2\/pages\/2765","targetHints":{"allow":["GET"]}}],"collection":[{"href":"https:\/\/idihcs.fahce.unlp.edu.ar\/cinig\/wp-json\/wp\/v2\/pages"}],"about":[{"href":"https:\/\/idihcs.fahce.unlp.edu.ar\/cinig\/wp-json\/wp\/v2\/types\/page"}],"author":[{"embeddable":true,"href":"https:\/\/idihcs.fahce.unlp.edu.ar\/cinig\/wp-json\/wp\/v2\/users\/7"}],"replies":[{"embeddable":true,"href":"https:\/\/idihcs.fahce.unlp.edu.ar\/cinig\/wp-json\/wp\/v2\/comments?post=2765"}],"version-history":[{"count":5,"href":"https:\/\/idihcs.fahce.unlp.edu.ar\/cinig\/wp-json\/wp\/v2\/pages\/2765\/revisions"}],"predecessor-version":[{"id":2983,"href":"https:\/\/idihcs.fahce.unlp.edu.ar\/cinig\/wp-json\/wp\/v2\/pages\/2765\/revisions\/2983"}],"wp:featuredmedia":[{"embeddable":true,"href":"https:\/\/idihcs.fahce.unlp.edu.ar\/cinig\/wp-json\/wp\/v2\/media\/2619"}],"wp:attachment":[{"href":"https:\/\/idihcs.fahce.unlp.edu.ar\/cinig\/wp-json\/wp\/v2\/media?parent=2765"}],"curies":[{"name":"wp","href":"https:\/\/api.w.org\/{rel}","templated":true}]}}