{"id":2763,"date":"2025-09-23T10:44:58","date_gmt":"2025-09-23T13:44:58","guid":{"rendered":"https:\/\/idihcs.fahce.unlp.edu.ar\/cinig\/?page_id=2763"},"modified":"2025-09-30T11:33:51","modified_gmt":"2025-09-30T14:33:51","slug":"sufragio","status":"publish","type":"page","link":"https:\/\/idihcs.fahce.unlp.edu.ar\/cinig\/sufragio\/","title":{"rendered":"Sufragio"},"content":{"rendered":"\n<h2 class=\"wp-block-heading\" id=\"h-andamios-genero-y-derechos-cap-v-derechos-politicos-cinig\">ANDAMIOS. G\u00e9nero y Derechos Cap. V Derechos Pol\u00edticos (CInIG)<a href=\"https:\/\/www.youtube.com\/@fahceunlp207\"><\/a><\/h2>\n\n\n\n<figure class=\"wp-block-embed is-type-video is-provider-youtube wp-block-embed-youtube wp-embed-aspect-16-9 wp-has-aspect-ratio\"><div class=\"wp-block-embed__wrapper\">\n<iframe loading=\"lazy\" title=\"ANDAMIOS G\u00e9nero y Derechos Cap. V Derechos Pol\u00edticos (Cinig)\" width=\"696\" height=\"392\" src=\"https:\/\/www.youtube.com\/embed\/p8AvHGcBQeY?feature=oembed\" frameborder=\"0\" allow=\"accelerometer; autoplay; clipboard-write; encrypted-media; gyroscope; picture-in-picture; web-share\" referrerpolicy=\"strict-origin-when-cross-origin\" allowfullscreen><\/iframe>\n<\/div><\/figure>\n\n\n\n<p class=\"has-small-font-size\">Colecci\u00f3n ANDAMIOS (faHCE) Serie Materiales Libro G\u00e9nero y Derechos ( Valobra y Gorza, 2019) Cap. V Derechos Pol\u00edticos Entrevista a la Dra. Adriana Valobra<\/p>\n\n\n\n<h2 class=\"wp-block-heading\" id=\"h-\"><\/h2>\n\n\n\n<hr class=\"wp-block-separator has-alpha-channel-opacity\" \/>\n\n\n\n<h2 class=\"wp-block-heading\" id=\"h-adriana-valobra-unlp-conicet-sobre-el-voto-femenino-en-argentina\">Adriana Valobra (UNLP-CONICET). Sobre el voto femenino en Argentina<a href=\"https:\/\/www.youtube.com\/@cinigunlp\"><\/a><\/h2>\n\n\n\n<figure class=\"wp-block-embed is-type-video is-provider-youtube wp-block-embed-youtube wp-embed-aspect-16-9 wp-has-aspect-ratio\"><div class=\"wp-block-embed__wrapper\">\n<iframe loading=\"lazy\" title=\"Adriana Valobra (UNLP-CONICET). Sobre el voto femenino en Argentina\" width=\"696\" height=\"392\" src=\"https:\/\/www.youtube.com\/embed\/-EQVl4J2UkI?feature=oembed\" frameborder=\"0\" allow=\"accelerometer; autoplay; clipboard-write; encrypted-media; gyroscope; picture-in-picture; web-share\" referrerpolicy=\"strict-origin-when-cross-origin\" allowfullscreen><\/iframe>\n<\/div><\/figure>\n\n\n\n<p class=\"has-small-font-size\">Este 11 de noviembre, en el marco de un nuevo aniversario de la primera votaci\u00f3n de las mujeres a nivel nacional en Argentina, algunas de las integrantes del panel &#8220;Qu\u00e9 hay de nuevo sobre el sufragio femenino en Am\u00e9rica?&#8221;, llevado a cabo el 11 de agosto de 2022, reflexionan sobre el voto en varios pa\u00edses de Am\u00e9rica Latina.<\/p>\n\n\n\n<h2 class=\"wp-block-heading\" id=\"h-\"><\/h2>\n\n\n\n<hr class=\"wp-block-separator has-alpha-channel-opacity\" \/>\n\n\n\n<p><\/p>\n","protected":false},"excerpt":{"rendered":"<p>ANDAMIOS. G\u00e9nero y Derechos Cap. V Derechos Pol\u00edticos (CInIG) Colecci\u00f3n ANDAMIOS (faHCE) Serie Materiales Libro G\u00e9nero y Derechos ( Valobra y Gorza, 2019) Cap. V Derechos Pol\u00edticos Entrevista a la Dra. Adriana Valobra Adriana Valobra (UNLP-CONICET). Sobre el voto femenino en Argentina Este 11 de noviembre, en el marco de un nuevo aniversario de la [&hellip;]<\/p>\n","protected":false},"author":7,"featured_media":2619,"parent":0,"menu_order":0,"comment_status":"closed","ping_status":"closed","template":"page-ui.php","meta":{"_themeisle_gutenberg_block_has_review":false,"footnotes":""},"class_list":["post-2763","page","type-page","status-publish","has-post-thumbnail","hentry"],"acf":[],"rttpg_featured_image_url":{"full":["https:\/\/idihcs.fahce.unlp.edu.ar\/cinig\/wp-content\/uploads\/sites\/16\/2025\/08\/banner-cinig-1920x224-1.jpg",1920,224,false],"landscape":["https:\/\/idihcs.fahce.unlp.edu.ar\/cinig\/wp-content\/uploads\/sites\/16\/2025\/08\/banner-cinig-1920x224-1.jpg",1920,224,false],"portraits":["https:\/\/idihcs.fahce.unlp.edu.ar\/cinig\/wp-content\/uploads\/sites\/16\/2025\/08\/banner-cinig-1920x224-1.jpg",1920,224,false],"thumbnail":["https:\/\/idihcs.fahce.unlp.edu.ar\/cinig\/wp-content\/uploads\/sites\/16\/2025\/08\/banner-cinig-1920x224-1-150x150.jpg",150,150,true],"medium":["https:\/\/idihcs.fahce.unlp.edu.ar\/cinig\/wp-content\/uploads\/sites\/16\/2025\/08\/banner-cinig-1920x224-1-300x35.jpg",300,35,true],"large":["https:\/\/idihcs.fahce.unlp.edu.ar\/cinig\/wp-content\/uploads\/sites\/16\/2025\/08\/banner-cinig-1920x224-1-1024x119.jpg",696,81,true],"1536x1536":["https:\/\/idihcs.fahce.unlp.edu.ar\/cinig\/wp-content\/uploads\/sites\/16\/2025\/08\/banner-cinig-1920x224-1-1536x179.jpg",1536,179,true],"2048x2048":["https:\/\/idihcs.fahce.unlp.edu.ar\/cinig\/wp-content\/uploads\/sites\/16\/2025\/08\/banner-cinig-1920x224-1.jpg",1920,224,false],"td_80x60":["https:\/\/idihcs.fahce.unlp.edu.ar\/cinig\/wp-content\/uploads\/sites\/16\/2025\/08\/banner-cinig-1920x224-1-80x60.jpg",80,60,true],"td_100x70":["https:\/\/idihcs.fahce.unlp.edu.ar\/cinig\/wp-content\/uploads\/sites\/16\/2025\/08\/banner-cinig-1920x224-1-100x70.jpg",100,70,true],"td_218x150":["https:\/\/idihcs.fahce.unlp.edu.ar\/cinig\/wp-content\/uploads\/sites\/16\/2025\/08\/banner-cinig-1920x224-1-218x150.jpg",218,150,true],"td_265x198":["https:\/\/idihcs.fahce.unlp.edu.ar\/cinig\/wp-content\/uploads\/sites\/16\/2025\/08\/banner-cinig-1920x224-1-265x198.jpg",265,198,true],"td_324x160":["https:\/\/idihcs.fahce.unlp.edu.ar\/cinig\/wp-content\/uploads\/sites\/16\/2025\/08\/banner-cinig-1920x224-1-324x160.jpg",324,160,true],"td_324x235":["https:\/\/idihcs.fahce.unlp.edu.ar\/cinig\/wp-content\/uploads\/sites\/16\/2025\/08\/banner-cinig-1920x224-1-324x224.jpg",324,224,true],"td_324x400":["https:\/\/idihcs.fahce.unlp.edu.ar\/cinig\/wp-content\/uploads\/sites\/16\/2025\/08\/banner-cinig-1920x224-1-324x224.jpg",324,224,true],"td_356x220":["https:\/\/idihcs.fahce.unlp.edu.ar\/cinig\/wp-content\/uploads\/sites\/16\/2025\/08\/banner-cinig-1920x224-1-356x220.jpg",356,220,true],"td_356x364":["https:\/\/idihcs.fahce.unlp.edu.ar\/cinig\/wp-content\/uploads\/sites\/16\/2025\/08\/banner-cinig-1920x224-1-356x224.jpg",356,224,true],"td_485x360":["https:\/\/idihcs.fahce.unlp.edu.ar\/cinig\/wp-content\/uploads\/sites\/16\/2025\/08\/banner-cinig-1920x224-1-485x224.jpg",485,224,true],"td_533x261":["https:\/\/idihcs.fahce.unlp.edu.ar\/cinig\/wp-content\/uploads\/sites\/16\/2025\/08\/banner-cinig-1920x224-1-533x224.jpg",533,224,true],"td_534x462":["https:\/\/idihcs.fahce.unlp.edu.ar\/cinig\/wp-content\/uploads\/sites\/16\/2025\/08\/banner-cinig-1920x224-1-534x224.jpg",534,224,true],"td_696x0":["https:\/\/idihcs.fahce.unlp.edu.ar\/cinig\/wp-content\/uploads\/sites\/16\/2025\/08\/banner-cinig-1920x224-1-696x81.jpg",696,81,true],"td_696x385":["https:\/\/idihcs.fahce.unlp.edu.ar\/cinig\/wp-content\/uploads\/sites\/16\/2025\/08\/banner-cinig-1920x224-1-696x224.jpg",696,224,true],"td_741x486":["https:\/\/idihcs.fahce.unlp.edu.ar\/cinig\/wp-content\/uploads\/sites\/16\/2025\/08\/banner-cinig-1920x224-1-741x224.jpg",741,224,true],"td_1068x580":["https:\/\/idihcs.fahce.unlp.edu.ar\/cinig\/wp-content\/uploads\/sites\/16\/2025\/08\/banner-cinig-1920x224-1-1068x224.jpg",1068,224,true],"td_1068x0":["https:\/\/idihcs.fahce.unlp.edu.ar\/cinig\/wp-content\/uploads\/sites\/16\/2025\/08\/banner-cinig-1920x224-1-1068x125.jpg",1068,125,true],"td_0x420":["https:\/\/idihcs.fahce.unlp.edu.ar\/cinig\/wp-content\/uploads\/sites\/16\/2025\/08\/banner-cinig-1920x224-1.jpg",1920,224,false],"td_1920x0":["https:\/\/idihcs.fahce.unlp.edu.ar\/cinig\/wp-content\/uploads\/sites\/16\/2025\/08\/banner-cinig-1920x224-1.jpg",1920,224,false],"rt_custom":["https:\/\/idihcs.fahce.unlp.edu.ar\/cinig\/wp-content\/uploads\/sites\/16\/2025\/08\/banner-cinig-1920x224-1.jpg",1920,224,false]},"rttpg_author":{"display_name":"cinig","author_link":"https:\/\/idihcs.fahce.unlp.edu.ar\/cinig\/author\/cinig\/"},"rttpg_comment":0,"rttpg_category":null,"rttpg_excerpt":"ANDAMIOS. G\u00e9nero y Derechos Cap. V Derechos Pol\u00edticos (CInIG) Colecci\u00f3n ANDAMIOS (faHCE) Serie Materiales Libro G\u00e9nero y Derechos ( Valobra y Gorza, 2019) Cap. V Derechos Pol\u00edticos Entrevista a la Dra. Adriana Valobra Adriana Valobra (UNLP-CONICET). Sobre el voto femenino en Argentina Este 11 de noviembre, en el marco de un nuevo aniversario de la&hellip;","_links":{"self":[{"href":"https:\/\/idihcs.fahce.unlp.edu.ar\/cinig\/wp-json\/wp\/v2\/pages\/2763","targetHints":{"allow":["GET"]}}],"collection":[{"href":"https:\/\/idihcs.fahce.unlp.edu.ar\/cinig\/wp-json\/wp\/v2\/pages"}],"about":[{"href":"https:\/\/idihcs.fahce.unlp.edu.ar\/cinig\/wp-json\/wp\/v2\/types\/page"}],"author":[{"embeddable":true,"href":"https:\/\/idihcs.fahce.unlp.edu.ar\/cinig\/wp-json\/wp\/v2\/users\/7"}],"replies":[{"embeddable":true,"href":"https:\/\/idihcs.fahce.unlp.edu.ar\/cinig\/wp-json\/wp\/v2\/comments?post=2763"}],"version-history":[{"count":6,"href":"https:\/\/idihcs.fahce.unlp.edu.ar\/cinig\/wp-json\/wp\/v2\/pages\/2763\/revisions"}],"predecessor-version":[{"id":2979,"href":"https:\/\/idihcs.fahce.unlp.edu.ar\/cinig\/wp-json\/wp\/v2\/pages\/2763\/revisions\/2979"}],"wp:featuredmedia":[{"embeddable":true,"href":"https:\/\/idihcs.fahce.unlp.edu.ar\/cinig\/wp-json\/wp\/v2\/media\/2619"}],"wp:attachment":[{"href":"https:\/\/idihcs.fahce.unlp.edu.ar\/cinig\/wp-json\/wp\/v2\/media?parent=2763"}],"curies":[{"name":"wp","href":"https:\/\/api.w.org\/{rel}","templated":true}]}}