{"id":2761,"date":"2025-09-23T10:44:51","date_gmt":"2025-09-23T13:44:51","guid":{"rendered":"https:\/\/idihcs.fahce.unlp.edu.ar\/cinig\/?page_id=2761"},"modified":"2025-09-30T11:30:44","modified_gmt":"2025-09-30T14:30:44","slug":"trabajo","status":"publish","type":"page","link":"https:\/\/idihcs.fahce.unlp.edu.ar\/cinig\/trabajo\/","title":{"rendered":"Trabajo"},"content":{"rendered":"\n<h2 class=\"wp-block-heading\" id=\"h-testimonio-audiovisual-de-la-doctora-olga-salanueva-fcjys-unlp\">Testimonio audiovisual de la Doctora Olga Salanueva (FCJyS, UNLP).<a href=\"https:\/\/www.youtube.com\/@cinigunlp\"><\/a><\/h2>\n\n\n\n<figure class=\"wp-block-embed is-type-video is-provider-youtube wp-block-embed-youtube wp-embed-aspect-16-9 wp-has-aspect-ratio\"><div class=\"wp-block-embed__wrapper\">\n<iframe loading=\"lazy\" title=\"Testimonio audiovisual de la Doctora Olga Salanueva (FCJyS, UNLP).\" width=\"696\" height=\"392\" src=\"https:\/\/www.youtube.com\/embed\/xgpqhXOSqZY?feature=oembed\" frameborder=\"0\" allow=\"accelerometer; autoplay; clipboard-write; encrypted-media; gyroscope; picture-in-picture; web-share\" referrerpolicy=\"strict-origin-when-cross-origin\" allowfullscreen><\/iframe>\n<\/div><\/figure>\n\n\n\n<p class=\"has-small-font-size\">Entrevista realizada a la Dra. Olga Salanueva (FCJyS, UNLP) con motivo de la celebraci\u00f3n del D\u00eda de la abogada y el abogado. Entrevistada por Luisina Bolla Rosario G\u00f3mez Molla, el 21 de agosto de 2024, en el Estudio Jur\u00eddico Molla &#8211; Di Lorenzo &#8211; G\u00f3mez Krivochen (La Plata). Registro Audiovisual: Bruno Bolla y Mercedes Durand. Edici\u00f3n y Montaje Mariel Anthonioz &#8211; Blanc. Tema musical: Codo a Codo. Composici\u00f3n, interpretaci\u00f3n, grabaci\u00f3n y mezcla por Ezequiel P\u00e9rez Valobra (diciembre 2022 &#8211; marzo 2023). Una producci\u00f3n del Centro Interdisciplinario de Investigaciones en G\u00e9nero y el Instituto de Investigaciones en Humanidades y Ciencias Sociales (2024).<\/p>\n\n\n\n<h2 class=\"wp-block-heading\" id=\"h-\"><\/h2>\n\n\n\n<hr class=\"wp-block-separator has-alpha-channel-opacity\" \/>\n\n\n\n<h2 class=\"wp-block-heading\" id=\"h-8m-dia-internacional-de-las-mujeres-trabajadoras-entrevista-a-adriana-valobra\">#8M: D\u00eda Internacional de las Mujeres Trabajadoras | Entrevista a Adriana Valobra<\/h2>\n\n\n\n<figure class=\"wp-block-embed is-type-video is-provider-youtube wp-block-embed-youtube wp-embed-aspect-16-9 wp-has-aspect-ratio\"><div class=\"wp-block-embed__wrapper\">\n<iframe loading=\"lazy\" title=\"#8M: D\u00eda Internacional de las Mujeres Trabajadoras | Entrevista a Adriana Valobra\" width=\"696\" height=\"392\" src=\"https:\/\/www.youtube.com\/embed\/FdlRhKkZYSo?feature=oembed\" frameborder=\"0\" allow=\"accelerometer; autoplay; clipboard-write; encrypted-media; gyroscope; picture-in-picture; web-share\" referrerpolicy=\"strict-origin-when-cross-origin\" allowfullscreen><\/iframe>\n<\/div><\/figure>\n\n\n\n<p class=\"has-small-font-size\">Adriana \u201cIndi\u201d Valobra es Doctora en Historia, investigadora del CONICET y Directora del Centro Interdisciplinario de Investigaciones en G\u00e9nero (CInIG) &#8211; FaHCE &#8211; UNLP. Conversamos sobre los or\u00edgenes del 8 de marzo como D\u00eda Internacional de las Mujeres Trabajadoras, el Paro Internacional de Mujeres y Disidencias y los desaf\u00edos de los feminismos en el presente, a 40 a\u00f1os de democracia<br>M\u00fasica: Siempre Avanzando <a href=\"https:\/\/www.youtube.com\/redirect?event=video_description&amp;redir_token=QUFFLUhqbDBsemtwbTFrVkcyRzQzM3ZnaFpyd2tkNnNzQXxBQ3Jtc0trb2F6WktIWUVqZ3NYWGwyYjYwWWFTMjhUZ3JXaFNDcXdDVEZOUzlUSWpiN20tSjAyNENHSEtRVEN3NncxX1ZKZXg3RnQ4ZEpSbjRBZElIY256RjRVdXhZYXU1cy1qUGZGY3JkM01GVVhCYzRRNG5Zcw&amp;q=https%3A%2F%2Fwww.fiftysounds.com%2Fes%2F&amp;v=FdlRhKkZYSo\" target=\"_blank\" rel=\"noreferrer noopener\">https:\/\/www.fiftysounds.com\/es\/<\/a><br>Fotos: Archivo Hasenberg-Quaretti &#8211; Julia Alba @julita_alba<br>Liceo VM | UNLP marzo 2024<\/p>\n\n\n\n<h2 class=\"wp-block-heading\" id=\"h-\"><\/h2>\n\n\n\n<hr class=\"wp-block-separator has-alpha-channel-opacity\" \/>\n\n\n\n<h2 class=\"wp-block-heading\" id=\"h-8m-nbsp-que-pasaria-si-las-enfermeras-pararan\">#8M&nbsp;\u00bfQu\u00e9 pasar\u00eda si las enfermeras pararan?<a href=\"https:\/\/www.youtube.com\/@cinigunlp\"><\/a><\/h2>\n\n\n\n<figure class=\"wp-block-embed is-type-video is-provider-youtube wp-block-embed-youtube wp-embed-aspect-16-9 wp-has-aspect-ratio\"><div class=\"wp-block-embed__wrapper\">\n<iframe loading=\"lazy\" title=\"#8M \u00bfQu\u00e9 pasar\u00eda si las enfermeras pararan?\" width=\"696\" height=\"392\" src=\"https:\/\/www.youtube.com\/embed\/UGS_ftyjKWQ?start=7&#038;feature=oembed\" frameborder=\"0\" allow=\"accelerometer; autoplay; clipboard-write; encrypted-media; gyroscope; picture-in-picture; web-share\" referrerpolicy=\"strict-origin-when-cross-origin\" allowfullscreen><\/iframe>\n<\/div><\/figure>\n\n\n\n<p class=\"has-small-font-size\">Este 8 de marzo, Sof\u00eda Malleville, Anabel Beliera y Guillermo de Martinelli, integrantes del Proyecto PISAC-COVID 19 &#8220;La enfermer\u00eda los cuidados sanitarios profesionales durante la pandemia y la postpandemia del COVID 19 (Argentina, siglo XX y XXI)\u201d, radicado en el CInIG, reflexionan sobre la pregunta \u00bfqu\u00e9 pasar\u00eda si las enfermeras pararan?<\/p>\n\n\n\n<h2 class=\"wp-block-heading\" id=\"h-\"><\/h2>\n\n\n\n<hr class=\"wp-block-separator has-alpha-channel-opacity\" \/>\n\n\n\n<h2 class=\"wp-block-heading\" id=\"h-entrevista-radial-sobre-resultados-del-pisac-22-nodo-2\">Entrevista Radial sobre resultados del PISAC 22. Nodo 2<\/h2>\n\n\n\n<figure class=\"wp-block-embed is-type-video is-provider-youtube wp-block-embed-youtube wp-embed-aspect-16-9 wp-has-aspect-ratio\"><div class=\"wp-block-embed__wrapper\">\n<iframe loading=\"lazy\" title=\"Entrevista Radial sobre resultados del PISAC 22. Nodo 2\" width=\"696\" height=\"392\" src=\"https:\/\/www.youtube.com\/embed\/OIpPSCQ_gKQ?feature=oembed\" frameborder=\"0\" allow=\"accelerometer; autoplay; clipboard-write; encrypted-media; gyroscope; picture-in-picture; web-share\" referrerpolicy=\"strict-origin-when-cross-origin\" allowfullscreen><\/iframe>\n<\/div><\/figure>\n\n\n\n<p class=\"has-small-font-size\">Entrevista radial en el programa La verdad no existe el 23 de julio de 2021. Adriana Valobra y Guillermo Di Martinelli presentan objetivos del Pisac 22 y algunos resultados preliminares.<\/p>\n\n\n\n<h2 class=\"wp-block-heading\" id=\"h-\"><\/h2>\n\n\n\n<hr class=\"wp-block-separator has-alpha-channel-opacity\" \/>\n\n\n\n<h2 class=\"wp-block-heading\" id=\"h-mujeres-genero-y-trabajo-en-contexto-de-pandemia\">Mujeres, g\u00e9nero y trabajo en contexto de pandemia<\/h2>\n\n\n\n<figure class=\"wp-block-embed is-type-video is-provider-youtube wp-block-embed-youtube wp-embed-aspect-16-9 wp-has-aspect-ratio\"><div class=\"wp-block-embed__wrapper\">\n<iframe loading=\"lazy\" title=\"Mujeres, g\u00e9nero y trabajo en contexto de pandemia\" width=\"696\" height=\"392\" src=\"https:\/\/www.youtube.com\/embed\/Bc6ZMKoT64w?feature=oembed\" frameborder=\"0\" allow=\"accelerometer; autoplay; clipboard-write; encrypted-media; gyroscope; picture-in-picture; web-share\" referrerpolicy=\"strict-origin-when-cross-origin\" allowfullscreen><\/iframe>\n<\/div><\/figure>\n\n\n\n<p class=\"has-small-font-size\">Un equipo del Centro Interdisciplinario de Investigaciones en Genero (CInIG) reflexiona desde la Historia y la Filosof\u00eda sobre mujeres y trabajo en contexto de pandemia. La tensi\u00f3n entre nivel de productividad y tareas de cuidado, las nociones en torno a la conciliaci\u00f3n entre empleo y vida dom\u00e9stica; y la necesidad de deshacer el g\u00e9nero para desarmar la divisi\u00f3n sexual del trabajo.<br>03\/08\/2020<\/p>\n\n\n\n<h2 class=\"wp-block-heading\" id=\"h-\"><\/h2>\n\n\n\n<hr class=\"wp-block-separator has-alpha-channel-opacity\" \/>\n\n\n\n<h2 class=\"wp-block-heading\" id=\"h-pioneras-mujeres-que-hicieron-historia-mujeres-trabajadoras-canal-encuentro\">Pioneras. Mujeres que hicieron historia: Mujeres trabajadoras &#8211; Canal Encuentro<a href=\"https:\/\/www.youtube.com\/@encuentro\"><\/a><\/h2>\n\n\n\n<figure class=\"wp-block-embed is-type-video is-provider-youtube wp-block-embed-youtube wp-embed-aspect-16-9 wp-has-aspect-ratio\"><div class=\"wp-block-embed__wrapper\">\n<iframe loading=\"lazy\" title=\"Pioneras. Mujeres que hicieron historia: Mujeres trabajadoras - Canal Encuentro\" width=\"696\" height=\"392\" src=\"https:\/\/www.youtube.com\/embed\/jH4P3i2srGQ?feature=oembed\" frameborder=\"0\" allow=\"accelerometer; autoplay; clipboard-write; encrypted-media; gyroscope; picture-in-picture; web-share\" referrerpolicy=\"strict-origin-when-cross-origin\" allowfullscreen><\/iframe>\n<\/div><\/figure>\n\n\n\n<p class=\"has-small-font-size\">Gabriela Laperri\u00e8re (1861-1907) y Fenia Chertkoff (1869-1927) asumieron un compromiso activo para reglamentar el trabajo de las mujeres. Visitando f\u00e1bricas y talleres, redactando convenios y organizando huelgas, lograron poner, en la escena p\u00fablica, la desigualdad de g\u00e9nero en el \u00e1mbito laboral.<\/p>\n\n\n\n<h2 class=\"wp-block-heading\" id=\"h-\"><\/h2>\n\n\n\n<hr class=\"wp-block-separator has-alpha-channel-opacity\" \/>\n\n\n\n<p><\/p>\n","protected":false},"excerpt":{"rendered":"<p>Testimonio audiovisual de la Doctora Olga Salanueva (FCJyS, UNLP). Entrevista realizada a la Dra. Olga Salanueva (FCJyS, UNLP) con motivo de la celebraci\u00f3n del D\u00eda de la abogada y el abogado. Entrevistada por Luisina Bolla Rosario G\u00f3mez Molla, el 21 de agosto de 2024, en el Estudio Jur\u00eddico Molla &#8211; Di Lorenzo &#8211; G\u00f3mez Krivochen [&hellip;]<\/p>\n","protected":false},"author":7,"featured_media":2619,"parent":0,"menu_order":0,"comment_status":"closed","ping_status":"closed","template":"page-ui.php","meta":{"_themeisle_gutenberg_block_has_review":false,"footnotes":""},"class_list":["post-2761","page","type-page","status-publish","has-post-thumbnail","hentry"],"acf":[],"rttpg_featured_image_url":{"full":["https:\/\/idihcs.fahce.unlp.edu.ar\/cinig\/wp-content\/uploads\/sites\/16\/2025\/08\/banner-cinig-1920x224-1.jpg",1920,224,false],"landscape":["https:\/\/idihcs.fahce.unlp.edu.ar\/cinig\/wp-content\/uploads\/sites\/16\/2025\/08\/banner-cinig-1920x224-1.jpg",1920,224,false],"portraits":["https:\/\/idihcs.fahce.unlp.edu.ar\/cinig\/wp-content\/uploads\/sites\/16\/2025\/08\/banner-cinig-1920x224-1.jpg",1920,224,false],"thumbnail":["https:\/\/idihcs.fahce.unlp.edu.ar\/cinig\/wp-content\/uploads\/sites\/16\/2025\/08\/banner-cinig-1920x224-1-150x150.jpg",150,150,true],"medium":["https:\/\/idihcs.fahce.unlp.edu.ar\/cinig\/wp-content\/uploads\/sites\/16\/2025\/08\/banner-cinig-1920x224-1-300x35.jpg",300,35,true],"large":["https:\/\/idihcs.fahce.unlp.edu.ar\/cinig\/wp-content\/uploads\/sites\/16\/2025\/08\/banner-cinig-1920x224-1-1024x119.jpg",696,81,true],"1536x1536":["https:\/\/idihcs.fahce.unlp.edu.ar\/cinig\/wp-content\/uploads\/sites\/16\/2025\/08\/banner-cinig-1920x224-1-1536x179.jpg",1536,179,true],"2048x2048":["https:\/\/idihcs.fahce.unlp.edu.ar\/cinig\/wp-content\/uploads\/sites\/16\/2025\/08\/banner-cinig-1920x224-1.jpg",1920,224,false],"td_80x60":["https:\/\/idihcs.fahce.unlp.edu.ar\/cinig\/wp-content\/uploads\/sites\/16\/2025\/08\/banner-cinig-1920x224-1-80x60.jpg",80,60,true],"td_100x70":["https:\/\/idihcs.fahce.unlp.edu.ar\/cinig\/wp-content\/uploads\/sites\/16\/2025\/08\/banner-cinig-1920x224-1-100x70.jpg",100,70,true],"td_218x150":["https:\/\/idihcs.fahce.unlp.edu.ar\/cinig\/wp-content\/uploads\/sites\/16\/2025\/08\/banner-cinig-1920x224-1-218x150.jpg",218,150,true],"td_265x198":["https:\/\/idihcs.fahce.unlp.edu.ar\/cinig\/wp-content\/uploads\/sites\/16\/2025\/08\/banner-cinig-1920x224-1-265x198.jpg",265,198,true],"td_324x160":["https:\/\/idihcs.fahce.unlp.edu.ar\/cinig\/wp-content\/uploads\/sites\/16\/2025\/08\/banner-cinig-1920x224-1-324x160.jpg",324,160,true],"td_324x235":["https:\/\/idihcs.fahce.unlp.edu.ar\/cinig\/wp-content\/uploads\/sites\/16\/2025\/08\/banner-cinig-1920x224-1-324x224.jpg",324,224,true],"td_324x400":["https:\/\/idihcs.fahce.unlp.edu.ar\/cinig\/wp-content\/uploads\/sites\/16\/2025\/08\/banner-cinig-1920x224-1-324x224.jpg",324,224,true],"td_356x220":["https:\/\/idihcs.fahce.unlp.edu.ar\/cinig\/wp-content\/uploads\/sites\/16\/2025\/08\/banner-cinig-1920x224-1-356x220.jpg",356,220,true],"td_356x364":["https:\/\/idihcs.fahce.unlp.edu.ar\/cinig\/wp-content\/uploads\/sites\/16\/2025\/08\/banner-cinig-1920x224-1-356x224.jpg",356,224,true],"td_485x360":["https:\/\/idihcs.fahce.unlp.edu.ar\/cinig\/wp-content\/uploads\/sites\/16\/2025\/08\/banner-cinig-1920x224-1-485x224.jpg",485,224,true],"td_533x261":["https:\/\/idihcs.fahce.unlp.edu.ar\/cinig\/wp-content\/uploads\/sites\/16\/2025\/08\/banner-cinig-1920x224-1-533x224.jpg",533,224,true],"td_534x462":["https:\/\/idihcs.fahce.unlp.edu.ar\/cinig\/wp-content\/uploads\/sites\/16\/2025\/08\/banner-cinig-1920x224-1-534x224.jpg",534,224,true],"td_696x0":["https:\/\/idihcs.fahce.unlp.edu.ar\/cinig\/wp-content\/uploads\/sites\/16\/2025\/08\/banner-cinig-1920x224-1-696x81.jpg",696,81,true],"td_696x385":["https:\/\/idihcs.fahce.unlp.edu.ar\/cinig\/wp-content\/uploads\/sites\/16\/2025\/08\/banner-cinig-1920x224-1-696x224.jpg",696,224,true],"td_741x486":["https:\/\/idihcs.fahce.unlp.edu.ar\/cinig\/wp-content\/uploads\/sites\/16\/2025\/08\/banner-cinig-1920x224-1-741x224.jpg",741,224,true],"td_1068x580":["https:\/\/idihcs.fahce.unlp.edu.ar\/cinig\/wp-content\/uploads\/sites\/16\/2025\/08\/banner-cinig-1920x224-1-1068x224.jpg",1068,224,true],"td_1068x0":["https:\/\/idihcs.fahce.unlp.edu.ar\/cinig\/wp-content\/uploads\/sites\/16\/2025\/08\/banner-cinig-1920x224-1-1068x125.jpg",1068,125,true],"td_0x420":["https:\/\/idihcs.fahce.unlp.edu.ar\/cinig\/wp-content\/uploads\/sites\/16\/2025\/08\/banner-cinig-1920x224-1.jpg",1920,224,false],"td_1920x0":["https:\/\/idihcs.fahce.unlp.edu.ar\/cinig\/wp-content\/uploads\/sites\/16\/2025\/08\/banner-cinig-1920x224-1.jpg",1920,224,false],"rt_custom":["https:\/\/idihcs.fahce.unlp.edu.ar\/cinig\/wp-content\/uploads\/sites\/16\/2025\/08\/banner-cinig-1920x224-1.jpg",1920,224,false]},"rttpg_author":{"display_name":"cinig","author_link":"https:\/\/idihcs.fahce.unlp.edu.ar\/cinig\/author\/cinig\/"},"rttpg_comment":0,"rttpg_category":null,"rttpg_excerpt":"Testimonio audiovisual de la Doctora Olga Salanueva (FCJyS, UNLP). Entrevista realizada a la Dra. Olga Salanueva (FCJyS, UNLP) con motivo de la celebraci\u00f3n del D\u00eda de la abogada y el abogado. Entrevistada por Luisina Bolla Rosario G\u00f3mez Molla, el 21 de agosto de 2024, en el Estudio Jur\u00eddico Molla &#8211; Di Lorenzo &#8211; G\u00f3mez Krivochen&hellip;","_links":{"self":[{"href":"https:\/\/idihcs.fahce.unlp.edu.ar\/cinig\/wp-json\/wp\/v2\/pages\/2761","targetHints":{"allow":["GET"]}}],"collection":[{"href":"https:\/\/idihcs.fahce.unlp.edu.ar\/cinig\/wp-json\/wp\/v2\/pages"}],"about":[{"href":"https:\/\/idihcs.fahce.unlp.edu.ar\/cinig\/wp-json\/wp\/v2\/types\/page"}],"author":[{"embeddable":true,"href":"https:\/\/idihcs.fahce.unlp.edu.ar\/cinig\/wp-json\/wp\/v2\/users\/7"}],"replies":[{"embeddable":true,"href":"https:\/\/idihcs.fahce.unlp.edu.ar\/cinig\/wp-json\/wp\/v2\/comments?post=2761"}],"version-history":[{"count":6,"href":"https:\/\/idihcs.fahce.unlp.edu.ar\/cinig\/wp-json\/wp\/v2\/pages\/2761\/revisions"}],"predecessor-version":[{"id":2974,"href":"https:\/\/idihcs.fahce.unlp.edu.ar\/cinig\/wp-json\/wp\/v2\/pages\/2761\/revisions\/2974"}],"wp:featuredmedia":[{"embeddable":true,"href":"https:\/\/idihcs.fahce.unlp.edu.ar\/cinig\/wp-json\/wp\/v2\/media\/2619"}],"wp:attachment":[{"href":"https:\/\/idihcs.fahce.unlp.edu.ar\/cinig\/wp-json\/wp\/v2\/media?parent=2761"}],"curies":[{"name":"wp","href":"https:\/\/api.w.org\/{rel}","templated":true}]}}