{"id":2664,"date":"2025-09-02T11:07:04","date_gmt":"2025-09-02T14:07:04","guid":{"rendered":"https:\/\/idihcs.fahce.unlp.edu.ar\/cinig\/?page_id=2664"},"modified":"2026-03-05T14:25:24","modified_gmt":"2026-03-05T17:25:24","slug":"grupos-de-estudio-vigentes","status":"publish","type":"page","link":"https:\/\/idihcs.fahce.unlp.edu.ar\/cinig\/grupos-de-estudio-vigentes\/","title":{"rendered":"Grupos de estudio vigentes"},"content":{"rendered":"\n<p><strong>2025. Feminismo Posthumanista, pensar el presente con Rosi Braidotti. Coord.: Mabel Alicia Campagnoli.<\/strong><\/p>\n\n\n\n<p><strong>2025. Grupo de Estudios sobre Feminismos Materialistas. Coord.: Victoria Estermann, Mariana Frega y Victoria Pasero.<\/strong><\/p>\n\n\n\n<p><strong>2025. Historia, g\u00e9nero y metodolog\u00eda: claves para pensar nuestros avances de investigaci\u00f3n. Coord.: Adriana Mar\u00eda Valobra y Mg. Silvina Mariel Aveni.<\/strong><\/p>\n\n\n\n<p><strong>2025. Grupo de estudio: La hermana, la extranjera: sentipensar con Audre Lorde. Coord.: Lic. Julieta Maiar\u00fa.<\/strong><\/p>\n\n\n\n<p><strong>2025. Grupo de estudio trans. Coord.: Mag De Santo y Malen Azul Calderon.<\/strong><\/p>\n\n\n\n<p><strong>2026. Grupo de Estudio \u201cMasculinidades y Pol\u00edtica en la Argentina\u201d. Coord.: Esteban Barroso.<\/strong><\/p>\n\n\n\n<p><strong>2026. Grupo de trabajo y Seminario mensual interinstitucional e internacional \u201cHistoria del delito femenino en Am\u00e9rica Latina. Revisi\u00f3n te\u00f3rico-metodol\u00f3gica\u201d. Coord.: Sol Calandria y Martha Santill\u00e1n Esqueda.<\/strong><\/p>\n","protected":false},"excerpt":{"rendered":"<p>2025. Feminismo Posthumanista, pensar el presente con Rosi Braidotti. Coord.: Mabel Alicia Campagnoli. 2025. Grupo de Estudios sobre Feminismos Materialistas. Coord.: Victoria Estermann, Mariana Frega y Victoria Pasero. 2025. Historia, g\u00e9nero y metodolog\u00eda: claves para pensar nuestros avances de investigaci\u00f3n. Coord.: Adriana Mar\u00eda Valobra y Mg. Silvina Mariel Aveni. 2025. Grupo de estudio: La hermana, [&hellip;]<\/p>\n","protected":false},"author":7,"featured_media":2619,"parent":0,"menu_order":0,"comment_status":"closed","ping_status":"closed","template":"page-ui.php","meta":{"_themeisle_gutenberg_block_has_review":false,"footnotes":""},"class_list":["post-2664","page","type-page","status-publish","has-post-thumbnail","hentry"],"acf":[],"rttpg_featured_image_url":{"full":["https:\/\/idihcs.fahce.unlp.edu.ar\/cinig\/wp-content\/uploads\/sites\/16\/2025\/08\/banner-cinig-1920x224-1.jpg",1920,224,false],"landscape":["https:\/\/idihcs.fahce.unlp.edu.ar\/cinig\/wp-content\/uploads\/sites\/16\/2025\/08\/banner-cinig-1920x224-1.jpg",1920,224,false],"portraits":["https:\/\/idihcs.fahce.unlp.edu.ar\/cinig\/wp-content\/uploads\/sites\/16\/2025\/08\/banner-cinig-1920x224-1.jpg",1920,224,false],"thumbnail":["https:\/\/idihcs.fahce.unlp.edu.ar\/cinig\/wp-content\/uploads\/sites\/16\/2025\/08\/banner-cinig-1920x224-1-150x150.jpg",150,150,true],"medium":["https:\/\/idihcs.fahce.unlp.edu.ar\/cinig\/wp-content\/uploads\/sites\/16\/2025\/08\/banner-cinig-1920x224-1-300x35.jpg",300,35,true],"large":["https:\/\/idihcs.fahce.unlp.edu.ar\/cinig\/wp-content\/uploads\/sites\/16\/2025\/08\/banner-cinig-1920x224-1-1024x119.jpg",696,81,true],"1536x1536":["https:\/\/idihcs.fahce.unlp.edu.ar\/cinig\/wp-content\/uploads\/sites\/16\/2025\/08\/banner-cinig-1920x224-1-1536x179.jpg",1536,179,true],"2048x2048":["https:\/\/idihcs.fahce.unlp.edu.ar\/cinig\/wp-content\/uploads\/sites\/16\/2025\/08\/banner-cinig-1920x224-1.jpg",1920,224,false],"td_80x60":["https:\/\/idihcs.fahce.unlp.edu.ar\/cinig\/wp-content\/uploads\/sites\/16\/2025\/08\/banner-cinig-1920x224-1-80x60.jpg",80,60,true],"td_100x70":["https:\/\/idihcs.fahce.unlp.edu.ar\/cinig\/wp-content\/uploads\/sites\/16\/2025\/08\/banner-cinig-1920x224-1-100x70.jpg",100,70,true],"td_218x150":["https:\/\/idihcs.fahce.unlp.edu.ar\/cinig\/wp-content\/uploads\/sites\/16\/2025\/08\/banner-cinig-1920x224-1-218x150.jpg",218,150,true],"td_265x198":["https:\/\/idihcs.fahce.unlp.edu.ar\/cinig\/wp-content\/uploads\/sites\/16\/2025\/08\/banner-cinig-1920x224-1-265x198.jpg",265,198,true],"td_324x160":["https:\/\/idihcs.fahce.unlp.edu.ar\/cinig\/wp-content\/uploads\/sites\/16\/2025\/08\/banner-cinig-1920x224-1-324x160.jpg",324,160,true],"td_324x235":["https:\/\/idihcs.fahce.unlp.edu.ar\/cinig\/wp-content\/uploads\/sites\/16\/2025\/08\/banner-cinig-1920x224-1-324x224.jpg",324,224,true],"td_324x400":["https:\/\/idihcs.fahce.unlp.edu.ar\/cinig\/wp-content\/uploads\/sites\/16\/2025\/08\/banner-cinig-1920x224-1-324x224.jpg",324,224,true],"td_356x220":["https:\/\/idihcs.fahce.unlp.edu.ar\/cinig\/wp-content\/uploads\/sites\/16\/2025\/08\/banner-cinig-1920x224-1-356x220.jpg",356,220,true],"td_356x364":["https:\/\/idihcs.fahce.unlp.edu.ar\/cinig\/wp-content\/uploads\/sites\/16\/2025\/08\/banner-cinig-1920x224-1-356x224.jpg",356,224,true],"td_485x360":["https:\/\/idihcs.fahce.unlp.edu.ar\/cinig\/wp-content\/uploads\/sites\/16\/2025\/08\/banner-cinig-1920x224-1-485x224.jpg",485,224,true],"td_533x261":["https:\/\/idihcs.fahce.unlp.edu.ar\/cinig\/wp-content\/uploads\/sites\/16\/2025\/08\/banner-cinig-1920x224-1-533x224.jpg",533,224,true],"td_534x462":["https:\/\/idihcs.fahce.unlp.edu.ar\/cinig\/wp-content\/uploads\/sites\/16\/2025\/08\/banner-cinig-1920x224-1-534x224.jpg",534,224,true],"td_696x0":["https:\/\/idihcs.fahce.unlp.edu.ar\/cinig\/wp-content\/uploads\/sites\/16\/2025\/08\/banner-cinig-1920x224-1-696x81.jpg",696,81,true],"td_696x385":["https:\/\/idihcs.fahce.unlp.edu.ar\/cinig\/wp-content\/uploads\/sites\/16\/2025\/08\/banner-cinig-1920x224-1-696x224.jpg",696,224,true],"td_741x486":["https:\/\/idihcs.fahce.unlp.edu.ar\/cinig\/wp-content\/uploads\/sites\/16\/2025\/08\/banner-cinig-1920x224-1-741x224.jpg",741,224,true],"td_1068x580":["https:\/\/idihcs.fahce.unlp.edu.ar\/cinig\/wp-content\/uploads\/sites\/16\/2025\/08\/banner-cinig-1920x224-1-1068x224.jpg",1068,224,true],"td_1068x0":["https:\/\/idihcs.fahce.unlp.edu.ar\/cinig\/wp-content\/uploads\/sites\/16\/2025\/08\/banner-cinig-1920x224-1-1068x125.jpg",1068,125,true],"td_0x420":["https:\/\/idihcs.fahce.unlp.edu.ar\/cinig\/wp-content\/uploads\/sites\/16\/2025\/08\/banner-cinig-1920x224-1.jpg",1920,224,false],"td_1920x0":["https:\/\/idihcs.fahce.unlp.edu.ar\/cinig\/wp-content\/uploads\/sites\/16\/2025\/08\/banner-cinig-1920x224-1.jpg",1920,224,false],"rt_custom":["https:\/\/idihcs.fahce.unlp.edu.ar\/cinig\/wp-content\/uploads\/sites\/16\/2025\/08\/banner-cinig-1920x224-1.jpg",1920,224,false]},"rttpg_author":{"display_name":"cinig","author_link":"https:\/\/idihcs.fahce.unlp.edu.ar\/cinig\/author\/cinig\/"},"rttpg_comment":0,"rttpg_category":null,"rttpg_excerpt":"2025. Feminismo Posthumanista, pensar el presente con Rosi Braidotti. Coord.: Mabel Alicia Campagnoli. 2025. Grupo de Estudios sobre Feminismos Materialistas. Coord.: Victoria Estermann, Mariana Frega y Victoria Pasero. 2025. Historia, g\u00e9nero y metodolog\u00eda: claves para pensar nuestros avances de investigaci\u00f3n. Coord.: Adriana Mar\u00eda Valobra y Mg. Silvina Mariel Aveni. 2025. Grupo de estudio: La hermana,&hellip;","_links":{"self":[{"href":"https:\/\/idihcs.fahce.unlp.edu.ar\/cinig\/wp-json\/wp\/v2\/pages\/2664","targetHints":{"allow":["GET"]}}],"collection":[{"href":"https:\/\/idihcs.fahce.unlp.edu.ar\/cinig\/wp-json\/wp\/v2\/pages"}],"about":[{"href":"https:\/\/idihcs.fahce.unlp.edu.ar\/cinig\/wp-json\/wp\/v2\/types\/page"}],"author":[{"embeddable":true,"href":"https:\/\/idihcs.fahce.unlp.edu.ar\/cinig\/wp-json\/wp\/v2\/users\/7"}],"replies":[{"embeddable":true,"href":"https:\/\/idihcs.fahce.unlp.edu.ar\/cinig\/wp-json\/wp\/v2\/comments?post=2664"}],"version-history":[{"count":9,"href":"https:\/\/idihcs.fahce.unlp.edu.ar\/cinig\/wp-json\/wp\/v2\/pages\/2664\/revisions"}],"predecessor-version":[{"id":3353,"href":"https:\/\/idihcs.fahce.unlp.edu.ar\/cinig\/wp-json\/wp\/v2\/pages\/2664\/revisions\/3353"}],"wp:featuredmedia":[{"embeddable":true,"href":"https:\/\/idihcs.fahce.unlp.edu.ar\/cinig\/wp-json\/wp\/v2\/media\/2619"}],"wp:attachment":[{"href":"https:\/\/idihcs.fahce.unlp.edu.ar\/cinig\/wp-json\/wp\/v2\/media?parent=2664"}],"curies":[{"name":"wp","href":"https:\/\/api.w.org\/{rel}","templated":true}]}}