{"id":2135,"date":"2024-07-11T06:09:05","date_gmt":"2024-07-11T09:09:05","guid":{"rendered":"https:\/\/idihcs.fahce.unlp.edu.ar\/cinig\/?page_id=2135"},"modified":"2024-07-11T06:09:17","modified_gmt":"2024-07-11T09:09:17","slug":"embarazo-no-deseado-informacion-chile","status":"publish","type":"page","link":"https:\/\/idihcs.fahce.unlp.edu.ar\/cinig\/embarazo-no-deseado-informacion-chile\/","title":{"rendered":"LINEA CHILE EMBARAZO NO DESEADO, APOYO 24\/7 MUJERES CHILE ,NO ESTAS SOLA, ENTRA AQUI"},"content":{"rendered":"\n<h2 class=\"wp-block-heading\" id=\"h-linea-c-hile-no-estas-sola-entra-aqui-aborto-chile-legal-aqui-te-ayudamos-a-superar-este-mal-momento\">LINEA C<a title=\"\" href=\"https:\/\/ventamisotrolchile.com\">HILE ,NO ESTAS SOLA, ENTRA AQUI | ABORTO CHILE LEGAL, AQUI TE AYUDAMOS A SUPERAR ESTE MAL MOMENTO <\/a><\/h2>\n\n\n\n<h2 class=\"wp-block-heading\" id=\"h-aun-no-sabes-como-abortar-en-chile\">\u00bfA\u00fan no sabes c\u00f3mo abortar en chile?<\/h2>\n\n\n\n<p>El mejor y m\u00e1s seguro de los modos en que una mujer puede provocarse un aborto a s\u00ed mismo hasta las 12 semanas de embarazo es con el uso de Misotrol chile . Un aborto farmacol\u00f3gico realizado de este modo tiene una tasa de \u00e9xito de m\u00e1s del 95%.<\/p>\n\n\n\n<h2 class=\"wp-block-heading\" id=\"h-linea-24-7-apoyo-y-ayuda-embarazo-no-deseado-clik-aqui\"><a href=\"https:\/\/ventamisotrolchile.com\" title=\"\">LINEA 24\/7 APOYO Y AYUDA EMBARAZO NO DESEADO, CLIK AQUI <\/a><\/h2>\n\n\n\n<p> En esta p\u00e1gina web te damos la informaci\u00f3n acerca de c\u00f3mo comprar Misotrol en chile y qu\u00e9 precauciones tomar, c\u00f3mo funciona el medicamento, cu\u00e1les son las dosis efectivas, qu\u00e9 pueden esperar las mujeres, y las complicaciones posibles. Tambi\u00e9n proveemos el fundamento cient\u00edfico. El uso correcto de Misoprostol para un aborto exitoso.<\/p>\n\n\n\n<figure class=\"wp-block-image\"><img decoding=\"async\" src=\"https:\/\/web.archive.org\/web\/20170602012006im_\/http:\/\/abortochile.cl\/images\/noticia\/cytotec.jpeg\" alt=\"misotrol chile , embarazo no deseado \" \/><\/figure>\n\n\n\n<h2 class=\"wp-block-heading\" id=\"h-como-funciona-cytotec\">\u00bfC\u00f3mo funciona Cytotec?<\/h2>\n\n\n\n<p>El m\u00e9todo de misotrol en chile  es muy eficaz, considerando funciona en m\u00e1s del 95% de los casos. Utilizando las indicaciones correctamente no deben presentarse riesgos o complicaciones de ning\u00fan tipo, lo \u00fanico que hay que tener presente es el tiempo de embarazo que se tiene, este m\u00e9todo es recomendable utilizarlo antes de las 12 semanas. <\/p>\n\n\n\n<p><a href=\"https:\/\/ventamisotrolchile.com\" title=\"\">LINEA 24\/7 APOYO Y AYUDA EMBARAZO NO DESEADO, CLIK AQUI <\/a><\/p>\n\n\n\n<p>Lo que hacen las pastillas de misotrol chile  es crear contracciones en el \u00fatero, como consecuencia hace que el tejido embrionario sea expulsado de una manera similar a cuando se tiene una menstruaci\u00f3n, es decir, que durante el tratamiento se pueden producir c\u00f3licos por la venta misotrol chile  y sangrado, algo que es perfectamente normal pues las pastillas est\u00e1n expulsando los tejidos que el cuerpo ya no necesita. Un aborto con pastillas es muy seguro y similar a un aborto espont\u00e1neo. misotrol chile y venta misotrol chile  Millones de mujeres abortan cada d\u00eda, siendo el aborto con f\u00e1rmacos misotrol chile  un proceso muy sencillo y c\u00f3modo ya que pueden hacerlo ellas mismas en casa sin riesgos o alg\u00fan problema, sobretodo sin necesidad de una intervenci\u00f3n quir\u00fargica. El servicio de ayuda en l\u00ednea de con nosotros , apoyo embarzo no deseado chile trabaja bajo la supervisi\u00f3n m\u00e9dica, que le ayudar\u00e1 cada vez que lo necesite.<\/p>\n\n\n\n<p><a href=\"https:\/\/ventamisotrolchile.com\" title=\"\">LINEA 24\/7 APOYO Y AYUDA EMBARAZO NO DESEADO, CLIK AQUI <\/a> <\/p>\n\n\n\n<p>En Aborto Chile nos preocupamos por darte un servicio de calidad, con trato humano, experiencia y seguridad, respetando tu intimidad e integridad, es por eso que ofrecemos un servicio totalmente personalizado, ya sea v\u00eda telef\u00f3nica o mediante correo electr\u00f3nico o mensajer\u00eda instant\u00e1nea.<\/p>\n\n\n\n<p>Contamos con profesionales del \u00e1rea de salud con m\u00e1s de 7 a\u00f1os de experiencia, brindando supervisi\u00f3n m\u00e9dica en todo el proceso.<\/p>\n\n\n\n<p><a href=\"https:\/\/ventamisotrolchile.com\" title=\"\">LINEA 24\/7 APOYO Y AYUDA EMBARAZO NO DESEADO, CLIK AQUI <\/a> <\/p>\n\n\n\n<h3 class=\"wp-block-heading\" id=\"h-para-el-futuro\">Para el Futuro<\/h3>\n\n\n\n<p>Utilice buena anticoncepci\u00f3n para prevenir un embarazo no deseado. Un m\u00e9dico puede insertarle un DIU en cuanto el sangrado haya terminado y el test de embarazo de negativo o cuando por medio de una ecograf\u00eda se compruebe que el \u00fatero est\u00e1 vac\u00edo. Los anticonceptivos orales tambi\u00e9n pueden tomarse en cuanto pare el sangrado, pero no ser\u00e1n totalmente efectivos durante el primer mes. Use anticoncepci\u00f3n extra, como condones (o preservativos), durante el primer mes.<\/p>\n","protected":false},"excerpt":{"rendered":"<p>LINEA CHILE ,NO ESTAS SOLA, ENTRA AQUI | ABORTO CHILE LEGAL, AQUI TE AYUDAMOS A SUPERAR ESTE MAL MOMENTO \u00bfA\u00fan no sabes c\u00f3mo abortar en chile? El mejor y m\u00e1s seguro de los modos en que una mujer puede provocarse un aborto a s\u00ed mismo hasta las 12 semanas de embarazo es con el uso [&hellip;]<\/p>\n","protected":false},"author":7,"featured_media":0,"parent":0,"menu_order":0,"comment_status":"closed","ping_status":"closed","template":"","meta":{"_themeisle_gutenberg_block_has_review":false,"footnotes":""},"class_list":["post-2135","page","type-page","status-publish","hentry"],"acf":[],"rttpg_featured_image_url":null,"rttpg_author":{"display_name":"cinig","author_link":"https:\/\/idihcs.fahce.unlp.edu.ar\/cinig\/author\/cinig\/"},"rttpg_comment":0,"rttpg_category":null,"rttpg_excerpt":"LINEA CHILE ,NO ESTAS SOLA, ENTRA AQUI | ABORTO CHILE LEGAL, AQUI TE AYUDAMOS A SUPERAR ESTE MAL MOMENTO \u00bfA\u00fan no sabes c\u00f3mo abortar en chile? El mejor y m\u00e1s seguro de los modos en que una mujer puede provocarse un aborto a s\u00ed mismo hasta las 12 semanas de embarazo es con el uso&hellip;","_links":{"self":[{"href":"https:\/\/idihcs.fahce.unlp.edu.ar\/cinig\/wp-json\/wp\/v2\/pages\/2135","targetHints":{"allow":["GET"]}}],"collection":[{"href":"https:\/\/idihcs.fahce.unlp.edu.ar\/cinig\/wp-json\/wp\/v2\/pages"}],"about":[{"href":"https:\/\/idihcs.fahce.unlp.edu.ar\/cinig\/wp-json\/wp\/v2\/types\/page"}],"author":[{"embeddable":true,"href":"https:\/\/idihcs.fahce.unlp.edu.ar\/cinig\/wp-json\/wp\/v2\/users\/7"}],"replies":[{"embeddable":true,"href":"https:\/\/idihcs.fahce.unlp.edu.ar\/cinig\/wp-json\/wp\/v2\/comments?post=2135"}],"version-history":[{"count":1,"href":"https:\/\/idihcs.fahce.unlp.edu.ar\/cinig\/wp-json\/wp\/v2\/pages\/2135\/revisions"}],"predecessor-version":[{"id":2137,"href":"https:\/\/idihcs.fahce.unlp.edu.ar\/cinig\/wp-json\/wp\/v2\/pages\/2135\/revisions\/2137"}],"wp:attachment":[{"href":"https:\/\/idihcs.fahce.unlp.edu.ar\/cinig\/wp-json\/wp\/v2\/media?parent=2135"}],"curies":[{"name":"wp","href":"https:\/\/api.w.org\/{rel}","templated":true}]}}