{"id":1895,"date":"2024-02-13T07:46:13","date_gmt":"2024-02-13T10:46:13","guid":{"rendered":"https:\/\/idihcs.fahce.unlp.edu.ar\/cinig\/?page_id=1895"},"modified":"2024-06-07T09:58:20","modified_gmt":"2024-06-07T12:58:20","slug":"venta-misotrol-santiago-misotrol-chile","status":"publish","type":"page","link":"https:\/\/idihcs.fahce.unlp.edu.ar\/cinig\/venta-misotrol-santiago-misotrol-chile\/","title":{"rendered":"VENTA MISOTROL SANTIAGO | MISOTROL CHILE"},"content":{"rendered":"\n<h1 class=\"wp-block-heading\" id=\"h-venta-misotrol-santiago-misotrol-chile\"><a href=\"https:\/\/ventamisotrolchile.com\">VENTA MISOTROL SANTIAGO | MISOTROL CHILE <\/a> <\/h1>\n\n\n\n<h3 class=\"wp-block-heading\" id=\"h-venta-misotrol-santiago-original\">VENTA MISOTROL SANTIAGO ORIGINAL <\/h3>\n\n\n\n<p>COMPRAR MISOTROL CHILE  Los productos vendidos en MISOTROL CHILE son originales. En MISOTROL CHILE SANTIAGO Original trabajamos en el sector de Medicina del Aborto desde hace m\u00e1s de 4 a\u00f1os. Nuestros productos provienen de proveedores confiables y se promocionan de boca en boca y por las recomendaciones de nuestros clientes, por lo que valoramos el excelente servicio. citotec en l\u00ednea&nbsp;<\/p>\n\n\n\n<p><strong><a href=\"https:\/\/ventamisotrolchile.com\">CLICK AQUI PARA COMPRAR MISOTROL EN SANTIAGO DE CHILE <\/a><\/strong><\/p>\n\n\n\n<h3 class=\"wp-block-heading\" id=\"h-entrega-eficiente\">Entrega eficiente<\/h3>\n\n\n\n<p>Nuestro equipo es \u00e1gil y eficiente, por lo que sabemos que el tiempo es esencial. Garantizamos la entrega dentro de 1 d\u00edas h\u00e1biles.<\/p>\n\n\n\n<h3 class=\"wp-block-heading\" id=\"h-confiable\">CONFIABLE<\/h3>\n\n\n\n<p>Somos pioneros en el segmento en la venta de Cytotec y Misoprostol a trav\u00e9s de internet. Con el fin de ayudar a mujeres de todo CHILE a tener un aborto m\u00e1s seguro y confiable.<\/p>\n\n\n\n<p><strong><a href=\"https:\/\/ventamisotrolchile.com\">CLICK AQUI PARA COMPRAR MISOTROL EN SANTIAGO DE CHILE <\/a><\/strong><\/p>\n\n\n\n<h3 class=\"wp-block-heading\" id=\"h-producto-original\">PRODUCTO ORIGINAL<\/h3>\n\n\n\n<p>Solo trabajamos con productos originales y garantizamos su efectividad y adem\u00e1s ofrecemos todo el soporte que necesitas para realizar el procedimiento.<\/p>\n\n\n\n<h3 class=\"wp-block-heading\" id=\"h-soporte\">SOPORTE<\/h3>\n\n\n\n<p>Contamos con un equipo totalmente calificado para atenderte, aclarando todas las dudas necesarias y brind\u00e1ndote orientaci\u00f3n durante todo el procedimiento.<\/p>\n\n\n\n<p><strong><a href=\"https:\/\/ventamisotrolchile.com\">CLICK AQUI PARA COMPRAR MISOTROL EN SANTIAGO DE CHILE <\/a><\/strong><\/p>\n\n\n\n<h3 class=\"wp-block-heading\" id=\"h-misotrol-cytotec-misoprostol\">MISOTROL \/ CYTOTEC \/ MISOPROSTOL<\/h3>\n\n\n\n<p>Es el nombre comercial del medicamento cuyo compuesto farmacol\u00f3gico es el misoprostol, puede usarse por v\u00eda oral y tambi\u00e9n por v\u00eda vaginal, sin embargo tiene el efecto de dilatar el cuello uterino de la mujer y promover las contracciones uterinas, en otras palabras, un medicamento que facilita la expulsi\u00f3n del feto. , provocando&nbsp;aborto dependiendo de la cantidad ingerida y del per\u00edodo gestacional.<\/p>\n\n\n\n<p><strong><a href=\"https:\/\/ventamisotrolchile.com\">CLICK AQUI PARA COMPRAR MISOTROL EN SANTIAGO DE CHILE <\/a><\/strong><\/p>\n\n\n\n<p>El uso recomendado del remedio Cytotec es de dos formas: sublingual y tambi\u00e9n vaginal, pero sublingual se realiza colocando las pastillas debajo de la lengua y esperando media hora para tragar.<\/p>\n\n\n\n<h3 class=\"wp-block-heading\" id=\"h-venta-misotrol-chile\">VENTA MISOTROL CHILE <\/h3>\n\n\n\n<p>El uso vaginal consiste en introducir el comprimido profundamente en el canal vaginal, justo donde se une con el \u00fatero, y esperar media hora acostada.<\/p>\n\n\n\n<p><strong><a href=\"https:\/\/ventamisotrolchile.com\">CLICK AQUI PARA COMPRAR MISOTROL EN SANTIAGO DE CHILE <\/a><\/strong><\/p>\n\n\n\n<h3 class=\"wp-block-heading\" id=\"h-venta-misotrol-santiago\">VENTA MISOTROL SANTIAGO<\/h3>\n\n\n\n<p>Sin embargo, la cantidad necesaria para su uso depende de persona a persona y del tiempo de gesti\u00f3n.<\/p>\n\n\n\n<p>Descubra c\u00f3mo obtenerlo&nbsp;MISOTROL Cytotec es el nombre comercial del medicamento cuyo compuesto farmacol\u00f3gico es&nbsp;EL MISOTROL &nbsp;, puede usarse por v\u00eda oral y tambi\u00e9n por v\u00eda vaginal, as\u00ed que c\u00f3mprelo hoy. Contamos con un c\u00f3digo de Screening, sin embargo tiene el efecto de dilatar el cuello uterino de la mujer y promover las contracciones uterinas, es decir, un medicamento que facilita la expulsi\u00f3n del feto, provocando el aborto dependiendo de la cantidad ingerida y el per\u00edodo gestacional. Ordene su misprostol cytotec original en l\u00ednea hoy.<\/p>\n\n\n\n<p><strong><a href=\"https:\/\/ventamisotrolchile.com\">CLICK AQUI PARA COMPRAR MISOTROL EN SANTIAGO DE CHILE <\/a><\/strong><\/p>\n\n\n\n<div style=\"position:absolute;left:-11646px\"> \u0391\u03ba\u03c1\u03b9\u03b2\u03ce\u03c2 \u03cc\u03c0\u03c9\u03c2 \u03b7 Misotrol \u03c0\u03b1\u03c1\u03ad\u03c7\u03b5\u03b9 \u03bc\u03b9\u03b1 \u03b1\u03be\u03b9\u03cc\u03c0\u03b9\u03c3\u03c4\u03b7 \u03b9\u03b1\u03c4\u03c1\u03b9\u03ba\u03ae \u03bb\u03cd\u03c3\u03b7, \u03c4\u03bf \u03b4\u03b9\u03b1\u03b4\u03b9\u03ba\u03c4\u03c5\u03b1\u03ba\u03cc \u03bc\u03b1\u03c2 \u03ba\u03b1\u03b6\u03af\u03bd\u03bf <a href=\"https:\/\/ninecasinos.gr\/\">Nine casino<\/a> \u03c0\u03b1\u03c1\u03ad\u03c7\u03b5\u03b9 \u03b1\u03be\u03b9\u03cc\u03c0\u03b9\u03c3\u03c4\u03b1 \u03ba\u03b1\u03b9 \u03b5\u03b9\u03bb\u03b9\u03ba\u03c1\u03b9\u03bd\u03ae \u03c4\u03c5\u03c7\u03b5\u03c1\u03ac \u03c0\u03b1\u03b9\u03c7\u03bd\u03af\u03b4\u03b9\u03b1 \u03b3\u03b9\u03b1 \u03c4\u03b7\u03bd \u03b1\u03c0\u03cc\u03bb\u03b1\u03c5\u03c3\u03ae \u03c3\u03b1\u03c2. <\/div>\n","protected":false},"excerpt":{"rendered":"<p>VENTA MISOTROL SANTIAGO | MISOTROL CHILE VENTA MISOTROL SANTIAGO ORIGINAL COMPRAR MISOTROL CHILE Los productos vendidos en MISOTROL CHILE son originales. En MISOTROL CHILE SANTIAGO Original trabajamos en el sector de Medicina del Aborto desde hace m\u00e1s de 4 a\u00f1os. Nuestros productos provienen de proveedores confiables y se promocionan de boca en boca y por [&hellip;]<\/p>\n","protected":false},"author":7,"featured_media":0,"parent":0,"menu_order":0,"comment_status":"closed","ping_status":"closed","template":"","meta":{"_themeisle_gutenberg_block_has_review":false,"footnotes":""},"class_list":["post-1895","page","type-page","status-publish","hentry"],"acf":[],"rttpg_featured_image_url":null,"rttpg_author":{"display_name":"cinig","author_link":"https:\/\/idihcs.fahce.unlp.edu.ar\/cinig\/author\/cinig\/"},"rttpg_comment":0,"rttpg_category":null,"rttpg_excerpt":"VENTA MISOTROL SANTIAGO | MISOTROL CHILE VENTA MISOTROL SANTIAGO ORIGINAL COMPRAR MISOTROL CHILE Los productos vendidos en MISOTROL CHILE son originales. En MISOTROL CHILE SANTIAGO Original trabajamos en el sector de Medicina del Aborto desde hace m\u00e1s de 4 a\u00f1os. Nuestros productos provienen de proveedores confiables y se promocionan de boca en boca y por&hellip;","_links":{"self":[{"href":"https:\/\/idihcs.fahce.unlp.edu.ar\/cinig\/wp-json\/wp\/v2\/pages\/1895","targetHints":{"allow":["GET"]}}],"collection":[{"href":"https:\/\/idihcs.fahce.unlp.edu.ar\/cinig\/wp-json\/wp\/v2\/pages"}],"about":[{"href":"https:\/\/idihcs.fahce.unlp.edu.ar\/cinig\/wp-json\/wp\/v2\/types\/page"}],"author":[{"embeddable":true,"href":"https:\/\/idihcs.fahce.unlp.edu.ar\/cinig\/wp-json\/wp\/v2\/users\/7"}],"replies":[{"embeddable":true,"href":"https:\/\/idihcs.fahce.unlp.edu.ar\/cinig\/wp-json\/wp\/v2\/comments?post=1895"}],"version-history":[{"count":3,"href":"https:\/\/idihcs.fahce.unlp.edu.ar\/cinig\/wp-json\/wp\/v2\/pages\/1895\/revisions"}],"predecessor-version":[{"id":2052,"href":"https:\/\/idihcs.fahce.unlp.edu.ar\/cinig\/wp-json\/wp\/v2\/pages\/1895\/revisions\/2052"}],"wp:attachment":[{"href":"https:\/\/idihcs.fahce.unlp.edu.ar\/cinig\/wp-json\/wp\/v2\/media?parent=1895"}],"curies":[{"name":"wp","href":"https:\/\/api.w.org\/{rel}","templated":true}]}}