{"id":1262,"date":"2022-04-19T14:20:51","date_gmt":"2022-04-19T17:20:51","guid":{"rendered":"https:\/\/idihcs.fahce.unlp.edu.ar\/cinig\/?page_id=1262"},"modified":"2024-05-04T23:19:37","modified_gmt":"2024-05-05T02:19:37","slug":"investigadores-visitantes","status":"publish","type":"page","link":"https:\/\/idihcs.fahce.unlp.edu.ar\/cinig\/investigadores-visitantes\/","title":{"rendered":"Investigadoras\/es Visitantes"},"content":{"rendered":"<p><strong>Estancias de investigaci\u00f3n<\/strong><\/p>\n<p>18. <span style=\"font-weight: 400\"><a href=\"https:\/\/www.pucrs.br\/pesquisadores\/edla-eggert\/\">Edla Eggerts<\/a> (Pontif\u00edcia Universidade Cat\u00f3lica do Rio Grande do Sul, abril a junio de 2023, Tutoras: M. Rocha y L. Bolla).<br \/><\/span>17. <span style=\"font-weight: 400\">Ana Sofia Fares (Facultad de Ciencias Econ\u00f3micas de la Universidad Nacional de Tucum\u00e1n.) (1 de marzo al 31 de agosto de 2023, tutora: L. Bolla).<br \/><\/span>16. <span style=\"font-weight: 400\"><a href=\"https:\/\/www.escavador.com\/sobre\/6659125\/marcia-de-souza-hobold\">M\u00e1rcia de Souza Hobold<\/a> (Universidade Federal de Santa Catarina, septiembre de 2023, tutoras: M. E. Mart\u00ednez y V. Seoane).<\/span><br \/>15. Margarita Isabel V\u00e1zquez Castillo (Universidad Veracruza sede C\u00f3rdoba &#8211; Orizaba, octubre-noviembre de 2022, tutor F. Saxe)<br \/>14. Casandra Robles G\u00f3mez (Universidad Veracruza sede C\u00f3rdoba &#8211; Orizaba, octubre-noviembre de 2022, tutor F. Saxe)<br \/>13. <a href=\"https:\/\/ihc.fcsh.unl.pt\/giulia-strippoli\/\">Guilia Stripoli<\/a> (Instituto de Hist\u00f3ria Contempor\u00e2nea, Faculdade de Ci\u00eancias Sociais e Humanas- Universidade Nova de Lisboa, octubre-noviembre de 2022, tutora A.Valobra)<br \/>12. <a href=\"https:\/\/doctorado.juridicas.unam.mx\/alumnos\/iris-nataly-gonzalez-cortes\/\">Iris Gonz\u00e1les Cortez<\/a>\u00a0(Universidad Nacional Aut\u00f3noma de M\u00e9xico, Instituto de Investigaciones Jur\u00eddicas, septiembre-octubre de 2022, tutora L. Bolla)<br \/>10. <a href=\"https:\/\/produccioncientifica.ucm.es\/investigadores\/144570\/detalle\">V\u00edctor Granado Almena<\/a> (Universidad Complutense de Madrid, Facultad de Filosof\u00eda, Departamento de Filosof\u00eda\u00a0y Sociedad, tutor A. Mart\u00ednez)\u00a0<br \/>11. <a href=\"https:\/\/produccioncientifica.ucm.es\/investigadores\/141728\/detalle\">Manuel Antonio Broull\u00f3n Lozano<\/a> (Universidad Complutense de Madrid, junio a agosto de 2022, tutoras V. Bonatto y M. S\u00e1nchez).<br \/>10. <a href=\"https:\/\/www.cmll.msstate.edu\/faculty-staff\/dr-sol-pelaez\/\" target=\"_blank\" rel=\"noopener\">Sol In\u00e9s Pel\u00e1ez<\/a> (Mississippi State, EEUU, febrero-mayo de 2020, tutora M. A. Campagnoli)<br \/>9. <a href=\"https:\/\/www.umaeditorial.uma.es\/autor\/maria-guadalupe-ruiz-coutino\/\">Guadalupe Ruiz Couti\u00f1o<\/a> (UAM Xochimilco, febrero-abril de 2020, tutora A. Valobra).<br \/>8.\u00a0<a href=\"https:\/\/red.antropologiadelcuerpo.com\/index.php\/grupo-interinstitucional-de-investigacion-saberes-corporales-cinde\/\" target=\"_blank\" rel=\"noopener\">Luz Diana Ocampo Montoya<\/a>\u00a0(Doctorante Cinde U. Manizales &#8211; Docente Universidad de Antioquia, tutora V. Sardi).<br \/>7.<a href=\"https:\/\/www.romanistik.uni-wuppertal.de\/de\/personal\/literaturwissenschaft\/lehrbeauftragte\/susana-pinilla-alba\/\"> Susana Pinilla Alba<\/a> (Bergische Universit\u00e4t Wuppertal, Alemania, 2019, tutor F. Saxe).<br \/>6. Irene Mu\u00f1oz Cerezo (Universidad Complutense de Madrid, Espa\u00f1a, mayo-agosto de 2019, tutora V. Bonatto).<br \/>5. Lucie Piotrkowski (Universit\u00e9 Paris-Diderot, Abril \u2013 septiembre 2019, tutora A. Valobra).<br \/>4. Alice Hansson (Universidad de Malm\u00f6, Suecia,\u00a0 marzo a junio de 2019,\u00a0tutora M. M. Herrera).<br \/>3. Romina Behrens (Universidad Nacional de la Patagonia Austral, Argentina, 7 al 18 de mayo de 2018, tutora A. Valobra).<br \/>2. Sandra Karina \u00c1ngeles Guevara (Universidad Aut\u00f3noma B. Ju\u00e1rez, M\u00e9xico,\u00a014 de julio al 12 de agosto de 2017, tutora V. Seoane).<br \/>1. Paula S\u00e1nchez Perera (Universidad Carlos III de Madrid, Espa\u00f1a, 2017, tutora M. A. Campagnoli).\u00a0<\/p>\n<p>Investigadoras\/es<strong> visitantes<br \/><\/strong>22. <a href=\"https:\/\/www.davidson.edu\/people\/john-wertheimer\" target=\"_blank\" rel=\"noopener\">John\u00a0Wertheimer<\/a>\u00a0(Davidson College, septiembre de 2019, Coord. S. Calandria).<br \/>21. <a href=\"https:\/\/womenalsoknowhistory.com\/individual-scholar-page\/?pdb=3679\">Claudia Stern<\/a> (Research Associate at the Latin American Centre for the History of Housing, agosto de 2019, Coord. G. Queirolo).<br \/>20. <a href=\"https:\/\/history.unm.edu\/people\/faculty\/profile\/elizabeth-hutchison.html\" target=\"_blank\" rel=\"noopener\">Liz Hutchison<\/a>\u00a0(University\u00a0of\u00a0New Mexico, EEUU, agosto de 2019, Coord. G. Queirolo).<br \/>19. <a href=\"http:\/\/www.pesquisar.unb.br\/professor\/teresa-cristina-de-novaes-marques\" target=\"_blank\" rel=\"noopener\">Teresa Cristina Novaes Marques<\/a>\u00a0(Universidade de Bras\u00edlia, julio &#8211; agosto\u00a02019, Coord. A. Valobra).<br \/>18. <a href=\"https:\/\/www.escavador.com\/sobre\/5878718\/ligia-maria-motta-lima-leao-de-aquino\" target=\"_blank\" rel=\"noopener\">Ligia Aquino<\/a>\u00a0 (UFRJ, Brasil).<br \/>17. <a href=\"https:\/\/hsp.arizona.edu\/professor\/donna-guy\" target=\"_blank\" rel=\"noopener\">Donna\u00a0Guy<\/a>\u00a0(Profesora Em\u00e9rita de\u00a0la Universidad de Arizona, Beca Fulbright Specialist, agosto de 2018,\u00a0Coord. A. Valobra).<br \/>16. <a href=\"http:\/\/lcsp.univ-paris-diderot.fr\/Falquet\" target=\"_blank\" rel=\"noopener\">Jules Falquet\u00a0\u00a0<\/a>(Universidad Paris Diderot, junio de 2018,\u00a0Coord. M. Campagnoli y L. Bolla).<br \/>15. <a href=\"http:\/\/lcsp.univ-paris-diderot.fr\/Miramond\">Estelle Miramond<\/a>\u00a0(Universidad Paris Diderot, junio de 2018,\u00a0Coord. M. Campagnoli y L. Bolla).<br \/>14. <a href=\"https:\/\/www.flacso.org.ar\/docentes\/darre-otero-silvana\/\" target=\"_blank\" rel=\"noopener\">Silvina Darr\u00e9<\/a>\u00a0(FLACSO-Uruguay,\u00a02018, Coord. M. Campagnoli).<br \/>13. <a href=\"https:\/\/www.hofstra.edu\/home\/news\/ur\/pressroom\/experts-profile.html?expert=brenda.elsey\" target=\"_blank\" rel=\"noopener\">Brenda Elsey<\/a>\u00a0(Hofstra\u00a0University, EEUU, mayo de 2018,\u00a0Coord.\u00a0A. Valobra).<br \/>12. <a href=\"https:\/\/philpeople.org\/profiles\/paul-reynolds-1\" target=\"_blank\" rel=\"noopener\">Paul\u00a0Reynolds<\/a>\u00a0(Hill University,\u00a0United Kingdom, abril de 2018,\u00a0Coord.\u00a0A. Valobra y R. G\u00f3mez Molla).<br \/>11. <a href=\"https:\/\/www.pef.upr.si\/sl\/zaposleni\/pedagoski-sodelavci\/2014100113441936\/gavriloski-marko\">Marko\u00a0Gavriloski<\/a> (Faculty of Education, University of\u00a0Primorska, Eslovenia, junio de\u00a02018, Coord. C. Masasno y M. Campagnoli).<br \/>10. <a href=\"https:\/\/www.escavador.com\/sobre\/547675\/joana-celia-dos-passos\" target=\"_blank\" rel=\"noopener\">Joana C\u00e9lia dos Passos<\/a>\u00a0(UFSC, Brasil, octubre de 2018, Coord. V.\u00a0Seoane y M.E. Mart\u00ednez).<br \/>9. <a href=\"https:\/\/estudishispanics.udl.cat\/es\/pla-formatiu\/professorat\/detall\/index.html?enc=NDM0MDY5NDc=\">Rafael M. M\u00e9rida Jim\u00e9nez<\/a> (Universidad de Lleida, Espa\u00f1a, 2017, Coord. A. Mart\u00ednez).<br \/>8. Cole Alexander Rizki (Duke University, EEUU, 2017, Coord. F. Saxe).<br \/>7. <a href=\"https:\/\/es.wikipedia.org\/wiki\/Ana_Cofi%C3%B1o\" target=\"_blank\" rel=\"noopener\">Anamar\u00eda Cofi\u00f1o Kepfer<\/a>\u00a0(Universidad de Guatemala, noviembre 2017,\u00a0Coord. A. Valobra).<br \/>6. <a href=\"https:\/\/cienciassociales.edu.uy\/departamento-de-ciencia-politica\/equipo-docente\/ana-laura-de-giorgi\/\" target=\"_blank\" rel=\"noopener\">Ana Laura di Giorgi<\/a>\u00a0(UDELAR,\u00a0Uruguay, noviembre 2017, Coord. A. Valobra).<br \/>5. <a href=\"http:\/\/geca.sociales.uba.ar\/integrantes\/\" target=\"_blank\" rel=\"noopener\">Ana\u00a0L\u00f3pez Molina<\/a>\u00a0(Universidad\u00a0de Guatemala, noviembre 2017,\u00a0Coord.\u00a0A. Valobra).<br \/>4. <a href=\"https:\/\/www.escavador.com\/sobre\/3227579\/hildete-pereira-de-melo-hermes-de-araujo\" target=\"_blank\" rel=\"noopener\">Hildete Pereira de Melo de Araujo<\/a>\u00a0(UFRJ, Brasil, noviembre 2017,\u00a0Coord. A. Valobra).<br \/>3. <a href=\"https:\/\/vinv.ucr.ac.cr\/sigpro\/web\/researchers\/105550970\" target=\"_blank\" rel=\"noopener\">Eugenia Rodr\u00edguez S\u00e1enz<\/a>(Universidad de Costa Rica, noviembre 2017,\u00a0Coord. A. Valobra).<br \/>2. <a href=\"http:\/\/posgrado.filo.uba.ar\/bracco-carolina\">Carolina Bracco <\/a>(Universidad de Granada, 2017,\u00a0Coord. A. Valobra).<br \/>1. <a href=\"https:\/\/history.sdsu.edu\/people\/ben\" target=\"_blank\" rel=\"noopener\">Pablo Ben<\/a>\u00a0(San Diego State University,\u00a0EEUU, 2016,\u00a0Coord. A. Valobra).<\/p>\n\n\n<\/p>\n<p><br><\/p>\n<p><\/p>\n<p>\n","protected":false},"excerpt":{"rendered":"<p>Estancias de investigaci\u00f3n 18. Edla Eggerts (Pontif\u00edcia Universidade Cat\u00f3lica do Rio Grande do Sul, abril a junio de 2023, Tutoras: M. Rocha y L. Bolla).17. Ana Sofia Fares (Facultad de Ciencias Econ\u00f3micas de la Universidad Nacional de Tucum\u00e1n.) (1 de marzo al 31 de agosto de 2023, tutora: L. Bolla).16. M\u00e1rcia de Souza Hobold (Universidade [&hellip;]<\/p>\n","protected":false},"author":3,"featured_media":207,"parent":0,"menu_order":0,"comment_status":"closed","ping_status":"closed","template":"page-ui.php","meta":{"_themeisle_gutenberg_block_has_review":false,"footnotes":""},"class_list":["post-1262","page","type-page","status-publish","has-post-thumbnail","hentry"],"acf":[],"rttpg_featured_image_url":{"full":["https:\/\/idihcs.fahce.unlp.edu.ar\/cinig\/wp-content\/uploads\/sites\/16\/2018\/07\/banner-cinig.jpg",2900,338,false],"landscape":["https:\/\/idihcs.fahce.unlp.edu.ar\/cinig\/wp-content\/uploads\/sites\/16\/2018\/07\/banner-cinig.jpg",2900,338,false],"portraits":["https:\/\/idihcs.fahce.unlp.edu.ar\/cinig\/wp-content\/uploads\/sites\/16\/2018\/07\/banner-cinig.jpg",2900,338,false],"thumbnail":["https:\/\/idihcs.fahce.unlp.edu.ar\/cinig\/wp-content\/uploads\/sites\/16\/2018\/07\/banner-cinig-150x150.jpg",150,150,true],"medium":["https:\/\/idihcs.fahce.unlp.edu.ar\/cinig\/wp-content\/uploads\/sites\/16\/2018\/07\/banner-cinig-300x35.jpg",300,35,true],"large":["https:\/\/idihcs.fahce.unlp.edu.ar\/cinig\/wp-content\/uploads\/sites\/16\/2018\/07\/banner-cinig-1024x119.jpg",696,81,true],"1536x1536":["https:\/\/idihcs.fahce.unlp.edu.ar\/cinig\/wp-content\/uploads\/sites\/16\/2018\/07\/banner-cinig.jpg",1536,179,false],"2048x2048":["https:\/\/idihcs.fahce.unlp.edu.ar\/cinig\/wp-content\/uploads\/sites\/16\/2018\/07\/banner-cinig.jpg",2048,239,false],"td_80x60":["https:\/\/idihcs.fahce.unlp.edu.ar\/cinig\/wp-content\/uploads\/sites\/16\/2018\/07\/banner-cinig-80x60.jpg",80,60,true],"td_100x70":["https:\/\/idihcs.fahce.unlp.edu.ar\/cinig\/wp-content\/uploads\/sites\/16\/2018\/07\/banner-cinig-100x70.jpg",100,70,true],"td_218x150":["https:\/\/idihcs.fahce.unlp.edu.ar\/cinig\/wp-content\/uploads\/sites\/16\/2018\/07\/banner-cinig-218x150.jpg",218,150,true],"td_265x198":["https:\/\/idihcs.fahce.unlp.edu.ar\/cinig\/wp-content\/uploads\/sites\/16\/2018\/07\/banner-cinig-265x198.jpg",265,198,true],"td_324x160":["https:\/\/idihcs.fahce.unlp.edu.ar\/cinig\/wp-content\/uploads\/sites\/16\/2018\/07\/banner-cinig-324x160.jpg",324,160,true],"td_324x235":["https:\/\/idihcs.fahce.unlp.edu.ar\/cinig\/wp-content\/uploads\/sites\/16\/2018\/07\/banner-cinig-324x235.jpg",324,235,true],"td_324x400":["https:\/\/idihcs.fahce.unlp.edu.ar\/cinig\/wp-content\/uploads\/sites\/16\/2018\/07\/banner-cinig-324x338.jpg",324,338,true],"td_356x220":["https:\/\/idihcs.fahce.unlp.edu.ar\/cinig\/wp-content\/uploads\/sites\/16\/2018\/07\/banner-cinig-356x220.jpg",356,220,true],"td_356x364":["https:\/\/idihcs.fahce.unlp.edu.ar\/cinig\/wp-content\/uploads\/sites\/16\/2018\/07\/banner-cinig-356x338.jpg",356,338,true],"td_485x360":["https:\/\/idihcs.fahce.unlp.edu.ar\/cinig\/wp-content\/uploads\/sites\/16\/2018\/07\/banner-cinig-485x338.jpg",485,338,true],"td_533x261":["https:\/\/idihcs.fahce.unlp.edu.ar\/cinig\/wp-content\/uploads\/sites\/16\/2018\/07\/banner-cinig-533x261.jpg",533,261,true],"td_534x462":["https:\/\/idihcs.fahce.unlp.edu.ar\/cinig\/wp-content\/uploads\/sites\/16\/2018\/07\/banner-cinig-534x338.jpg",534,338,true],"td_696x0":["https:\/\/idihcs.fahce.unlp.edu.ar\/cinig\/wp-content\/uploads\/sites\/16\/2018\/07\/banner-cinig-696x81.jpg",696,81,true],"td_696x385":["https:\/\/idihcs.fahce.unlp.edu.ar\/cinig\/wp-content\/uploads\/sites\/16\/2018\/07\/banner-cinig-696x338.jpg",696,338,true],"td_741x486":["https:\/\/idihcs.fahce.unlp.edu.ar\/cinig\/wp-content\/uploads\/sites\/16\/2018\/07\/banner-cinig-741x338.jpg",741,338,true],"td_1068x580":["https:\/\/idihcs.fahce.unlp.edu.ar\/cinig\/wp-content\/uploads\/sites\/16\/2018\/07\/banner-cinig-1068x338.jpg",1068,338,true],"td_1068x0":["https:\/\/idihcs.fahce.unlp.edu.ar\/cinig\/wp-content\/uploads\/sites\/16\/2018\/07\/banner-cinig-1068x124.jpg",1068,124,true],"td_0x420":["https:\/\/idihcs.fahce.unlp.edu.ar\/cinig\/wp-content\/uploads\/sites\/16\/2018\/07\/banner-cinig.jpg",2900,338,false],"td_1920x0":["https:\/\/idihcs.fahce.unlp.edu.ar\/cinig\/wp-content\/uploads\/sites\/16\/2018\/07\/banner-cinig-1920x224.jpg",1920,224,true],"rt_custom":["https:\/\/idihcs.fahce.unlp.edu.ar\/cinig\/wp-content\/uploads\/sites\/16\/2018\/07\/banner-cinig.jpg",2900,338,false]},"rttpg_author":{"display_name":"cbarletta","author_link":"https:\/\/idihcs.fahce.unlp.edu.ar\/cinig\/author\/cbarletta\/"},"rttpg_comment":0,"rttpg_category":null,"rttpg_excerpt":"Estancias de investigaci\u00f3n 18. Edla Eggerts (Pontif\u00edcia Universidade Cat\u00f3lica do Rio Grande do Sul, abril a junio de 2023, Tutoras: M. Rocha y L. Bolla).17. Ana Sofia Fares (Facultad de Ciencias Econ\u00f3micas de la Universidad Nacional de Tucum\u00e1n.) (1 de marzo al 31 de agosto de 2023, tutora: L. Bolla).16. M\u00e1rcia de Souza Hobold (Universidade&hellip;","_links":{"self":[{"href":"https:\/\/idihcs.fahce.unlp.edu.ar\/cinig\/wp-json\/wp\/v2\/pages\/1262","targetHints":{"allow":["GET"]}}],"collection":[{"href":"https:\/\/idihcs.fahce.unlp.edu.ar\/cinig\/wp-json\/wp\/v2\/pages"}],"about":[{"href":"https:\/\/idihcs.fahce.unlp.edu.ar\/cinig\/wp-json\/wp\/v2\/types\/page"}],"author":[{"embeddable":true,"href":"https:\/\/idihcs.fahce.unlp.edu.ar\/cinig\/wp-json\/wp\/v2\/users\/3"}],"replies":[{"embeddable":true,"href":"https:\/\/idihcs.fahce.unlp.edu.ar\/cinig\/wp-json\/wp\/v2\/comments?post=1262"}],"version-history":[{"count":40,"href":"https:\/\/idihcs.fahce.unlp.edu.ar\/cinig\/wp-json\/wp\/v2\/pages\/1262\/revisions"}],"predecessor-version":[{"id":1966,"href":"https:\/\/idihcs.fahce.unlp.edu.ar\/cinig\/wp-json\/wp\/v2\/pages\/1262\/revisions\/1966"}],"wp:featuredmedia":[{"embeddable":true,"href":"https:\/\/idihcs.fahce.unlp.edu.ar\/cinig\/wp-json\/wp\/v2\/media\/207"}],"wp:attachment":[{"href":"https:\/\/idihcs.fahce.unlp.edu.ar\/cinig\/wp-json\/wp\/v2\/media?parent=1262"}],"curies":[{"name":"wp","href":"https:\/\/api.w.org\/{rel}","templated":true}]}}