{"id":98,"date":"2018-06-17T23:15:21","date_gmt":"2018-06-18T02:15:21","guid":{"rendered":"http:\/\/163.10.30.48\/~posgrado6\/wordpress\/cimecs\/?page_id=98"},"modified":"2025-06-02T11:43:47","modified_gmt":"2025-06-02T14:43:47","slug":"presentacion","status":"publish","type":"page","link":"https:\/\/idihcs.fahce.unlp.edu.ar\/cimecs\/","title":{"rendered":"CIMeCS &#8211; Presentaci\u00f3n"},"content":{"rendered":"<p>El Centro Interdisciplinario de Metodolog\u00eda de las Ciencias Sociales fue creado en el a\u00f1o 2005 con el fin de promover la\u00a0metodolog\u00eda y filosof\u00eda de las ciencias sociales, as\u00ed como sobre los instrumentos y t\u00e9cnicas de investigaci\u00f3n en ese campo.<\/p>\n<div class=\"td-page-header\">\n<h1 class=\"ui td-block-title\"><span class=\"ui td-pulldown-size\">Objetivos<\/span><\/h1>\n<\/div>\n<div class=\"td-page-content\">\n<ol>\n<li>Promover, realizar y coordinar estudios de metodolog\u00eda y filosof\u00eda de las ciencias sociales, as\u00ed como sobre los instrumentos y t\u00e9cnicas de investigaci\u00f3n en ese campo, y proyectos que, independientemente de los temas que aborden, dediquen una particular atenci\u00f3n a los problemas metodol\u00f3gicos.<\/li>\n<li>Asistir t\u00e9cnicamente a los Equipos, Centros e Institutos de Investigaci\u00f3n de la Facultad y a los de otras Instituciones que lo requieran en cuestiones relativas a la metodolog\u00eda de la investigaci\u00f3n en ciencias sociales.<\/li>\n<li>Contribuir a la formaci\u00f3n de investigadores cient\u00edficos mediante la direcci\u00f3n de becarios, tesistas e investigadores noveles.<\/li>\n<li>Promover y realizar iniciativas orientadas al mejoramiento de la formaci\u00f3n de grado y posgrado, y a la capacitaci\u00f3n continua en los temas y problemas de la metodolog\u00eda de la investigaci\u00f3n.<\/li>\n<li>Favorecer la cooperaci\u00f3n con Universidades y Centros de Investigaci\u00f3n an\u00e1logos del pa\u00eds y del extranjero, el intercambio de acad\u00e9micos especializados y la difusi\u00f3n del conocimiento metodol\u00f3gico.<\/li>\n<\/ol>\n<\/div>\n","protected":false},"excerpt":{"rendered":"<p>El Centro Interdisciplinario de Metodolog\u00eda de las Ciencias Sociales fue creado en el a\u00f1o 2005 con el fin de promover la\u00a0metodolog\u00eda y filosof\u00eda de las ciencias sociales, as\u00ed como sobre los instrumentos y t\u00e9cnicas de investigaci\u00f3n en ese campo. Objetivos Promover, realizar y coordinar estudios de metodolog\u00eda y filosof\u00eda de las ciencias sociales, as\u00ed como [&hellip;]<\/p>\n","protected":false},"author":2,"featured_media":202,"parent":0,"menu_order":0,"comment_status":"closed","ping_status":"closed","template":"page-ui.php","meta":{"_themeisle_gutenberg_block_has_review":false,"footnotes":""},"class_list":["post-98","page","type-page","status-publish","has-post-thumbnail","hentry"],"acf":[],"rttpg_featured_image_url":{"full":["https:\/\/idihcs.fahce.unlp.edu.ar\/cimecs\/wp-content\/uploads\/sites\/17\/2018\/07\/banner-cimecs.jpg",2900,338,false],"landscape":["https:\/\/idihcs.fahce.unlp.edu.ar\/cimecs\/wp-content\/uploads\/sites\/17\/2018\/07\/banner-cimecs.jpg",2900,338,false],"portraits":["https:\/\/idihcs.fahce.unlp.edu.ar\/cimecs\/wp-content\/uploads\/sites\/17\/2018\/07\/banner-cimecs.jpg",2900,338,false],"thumbnail":["https:\/\/idihcs.fahce.unlp.edu.ar\/cimecs\/wp-content\/uploads\/sites\/17\/2018\/07\/banner-cimecs-150x150.jpg",150,150,true],"medium":["https:\/\/idihcs.fahce.unlp.edu.ar\/cimecs\/wp-content\/uploads\/sites\/17\/2018\/07\/banner-cimecs-300x35.jpg",300,35,true],"large":["https:\/\/idihcs.fahce.unlp.edu.ar\/cimecs\/wp-content\/uploads\/sites\/17\/2018\/07\/banner-cimecs-1024x119.jpg",696,81,true],"1536x1536":["https:\/\/idihcs.fahce.unlp.edu.ar\/cimecs\/wp-content\/uploads\/sites\/17\/2018\/07\/banner-cimecs.jpg",1536,179,false],"2048x2048":["https:\/\/idihcs.fahce.unlp.edu.ar\/cimecs\/wp-content\/uploads\/sites\/17\/2018\/07\/banner-cimecs.jpg",2048,239,false],"td_80x60":["https:\/\/idihcs.fahce.unlp.edu.ar\/cimecs\/wp-content\/uploads\/sites\/17\/2018\/07\/banner-cimecs-80x60.jpg",80,60,true],"td_100x70":["https:\/\/idihcs.fahce.unlp.edu.ar\/cimecs\/wp-content\/uploads\/sites\/17\/2018\/07\/banner-cimecs-100x70.jpg",100,70,true],"td_218x150":["https:\/\/idihcs.fahce.unlp.edu.ar\/cimecs\/wp-content\/uploads\/sites\/17\/2018\/07\/banner-cimecs-218x150.jpg",218,150,true],"td_265x198":["https:\/\/idihcs.fahce.unlp.edu.ar\/cimecs\/wp-content\/uploads\/sites\/17\/2018\/07\/banner-cimecs-265x198.jpg",265,198,true],"td_324x160":["https:\/\/idihcs.fahce.unlp.edu.ar\/cimecs\/wp-content\/uploads\/sites\/17\/2018\/07\/banner-cimecs-324x160.jpg",324,160,true],"td_324x235":["https:\/\/idihcs.fahce.unlp.edu.ar\/cimecs\/wp-content\/uploads\/sites\/17\/2018\/07\/banner-cimecs-324x235.jpg",324,235,true],"td_324x400":["https:\/\/idihcs.fahce.unlp.edu.ar\/cimecs\/wp-content\/uploads\/sites\/17\/2018\/07\/banner-cimecs-324x338.jpg",324,338,true],"td_356x220":["https:\/\/idihcs.fahce.unlp.edu.ar\/cimecs\/wp-content\/uploads\/sites\/17\/2018\/07\/banner-cimecs-356x220.jpg",356,220,true],"td_356x364":["https:\/\/idihcs.fahce.unlp.edu.ar\/cimecs\/wp-content\/uploads\/sites\/17\/2018\/07\/banner-cimecs-356x338.jpg",356,338,true],"td_485x360":["https:\/\/idihcs.fahce.unlp.edu.ar\/cimecs\/wp-content\/uploads\/sites\/17\/2018\/07\/banner-cimecs-485x338.jpg",485,338,true],"td_533x261":["https:\/\/idihcs.fahce.unlp.edu.ar\/cimecs\/wp-content\/uploads\/sites\/17\/2018\/07\/banner-cimecs-533x261.jpg",533,261,true],"td_534x462":["https:\/\/idihcs.fahce.unlp.edu.ar\/cimecs\/wp-content\/uploads\/sites\/17\/2018\/07\/banner-cimecs-534x338.jpg",534,338,true],"td_696x0":["https:\/\/idihcs.fahce.unlp.edu.ar\/cimecs\/wp-content\/uploads\/sites\/17\/2018\/07\/banner-cimecs-696x81.jpg",696,81,true],"td_696x385":["https:\/\/idihcs.fahce.unlp.edu.ar\/cimecs\/wp-content\/uploads\/sites\/17\/2018\/07\/banner-cimecs-696x338.jpg",696,338,true],"td_741x486":["https:\/\/idihcs.fahce.unlp.edu.ar\/cimecs\/wp-content\/uploads\/sites\/17\/2018\/07\/banner-cimecs-741x338.jpg",741,338,true],"td_1068x580":["https:\/\/idihcs.fahce.unlp.edu.ar\/cimecs\/wp-content\/uploads\/sites\/17\/2018\/07\/banner-cimecs-1068x338.jpg",1068,338,true],"td_1068x0":["https:\/\/idihcs.fahce.unlp.edu.ar\/cimecs\/wp-content\/uploads\/sites\/17\/2018\/07\/banner-cimecs-1068x124.jpg",1068,124,true],"td_0x420":["https:\/\/idihcs.fahce.unlp.edu.ar\/cimecs\/wp-content\/uploads\/sites\/17\/2018\/07\/banner-cimecs.jpg",2900,338,false],"td_1920x0":["https:\/\/idihcs.fahce.unlp.edu.ar\/cimecs\/wp-content\/uploads\/sites\/17\/2018\/07\/banner-cimecs-1920x224.jpg",1920,224,true],"rt_custom":["https:\/\/idihcs.fahce.unlp.edu.ar\/cimecs\/wp-content\/uploads\/sites\/17\/2018\/07\/banner-cimecs.jpg",2900,338,false]},"rttpg_author":{"display_name":"ggchicote","author_link":"https:\/\/idihcs.fahce.unlp.edu.ar\/cimecs\/author\/ggchicote\/"},"rttpg_comment":0,"rttpg_category":null,"rttpg_excerpt":"El Centro Interdisciplinario de Metodolog\u00eda de las Ciencias Sociales fue creado en el a\u00f1o 2005 con el fin de promover la\u00a0metodolog\u00eda y filosof\u00eda de las ciencias sociales, as\u00ed como sobre los instrumentos y t\u00e9cnicas de investigaci\u00f3n en ese campo. Objetivos Promover, realizar y coordinar estudios de metodolog\u00eda y filosof\u00eda de las ciencias sociales, as\u00ed como&hellip;","_links":{"self":[{"href":"https:\/\/idihcs.fahce.unlp.edu.ar\/cimecs\/wp-json\/wp\/v2\/pages\/98","targetHints":{"allow":["GET"]}}],"collection":[{"href":"https:\/\/idihcs.fahce.unlp.edu.ar\/cimecs\/wp-json\/wp\/v2\/pages"}],"about":[{"href":"https:\/\/idihcs.fahce.unlp.edu.ar\/cimecs\/wp-json\/wp\/v2\/types\/page"}],"author":[{"embeddable":true,"href":"https:\/\/idihcs.fahce.unlp.edu.ar\/cimecs\/wp-json\/wp\/v2\/users\/2"}],"replies":[{"embeddable":true,"href":"https:\/\/idihcs.fahce.unlp.edu.ar\/cimecs\/wp-json\/wp\/v2\/comments?post=98"}],"version-history":[{"count":7,"href":"https:\/\/idihcs.fahce.unlp.edu.ar\/cimecs\/wp-json\/wp\/v2\/pages\/98\/revisions"}],"predecessor-version":[{"id":970,"href":"https:\/\/idihcs.fahce.unlp.edu.ar\/cimecs\/wp-json\/wp\/v2\/pages\/98\/revisions\/970"}],"wp:featuredmedia":[{"embeddable":true,"href":"https:\/\/idihcs.fahce.unlp.edu.ar\/cimecs\/wp-json\/wp\/v2\/media\/202"}],"wp:attachment":[{"href":"https:\/\/idihcs.fahce.unlp.edu.ar\/cimecs\/wp-json\/wp\/v2\/media?parent=98"}],"curies":[{"name":"wp","href":"https:\/\/api.w.org\/{rel}","templated":true}]}}