{"id":862,"date":"2024-09-09T13:43:40","date_gmt":"2024-09-09T16:43:40","guid":{"rendered":"https:\/\/idihcs.fahce.unlp.edu.ar\/cimecs\/?page_id=862"},"modified":"2024-09-09T13:44:02","modified_gmt":"2024-09-09T16:44:02","slug":"pip","status":"publish","type":"page","link":"https:\/\/idihcs.fahce.unlp.edu.ar\/cimecs\/pip\/","title":{"rendered":"CIMeCS \u2013 Proyectos de Investigaci\u00f3n Plurianuales CONICET (PIP)"},"content":{"rendered":"2016. <a href='https:\/\/idihcs.fahce.unlp.edu.ar\/pip\/desigualdad-social-y-pobreza-estructural-reflexiones-teorico-metodologicas-y-estudios-de-caso-en-el-gran-la-plata\/'>Desigualdad social y pobreza estructural. Reflexiones te\u00f3rico-metodol\u00f3gicas y estudios de caso en el Gran La Plata.<\/a> CIMeCS. Proyecto de Investigaci\u00f3n Plurianual (PIP). Desde 01\/01\/2016 hasta 31\/12\/2018.<br>2026. <a href='https:\/\/idihcs.fahce.unlp.edu.ar\/pip\/reflexiones-teorico-metodologicas-sobre-el-estudio-de-la-pobreza-el-trabajo-y-las-politicas-sociales\/'>Reflexiones te\u00f3rico-metodol\u00f3gicas sobre el estudio de la pobreza, el trabajo y las pol\u00edticas sociales.<\/a> CIMeCS. Proyecto de Investigaci\u00f3n Plurianual (PIP). Desde 19\/03\/2026 hasta 19\/03\/2026.<br>2026. <a href='https:\/\/idihcs.fahce.unlp.edu.ar\/pip\/tic-juventudes-y-experiencias-de-tiempo-y-espacio-en-el-marco-del-programa-conectar-igualdad-en-la-plata-y-gran-la-plata\/'>TIC, Juventudes y experiencias de tiempo y espacio en el marco del Programa Conectar Igualdad en La Plata y Gran La Plata.<\/a> CIMeCS. Proyecto de Investigaci\u00f3n Plurianual (PIP). Desde 19\/03\/2026 hasta 19\/03\/2026.<br>2026. <a href='https:\/\/idihcs.fahce.unlp.edu.ar\/pip\/genero-y-edad-en-estudios-de-caso-sobre-pobreza-y-politicas-sociales-en-el-gran-la-plata-2007-2014\/'>G\u00e9nero y edad en estudios de caso sobre pobreza y pol\u00edticas sociales en el Gran La Plata (2007-2014).<\/a> CIMeCS. Proyecto de Investigaci\u00f3n Plurianual (PIP). Desde 19\/03\/2026 hasta 19\/03\/2026.<br>\n","protected":false},"excerpt":{"rendered":"","protected":false},"author":1,"featured_media":0,"parent":0,"menu_order":0,"comment_status":"closed","ping_status":"closed","template":"page-ui.php","meta":{"_themeisle_gutenberg_block_has_review":false,"footnotes":""},"class_list":["post-862","page","type-page","status-publish","hentry"],"acf":[],"rttpg_featured_image_url":null,"rttpg_author":{"display_name":"admin_ead","author_link":"https:\/\/idihcs.fahce.unlp.edu.ar\/cimecs\/author\/admin_ead\/"},"rttpg_comment":0,"rttpg_category":null,"rttpg_excerpt":null,"_links":{"self":[{"href":"https:\/\/idihcs.fahce.unlp.edu.ar\/cimecs\/wp-json\/wp\/v2\/pages\/862","targetHints":{"allow":["GET"]}}],"collection":[{"href":"https:\/\/idihcs.fahce.unlp.edu.ar\/cimecs\/wp-json\/wp\/v2\/pages"}],"about":[{"href":"https:\/\/idihcs.fahce.unlp.edu.ar\/cimecs\/wp-json\/wp\/v2\/types\/page"}],"author":[{"embeddable":true,"href":"https:\/\/idihcs.fahce.unlp.edu.ar\/cimecs\/wp-json\/wp\/v2\/users\/1"}],"replies":[{"embeddable":true,"href":"https:\/\/idihcs.fahce.unlp.edu.ar\/cimecs\/wp-json\/wp\/v2\/comments?post=862"}],"version-history":[{"count":1,"href":"https:\/\/idihcs.fahce.unlp.edu.ar\/cimecs\/wp-json\/wp\/v2\/pages\/862\/revisions"}],"predecessor-version":[{"id":865,"href":"https:\/\/idihcs.fahce.unlp.edu.ar\/cimecs\/wp-json\/wp\/v2\/pages\/862\/revisions\/865"}],"wp:attachment":[{"href":"https:\/\/idihcs.fahce.unlp.edu.ar\/cimecs\/wp-json\/wp\/v2\/media?parent=862"}],"curies":[{"name":"wp","href":"https:\/\/api.w.org\/{rel}","templated":true}]}}