{"id":23,"date":"2018-05-01T16:05:27","date_gmt":"2018-05-01T19:05:27","guid":{"rendered":"http:\/\/163.10.30.48\/~posgrado6\/wordpress\/cimecs\/?page_id=23"},"modified":"2022-12-15T14:43:25","modified_gmt":"2022-12-15T17:43:25","slug":"recursos-humanos","status":"publish","type":"page","link":"https:\/\/idihcs.fahce.unlp.edu.ar\/cimecs\/recursos-humanos\/","title":{"rendered":"CIMeCS &#8211; Recursos Humanos"},"content":{"rendered":"<div><strong>1. INVESTIGADORES\/AS FORMADOS\/AS<\/strong><\/div>\n<div>\n<p><strong>Profesora Em\u00e9rita FaHCE\/UNLP<br \/>\n<\/strong><a href=\"http:\/\/idihcs.fahce.unlp.edu.ar\/personas\/eguia-amalia\/\" target=\"_blank\" rel=\"noopener nofollow noreferrer\">Egu\u00eda, Amalia<\/a><\/p>\n<p><strong>Investigadore\/as CONICET<\/strong><\/p>\n<p><a href=\"http:\/\/idihcs.fahce.unlp.edu.ar\/?s=Ben%C3%ADtez+Larghi+Sebasti%C3%A1n\" target=\"_blank\" rel=\"nofollow noopener noreferrer\">Ben\u00edtez Larghi, Sebasti\u00e1n<\/a><br \/>\n<a href=\"http:\/\/idihcs.fahce.unlp.edu.ar\/personas\/boix-ornela\/\" target=\"_blank\" rel=\"nofollow noopener noreferrer\">Boix, Ornela<\/a><br \/>\n<a href=\"http:\/\/idihcs.fahce.unlp.edu.ar\/personas\/buschini-jose-daniel\/\" target=\"_blank\" rel=\"nofollow noopener noreferrer\">Buschini, Jose Daniel<\/a><br \/>\n<a href=\"http:\/\/idihcs.fahce.unlp.edu.ar\/personas\/calandron-julieta-sabrina\/\" target=\"_blank\" rel=\"nofollow noopener noreferrer\">Calandr\u00f3n, Julieta Sabrina<\/a><br \/>\n<a href=\"http:\/\/idihcs.fahce.unlp.edu.ar\/personas\/galar-santiago\/\" target=\"_blank\" rel=\"nofollow noopener noreferrer\">Galar, Santiago<\/a><br \/>\n<a href=\"http:\/\/idihcs.fahce.unlp.edu.ar\/personas\/kessler-gabriel\/\" target=\"_blank\" rel=\"nofollow noopener noreferrer\">Kessler, Gabriel<\/a><br \/>\n<a href=\"http:\/\/idihcs.fahce.unlp.edu.ar\/personas\/lemus-magdalena\/\" target=\"_blank\" rel=\"nofollow noopener noreferrer\">Lemus, Magdalena<\/a><br \/>\n<a href=\"http:\/\/idihcs.fahce.unlp.edu.ar\/personas\/lio-vanesa\/\" target=\"_blank\" rel=\"nofollow noopener noreferrer\">L\u00edo, Vanesa<\/a><br \/>\n<a href=\"http:\/\/idihcs.fahce.unlp.edu.ar\/personas\/muniz-terra-leticia\/\" target=\"_blank\" rel=\"nofollow noopener noreferrer\">Mu\u00f1iz Terra, Leticia<\/a><br \/>\n<a href=\"http:\/\/idihcs.fahce.unlp.edu.ar\/personas\/piovani-juan\/\" target=\"_blank\" rel=\"nofollow noopener noreferrer\">Piovani, Juan<\/a>\u00a0Ignacio<br \/>\n<a href=\"http:\/\/idihcs.fahce.unlp.edu.ar\/personas\/rausky-maria-eugenia\/\" target=\"_blank\" rel=\"nofollow noopener noreferrer\">Rausky, Mar\u00eda Eugenia<\/a><br \/>\n<a href=\"https:\/\/idihcs.fahce.unlp.edu.ar\/personas\/welschinger-lascano-nicolas-sebastian\/\" target=\"_blank\" rel=\"nofollow noopener noreferrer\">Welschinger Lascano, Nicol\u00e1s<\/a>\u00a0Sebasti\u00e1n<\/p>\n<p><strong>Investigadora CIC<br \/>\n<\/strong><a href=\"http:\/\/idihcs.fahce.unlp.edu.ar\/personas\/ortale-maria-susana\/\" target=\"_blank\" rel=\"nofollow noopener noreferrer\">Ortale, Mar\u00eda Susana<\/a><\/p>\n<p><strong>Docentes-investigadores\/as FaHCE-UNLP<\/strong><\/p>\n<p><a href=\"http:\/\/idihcs.fahce.unlp.edu.ar\/personas\/iuliano-rodolfo\/\" target=\"_blank\" rel=\"nofollow noopener noreferrer\">Iuliano, Rodolfo<\/a><br \/>\n<a href=\"http:\/\/idihcs.fahce.unlp.edu.ar\/personas\/pagnamento-licia-viviana\/\" target=\"_blank\" rel=\"nofollow noopener noreferrer\">Pagnamento, Licia Viviana<\/a><br \/>\n<a href=\"http:\/\/idihcs.fahce.unlp.edu.ar\/personas\/santarsiero-luis\/\" target=\"_blank\" rel=\"nofollow noopener noreferrer\">Santarsiero, Luis<\/a><br \/>\n<a href=\"https:\/\/idihcs.fahce.unlp.edu.ar\/personas\/varela-sebastian\/\" target=\"_blank\" rel=\"nofollow noopener noreferrer\">Varela, Sebastian<\/a><strong><br \/>\n<\/strong><\/p>\n<p><strong>2. INVESTIGADORES\/AS EN FORMACI\u00d3N<br \/>\n<\/strong><\/p>\n<p><strong>Docentes-investigadores FaHCE-UNLP<\/strong><\/p>\n<p><a href=\"http:\/\/idihcs.fahce.unlp.edu.ar\/personas\/bravo-almonacid-florencia\/\" target=\"_blank\" rel=\"nofollow noopener noreferrer\">Bravo Almonacid, Florencia<\/a><br \/>\n<a href=\"http:\/\/idihcs.fahce.unlp.edu.ar\/personas\/galvani-ivan\/\" target=\"_blank\" rel=\"nofollow noopener noreferrer\">Galvani, Iv\u00e1n<\/a><br \/>\n<a href=\"http:\/\/idihcs.fahce.unlp.edu.ar\/personas\/iucci-matias-jose\/\" target=\"_blank\" rel=\"nofollow noopener noreferrer\">Iucci, Mat\u00edas Jos\u00e9<\/a><br \/>\n<a href=\"http:\/\/idihcs.fahce.unlp.edu.ar\/personas\/pi-puig-ana-pilar\/\" target=\"_blank\" rel=\"nofollow noopener noreferrer\">Pi<\/a>\u00a0<a href=\"http:\/\/idihcs.fahce.unlp.edu.ar\/personas\/pi-puig-ana-pilar\/\" target=\"_blank\" rel=\"nofollow noopener noreferrer\">Puig,<\/a>\u00a0<a href=\"http:\/\/idihcs.fahce.unlp.edu.ar\/personas\/pi-puig-ana-pilar\/\" target=\"_blank\" rel=\"nofollow noopener noreferrer\">Pilar<\/a><\/p>\n<p><strong>3. BECARIOS\/AS<\/strong><\/p>\n<p><strong>Becario\/as posdoctorales:<br \/>\n<\/strong><a href=\"http:\/\/idihcs.fahce.unlp.edu.ar\/personas\/balerdi-soledad\/\" target=\"_blank\" rel=\"nofollow noopener noreferrer\">Balerdi, Soledad<\/a><br \/>\n<a href=\"http:\/\/idihcs.fahce.unlp.edu.ar\/personas\/castrillo-maria-belen\/\" target=\"_blank\" rel=\"nofollow noopener noreferrer\">Castrillo, Mar\u00eda Bel\u00e9n<\/a><br \/>\n<a href=\"http:\/\/idihcs.fahce.unlp.edu.ar\/personas\/urtasun-martin-javier\/\" target=\"_blank\" rel=\"nofollow noopener noreferrer\">Urtasun, Mart\u00edn Javier<\/a><\/p>\n<p><strong>Becario\/as doctorales:<br \/>\n<\/strong><a href=\"http:\/\/idihcs.fahce.unlp.edu.ar\/personas\/ambort-maria-eugenia\/\" target=\"_blank\" rel=\"nofollow noopener noreferrer\">Ambort, Maria Eugenia<\/a><br \/>\n<a href=\"http:\/\/idihcs.fahce.unlp.edu.ar\/personas\/cuestas-paula\/\" target=\"_blank\" rel=\"nofollow noopener noreferrer\">Cuestas, Paula<\/a><br \/>\n<a href=\"https:\/\/idihcs.fahce.unlp.edu.ar\/personas\/gorgone-pampin-alumine\/\" target=\"_blank\" rel=\"nofollow noopener noreferrer\">Gorgone, Alumin\u00e9<\/a><br \/>\n<a href=\"http:\/\/idihcs.fahce.unlp.edu.ar\/personas\/guzzo-rosario\/\" target=\"_blank\" rel=\"noopener nofollow noreferrer\">Guzzo, Rosario<\/a><br \/>\n<a href=\"http:\/\/idihcs.fahce.unlp.edu.ar\/personas\/mamonde-matias\/\" target=\"_blank\" rel=\"nofollow noopener noreferrer\">Mamonde, Mat\u00edas<\/a><br \/>\n<a href=\"http:\/\/idihcs.fahce.unlp.edu.ar\/personas\/pschunder-barbara\/\" target=\"_blank\" rel=\"nofollow noopener noreferrer\">Pschunder, B\u00e1rbara<\/a><br \/>\nSoca, Fernanda<\/p>\n<p><strong>Becario\/as CIN (grado)<br \/>\n<\/strong>Biscotti, Victoria<strong><br \/>\n<\/strong>Cruz,\u00a0Natacha<br \/>\nDe Dominicis, Alejo<br \/>\nGalante, Valentina<\/p>\n<p><strong>4. Otros\/as participantes en actividades del Centro<br \/>\n<\/strong><\/p>\n<p><strong>Docentes FaHCE-UNLP con mayor dedicaci\u00f3n en lugar de trabajo externo<\/strong><\/p>\n<p><a href=\"http:\/\/idihcs.fahce.unlp.edu.ar\/personas\/aliano-nicolas\/\" target=\"_blank\" rel=\"nofollow noopener noreferrer\">Aliano, Nicol\u00e1s<\/a>\u00a0(docente FaHCE-UNLP, Investigador CONICET radicado en CEREN)<strong><br \/>\n<\/strong><a href=\"http:\/\/idihcs.fahce.unlp.edu.ar\/personas\/alzugaray-lucas-mariano\/\" target=\"_blank\" rel=\"nofollow noopener noreferrer\">Alzugaray, Lucas<\/a>\u00a0(docente FaHCE-UNLP, Personal de apoyo CONICET radicado en IdIHCS)<br \/>\n<a href=\"http:\/\/idihcs.fahce.unlp.edu.ar\/personas\/caneva-hernan\/\" target=\"_blank\" rel=\"nofollow noopener noreferrer\">C\u00e1neva,<\/a>\u00a0<a href=\"http:\/\/idihcs.fahce.unlp.edu.ar\/personas\/caneva-hernan\/\" target=\"_blank\" rel=\"nofollow noopener noreferrer\">Hern\u00e1n <\/a>(docente FaHCE-UNLP, Investigador CIC radicado en CEREN)<br \/>\n<a href=\"http:\/\/idihcs.fahce.unlp.edu.ar\/personas\/herrera-nicolas\/\" target=\"_blank\" rel=\"nofollow noopener noreferrer\">Herrera, Nicol\u00e1s<\/a>\u00a0(docente FaHCE-UNLP, Investigador CONICET radicado en UNAJ)<strong><br \/>\n<\/strong><a href=\"http:\/\/idihcs.fahce.unlp.edu.ar\/personas\/peiro-maria-laura\/\" target=\"_blank\" rel=\"nofollow noopener noreferrer\">Peir\u00f3, Laura<\/a>\u00a0(docente FaHCE-UNLP, Personal de apoyo CONICET radicada en IdIHCS)<br \/>\n<a href=\"http:\/\/idihcs.fahce.unlp.edu.ar\/personas\/roberti-eugenia\/\" target=\"_blank\" rel=\"nofollow noopener noreferrer\">Roberti, Mar\u00eda Eugenia<\/a>\u00a0(docente FaHCE-UNLP, Investigadora CONICET radicada en UNAJ)<strong><br \/>\n<\/strong><a href=\"http:\/\/idihcs.fahce.unlp.edu.ar\/personas\/santos-javier\/\" target=\"_blank\" rel=\"noopener nofollow noreferrer\">Santos, Javier<\/a>\u00a0(docente FaHCE-UNLP, Personal de apoyo CICPBA radicado en CEREN)<br \/>\n<a href=\"http:\/\/idihcs.fahce.unlp.edu.ar\/personas\/weingast-diana\/\" target=\"_blank\" rel=\"nofollow noopener noreferrer\">Weingast, Diana<\/a>\u00a0(docente FaHCE y Psico UNLP)<\/p>\n<p><strong>Participantes de equipos de investigaci\u00f3n<\/strong><br \/>\n<a href=\"http:\/\/idihcs.fahce.unlp.edu.ar\/personas\/coloma-maria-agustina\/\" target=\"_blank\" rel=\"nofollow noopener noreferrer\">Coloma, Agustina<\/a>\u00a0(becaria doctoral con lugar de trabajo en CICES)<br \/>\n<a href=\"http:\/\/idihcs.fahce.unlp.edu.ar\/personas\/lopez-matias-david\/\" target=\"_blank\" rel=\"nofollow noopener noreferrer\">L\u00f3pez Mat\u00edas, David<\/a><br \/>\nM\u00e9ndez Isla, Malena (tesista doctoral)<br \/>\n<a href=\"http:\/\/idihcs.fahce.unlp.edu.ar\/personas\/reichenbach-mariel\/\" target=\"_blank\" rel=\"nofollow noopener noreferrer\">Reichenbach,\u00a0Mariel<\/a>\u00a0(colaboradora en proyecto)<br \/>\n<a href=\"http:\/\/idihcs.fahce.unlp.edu.ar\/personas\/riva-florencia\/\" target=\"_blank\" rel=\"nofollow noopener noreferrer\">Riva, Florencia<\/a>\u00a0(colaboradora en proyecto)<br \/>\nSilvani, Ignacio (colaborador en proyecto)<br \/>\n<a style=\"font-size: revert\" href=\"http:\/\/idihcs.fahce.unlp.edu.ar\/personas\/bidauri-maria-paz\/\" target=\"_blank\" rel=\"nofollow noopener noreferrer\">Bidauri, Mar\u00eda Paz<\/a><\/p>\n<\/div>\n","protected":false},"excerpt":{"rendered":"<p>1. INVESTIGADORES\/AS FORMADOS\/AS Profesora Em\u00e9rita FaHCE\/UNLP Egu\u00eda, Amalia Investigadore\/as CONICET Ben\u00edtez Larghi, Sebasti\u00e1n Boix, Ornela Buschini, Jose Daniel Calandr\u00f3n, Julieta Sabrina Galar, Santiago Kessler, Gabriel Lemus, Magdalena L\u00edo, Vanesa Mu\u00f1iz Terra, Leticia Piovani, Juan\u00a0Ignacio Rausky, Mar\u00eda Eugenia Welschinger Lascano, Nicol\u00e1s\u00a0Sebasti\u00e1n Investigadora CIC Ortale, Mar\u00eda Susana Docentes-investigadores\/as FaHCE-UNLP Iuliano, Rodolfo Pagnamento, Licia Viviana Santarsiero, Luis Varela, [&hellip;]<\/p>\n","protected":false},"author":2,"featured_media":139,"parent":0,"menu_order":0,"comment_status":"closed","ping_status":"closed","template":"page-ui.php","meta":{"_themeisle_gutenberg_block_has_review":false,"footnotes":""},"class_list":["post-23","page","type-page","status-publish","has-post-thumbnail","hentry"],"acf":[],"rttpg_featured_image_url":{"full":["https:\/\/idihcs.fahce.unlp.edu.ar\/cimecs\/wp-content\/uploads\/sites\/17\/2018\/06\/banner-leset.jpg",2900,338,false],"landscape":["https:\/\/idihcs.fahce.unlp.edu.ar\/cimecs\/wp-content\/uploads\/sites\/17\/2018\/06\/banner-leset.jpg",2900,338,false],"portraits":["https:\/\/idihcs.fahce.unlp.edu.ar\/cimecs\/wp-content\/uploads\/sites\/17\/2018\/06\/banner-leset.jpg",2900,338,false],"thumbnail":["https:\/\/idihcs.fahce.unlp.edu.ar\/cimecs\/wp-content\/uploads\/sites\/17\/2018\/06\/banner-leset-150x150.jpg",150,150,true],"medium":["https:\/\/idihcs.fahce.unlp.edu.ar\/cimecs\/wp-content\/uploads\/sites\/17\/2018\/06\/banner-leset-300x35.jpg",300,35,true],"large":["https:\/\/idihcs.fahce.unlp.edu.ar\/cimecs\/wp-content\/uploads\/sites\/17\/2018\/06\/banner-leset-1024x119.jpg",696,81,true],"1536x1536":["https:\/\/idihcs.fahce.unlp.edu.ar\/cimecs\/wp-content\/uploads\/sites\/17\/2018\/06\/banner-leset.jpg",1536,179,false],"2048x2048":["https:\/\/idihcs.fahce.unlp.edu.ar\/cimecs\/wp-content\/uploads\/sites\/17\/2018\/06\/banner-leset.jpg",2048,239,false],"td_80x60":["https:\/\/idihcs.fahce.unlp.edu.ar\/cimecs\/wp-content\/uploads\/sites\/17\/2018\/06\/banner-leset-80x60.jpg",80,60,true],"td_100x70":["https:\/\/idihcs.fahce.unlp.edu.ar\/cimecs\/wp-content\/uploads\/sites\/17\/2018\/06\/banner-leset-100x70.jpg",100,70,true],"td_218x150":["https:\/\/idihcs.fahce.unlp.edu.ar\/cimecs\/wp-content\/uploads\/sites\/17\/2018\/06\/banner-leset-218x150.jpg",218,150,true],"td_265x198":["https:\/\/idihcs.fahce.unlp.edu.ar\/cimecs\/wp-content\/uploads\/sites\/17\/2018\/06\/banner-leset-265x198.jpg",265,198,true],"td_324x160":["https:\/\/idihcs.fahce.unlp.edu.ar\/cimecs\/wp-content\/uploads\/sites\/17\/2018\/06\/banner-leset-324x160.jpg",324,160,true],"td_324x235":["https:\/\/idihcs.fahce.unlp.edu.ar\/cimecs\/wp-content\/uploads\/sites\/17\/2018\/06\/banner-leset-324x235.jpg",324,235,true],"td_324x400":["https:\/\/idihcs.fahce.unlp.edu.ar\/cimecs\/wp-content\/uploads\/sites\/17\/2018\/06\/banner-leset-324x338.jpg",324,338,true],"td_356x220":["https:\/\/idihcs.fahce.unlp.edu.ar\/cimecs\/wp-content\/uploads\/sites\/17\/2018\/06\/banner-leset-356x220.jpg",356,220,true],"td_356x364":["https:\/\/idihcs.fahce.unlp.edu.ar\/cimecs\/wp-content\/uploads\/sites\/17\/2018\/06\/banner-leset-356x338.jpg",356,338,true],"td_485x360":["https:\/\/idihcs.fahce.unlp.edu.ar\/cimecs\/wp-content\/uploads\/sites\/17\/2018\/06\/banner-leset-485x338.jpg",485,338,true],"td_533x261":["https:\/\/idihcs.fahce.unlp.edu.ar\/cimecs\/wp-content\/uploads\/sites\/17\/2018\/06\/banner-leset-533x261.jpg",533,261,true],"td_534x462":["https:\/\/idihcs.fahce.unlp.edu.ar\/cimecs\/wp-content\/uploads\/sites\/17\/2018\/06\/banner-leset-534x338.jpg",534,338,true],"td_696x0":["https:\/\/idihcs.fahce.unlp.edu.ar\/cimecs\/wp-content\/uploads\/sites\/17\/2018\/06\/banner-leset-696x81.jpg",696,81,true],"td_696x385":["https:\/\/idihcs.fahce.unlp.edu.ar\/cimecs\/wp-content\/uploads\/sites\/17\/2018\/06\/banner-leset-696x338.jpg",696,338,true],"td_741x486":["https:\/\/idihcs.fahce.unlp.edu.ar\/cimecs\/wp-content\/uploads\/sites\/17\/2018\/06\/banner-leset-741x338.jpg",741,338,true],"td_1068x580":["https:\/\/idihcs.fahce.unlp.edu.ar\/cimecs\/wp-content\/uploads\/sites\/17\/2018\/06\/banner-leset-1068x338.jpg",1068,338,true],"td_1068x0":["https:\/\/idihcs.fahce.unlp.edu.ar\/cimecs\/wp-content\/uploads\/sites\/17\/2018\/06\/banner-leset-1068x124.jpg",1068,124,true],"td_0x420":["https:\/\/idihcs.fahce.unlp.edu.ar\/cimecs\/wp-content\/uploads\/sites\/17\/2018\/06\/banner-leset.jpg",2900,338,false],"td_1920x0":["https:\/\/idihcs.fahce.unlp.edu.ar\/cimecs\/wp-content\/uploads\/sites\/17\/2018\/06\/banner-leset-1920x224.jpg",1920,224,true],"rt_custom":["https:\/\/idihcs.fahce.unlp.edu.ar\/cimecs\/wp-content\/uploads\/sites\/17\/2018\/06\/banner-leset.jpg",2900,338,false]},"rttpg_author":{"display_name":"ggchicote","author_link":"https:\/\/idihcs.fahce.unlp.edu.ar\/cimecs\/author\/ggchicote\/"},"rttpg_comment":0,"rttpg_category":null,"rttpg_excerpt":"1. INVESTIGADORES\/AS FORMADOS\/AS Profesora Em\u00e9rita FaHCE\/UNLP Egu\u00eda, Amalia Investigadore\/as CONICET Ben\u00edtez Larghi, Sebasti\u00e1n Boix, Ornela Buschini, Jose Daniel Calandr\u00f3n, Julieta Sabrina Galar, Santiago Kessler, Gabriel Lemus, Magdalena L\u00edo, Vanesa Mu\u00f1iz Terra, Leticia Piovani, Juan\u00a0Ignacio Rausky, Mar\u00eda Eugenia Welschinger Lascano, Nicol\u00e1s\u00a0Sebasti\u00e1n Investigadora CIC Ortale, Mar\u00eda Susana Docentes-investigadores\/as FaHCE-UNLP Iuliano, Rodolfo Pagnamento, Licia Viviana Santarsiero, Luis Varela,&hellip;","_links":{"self":[{"href":"https:\/\/idihcs.fahce.unlp.edu.ar\/cimecs\/wp-json\/wp\/v2\/pages\/23","targetHints":{"allow":["GET"]}}],"collection":[{"href":"https:\/\/idihcs.fahce.unlp.edu.ar\/cimecs\/wp-json\/wp\/v2\/pages"}],"about":[{"href":"https:\/\/idihcs.fahce.unlp.edu.ar\/cimecs\/wp-json\/wp\/v2\/types\/page"}],"author":[{"embeddable":true,"href":"https:\/\/idihcs.fahce.unlp.edu.ar\/cimecs\/wp-json\/wp\/v2\/users\/2"}],"replies":[{"embeddable":true,"href":"https:\/\/idihcs.fahce.unlp.edu.ar\/cimecs\/wp-json\/wp\/v2\/comments?post=23"}],"version-history":[{"count":33,"href":"https:\/\/idihcs.fahce.unlp.edu.ar\/cimecs\/wp-json\/wp\/v2\/pages\/23\/revisions"}],"predecessor-version":[{"id":967,"href":"https:\/\/idihcs.fahce.unlp.edu.ar\/cimecs\/wp-json\/wp\/v2\/pages\/23\/revisions\/967"}],"wp:featuredmedia":[{"embeddable":true,"href":"https:\/\/idihcs.fahce.unlp.edu.ar\/cimecs\/wp-json\/wp\/v2\/media\/139"}],"wp:attachment":[{"href":"https:\/\/idihcs.fahce.unlp.edu.ar\/cimecs\/wp-json\/wp\/v2\/media?parent=23"}],"curies":[{"name":"wp","href":"https:\/\/api.w.org\/{rel}","templated":true}]}}