{"id":941,"date":"2023-10-13T19:54:27","date_gmt":"2023-10-13T22:54:27","guid":{"rendered":"https:\/\/idihcs.fahce.unlp.edu.ar\/cig\/?page_id=941"},"modified":"2025-05-29T14:21:57","modified_gmt":"2025-05-29T17:21:57","slug":"geografias-desde-el-sur-noviembre-2024","status":"publish","type":"page","link":"https:\/\/idihcs.fahce.unlp.edu.ar\/cig\/geografias-desde-el-sur-noviembre-2024\/","title":{"rendered":"Geograf\u00edas desde el Sur &#8211; Noviembre 2024"},"content":{"rendered":"\n<p><\/p>\n\n\n<h2 style=\"text-align: left;\"><span style=\"color: #000080;\"><img loading=\"lazy\" decoding=\"async\" class=\" wp-image-1369 alignleft\" src=\"https:\/\/idihcs.fahce.unlp.edu.ar\/cig\/wp-content\/uploads\/sites\/13\/2024\/11\/IMG-20241101-WA0028-240x300.jpg\" alt=\"\" width=\"274\" height=\"343\" srcset=\"https:\/\/idihcs.fahce.unlp.edu.ar\/cig\/wp-content\/uploads\/sites\/13\/2024\/11\/IMG-20241101-WA0028-240x300.jpg 240w, https:\/\/idihcs.fahce.unlp.edu.ar\/cig\/wp-content\/uploads\/sites\/13\/2024\/11\/IMG-20241101-WA0028-820x1024.jpg 820w, https:\/\/idihcs.fahce.unlp.edu.ar\/cig\/wp-content\/uploads\/sites\/13\/2024\/11\/IMG-20241101-WA0028-768x959.jpg 768w, https:\/\/idihcs.fahce.unlp.edu.ar\/cig\/wp-content\/uploads\/sites\/13\/2024\/11\/IMG-20241101-WA0028-696x869.jpg 696w, https:\/\/idihcs.fahce.unlp.edu.ar\/cig\/wp-content\/uploads\/sites\/13\/2024\/11\/IMG-20241101-WA0028-1068x1333.jpg 1068w, https:\/\/idihcs.fahce.unlp.edu.ar\/cig\/wp-content\/uploads\/sites\/13\/2024\/11\/IMG-20241101-WA0028-336x420.jpg 336w, https:\/\/idihcs.fahce.unlp.edu.ar\/cig\/wp-content\/uploads\/sites\/13\/2024\/11\/IMG-20241101-WA0028.jpg 1080w\" sizes=\"auto, (max-width: 274px) 100vw, 274px\" \/><span style=\"font-size: revert; font-weight: revert;\">Fundamentaci\u00f3n<\/span><\/span><\/h2>\n<p>El c\u00famulo y la velocidad de las transformaciones radicales planteadas a partir del gobierno de La Libertad Avanza (LLA), colocan en tensi\u00f3n a toda la estructura social, abriendo (viejos) debates sobre Derechos y Conquistas adquiridas a lo largo de muchos a\u00f1os de lucha del Pueblo argentino. Esta irrupci\u00f3n en el campo de las ideas y en el plano social nos interpela como comunidad geogr\u00e1fica a retomar algunos de estos debates en este nuevo n\u00famero del Bolet\u00edn. Luego de superados los aspectos m\u00e1s \u00e1lgidos de la denominada crisis del 2001 se reconoce en el pa\u00eds una etapa caracterizada por la recuperaci\u00f3n del rol del Estado frente a las demandas y necesidades de la sociedad. Entre las acciones y pol\u00edticas se destacan la recuperaci\u00f3n de empresas p\u00fablicas emblem\u00e1ticas como la aerol\u00ednea de bandera, YPF, los servicios como el agua y saneamiento, el sistema previsional, junto al fortalecimiento del sistema cient\u00edfico y tecnol\u00f3gico, industria y aeroespacial. Que entre otras cosas permiti\u00f3 programas de repatriaci\u00f3n de cient\u00edficos argentinos al pa\u00eds, mayor presupuesto educativo junto a la creaci\u00f3n de Universidades. Tambi\u00e9n se destaca la implementaci\u00f3n de los programas de viviendas como el PRO.CRE.AR, el financiamiento de diferentes obras de infraestructura que orientaron al desarrollo territorial. C\u00f3mo as\u00ed tambi\u00e9n el fortalecimiento de las redes comunitarias a nivel local con una gran variedad de programas. Por \u00faltimo, se ampliaron los derechos a trav\u00e9s de la implementaci\u00f3n de pol\u00edticas con perspectiva de g\u00e9nero, derechos humanos, salud y discapacidad.\u00a0<\/p>\n<p>En este contexto, si bien se alcanzaron importantes mejoras sociales en los ingresos de gran parte de la poblaci\u00f3n, no se logr\u00f3 revertir la matriz de concentraci\u00f3n en la distribuci\u00f3n de la riqueza, ni los procesos de expoliaci\u00f3n asociados a la explotaci\u00f3n de los bienes comunes naturales. Situaci\u00f3n que se agrava con las recientes pol\u00edticas econ\u00f3micas, bajo el retiro del Estado como actor central de las pol\u00edticas p\u00fablicas, que en conjunci\u00f3n con la p\u00e9rdida sistem\u00e1tica de derechos y el retroceso acelerado de las conquistas sociales llevan a una situaci\u00f3n in\u00e9dita en nuestro pa\u00eds.<\/p>\n<p>A partir de este nuevo escenario que est\u00e1 viviendo la Argentina empezaron diferentes demandas, acciones y planes de lucha que tuvieron un claro corolario en la gran marcha del 23 de abril en defensa de la Educaci\u00f3n Universitaria P\u00fablica y Gratuita que colm\u00f3 las calles de la Argentina.<\/p>\n<p>Para este nuevo n\u00famero tenemos programado un Dossier conformado por contribuciones de personas invitadas. Y por su parte, para el Bolet\u00edn esperamos contribuciones de los y las integrantes de los diferentes proyectos de investigaci\u00f3n de nuestro Centro.\u00a0<a href=\"https:\/\/idihcs.fahce.unlp.edu.ar\/cig\/wp-content\/uploads\/sites\/13\/2024\/08\/2-Boletin-Geografias-desde-el-Sur_Convocatoria-proyectos-de-investigacion-CIG_2024.pdf\"><span style=\"color: #000080;\"><strong>pdf <\/strong>Convocatoria<strong> 2024<\/strong><\/span><\/a><\/p>\n<h3><span style=\"color: #000080;\"><a style=\"color: #000080;\" href=\"https:\/\/idihcs.fahce.unlp.edu.ar\/cig\/wp-content\/uploads\/sites\/13\/2024\/10\/Nota-Editorial-nro-11-octubre-2024.pdf\">Nota Editorial<\/a><\/span><\/h3>\n<h3><span style=\"color: #008000; background-color: #ffffff;\"><strong>Dossier &#8220;Cambios sociopol\u00edticos y sus impactos en el territorio. Una mirada a partir de la coyuntura&#8221;<\/strong><\/span><\/h3>\n<p><span style=\"color: #008000; background-color: #ffffff;\"><a style=\"color: #008000; background-color: #ffffff;\" href=\"https:\/\/idihcs.fahce.unlp.edu.ar\/cig\/wp-content\/uploads\/sites\/13\/2024\/09\/Narodowski-y-otros-Dossier-n\u00b0-11_2-pn-final-1.pdf\"><strong>La Argentina Disciplinada:<\/strong> Kevin Castillo, Federico Machado Busani y Patricio Narodowski<\/a><\/span><br \/><span style=\"color: #008000; background-color: #ffffff;\"><a style=\"color: #008000; background-color: #ffffff;\" href=\"https:\/\/idihcs.fahce.unlp.edu.ar\/cig\/wp-content\/uploads\/sites\/13\/2024\/09\/Entrevista-Dussel-Peters-Dossier-Nro-11_1.pdf\"><strong>Entrevista a Enrique Dussel Peters. China, Estados Unidos y Am\u00e9rica Latina \u00bfRelaciones o tensiones?:<\/strong>\u00a0Juan Cruz Margueliche y Dami\u00e1n Ariel Giammarino<\/a><\/span><br \/><span style=\"color: #008000; background-color: #ffffff;\"><a style=\"color: #008000; background-color: #ffffff;\" href=\"https:\/\/idihcs.fahce.unlp.edu.ar\/cig\/wp-content\/uploads\/sites\/13\/2024\/09\/Gomez-Lende-Dossier-Nro-11_3.pdf\"><strong>Extractivismo, transici\u00f3n energ\u00e9tica y cercamientos h\u00eddricos: los casos del fracking, el litio, el hidr\u00f3geno y el cobre en Argentina:<\/strong> Sebasti\u00e1n G\u00f3mez Lende<\/a><\/span><br \/><span style=\"background-color: #ffffff; color: #008000;\"><a style=\"color: #008000; background-color: #ffffff;\" href=\"https:\/\/idihcs.fahce.unlp.edu.ar\/cig\/wp-content\/uploads\/sites\/13\/2024\/09\/Fernandez-Scarano-y-Berardi-Dossier-Nro-11_4.pdf\"><strong>C\u00f3mo financiar la seguridad social. Un debate necesario:<\/strong> Alejandra Fern\u00e1ndez Scarano y Carolina Berardi<\/a><br \/><a style=\"color: #008000; background-color: #ffffff;\" href=\"https:\/\/idihcs.fahce.unlp.edu.ar\/cig\/wp-content\/uploads\/sites\/13\/2024\/10\/Dossier-Calandria-y-Abbattista.pdf\"><strong>Primer balance del gobierno libertario en materia de g\u00e9nero y memoria:<\/strong> Sol Calandria y Luc\u00eda Abbattista<\/a><br \/><a style=\"background-color: #ffffff; color: #008000;\" href=\"https:\/\/idihcs.fahce.unlp.edu.ar\/cig\/wp-content\/uploads\/sites\/13\/2024\/10\/Legarralde-Dossier-Nro-11.pdf\"><strong>La Universidad argentina bajo asedio. Confrontaciones y resistencias para defender el futuro:<\/strong> Mart\u00edn Legarralde<\/a><\/span><\/p>\n<h3><strong><span style=\"color: #ff0000;\">Art\u00edculos<\/span><\/strong><\/h3>\n<p><span style=\"color: #008000;\"><a style=\"color: #008000;\" href=\"https:\/\/idihcs.fahce.unlp.edu.ar\/cig\/wp-content\/uploads\/sites\/13\/2024\/09\/Boletin-Articulo-Frettes-y-Ruiz_Boletin-Nro-11.pdf\"><strong>La Geograf\u00eda y la Educaci\u00f3n Sexual Integral: resistencias y luchas en las aulas en el contexto actual:<\/strong>\u00a0Mar\u00eda del Carmen Daiana Frettes Arr\u00faa y Camila Zaray Ruiz.<\/a><\/span><br \/><span style=\"color: #008000;\"><a style=\"color: #008000;\" href=\"https:\/\/idihcs.fahce.unlp.edu.ar\/cig\/wp-content\/uploads\/sites\/13\/2024\/09\/Articulo-Boletin-Margueliche_Boletin-Nro-11.pdf\"><strong>Construir, enemizar y espacializar. Una secuencia para el despojo:<\/strong>\u00a0Juan Cruz Margueliche<\/a><\/span><br \/><span style=\"color: #339966;\"><span style=\"color: #008000;\"><a style=\"color: #008000;\" href=\"https:\/\/idihcs.fahce.unlp.edu.ar\/cig\/wp-content\/uploads\/sites\/13\/2024\/09\/Articulos-Ortega_Boletin-Nro-11.pdf\"><strong>Entre el realineamiento estrat\u00e9gico y la twittpolitik\u2026 Malvinas. La pol\u00edtica del gobierno de Javier Milei sobre el Atl\u00e1ntico Sur:<\/strong>\u00a0Federico Ezequiel Ortega.<\/a><\/span><br \/><span style=\"color: #008000;\"><a style=\"color: #008000;\" href=\"https:\/\/idihcs.fahce.unlp.edu.ar\/cig\/wp-content\/uploads\/sites\/13\/2024\/10\/Boletin-Articulo-Botana_Salaverry_Boletin-Nro-11.pdf\"><strong>La miner\u00eda del agua como pol\u00edtica neoliberal y doctrina de entrega. Crisis h\u00eddrica y extracci\u00f3n de litio en la provincia de Jujuy (Argentina):<\/strong> Mar\u00eda In\u00e9s Botana y Edgardo y Salaverry<\/a><\/span><br \/><\/span><\/p>\n<h3><strong><span style=\"color: #ff9900;\">Otras secciones<\/span><\/strong><\/h3>\n<p><span style=\"color: #008000;\"><a style=\"color: #008000;\" href=\"https:\/\/idihcs.fahce.unlp.edu.ar\/cig\/wp-content\/uploads\/sites\/13\/2024\/09\/Boletin-Nro-11-Entrevista-De-Benedictis_Boletin-nro-11.pdf\"><strong>Entrevista a Ernesto Bohoslavsky. Reflexiones en torno al crecimiento de las extremas derechas en Am\u00e9rica Latina:<\/strong>\u00a0Marco Cayetano De Benedictis<\/a><\/span><br \/><span style=\"color: #008000;\"><strong><a style=\"color: #008000;\" href=\"https:\/\/idihcs.fahce.unlp.edu.ar\/cig\/wp-content\/uploads\/sites\/13\/2025\/05\/Boletin-Resena_Fedele_Boletin-nro-11.pdf\">Rese\u00f1a de Mignolo, Walter D. (2024) El lado m\u00e1s oscuro de la modernidad occidental. Futuros globales, opciones descoloniales. 1a ed. CABA: Prometeo, 539 p. Traducci\u00f3n de Eugenia Gay: <\/a><\/strong><a style=\"color: #008000;\" href=\"https:\/\/idihcs.fahce.unlp.edu.ar\/cig\/wp-content\/uploads\/sites\/13\/2025\/05\/Boletin-Resena_Fedele_Boletin-nro-11.pdf\">Marcela Fedele<\/a><\/span><br \/><span style=\"color: #008000;\"><a style=\"color: #008000;\" href=\"https:\/\/idihcs.fahce.unlp.edu.ar\/cig\/wp-content\/uploads\/sites\/13\/2024\/09\/Boletin-nro-11-Paula-Lucero_otras-secciones.pdf\"><strong>Desaf\u00edos de la agroecolog\u00eda argentina en tiempos de desmantelamiento y censura:<\/strong>\u00a0Paula Aldana Lucero<\/a><br \/><a style=\"color: #008000;\" href=\"https:\/\/idihcs.fahce.unlp.edu.ar\/cig\/wp-content\/uploads\/sites\/13\/2024\/10\/LANGARD_NOTA-DE-OPINION_otras-secciones.pdf\"><strong>Estado, industria, desarrollo econ\u00f3mico y social:<\/strong> Federico Langard<\/a><\/span><\/p>\n<p><span style=\"color: #008000;\">\u00a0<\/span><\/p>\n\n\n<p><\/p>\n","protected":false},"excerpt":{"rendered":"<p>Fundamentaci\u00f3n El c\u00famulo y la velocidad de las transformaciones radicales planteadas a partir del gobierno de La Libertad Avanza (LLA), colocan en tensi\u00f3n a toda la estructura social, abriendo (viejos) debates sobre Derechos y Conquistas adquiridas a lo largo de muchos a\u00f1os de lucha del Pueblo argentino. Esta irrupci\u00f3n en el campo de las ideas [&hellip;]<\/p>\n","protected":false},"author":21,"featured_media":176,"parent":0,"menu_order":0,"comment_status":"closed","ping_status":"closed","template":"page-ui.php","meta":{"_themeisle_gutenberg_block_has_review":false,"footnotes":""},"class_list":["post-941","page","type-page","status-publish","has-post-thumbnail","hentry"],"acf":[],"rttpg_featured_image_url":{"full":["https:\/\/idihcs.fahce.unlp.edu.ar\/cig\/wp-content\/uploads\/sites\/13\/2018\/06\/banner-cig.jpg",696,81,false],"landscape":["https:\/\/idihcs.fahce.unlp.edu.ar\/cig\/wp-content\/uploads\/sites\/13\/2018\/06\/banner-cig.jpg",696,81,false],"portraits":["https:\/\/idihcs.fahce.unlp.edu.ar\/cig\/wp-content\/uploads\/sites\/13\/2018\/06\/banner-cig.jpg",696,81,false],"thumbnail":["https:\/\/idihcs.fahce.unlp.edu.ar\/cig\/wp-content\/uploads\/sites\/13\/2018\/06\/banner-cig-150x81.jpg",150,81,true],"medium":["https:\/\/idihcs.fahce.unlp.edu.ar\/cig\/wp-content\/uploads\/sites\/13\/2018\/06\/banner-cig-300x35.jpg",300,35,true],"large":["https:\/\/idihcs.fahce.unlp.edu.ar\/cig\/wp-content\/uploads\/sites\/13\/2018\/06\/banner-cig.jpg",696,81,false],"1536x1536":["https:\/\/idihcs.fahce.unlp.edu.ar\/cig\/wp-content\/uploads\/sites\/13\/2018\/06\/banner-cig.jpg",696,81,false],"2048x2048":["https:\/\/idihcs.fahce.unlp.edu.ar\/cig\/wp-content\/uploads\/sites\/13\/2018\/06\/banner-cig.jpg",696,81,false],"td_80x60":["https:\/\/idihcs.fahce.unlp.edu.ar\/cig\/wp-content\/uploads\/sites\/13\/2018\/06\/banner-cig-80x60.jpg",80,60,true],"td_100x70":["https:\/\/idihcs.fahce.unlp.edu.ar\/cig\/wp-content\/uploads\/sites\/13\/2018\/06\/banner-cig-100x70.jpg",100,70,true],"td_218x150":["https:\/\/idihcs.fahce.unlp.edu.ar\/cig\/wp-content\/uploads\/sites\/13\/2018\/06\/banner-cig-218x81.jpg",218,81,true],"td_265x198":["https:\/\/idihcs.fahce.unlp.edu.ar\/cig\/wp-content\/uploads\/sites\/13\/2018\/06\/banner-cig-265x81.jpg",265,81,true],"td_324x160":["https:\/\/idihcs.fahce.unlp.edu.ar\/cig\/wp-content\/uploads\/sites\/13\/2018\/06\/banner-cig-324x81.jpg",324,81,true],"td_324x235":["https:\/\/idihcs.fahce.unlp.edu.ar\/cig\/wp-content\/uploads\/sites\/13\/2018\/06\/banner-cig-324x81.jpg",324,81,true],"td_324x400":["https:\/\/idihcs.fahce.unlp.edu.ar\/cig\/wp-content\/uploads\/sites\/13\/2018\/06\/banner-cig-324x81.jpg",324,81,true],"td_356x220":["https:\/\/idihcs.fahce.unlp.edu.ar\/cig\/wp-content\/uploads\/sites\/13\/2018\/06\/banner-cig-356x81.jpg",356,81,true],"td_356x364":["https:\/\/idihcs.fahce.unlp.edu.ar\/cig\/wp-content\/uploads\/sites\/13\/2018\/06\/banner-cig-356x81.jpg",356,81,true],"td_485x360":["https:\/\/idihcs.fahce.unlp.edu.ar\/cig\/wp-content\/uploads\/sites\/13\/2018\/06\/banner-cig-485x81.jpg",485,81,true],"td_533x261":["https:\/\/idihcs.fahce.unlp.edu.ar\/cig\/wp-content\/uploads\/sites\/13\/2018\/06\/banner-cig-533x81.jpg",533,81,true],"td_534x462":["https:\/\/idihcs.fahce.unlp.edu.ar\/cig\/wp-content\/uploads\/sites\/13\/2018\/06\/banner-cig-534x81.jpg",534,81,true],"td_696x0":["https:\/\/idihcs.fahce.unlp.edu.ar\/cig\/wp-content\/uploads\/sites\/13\/2018\/06\/banner-cig-696x81.jpg",696,81,true],"td_696x385":["https:\/\/idihcs.fahce.unlp.edu.ar\/cig\/wp-content\/uploads\/sites\/13\/2018\/06\/banner-cig-696x81.jpg",696,81,true],"td_741x486":["https:\/\/idihcs.fahce.unlp.edu.ar\/cig\/wp-content\/uploads\/sites\/13\/2018\/06\/banner-cig.jpg",696,81,false],"td_1068x580":["https:\/\/idihcs.fahce.unlp.edu.ar\/cig\/wp-content\/uploads\/sites\/13\/2018\/06\/banner-cig.jpg",696,81,false],"td_1068x0":["https:\/\/idihcs.fahce.unlp.edu.ar\/cig\/wp-content\/uploads\/sites\/13\/2018\/06\/banner-cig.jpg",696,81,false],"td_0x420":["https:\/\/idihcs.fahce.unlp.edu.ar\/cig\/wp-content\/uploads\/sites\/13\/2018\/06\/banner-cig.jpg",696,81,false],"td_1920x0":["https:\/\/idihcs.fahce.unlp.edu.ar\/cig\/wp-content\/uploads\/sites\/13\/2018\/06\/banner-cig.jpg",696,81,false],"rt_custom":["https:\/\/idihcs.fahce.unlp.edu.ar\/cig\/wp-content\/uploads\/sites\/13\/2018\/06\/banner-cig.jpg",696,81,false]},"rttpg_author":{"display_name":"psalguero","author_link":"https:\/\/idihcs.fahce.unlp.edu.ar\/cig\/author\/psalguero\/"},"rttpg_comment":0,"rttpg_category":null,"rttpg_excerpt":"Fundamentaci\u00f3n El c\u00famulo y la velocidad de las transformaciones radicales planteadas a partir del gobierno de La Libertad Avanza (LLA), colocan en tensi\u00f3n a toda la estructura social, abriendo (viejos) debates sobre Derechos y Conquistas adquiridas a lo largo de muchos a\u00f1os de lucha del Pueblo argentino. Esta irrupci\u00f3n en el campo de las ideas&hellip;","_links":{"self":[{"href":"https:\/\/idihcs.fahce.unlp.edu.ar\/cig\/wp-json\/wp\/v2\/pages\/941","targetHints":{"allow":["GET"]}}],"collection":[{"href":"https:\/\/idihcs.fahce.unlp.edu.ar\/cig\/wp-json\/wp\/v2\/pages"}],"about":[{"href":"https:\/\/idihcs.fahce.unlp.edu.ar\/cig\/wp-json\/wp\/v2\/types\/page"}],"author":[{"embeddable":true,"href":"https:\/\/idihcs.fahce.unlp.edu.ar\/cig\/wp-json\/wp\/v2\/users\/21"}],"replies":[{"embeddable":true,"href":"https:\/\/idihcs.fahce.unlp.edu.ar\/cig\/wp-json\/wp\/v2\/comments?post=941"}],"version-history":[{"count":33,"href":"https:\/\/idihcs.fahce.unlp.edu.ar\/cig\/wp-json\/wp\/v2\/pages\/941\/revisions"}],"predecessor-version":[{"id":1555,"href":"https:\/\/idihcs.fahce.unlp.edu.ar\/cig\/wp-json\/wp\/v2\/pages\/941\/revisions\/1555"}],"wp:featuredmedia":[{"embeddable":true,"href":"https:\/\/idihcs.fahce.unlp.edu.ar\/cig\/wp-json\/wp\/v2\/media\/176"}],"wp:attachment":[{"href":"https:\/\/idihcs.fahce.unlp.edu.ar\/cig\/wp-json\/wp\/v2\/media?parent=941"}],"curies":[{"name":"wp","href":"https:\/\/api.w.org\/{rel}","templated":true}]}}