{"id":766,"date":"2023-02-09T13:58:49","date_gmt":"2023-02-09T16:58:49","guid":{"rendered":"https:\/\/idihcs.fahce.unlp.edu.ar\/cig\/?page_id=766"},"modified":"2023-02-10T08:23:11","modified_gmt":"2023-02-10T11:23:11","slug":"que-es-el-boletin","status":"publish","type":"page","link":"https:\/\/idihcs.fahce.unlp.edu.ar\/cig\/que-es-el-boletin\/","title":{"rendered":"\u00bfQu\u00e9 es el Bolet\u00edn?"},"content":{"rendered":"\n<p><\/p>\n\n\n<p>El Bolet\u00edn \u201cGeograf\u00edas desde el Sur\u201d es una producci\u00f3n cient\u00edfico acad\u00e9mica que ha tenido una vigencia entre los a\u00f1os 2012 \u2013 2016 bajo un formato digital y salida semestral contado con un total de 9 publicaciones (<a href=\"https:\/\/idihcs.fahce.unlp.edu.ar\/cig\/boletin\/\">https:\/\/idihcs.fahce.unlp.edu.ar\/cig\/boletin\/<\/a>). Durante el per\u00edodo 2016 \u2013 2022 el Bolet\u00edn se discontinu\u00f3 y retoma su producci\u00f3n y difusi\u00f3n con un nuevo enfoque y dise\u00f1o<\/p>\n<p>El prop\u00f3sito del bolet\u00edn \u201cGeograf\u00edas desde el Sur\u201d es establecer v\u00ednculos entre la comunidad geogr\u00e1fica e informar acerca de las acciones desarrolladas en el Centro de Investigaciones Geogr\u00e1ficas (CIG), publicar art\u00edculos de debate, divulgaci\u00f3n, extensi\u00f3n docencia e investigaci\u00f3n en Geograf\u00eda, problem\u00e1ticas territoriales y ambientales. El bolet\u00edn contar\u00e1 con una publicaci\u00f3n peri\u00f3dica semestral y continua de acuerdo a la coyuntura.<\/p>\n<p>A trav\u00e9s del Bolet\u00edn nos proponemos articular las actividades desarrolladas en el CIG, en el marco de la FaHCE y el IdIHCS, con los actores y la situaci\u00f3n socio-territorial de la regi\u00f3n y de otros lugares en los que se lleve a cabo producci\u00f3n de conocimientos del campo de estudios de la Geograf\u00eda. De esta forma se busca que su producci\u00f3n acad\u00e9mica y cient\u00edfica reconozca y contribuya con sus aportes, al an\u00e1lisis y resoluci\u00f3n de las principales problem\u00e1ticas que se desarrollan en los territorios, reconociendo la unidad naturaleza-sociedad y considerando los procesos socioambientales, pol\u00edticos, culturales y econ\u00f3micos.<\/p>\n<p>Es tambi\u00e9n objetivo del Bolet\u00edn, dar espacio a la difusi\u00f3n de producciones relacionadas con tesis de grado, trabajos finales y posgrado (especializaciones y maestr\u00edas), becas, programas de cooperaci\u00f3n, premios, distinciones, seminarios, cursos, as\u00ed como otras actividades de inter\u00e9s.<\/p>\n<p>En este sentido se articular\u00e1 con los resultados de investigaciones propias y aquellas desarrolladas en conjunto con otros centros de la Facultad, como as\u00ed tambi\u00e9n con Institutos y Centros pertenecientes a otras Unidades Acad\u00e9micas y Universidades nacionales y extranjeras. En ese sentido, pretendemos abrir y ampliar la mirada a los diferentes marcos y perspectivas epistemol\u00f3gicas de la ciencia geogr\u00e1fica, como as\u00ed tambi\u00e9n de sus m\u00e9todos y t\u00e9cnicas.<\/p>\n<p>El Bolet\u00edn &#8220;Geograf\u00edas desde el Sur&#8221; apela a un lenguaje acad\u00e9mico, pero tambi\u00e9n admite nuevas formas de difusi\u00f3n y comunicaci\u00f3n adapt\u00e1ndose a los tiempos que corren para poder llegar a m\u00e1s personas.<\/p>","protected":false},"excerpt":{"rendered":"<p>El Bolet\u00edn \u201cGeograf\u00edas desde el Sur\u201d es una producci\u00f3n cient\u00edfico acad\u00e9mica que ha tenido una vigencia entre los a\u00f1os 2012 \u2013 2016 bajo un formato digital y salida semestral contado con un total de 9 publicaciones (https:\/\/idihcs.fahce.unlp.edu.ar\/cig\/boletin\/). Durante el per\u00edodo 2016 \u2013 2022 el Bolet\u00edn se discontinu\u00f3 y retoma su producci\u00f3n y difusi\u00f3n con un [&hellip;]<\/p>\n","protected":false},"author":21,"featured_media":0,"parent":0,"menu_order":0,"comment_status":"closed","ping_status":"closed","template":"","meta":{"_themeisle_gutenberg_block_has_review":false,"footnotes":""},"class_list":["post-766","page","type-page","status-publish","hentry"],"acf":[],"rttpg_featured_image_url":null,"rttpg_author":{"display_name":"psalguero","author_link":"https:\/\/idihcs.fahce.unlp.edu.ar\/cig\/author\/psalguero\/"},"rttpg_comment":0,"rttpg_category":null,"rttpg_excerpt":"El Bolet\u00edn \u201cGeograf\u00edas desde el Sur\u201d es una producci\u00f3n cient\u00edfico acad\u00e9mica que ha tenido una vigencia entre los a\u00f1os 2012 \u2013 2016 bajo un formato digital y salida semestral contado con un total de 9 publicaciones (https:\/\/idihcs.fahce.unlp.edu.ar\/cig\/boletin\/). Durante el per\u00edodo 2016 \u2013 2022 el Bolet\u00edn se discontinu\u00f3 y retoma su producci\u00f3n y difusi\u00f3n con un&hellip;","_links":{"self":[{"href":"https:\/\/idihcs.fahce.unlp.edu.ar\/cig\/wp-json\/wp\/v2\/pages\/766","targetHints":{"allow":["GET"]}}],"collection":[{"href":"https:\/\/idihcs.fahce.unlp.edu.ar\/cig\/wp-json\/wp\/v2\/pages"}],"about":[{"href":"https:\/\/idihcs.fahce.unlp.edu.ar\/cig\/wp-json\/wp\/v2\/types\/page"}],"author":[{"embeddable":true,"href":"https:\/\/idihcs.fahce.unlp.edu.ar\/cig\/wp-json\/wp\/v2\/users\/21"}],"replies":[{"embeddable":true,"href":"https:\/\/idihcs.fahce.unlp.edu.ar\/cig\/wp-json\/wp\/v2\/comments?post=766"}],"version-history":[{"count":5,"href":"https:\/\/idihcs.fahce.unlp.edu.ar\/cig\/wp-json\/wp\/v2\/pages\/766\/revisions"}],"predecessor-version":[{"id":820,"href":"https:\/\/idihcs.fahce.unlp.edu.ar\/cig\/wp-json\/wp\/v2\/pages\/766\/revisions\/820"}],"wp:attachment":[{"href":"https:\/\/idihcs.fahce.unlp.edu.ar\/cig\/wp-json\/wp\/v2\/media?parent=766"}],"curies":[{"name":"wp","href":"https:\/\/api.w.org\/{rel}","templated":true}]}}