{"id":376,"date":"2021-05-25T21:40:14","date_gmt":"2021-05-26T00:40:14","guid":{"rendered":"http:\/\/idihcs.fahce.unlp.edu.ar\/cig\/?page_id=376"},"modified":"2025-10-24T09:56:17","modified_gmt":"2025-10-24T12:56:17","slug":"equipo","status":"publish","type":"page","link":"https:\/\/idihcs.fahce.unlp.edu.ar\/cig\/equipo\/","title":{"rendered":"Equipo Editorial"},"content":{"rendered":"\n<p><strong>Directora <\/strong><br><a href=\"https:\/\/idihcs.fahce.unlp.edu.ar\/integrante_idihcs\/pohl-schnake-veronica-patricia-manuela\/\">Mgs Ver\u00f3nica Pohl Schnake<\/a><br><br><strong>Secretaria <\/strong><br><a href=\"https:\/\/www.fahce.unlp.edu.ar\/personal\/maraggi-ines\">Lic. In\u00e9s Maraggi<\/a><br><br><strong>Coordinaci\u00f3n Editorial <\/strong><br><a href=\"https:\/\/idihcs.fahce.unlp.edu.ar\/integrante_idihcs\/margueliche-juan-cruz-ramon\/\">Mgs. Juan Cruz Margueliche<\/a><\/p>\n\n\n\n<p><\/p>\n","protected":false},"excerpt":{"rendered":"<p>Directora Mgs Ver\u00f3nica Pohl Schnake Secretaria Lic. In\u00e9s Maraggi Coordinaci\u00f3n Editorial Mgs. Juan Cruz Margueliche<\/p>\n","protected":false},"author":21,"featured_media":0,"parent":0,"menu_order":0,"comment_status":"closed","ping_status":"closed","template":"","meta":{"_themeisle_gutenberg_block_has_review":false,"footnotes":""},"class_list":["post-376","page","type-page","status-publish","hentry"],"acf":[],"rttpg_featured_image_url":null,"rttpg_author":{"display_name":"psalguero","author_link":"https:\/\/idihcs.fahce.unlp.edu.ar\/cig\/author\/psalguero\/"},"rttpg_comment":0,"rttpg_category":null,"rttpg_excerpt":"Directora Mgs Ver\u00f3nica Pohl Schnake Secretaria Lic. In\u00e9s Maraggi Coordinaci\u00f3n Editorial Mgs. Juan Cruz Margueliche","_links":{"self":[{"href":"https:\/\/idihcs.fahce.unlp.edu.ar\/cig\/wp-json\/wp\/v2\/pages\/376","targetHints":{"allow":["GET"]}}],"collection":[{"href":"https:\/\/idihcs.fahce.unlp.edu.ar\/cig\/wp-json\/wp\/v2\/pages"}],"about":[{"href":"https:\/\/idihcs.fahce.unlp.edu.ar\/cig\/wp-json\/wp\/v2\/types\/page"}],"author":[{"embeddable":true,"href":"https:\/\/idihcs.fahce.unlp.edu.ar\/cig\/wp-json\/wp\/v2\/users\/21"}],"replies":[{"embeddable":true,"href":"https:\/\/idihcs.fahce.unlp.edu.ar\/cig\/wp-json\/wp\/v2\/comments?post=376"}],"version-history":[{"count":18,"href":"https:\/\/idihcs.fahce.unlp.edu.ar\/cig\/wp-json\/wp\/v2\/pages\/376\/revisions"}],"predecessor-version":[{"id":1725,"href":"https:\/\/idihcs.fahce.unlp.edu.ar\/cig\/wp-json\/wp\/v2\/pages\/376\/revisions\/1725"}],"wp:attachment":[{"href":"https:\/\/idihcs.fahce.unlp.edu.ar\/cig\/wp-json\/wp\/v2\/media?parent=376"}],"curies":[{"name":"wp","href":"https:\/\/api.w.org\/{rel}","templated":true}]}}