{"id":23,"date":"2018-05-01T16:05:27","date_gmt":"2018-05-01T19:05:27","guid":{"rendered":"http:\/\/163.10.30.48\/~posgrado6\/wordpress\/cig\/?page_id=23"},"modified":"2026-03-21T09:34:18","modified_gmt":"2026-03-21T12:34:18","slug":"recursos-humanos","status":"publish","type":"page","link":"https:\/\/idihcs.fahce.unlp.edu.ar\/cig\/recursos-humanos\/","title":{"rendered":"CIG &#8211; Recursos Humanos"},"content":{"rendered":"<p><a href=\"https:\/\/idihcs.fahce.unlp.edu.ar\/personas\/adriani-hector-luis\/\" target=\"_blank\" rel=\"noopener\">Adriani, H\u00e9ctor Luis\u00a0<\/a><br \/>\n<a href=\"https:\/\/idihcs.fahce.unlp.edu.ar\/personas\/carut-claudia-beatriz\/\" target=\"_blank\" rel=\"noopener\">Carut, Claudia Beatriz<\/a><br \/>\n<a href=\"https:\/\/idihcs.fahce.unlp.edu.ar\/personas\/feliz-mariano\/\" target=\"_blank\" rel=\"noopener\">F\u00e9liz, Mariano<\/a><br \/>\n<a href=\"https:\/\/idihcs.fahce.unlp.edu.ar\/personas\/nieto-daniela-patricia\/\" target=\"_blank\" rel=\"noopener\">Nieto, Daniela Patricia<\/a><br \/>\n<a href=\"https:\/\/idihcs.fahce.unlp.edu.ar\/personas\/pintos-patricia\/\" target=\"_blank\" rel=\"noopener\">Pintos, Patricia<\/a><br \/>\n<a href=\"https:\/\/idihcs.fahce.unlp.edu.ar\/personas\/silva-miguel-angel\/\" target=\"_blank\" rel=\"noopener\">Silva, Miguel \u00c1ngel<\/a><br \/>\n<a href=\"https:\/\/idihcs.fahce.unlp.edu.ar\/personas\/zappettini-maria-cecilia\/\" target=\"_blank\" rel=\"noopener\">Zappettini, Mar\u00eda Cecilia<\/a><\/p>\n<p><a href=\"_wp_link_placeholder\" data-wplink-edit=\"true\">Andrada, Nicol\u00e1s<\/a> (En formaci\u00f3n)<\/p>\n<p><a href=\"https:\/\/idihcs.fahce.unlp.edu.ar\/personas\/aramayo-guillermo-ariel\/\" target=\"_blank\" rel=\"noopener\">Aramayo, Guillermo Ariel<\/a> (En formaci\u00f3n)<\/p>\n<p><a href=\"http:\/\/idihcs.fahce.unlp.edu.ar\/personas\/arturi-diego-jose\/\">Arturi, Diego Jos\u00e9<\/a> (En formaci\u00f3n)<\/p>\n<p><a href=\"https:\/\/idihcs.fahce.unlp.edu.ar\/integrante_idihcs\/baez-santiago\/\">B\u00e1ez, Santiago<\/a> (Becario)<\/p>\n<p><a href=\"https:\/\/idihcs.fahce.unlp.edu.ar\/personas\/botana-maria-ines\/\" target=\"_blank\" rel=\"noopener\">Botana, Mar\u00eda In\u00e9s<\/a><\/p>\n<p><a href=\"https:\/\/idihcs.fahce.unlp.edu.ar\/personas\/car-nora-marcela\/\" target=\"_blank\" rel=\"noopener\">Car, Nora Marcela<\/a> (En formaci\u00f3n)<\/p>\n<p><a href=\"https:\/\/idihcs.fahce.unlp.edu.ar\/personas\/dagnino-contini-alida\/\" target=\"_blank\" rel=\"noopener\">Dagnino Contini, Alida<\/a> (Becaria)<br \/>\n<a href=\"https:\/\/idihcs.fahce.unlp.edu.ar\/personas\/fedele-marcela\/\" target=\"_blank\" rel=\"noopener\">Fedele, Marcela<\/a> (En formaci\u00f3n)<br \/>\n<a href=\"https:\/\/idihcs.fahce.unlp.edu.ar\/personas\/langard-federico\/\" target=\"_blank\" rel=\"noopener\">Langard, Federico<\/a><br \/>\n<a href=\"https:\/\/idihcs.fahce.unlp.edu.ar\/integrante_idihcs\/margueliche-juan-cruz-ramon\/\">Margueliche, Juan Cruz<\/a> (En formaci\u00f3n)<br \/>\n<a href=\"https:\/\/idihcs.fahce.unlp.edu.ar\/personas\/matteucci-lucia-gisela\/\" target=\"_blank\" rel=\"noopener\">Matteucci, Lucia<\/a> (Becaria)<br \/>\n<a href=\"https:\/\/idihcs.fahce.unlp.edu.ar\/personas\/melon-daiana-elisa\/\" target=\"_blank\" rel=\"noopener\">Mel\u00f3n, Daiana Elisa<\/a> (Becaria)<br \/>\n<a href=\"https:\/\/idihcs.fahce.unlp.edu.ar\/personas\/narodowski-patricio\/\" target=\"_blank\" rel=\"noopener\">Narodowski, Patricio<\/a><br \/>\n<a href=\"https:\/\/idihcs.fahce.unlp.edu.ar\/personas\/patronelli-hilario-gabriel\/\" target=\"_blank\" rel=\"noopener\">Patronelli, Hilario Gabriel<\/a> (S\/C)<br \/>\n<a href=\"https:\/\/idihcs.fahce.unlp.edu.ar\/personas\/perez-ballari-andrea\/\" target=\"_blank\" rel=\"noopener\">P\u00e9rez Ballari, Andrea<\/a> (En formaci\u00f3n)<\/p>\n<p><a href=\"https:\/\/idihcs.fahce.unlp.edu.ar\/integrante_idihcs\/pohl-schnake-veronica-patricia-manuela\/\">Pohl Schnake, Ver\u00f3nica<\/a><br \/>\nRamirez Lucas Emanuel (CIG)<br \/>\n<a href=\"https:\/\/idihcs.fahce.unlp.edu.ar\/personas\/relli-ugartamendia-mariana\/\" target=\"_blank\" rel=\"noopener\">Relli Ugartamend\u00eda, Mariana<\/a><br \/>\n<a href=\"https:\/\/idihcs.fahce.unlp.edu.ar\/personas\/rivas-gabriel-atilio\/\" target=\"_blank\" rel=\"noopener\">Rivas, Gabriel Atilio<\/a> (En formaci\u00f3n)<br \/>\n<a href=\"https:\/\/idihcs.fahce.unlp.edu.ar\/personas\/sfich-vivian-mariel\/\" target=\"_blank\" rel=\"noopener\">Sfich, Vivian Mariel<\/a> (En formaci\u00f3n)<br \/>\n<a href=\"https:\/\/idihcs.fahce.unlp.edu.ar\/personas\/tarquini-maria-soledad\/\">Tarquini, Mar\u00eda Soledad<\/a> (En formaci\u00f3n)<br \/>\nTrivi Nicol\u00e1s (CIG)<br \/>\nVentura Violeta (CIG)<br \/>\nZamponi Anal\u00eda (CIG)<br \/>\nZilio Cecilia Karina (CIG)<br \/>\nZilio Mar\u00eda Cristina (CIG)<\/p>\n","protected":false},"excerpt":{"rendered":"<p>Adriani, H\u00e9ctor Luis\u00a0 Carut, Claudia Beatriz F\u00e9liz, Mariano Nieto, Daniela Patricia Pintos, Patricia Silva, Miguel \u00c1ngel Zappettini, Mar\u00eda Cecilia Andrada, Nicol\u00e1s (En formaci\u00f3n) Aramayo, Guillermo Ariel (En formaci\u00f3n) Arturi, Diego Jos\u00e9 (En formaci\u00f3n) B\u00e1ez, Santiago (Becario) Botana, Mar\u00eda In\u00e9s Car, Nora Marcela (En formaci\u00f3n) Dagnino Contini, Alida (Becaria) Fedele, Marcela (En formaci\u00f3n) Langard, Federico Margueliche, [&hellip;]<\/p>\n","protected":false},"author":2,"featured_media":176,"parent":0,"menu_order":0,"comment_status":"closed","ping_status":"closed","template":"page-ui.php","meta":{"_themeisle_gutenberg_block_has_review":false,"footnotes":""},"class_list":["post-23","page","type-page","status-publish","has-post-thumbnail","hentry"],"acf":[],"rttpg_featured_image_url":{"full":["https:\/\/idihcs.fahce.unlp.edu.ar\/cig\/wp-content\/uploads\/sites\/13\/2018\/06\/banner-cig.jpg",696,81,false],"landscape":["https:\/\/idihcs.fahce.unlp.edu.ar\/cig\/wp-content\/uploads\/sites\/13\/2018\/06\/banner-cig.jpg",696,81,false],"portraits":["https:\/\/idihcs.fahce.unlp.edu.ar\/cig\/wp-content\/uploads\/sites\/13\/2018\/06\/banner-cig.jpg",696,81,false],"thumbnail":["https:\/\/idihcs.fahce.unlp.edu.ar\/cig\/wp-content\/uploads\/sites\/13\/2018\/06\/banner-cig-150x81.jpg",150,81,true],"medium":["https:\/\/idihcs.fahce.unlp.edu.ar\/cig\/wp-content\/uploads\/sites\/13\/2018\/06\/banner-cig-300x35.jpg",300,35,true],"large":["https:\/\/idihcs.fahce.unlp.edu.ar\/cig\/wp-content\/uploads\/sites\/13\/2018\/06\/banner-cig.jpg",696,81,false],"1536x1536":["https:\/\/idihcs.fahce.unlp.edu.ar\/cig\/wp-content\/uploads\/sites\/13\/2018\/06\/banner-cig.jpg",696,81,false],"2048x2048":["https:\/\/idihcs.fahce.unlp.edu.ar\/cig\/wp-content\/uploads\/sites\/13\/2018\/06\/banner-cig.jpg",696,81,false],"td_80x60":["https:\/\/idihcs.fahce.unlp.edu.ar\/cig\/wp-content\/uploads\/sites\/13\/2018\/06\/banner-cig-80x60.jpg",80,60,true],"td_100x70":["https:\/\/idihcs.fahce.unlp.edu.ar\/cig\/wp-content\/uploads\/sites\/13\/2018\/06\/banner-cig-100x70.jpg",100,70,true],"td_218x150":["https:\/\/idihcs.fahce.unlp.edu.ar\/cig\/wp-content\/uploads\/sites\/13\/2018\/06\/banner-cig-218x81.jpg",218,81,true],"td_265x198":["https:\/\/idihcs.fahce.unlp.edu.ar\/cig\/wp-content\/uploads\/sites\/13\/2018\/06\/banner-cig-265x81.jpg",265,81,true],"td_324x160":["https:\/\/idihcs.fahce.unlp.edu.ar\/cig\/wp-content\/uploads\/sites\/13\/2018\/06\/banner-cig-324x81.jpg",324,81,true],"td_324x235":["https:\/\/idihcs.fahce.unlp.edu.ar\/cig\/wp-content\/uploads\/sites\/13\/2018\/06\/banner-cig-324x81.jpg",324,81,true],"td_324x400":["https:\/\/idihcs.fahce.unlp.edu.ar\/cig\/wp-content\/uploads\/sites\/13\/2018\/06\/banner-cig-324x81.jpg",324,81,true],"td_356x220":["https:\/\/idihcs.fahce.unlp.edu.ar\/cig\/wp-content\/uploads\/sites\/13\/2018\/06\/banner-cig-356x81.jpg",356,81,true],"td_356x364":["https:\/\/idihcs.fahce.unlp.edu.ar\/cig\/wp-content\/uploads\/sites\/13\/2018\/06\/banner-cig-356x81.jpg",356,81,true],"td_485x360":["https:\/\/idihcs.fahce.unlp.edu.ar\/cig\/wp-content\/uploads\/sites\/13\/2018\/06\/banner-cig-485x81.jpg",485,81,true],"td_533x261":["https:\/\/idihcs.fahce.unlp.edu.ar\/cig\/wp-content\/uploads\/sites\/13\/2018\/06\/banner-cig-533x81.jpg",533,81,true],"td_534x462":["https:\/\/idihcs.fahce.unlp.edu.ar\/cig\/wp-content\/uploads\/sites\/13\/2018\/06\/banner-cig-534x81.jpg",534,81,true],"td_696x0":["https:\/\/idihcs.fahce.unlp.edu.ar\/cig\/wp-content\/uploads\/sites\/13\/2018\/06\/banner-cig-696x81.jpg",696,81,true],"td_696x385":["https:\/\/idihcs.fahce.unlp.edu.ar\/cig\/wp-content\/uploads\/sites\/13\/2018\/06\/banner-cig-696x81.jpg",696,81,true],"td_741x486":["https:\/\/idihcs.fahce.unlp.edu.ar\/cig\/wp-content\/uploads\/sites\/13\/2018\/06\/banner-cig.jpg",696,81,false],"td_1068x580":["https:\/\/idihcs.fahce.unlp.edu.ar\/cig\/wp-content\/uploads\/sites\/13\/2018\/06\/banner-cig.jpg",696,81,false],"td_1068x0":["https:\/\/idihcs.fahce.unlp.edu.ar\/cig\/wp-content\/uploads\/sites\/13\/2018\/06\/banner-cig.jpg",696,81,false],"td_0x420":["https:\/\/idihcs.fahce.unlp.edu.ar\/cig\/wp-content\/uploads\/sites\/13\/2018\/06\/banner-cig.jpg",696,81,false],"td_1920x0":["https:\/\/idihcs.fahce.unlp.edu.ar\/cig\/wp-content\/uploads\/sites\/13\/2018\/06\/banner-cig.jpg",696,81,false],"rt_custom":["https:\/\/idihcs.fahce.unlp.edu.ar\/cig\/wp-content\/uploads\/sites\/13\/2018\/06\/banner-cig.jpg",696,81,false]},"rttpg_author":{"display_name":"ggchicote","author_link":"https:\/\/idihcs.fahce.unlp.edu.ar\/cig\/author\/ggchicote\/"},"rttpg_comment":0,"rttpg_category":null,"rttpg_excerpt":"Adriani, H\u00e9ctor Luis\u00a0 Carut, Claudia Beatriz F\u00e9liz, Mariano Nieto, Daniela Patricia Pintos, Patricia Silva, Miguel \u00c1ngel Zappettini, Mar\u00eda Cecilia Andrada, Nicol\u00e1s (En formaci\u00f3n) Aramayo, Guillermo Ariel (En formaci\u00f3n) Arturi, Diego Jos\u00e9 (En formaci\u00f3n) B\u00e1ez, Santiago (Becario) Botana, Mar\u00eda In\u00e9s Car, Nora Marcela (En formaci\u00f3n) Dagnino Contini, Alida (Becaria) Fedele, Marcela (En formaci\u00f3n) Langard, Federico Margueliche,&hellip;","_links":{"self":[{"href":"https:\/\/idihcs.fahce.unlp.edu.ar\/cig\/wp-json\/wp\/v2\/pages\/23","targetHints":{"allow":["GET"]}}],"collection":[{"href":"https:\/\/idihcs.fahce.unlp.edu.ar\/cig\/wp-json\/wp\/v2\/pages"}],"about":[{"href":"https:\/\/idihcs.fahce.unlp.edu.ar\/cig\/wp-json\/wp\/v2\/types\/page"}],"author":[{"embeddable":true,"href":"https:\/\/idihcs.fahce.unlp.edu.ar\/cig\/wp-json\/wp\/v2\/users\/2"}],"replies":[{"embeddable":true,"href":"https:\/\/idihcs.fahce.unlp.edu.ar\/cig\/wp-json\/wp\/v2\/comments?post=23"}],"version-history":[{"count":41,"href":"https:\/\/idihcs.fahce.unlp.edu.ar\/cig\/wp-json\/wp\/v2\/pages\/23\/revisions"}],"predecessor-version":[{"id":1766,"href":"https:\/\/idihcs.fahce.unlp.edu.ar\/cig\/wp-json\/wp\/v2\/pages\/23\/revisions\/1766"}],"wp:featuredmedia":[{"embeddable":true,"href":"https:\/\/idihcs.fahce.unlp.edu.ar\/cig\/wp-json\/wp\/v2\/media\/176"}],"wp:attachment":[{"href":"https:\/\/idihcs.fahce.unlp.edu.ar\/cig\/wp-json\/wp\/v2\/media?parent=23"}],"curies":[{"name":"wp","href":"https:\/\/api.w.org\/{rel}","templated":true}]}}