{"id":695,"date":"2022-04-04T12:05:10","date_gmt":"2022-04-04T15:05:10","guid":{"rendered":"https:\/\/idihcs.fahce.unlp.edu.ar\/ciefi\/?page_id=695"},"modified":"2025-12-02T14:27:23","modified_gmt":"2025-12-02T17:27:23","slug":"proyectos-de-investigacion","status":"publish","type":"page","link":"https:\/\/idihcs.fahce.unlp.edu.ar\/ciefi\/proyectos-de-investigacion\/","title":{"rendered":"CIeFI &#8211; Proyectos de investigaci\u00f3n vigentes"},"content":{"rendered":"    <style>\n        .tabla-proyectos-flex {width:100%;border-collapse:separate;border-spacing:0;margin:2rem 0;font-family:\"Segoe UI\",Arial,sans-serif;font-size:15px;background:#fff;border-radius:12px;overflow:hidden;box-shadow:0 10px 30px rgba(0,0,0,0.08);}\n        .tabla-proyectos-flex thead th {background:#49ab4c;color:white;padding:16px 18px;text-align:left;font-weight:600;}\n        .tabla-proyectos-flex tbody td {padding:16px 18px;border-bottom:1px solid #eef2f7;vertical-align:top;}\n        .tabla-proyectos-flex tbody tr:hover {background:#f8fcf8;}\n        .tabla-proyectos-flex a {color:#227730;font-weight:600;text-decoration:none;position:relative;}\n        .tabla-proyectos-flex a::after {content:'';position:absolute;width:0;height:2px;bottom:-2px;left:0;background:#49ab4c;transition:width .3s;}\n        .tabla-proyectos-flex a:hover::after {width:100%;}\n        .prorroga-nota {font-size:0.85em;color:#e67e22;display:block;margin-top:4px;}\n        @media(max-width:720px){\n            .tabla-proyectos-flex,.tabla-proyectos-flex thead,.tabla-proyectos-flex tbody,.tabla-proyectos-flex th,.tabla-proyectos-flex td,.tabla-proyectos-flex tr{display:block;}\n            .tabla-proyectos-flex thead tr{display:none;}\n            .tabla-proyectos-flex tr{margin-bottom:20px;border:1px solid #ddd;border-radius:10px;background:white !important;}\n            .tabla-proyectos-flex td{border:none;position:relative;padding-left:50%;text-align:right;}\n            .tabla-proyectos-flex td::before{content:attr(data-label);position:absolute;left:15px;width:45%;font-weight:600;color:#49ab4c;text-align:left;}\n        }\n    <\/style>\n\n    <table class=\"tabla-proyectos-flex\">\n        <thead>\n            <tr>\n                                    <th>T\u00edtulo<\/th>\n                                    <th>Tipo proyecto<\/th>\n                                    <th>Director\/es<\/th>\n                                    <th>Codirector\/es<\/th>\n                                    <th>Vigente hasta<\/th>\n                            <\/tr>\n        <\/thead>\n        <tbody>\n                            <tr>\n                                            <td data-label=\"T\u00edtulo\">\n                            <a href=\"http:\/\/www.memoria.fahce.unlp.edu.ar\/library?a=d&#038;c=proyecto&#038;d=Jpy1328\" target=\"_blank\" rel=\"noopener\">Debates sobre el lugar de la filosof\u00eda en los primeros siglos: concepciones paganas y cristianas en la tradici\u00f3n plat\u00f3nica<\/a>                        <\/td>\n                                            <td data-label=\"tipo-proyecto\">\n                            PI+D                        <\/td>\n                                            <td data-label=\"Director\/es\">\n                            Tonelli, Malena                        <\/td>\n                                            <td data-label=\"Codirector\/es\">\n                            \u2014                        <\/td>\n                                            <td data-label=\"Vigente hasta\">\n                            <strong style=\"color:#49ab4c;\">31 de diciembre de 2028<\/strong>                        <\/td>\n                                    <\/tr>\n                            <tr>\n                                            <td data-label=\"T\u00edtulo\">\n                            <a href=\"http:\/\/www.memoria.fahce.unlp.edu.ar\/library?a=d&#038;c=proyecto&#038;d=Jpy1204\" target=\"_blank\" rel=\"noopener\">La formaci\u00f3n de profesores universitaries de filosof\u00eda y la filosof\u00eda que se ense\u00f1a en la escuela. El caso del profesorado de filosof\u00eda de la Facultad de Humanidades y Ciencias de la Educaci\u00f3n y la escuela secundaria de la Provincia de Buenos Aires<\/a>                        <\/td>\n                                            <td data-label=\"tipo-proyecto\">\n                            PI+D                        <\/td>\n                                            <td data-label=\"Director\/es\">\n                            Bethencourt, Ver\u00f3nica                        <\/td>\n                                            <td data-label=\"Codirector\/es\">\n                            Sanchez Garc\u00eda, Victoria Paz                        <\/td>\n                                            <td data-label=\"Vigente hasta\">\n                            <strong style=\"color:#49ab4c;\">31 de diciembre de 2027<\/strong>                        <\/td>\n                                    <\/tr>\n                            <tr>\n                                            <td data-label=\"T\u00edtulo\">\n                            <a href=\"http:\/\/www.memoria.fahce.unlp.edu.ar\/library?a=d&#038;c=proyecto&#038;d=Jpy1119\" target=\"_blank\" rel=\"noopener\">La relaci\u00f3n entre emociones y razones, desde una perspectiva naturalista metodol\u00f3gica: aspectos fisiol\u00f3gicos, psicol\u00f3gicos y sociales<\/a>                        <\/td>\n                                            <td data-label=\"tipo-proyecto\">\n                            PI+D                        <\/td>\n                                            <td data-label=\"Director\/es\">\n                            Daguerre, Mart\u00edn                        <\/td>\n                                            <td data-label=\"Codirector\/es\">\n                            Elgarte, Julieta Magdalena                        <\/td>\n                                            <td data-label=\"Vigente hasta\">\n                            <strong style=\"color:#49ab4c;\">31 de diciembre de 2026<\/strong>                        <\/td>\n                                    <\/tr>\n                            <tr>\n                                            <td data-label=\"T\u00edtulo\">\n                            <a href=\"http:\/\/www.memoria.fahce.unlp.edu.ar\/library?a=d&#038;c=proyecto&#038;d=Jpy1121\" target=\"_blank\" rel=\"noopener\">Epistemolog\u00eda de las ruinas. Debates contempor\u00e1neos en torno a la trama ser-saber-actuar<\/a>                        <\/td>\n                                            <td data-label=\"tipo-proyecto\">\n                            PI+D                        <\/td>\n                                            <td data-label=\"Director\/es\">\n                            Di Berardino, Mar\u00eda Aurelia                        <\/td>\n                                            <td data-label=\"Codirector\/es\">\n                            \u2014                        <\/td>\n                                            <td data-label=\"Vigente hasta\">\n                            <strong style=\"color:#49ab4c;\">31 de diciembre de 2026<\/strong>                        <\/td>\n                                    <\/tr>\n                            <tr>\n                                            <td data-label=\"T\u00edtulo\">\n                            <a href=\"http:\/\/www.memoria.fahce.unlp.edu.ar\/library?a=d&#038;c=proyecto&#038;d=Jpy1127\" target=\"_blank\" rel=\"noopener\">An\u00e1lisis hist\u00f3rico del concepto de salud y aportes te\u00f3ricos interseccionales para la construcci\u00f3n de una salud inclusiva e integral (g\u00e9nero, etnia, clase social, factor geopol\u00edtico, di\u00e1logo intercultural, diversidad funcional y gen\u00e9rica, entre otros)<\/a>                        <\/td>\n                                            <td data-label=\"tipo-proyecto\">\n                            PI+D                        <\/td>\n                                            <td data-label=\"Director\/es\">\n                            De Ort\u00fazar, Mar\u00eda Graciela                        <\/td>\n                                            <td data-label=\"Codirector\/es\">\n                            Elgarte, Julieta Magdalena                        <\/td>\n                                            <td data-label=\"Vigente hasta\">\n                            <strong style=\"color:#49ab4c;\">31 de diciembre de 2026<\/strong>                        <\/td>\n                                    <\/tr>\n                            <tr>\n                                            <td data-label=\"T\u00edtulo\">\n                            <a href=\"http:\/\/www.memoria.fahce.unlp.edu.ar\/library?a=d&#038;c=proyecto&#038;d=Jpy1136\" target=\"_blank\" rel=\"noopener\">La imagen y lo imaginario como h\u00e1bitat filos\u00f3fico. Filosofar desde la no-filosof\u00eda<\/a>                        <\/td>\n                                            <td data-label=\"tipo-proyecto\">\n                            PI+D                        <\/td>\n                                            <td data-label=\"Director\/es\">\n                            Solas, Silvia Ang\u00e9lica                        <\/td>\n                                            <td data-label=\"Codirector\/es\">\n                            Ferrari, Mar\u00eda Luj\u00e1n                        <\/td>\n                                            <td data-label=\"Vigente hasta\">\n                            <strong style=\"color:#49ab4c;\">31 de diciembre de 2026<\/strong>                        <\/td>\n                                    <\/tr>\n                            <tr>\n                                            <td data-label=\"T\u00edtulo\">\n                            <a href=\"http:\/\/www.memoria.fahce.unlp.edu.ar\/library?a=d&#038;c=proyecto&#038;d=Jpy1160\" target=\"_blank\" rel=\"noopener\">La filosof\u00eda del concepto, alcances y l\u00edmites de una categor\u00eda filos\u00f3fica<\/a>                        <\/td>\n                                            <td data-label=\"tipo-proyecto\">\n                            PI+D                        <\/td>\n                                            <td data-label=\"Director\/es\">\n                            Karczmarczyk, Pedro Diego                        <\/td>\n                                            <td data-label=\"Codirector\/es\">\n                            \u2014                        <\/td>\n                                            <td data-label=\"Vigente hasta\">\n                            <strong style=\"color:#49ab4c;\">31 de diciembre de 2026<\/strong>                        <\/td>\n                                    <\/tr>\n                            <tr>\n                                            <td data-label=\"T\u00edtulo\">\n                            <a href=\"http:\/\/www.memoria.fahce.unlp.edu.ar\/library?a=d&#038;c=proyecto&#038;d=Jpy1176\" target=\"_blank\" rel=\"noopener\">Cr\u00edtica del humanismo, narrativas y horizontes posthumanos en el pensamiento contempor\u00e1neo<\/a>                        <\/td>\n                                            <td data-label=\"tipo-proyecto\">\n                            PI+D                        <\/td>\n                                            <td data-label=\"Director\/es\">\n                            Di Pego, Anabella                        <\/td>\n                                            <td data-label=\"Codirector\/es\">\n                            Yutzis, Daniela                        <\/td>\n                                            <td data-label=\"Vigente hasta\">\n                            <strong style=\"color:#49ab4c;\">31 de diciembre de 2026<\/strong>                        <\/td>\n                                    <\/tr>\n                            <tr>\n                                            <td data-label=\"T\u00edtulo\">\n                            <a href=\"http:\/\/www.memoria.fahce.unlp.edu.ar\/library?a=d&#038;c=proyecto&#038;d=Jpy1239\" target=\"_blank\" rel=\"noopener\">P\u00fablico y pol\u00edtico: consideraciones sobre la dimensi\u00f3n de lo com\u00fan en la modernidad<\/a>                        <\/td>\n                                            <td data-label=\"tipo-proyecto\">\n                            PI+D                        <\/td>\n                                            <td data-label=\"Director\/es\">\n                            Dell&#039;Unti, Juan Crist\u00f3bal                        <\/td>\n                                            <td data-label=\"Codirector\/es\">\n                            Waksman, Vera                        <\/td>\n                                            <td data-label=\"Vigente hasta\">\n                            <strong style=\"color:#49ab4c;\">31 de diciembre de 2026<\/strong>                        <\/td>\n                                    <\/tr>\n                            <tr>\n                                            <td data-label=\"T\u00edtulo\">\n                            <a href=\"http:\/\/www.memoria.fahce.unlp.edu.ar\/library?a=d&#038;c=proyecto&#038;d=Jpy1246\" target=\"_blank\" rel=\"noopener\">Posibilidades filos\u00f3ficas y para-filos\u00f3ficas de intervenci\u00f3n en los espacios p\u00fablicos tecnol\u00f3gicamente reconfigurados: del arte de concepto al video ensayo<\/a>                        <\/td>\n                                            <td data-label=\"tipo-proyecto\">\n                            PI+D                        <\/td>\n                                            <td data-label=\"Director\/es\">\n                            Melamed, Analia Sandra                        <\/td>\n                                            <td data-label=\"Codirector\/es\">\n                            \u2014                        <\/td>\n                                            <td data-label=\"Vigente hasta\">\n                            <strong style=\"color:#49ab4c;\">31 de diciembre de 2026<\/strong>                        <\/td>\n                                    <\/tr>\n                            <tr>\n                                            <td data-label=\"T\u00edtulo\">\n                            <a href=\"http:\/\/www.memoria.fahce.unlp.edu.ar\/library?a=d&#038;c=proyecto&#038;d=Jpy1250\" target=\"_blank\" rel=\"noopener\">Nuevos y viejos materialismos. El problema de la materia desde una perspectiva metaf\u00edsica, ecol\u00f3gica y pol\u00edtica<\/a>                        <\/td>\n                                            <td data-label=\"tipo-proyecto\">\n                            PI+D                        <\/td>\n                                            <td data-label=\"Director\/es\">\n                            Pr\u00f3speri, Germ\u00e1n Osvaldo                        <\/td>\n                                            <td data-label=\"Codirector\/es\">\n                            \u2014                        <\/td>\n                                            <td data-label=\"Vigente hasta\">\n                            <strong style=\"color:#49ab4c;\">31 de diciembre de 2026<\/strong>                        <\/td>\n                                    <\/tr>\n                    <\/tbody>\n    <\/table>\n\n    \n","protected":false},"excerpt":{"rendered":"","protected":false},"author":1,"featured_media":183,"parent":0,"menu_order":0,"comment_status":"closed","ping_status":"closed","template":"page-ui.php","meta":{"_themeisle_gutenberg_block_has_review":false,"footnotes":""},"class_list":["post-695","page","type-page","status-publish","has-post-thumbnail","hentry"],"acf":[],"rttpg_featured_image_url":{"full":["https:\/\/idihcs.fahce.unlp.edu.ar\/ciefi\/wp-content\/uploads\/sites\/12\/2018\/06\/banner-clefi.jpg",696,81,false],"landscape":["https:\/\/idihcs.fahce.unlp.edu.ar\/ciefi\/wp-content\/uploads\/sites\/12\/2018\/06\/banner-clefi.jpg",696,81,false],"portraits":["https:\/\/idihcs.fahce.unlp.edu.ar\/ciefi\/wp-content\/uploads\/sites\/12\/2018\/06\/banner-clefi.jpg",696,81,false],"thumbnail":["https:\/\/idihcs.fahce.unlp.edu.ar\/ciefi\/wp-content\/uploads\/sites\/12\/2018\/06\/banner-clefi-150x81.jpg",150,81,true],"medium":["https:\/\/idihcs.fahce.unlp.edu.ar\/ciefi\/wp-content\/uploads\/sites\/12\/2018\/06\/banner-clefi-300x35.jpg",300,35,true],"large":["https:\/\/idihcs.fahce.unlp.edu.ar\/ciefi\/wp-content\/uploads\/sites\/12\/2018\/06\/banner-clefi.jpg",696,81,false],"1536x1536":["https:\/\/idihcs.fahce.unlp.edu.ar\/ciefi\/wp-content\/uploads\/sites\/12\/2018\/06\/banner-clefi.jpg",696,81,false],"2048x2048":["https:\/\/idihcs.fahce.unlp.edu.ar\/ciefi\/wp-content\/uploads\/sites\/12\/2018\/06\/banner-clefi.jpg",696,81,false],"td_80x60":["https:\/\/idihcs.fahce.unlp.edu.ar\/ciefi\/wp-content\/uploads\/sites\/12\/2018\/06\/banner-clefi-80x60.jpg",80,60,true],"td_100x70":["https:\/\/idihcs.fahce.unlp.edu.ar\/ciefi\/wp-content\/uploads\/sites\/12\/2018\/06\/banner-clefi-100x70.jpg",100,70,true],"td_218x150":["https:\/\/idihcs.fahce.unlp.edu.ar\/ciefi\/wp-content\/uploads\/sites\/12\/2018\/06\/banner-clefi-218x81.jpg",218,81,true],"td_265x198":["https:\/\/idihcs.fahce.unlp.edu.ar\/ciefi\/wp-content\/uploads\/sites\/12\/2018\/06\/banner-clefi-265x81.jpg",265,81,true],"td_324x160":["https:\/\/idihcs.fahce.unlp.edu.ar\/ciefi\/wp-content\/uploads\/sites\/12\/2018\/06\/banner-clefi-324x81.jpg",324,81,true],"td_324x235":["https:\/\/idihcs.fahce.unlp.edu.ar\/ciefi\/wp-content\/uploads\/sites\/12\/2018\/06\/banner-clefi-324x81.jpg",324,81,true],"td_324x400":["https:\/\/idihcs.fahce.unlp.edu.ar\/ciefi\/wp-content\/uploads\/sites\/12\/2018\/06\/banner-clefi-324x81.jpg",324,81,true],"td_356x220":["https:\/\/idihcs.fahce.unlp.edu.ar\/ciefi\/wp-content\/uploads\/sites\/12\/2018\/06\/banner-clefi-356x81.jpg",356,81,true],"td_356x364":["https:\/\/idihcs.fahce.unlp.edu.ar\/ciefi\/wp-content\/uploads\/sites\/12\/2018\/06\/banner-clefi-356x81.jpg",356,81,true],"td_485x360":["https:\/\/idihcs.fahce.unlp.edu.ar\/ciefi\/wp-content\/uploads\/sites\/12\/2018\/06\/banner-clefi-485x81.jpg",485,81,true],"td_533x261":["https:\/\/idihcs.fahce.unlp.edu.ar\/ciefi\/wp-content\/uploads\/sites\/12\/2018\/06\/banner-clefi-533x81.jpg",533,81,true],"td_534x462":["https:\/\/idihcs.fahce.unlp.edu.ar\/ciefi\/wp-content\/uploads\/sites\/12\/2018\/06\/banner-clefi-534x81.jpg",534,81,true],"td_696x0":["https:\/\/idihcs.fahce.unlp.edu.ar\/ciefi\/wp-content\/uploads\/sites\/12\/2018\/06\/banner-clefi-696x81.jpg",696,81,true],"td_696x385":["https:\/\/idihcs.fahce.unlp.edu.ar\/ciefi\/wp-content\/uploads\/sites\/12\/2018\/06\/banner-clefi-696x81.jpg",696,81,true],"td_741x486":["https:\/\/idihcs.fahce.unlp.edu.ar\/ciefi\/wp-content\/uploads\/sites\/12\/2018\/06\/banner-clefi.jpg",696,81,false],"td_1068x580":["https:\/\/idihcs.fahce.unlp.edu.ar\/ciefi\/wp-content\/uploads\/sites\/12\/2018\/06\/banner-clefi.jpg",696,81,false],"td_1068x0":["https:\/\/idihcs.fahce.unlp.edu.ar\/ciefi\/wp-content\/uploads\/sites\/12\/2018\/06\/banner-clefi.jpg",696,81,false],"td_0x420":["https:\/\/idihcs.fahce.unlp.edu.ar\/ciefi\/wp-content\/uploads\/sites\/12\/2018\/06\/banner-clefi.jpg",696,81,false],"td_1920x0":["https:\/\/idihcs.fahce.unlp.edu.ar\/ciefi\/wp-content\/uploads\/sites\/12\/2018\/06\/banner-clefi.jpg",696,81,false],"rt_custom":["https:\/\/idihcs.fahce.unlp.edu.ar\/ciefi\/wp-content\/uploads\/sites\/12\/2018\/06\/banner-clefi.jpg",696,81,false]},"rttpg_author":{"display_name":"admin_ead","author_link":"https:\/\/idihcs.fahce.unlp.edu.ar\/ciefi\/author\/admin_ead\/"},"rttpg_comment":0,"rttpg_category":null,"rttpg_excerpt":null,"_links":{"self":[{"href":"https:\/\/idihcs.fahce.unlp.edu.ar\/ciefi\/wp-json\/wp\/v2\/pages\/695","targetHints":{"allow":["GET"]}}],"collection":[{"href":"https:\/\/idihcs.fahce.unlp.edu.ar\/ciefi\/wp-json\/wp\/v2\/pages"}],"about":[{"href":"https:\/\/idihcs.fahce.unlp.edu.ar\/ciefi\/wp-json\/wp\/v2\/types\/page"}],"author":[{"embeddable":true,"href":"https:\/\/idihcs.fahce.unlp.edu.ar\/ciefi\/wp-json\/wp\/v2\/users\/1"}],"replies":[{"embeddable":true,"href":"https:\/\/idihcs.fahce.unlp.edu.ar\/ciefi\/wp-json\/wp\/v2\/comments?post=695"}],"version-history":[{"count":7,"href":"https:\/\/idihcs.fahce.unlp.edu.ar\/ciefi\/wp-json\/wp\/v2\/pages\/695\/revisions"}],"predecessor-version":[{"id":1447,"href":"https:\/\/idihcs.fahce.unlp.edu.ar\/ciefi\/wp-json\/wp\/v2\/pages\/695\/revisions\/1447"}],"wp:featuredmedia":[{"embeddable":true,"href":"https:\/\/idihcs.fahce.unlp.edu.ar\/ciefi\/wp-json\/wp\/v2\/media\/183"}],"wp:attachment":[{"href":"https:\/\/idihcs.fahce.unlp.edu.ar\/ciefi\/wp-json\/wp\/v2\/media?parent=695"}],"curies":[{"name":"wp","href":"https:\/\/api.w.org\/{rel}","templated":true}]}}