{"id":587,"date":"2021-10-04T12:04:03","date_gmt":"2021-10-04T15:04:03","guid":{"rendered":"http:\/\/idihcs.fahce.unlp.edu.ar\/ciefi\/?page_id=587"},"modified":"2025-04-07T13:50:55","modified_gmt":"2025-04-07T16:50:55","slug":"breve-historia-intitucional","status":"publish","type":"page","link":"https:\/\/idihcs.fahce.unlp.edu.ar\/ciefi\/breve-historia-intitucional\/","title":{"rendered":"Breve historia institucional"},"content":{"rendered":"<p>La creaci\u00f3n del CIeFI se inscribe en un anhelado proceso de reivindicaci\u00f3n y recuperaci\u00f3n hist\u00f3rica de unidades de investigaci\u00f3n espec\u00edficas para la actividad filos\u00f3fica en la FaHCE.\u00a0 Recordamos aqu\u00ed, brevemente, los avatares de una larga historia institucional al respecto.<\/p>\n<p>En 1949 se fund\u00f3 el primer Instituto de Filosof\u00eda, su director fue el por entonces Can\u00f3nigo Dr. Octavio N. Derisi hasta 1954, y en 1950 desde ese Instituto se edit\u00f3 el vol. 1 de la\u00a0<em>Revista de Filosof\u00eda<\/em>\u00a0(con veintitr\u00e9s n\u00fameros desde 1950 hasta 1973) como \u201c\u00f3rgano y expresi\u00f3n del mismo\u201d. (Ver, Rev. de Fil., 3, 1951, p. 117).<\/p>\n<p>En 1953, del\u00a0Departamento de Filosof\u00eda y Pedagog\u00eda\u00a0(con la direcci\u00f3n del Dr. Eugenio Pucciarelli) depend\u00edan tres institutos: el\u00a0Instituto de Filosof\u00eda\u00a0(a cargo del por entonces ya Monse\u00f1or Derisi), el\u00a0Instituto de Historia de la Filosof\u00eda y del Pensamiento Argentino\u00a0(con direcci\u00f3n del Prof. Rodolfo M. Agoglia, quien por entonces tambi\u00e9n era Decano de la FaHCE), y el\u00a0Instituto de Pedagog\u00eda\u00a0(cuyo director fue el Prof. Carmelo Zingoni).<\/p>\n<p>En 1961, bajo la \u00f3rbita del\u00a0Departamento de Filosof\u00eda\u00a0funcionan dos institutos: el\u00a0de Filosof\u00eda, con la direcci\u00f3n del Profesor Emilio Esti\u00fa desde 1960 (v\u00e9ase Revista de Filosof\u00eda. vol. 10, 1961), y el Instituto de Historia de la Filosof\u00eda y del Pensamiento Argentino, bajo la direcci\u00f3n del Prof. Norberto Rodr\u00edguez Bustamante. Para entonces la Revista de Filosof\u00eda pasa a depender del mencionado Departamento bajo la direcci\u00f3n del Prof. Emilio Esti\u00fa.<\/p>\n<p>Un (nuevo)\u00a0Instituto de Estudios Sociales y del Pensamiento Argentino, con direcci\u00f3n de Norberto Rodr\u00edguez Bustamante se documenta en 1969 (v\u00e9ase Revista de Filosof\u00eda vol. 21, 1969, p. 201). Para entonces Rodr\u00edguez Bustamante se desempe\u00f1aba como director del Departamento de Filosof\u00eda, seg\u00fan ese mismo volumen.<\/p>\n<p>En 1973, se documenta el\u00a0Instituto de L\u00f3gica y Filosof\u00eda de las Ciencias, con direcci\u00f3n del Prof. Dr. Ricardo G\u00f3mez, quien era por entonces Decano Interventor de la FaHCE, mientras que el profesor Agoglia era Rector Interventor de la UNLP. (v\u00e9ase Revista de Filosof\u00eda, 23, 1973, p. 173.)<\/p>\n<p>Las actividades acad\u00e9micas, docentes y de investigaci\u00f3n, tanto como la publicaci\u00f3n de la Revista de Filosof\u00eda tal como ven\u00edan desarroll\u00e1ndose, sufrieron una larga interrupci\u00f3n debido a la intervenci\u00f3n de la Universidad Nacional de La Plata a partir de noviembre de 1974, situaci\u00f3n que se profundiz\u00f3 como consecuencia del golpe c\u00edvico militar ocurrido el 24 de marzo de 1976 &#8211; con la consecuente instauraci\u00f3n de la dictadura nacional. No fue sino hasta el a\u00f1o 1983, a\u00f1o en el que comienza un nuevo per\u00edodo democr\u00e1tico, que se inicia un per\u00edodo de normalizaci\u00f3n de las leg\u00edtimas y ansiadas actividades espec\u00edficas en el \u00e1mbito de la UNLP. Entre esas muchas actividades y siendo Director del Departamento de Filosof\u00eda el Dr. Osvaldo Guariglia, se recupera la publicaci\u00f3n de la revista de nuestra disciplina, bajo un nuevo nombre, la Revista de Filosof\u00eda y Teor\u00eda Pol\u00edtica.<\/p>\n<p>La aprobaci\u00f3n de la creaci\u00f3n de esta nueva unidad de investigaci\u00f3n que es el CIefi, retoma pues una continuidad institucional e hist\u00f3rica en nuestra facultad, interrumpida por d\u00e9cadas, para un mejor desarrollo e integraci\u00f3n de la investigaci\u00f3n en Filosof\u00eda, tratando de responder a las demandas de nuestro presente, la de nuestros investigadores y j\u00f3venes estudiantes. Cabe mencionar que el relanzamiento de la tradicional revista de nuestra comunidad filos\u00f3fica, ahora y nuevamente: Revista de Filosof\u00eda, es uno de los avances que junto al Departamento de Filosof\u00eda y el Doctorado en Filosof\u00eda de la FaHCE-UNLP, hemos abordado con los prop\u00f3sitos mencionados.<\/p>\n<p>\u00a0<\/p>\n<p>Autoras: Cristina Di Gregori &#8211; Graciela Chichi<\/p>\n\n\n<p><\/p>\n","protected":false},"excerpt":{"rendered":"<p>La creaci\u00f3n del CIeFI se inscribe en un anhelado proceso de reivindicaci\u00f3n y recuperaci\u00f3n hist\u00f3rica de unidades de investigaci\u00f3n espec\u00edficas para la actividad filos\u00f3fica en la FaHCE.\u00a0 Recordamos aqu\u00ed, brevemente, los avatares de una larga historia institucional al respecto. En 1949 se fund\u00f3 el primer Instituto de Filosof\u00eda, su director fue el por entonces Can\u00f3nigo [&hellip;]<\/p>\n","protected":false},"author":17,"featured_media":0,"parent":0,"menu_order":0,"comment_status":"closed","ping_status":"closed","template":"page-ui.php","meta":{"_themeisle_gutenberg_block_has_review":false,"footnotes":""},"class_list":["post-587","page","type-page","status-publish","hentry"],"acf":[],"rttpg_featured_image_url":null,"rttpg_author":{"display_name":"clefi","author_link":"https:\/\/idihcs.fahce.unlp.edu.ar\/ciefi\/author\/clefi\/"},"rttpg_comment":0,"rttpg_category":null,"rttpg_excerpt":"La creaci\u00f3n del CIeFI se inscribe en un anhelado proceso de reivindicaci\u00f3n y recuperaci\u00f3n hist\u00f3rica de unidades de investigaci\u00f3n espec\u00edficas para la actividad filos\u00f3fica en la FaHCE.\u00a0 Recordamos aqu\u00ed, brevemente, los avatares de una larga historia institucional al respecto. En 1949 se fund\u00f3 el primer Instituto de Filosof\u00eda, su director fue el por entonces Can\u00f3nigo&hellip;","_links":{"self":[{"href":"https:\/\/idihcs.fahce.unlp.edu.ar\/ciefi\/wp-json\/wp\/v2\/pages\/587","targetHints":{"allow":["GET"]}}],"collection":[{"href":"https:\/\/idihcs.fahce.unlp.edu.ar\/ciefi\/wp-json\/wp\/v2\/pages"}],"about":[{"href":"https:\/\/idihcs.fahce.unlp.edu.ar\/ciefi\/wp-json\/wp\/v2\/types\/page"}],"author":[{"embeddable":true,"href":"https:\/\/idihcs.fahce.unlp.edu.ar\/ciefi\/wp-json\/wp\/v2\/users\/17"}],"replies":[{"embeddable":true,"href":"https:\/\/idihcs.fahce.unlp.edu.ar\/ciefi\/wp-json\/wp\/v2\/comments?post=587"}],"version-history":[{"count":5,"href":"https:\/\/idihcs.fahce.unlp.edu.ar\/ciefi\/wp-json\/wp\/v2\/pages\/587\/revisions"}],"predecessor-version":[{"id":1294,"href":"https:\/\/idihcs.fahce.unlp.edu.ar\/ciefi\/wp-json\/wp\/v2\/pages\/587\/revisions\/1294"}],"wp:attachment":[{"href":"https:\/\/idihcs.fahce.unlp.edu.ar\/ciefi\/wp-json\/wp\/v2\/media?parent=587"}],"curies":[{"name":"wp","href":"https:\/\/api.w.org\/{rel}","templated":true}]}}