{"id":1238,"date":"2024-09-09T15:24:33","date_gmt":"2024-09-09T18:24:33","guid":{"rendered":"https:\/\/idihcs.fahce.unlp.edu.ar\/ciefi\/?page_id=1238"},"modified":"2024-09-09T15:24:44","modified_gmt":"2024-09-09T18:24:44","slug":"pict","status":"publish","type":"page","link":"https:\/\/idihcs.fahce.unlp.edu.ar\/ciefi\/pict\/","title":{"rendered":"CIeFI \u2013 Proyectos de Investigaci\u00f3n Cient\u00edfica y Tecnol\u00f3gica (PICT)"},"content":{"rendered":"<a href='https:\/\/idihcs.fahce.unlp.edu.ar\/pict\/genealogias-criticas-y-saberes-situados-aportes-filosofico-politicos-a-la-interseccionalidad\/'>Genealog\u00edas cr\u00edticas y saberes situados: aportes filos\u00f3fico- pol\u00edticos a la interseccionalidad.<\/a> CIEFI. Proyecto de Investigaci\u00f3n Cient\u00edfica y Tecnol\u00f3gica (PICT). <br>2023. <a href='https:\/\/idihcs.fahce.unlp.edu.ar\/pict\/etica-y-derecho-humano-a-la-salud-desde-una-mirada-interseccional-genero-clase-social-migraciones-cambio-climatico-violencias-multiples-diversidad-funcional-ecodeterminantes-edad-dialogo-inte\/'>\u00c9tica y derecho humano a la salud desde una mirada interseccional (g\u00e9nero, clase social, migraciones, cambio clim\u00e1tico, violencias m\u00faltiples, diversidad funcional, ecodeterminantes, edad, di\u00e1logo intercultural, entre otros).<\/a> CIEFI. Proyecto de Investigaci\u00f3n Cient\u00edfica y Tecnol\u00f3gica (PICT). Desde 09\/01\/2023 hasta 31\/12\/2025.<br>\n","protected":false},"excerpt":{"rendered":"","protected":false},"author":1,"featured_media":0,"parent":0,"menu_order":0,"comment_status":"closed","ping_status":"closed","template":"page-ui.php","meta":{"_themeisle_gutenberg_block_has_review":false,"footnotes":""},"class_list":["post-1238","page","type-page","status-publish","hentry"],"acf":[],"rttpg_featured_image_url":null,"rttpg_author":{"display_name":"admin_ead","author_link":"https:\/\/idihcs.fahce.unlp.edu.ar\/ciefi\/author\/admin_ead\/"},"rttpg_comment":0,"rttpg_category":null,"rttpg_excerpt":null,"_links":{"self":[{"href":"https:\/\/idihcs.fahce.unlp.edu.ar\/ciefi\/wp-json\/wp\/v2\/pages\/1238","targetHints":{"allow":["GET"]}}],"collection":[{"href":"https:\/\/idihcs.fahce.unlp.edu.ar\/ciefi\/wp-json\/wp\/v2\/pages"}],"about":[{"href":"https:\/\/idihcs.fahce.unlp.edu.ar\/ciefi\/wp-json\/wp\/v2\/types\/page"}],"author":[{"embeddable":true,"href":"https:\/\/idihcs.fahce.unlp.edu.ar\/ciefi\/wp-json\/wp\/v2\/users\/1"}],"replies":[{"embeddable":true,"href":"https:\/\/idihcs.fahce.unlp.edu.ar\/ciefi\/wp-json\/wp\/v2\/comments?post=1238"}],"version-history":[{"count":1,"href":"https:\/\/idihcs.fahce.unlp.edu.ar\/ciefi\/wp-json\/wp\/v2\/pages\/1238\/revisions"}],"predecessor-version":[{"id":1239,"href":"https:\/\/idihcs.fahce.unlp.edu.ar\/ciefi\/wp-json\/wp\/v2\/pages\/1238\/revisions\/1239"}],"wp:attachment":[{"href":"https:\/\/idihcs.fahce.unlp.edu.ar\/ciefi\/wp-json\/wp\/v2\/media?parent=1238"}],"curies":[{"name":"wp","href":"https:\/\/api.w.org\/{rel}","templated":true}]}}