{"id":23,"date":"2018-05-01T16:05:27","date_gmt":"2018-05-01T19:05:27","guid":{"rendered":"http:\/\/163.10.30.48\/~posgrado6\/wordpress\/cices\/?page_id=23"},"modified":"2024-05-24T15:55:39","modified_gmt":"2024-05-24T18:55:39","slug":"recursos-humanos","status":"publish","type":"page","link":"https:\/\/idihcs.fahce.unlp.edu.ar\/cices\/recursos-humanos\/","title":{"rendered":"CICES &#8211; Recursos Humanos"},"content":{"rendered":"<p><strong>Investigadores formados<\/strong><\/p>\n<p><a href=\"http:\/\/idihcs.fahce.unlp.edu.ar\/personas\/giles-marcelo\/\">Giles Marcelo (CICES)<\/a><br \/>\n<a href=\"http:\/\/idihcs.fahce.unlp.edu.ar\/personas\/mora-ana-sabrina\/\">Mora Ana Sabrina (CICES)<\/a><br \/>\n<a href=\"http:\/\/idihcs.fahce.unlp.edu.ar\/personas\/rodriguez-norma-beatriz\/\">Rodr\u00edguez Norma Beatriz (CICES)<\/a><br \/>\n<a href=\"http:\/\/idihcs.fahce.unlp.edu.ar\/personas\/sosa-laura-mercedes\/\">Sosa Laura Mercedes (CICES)<\/a><br \/>\n<a href=\"http:\/\/idihcs.fahce.unlp.edu.ar\/personas\/villa-maria-eugenia\/\">Villa Mar\u00eda Eugenia (CICES)<\/a><br \/>\n<a href=\"https:\/\/idihcs.fahce.unlp.edu.ar\/integrante_idihcs\/galak-eduardo-lautaro-2\/\">Galak Eduardo (CICES)<\/a><br \/>\n<a href=\"http:\/\/idihcs.fahce.unlp.edu.ar\/personas\/nella-jorge\/\">Nella Jorge (CICES)<\/a><br \/>\n<a href=\"http:\/\/idihcs.fahce.unlp.edu.ar\/personas\/lescano-agustin\/\">Lescano Agust\u00edn (CICES)<\/a><br \/>\n<a href=\"http:\/\/idihcs.fahce.unlp.edu.ar\/personas\/emiliozzi-maria-valeria\/\">Emiliozzi Mar\u00eda Valeria (CICES)<\/a><br \/>\n<a href=\"http:\/\/idihcs.fahce.unlp.edu.ar\/personas\/rocha-bidegain-angela-liliana\/\">Rocha Bidegain \u00c1ngela Liliana (CICES)<\/a><br \/>\n<a href=\"http:\/\/idihcs.fahce.unlp.edu.ar\/personas\/vines-nicolas\/\">Vi\u00f1es Nicol\u00e1s (CICES)<\/a><\/p>\n<p><a href=\"https:\/\/idihcs.fahce.unlp.edu.ar\/integrante_idihcs\/hours-german-carlos-2\/\">Hours, German (CICES)<\/a><\/p>\n<p><strong>Investigadores en formaci\u00f3n<\/strong><\/p>\n<p><a href=\"http:\/\/idihcs.fahce.unlp.edu.ar\/personas\/patow-veronica\/\">Ver\u00f3nica Patow (CICES)<\/a><br \/>\n<a href=\"http:\/\/idihcs.fahce.unlp.edu.ar\/personas\/acuna-arai-itati\/\">Acu\u00f1a Arai Itat\u00ed (CICES)<\/a><br \/>\n<a href=\"http:\/\/idihcs.fahce.unlp.edu.ar\/personas\/camezzana-maria-daniela\/\">Camezzana Mar\u00eda Daniela (CICES)<\/a><br \/>\n<a href=\"http:\/\/idihcs.fahce.unlp.edu.ar\/personas\/del-marmol-mariana\/\">Del Marmol Mariana (CICES)<\/a><br \/>\n<a href=\"http:\/\/idihcs.fahce.unlp.edu.ar\/personas\/luguercho-sergio\/\">Sergio Lug\u00fcercho (CICES)<\/a><br \/>\n<a href=\"http:\/\/idihcs.fahce.unlp.edu.ar\/personas\/escudero-carolina\/\">Escudero Carolina (CICES)<\/a><br \/>\n<a href=\"http:\/\/idihcs.fahce.unlp.edu.ar\/personas\/lopez-betanc\">L\u00f3pez Betancourth Marely Elizabeth (CICES)<\/a><br \/>\n<a href=\"http:\/\/idihcs.fahce.unlp.edu.ar\/personas\/lugano-laura\/\">Lugano Laura (CICES)<\/a><br \/>\n<a href=\"http:\/\/idihcs.fahce.unlp.edu.ar\/personas\/menacho-monica-isabel\/\">Menacho M\u00f3nica Isabel (CICES)<\/a><br \/>\n<a href=\"http:\/\/idihcs.fahce.unlp.edu.ar\/personas\/merlos-lucia-belen\/\">Merlos Luc\u00eda Bel\u00e9n (CICES)<\/a><br \/>\n<a href=\"http:\/\/idihcs.fahce.unlp.edu.ar\/personas\/mirc-andrea-elizabeth\/\">Mirc Andrea Elizabeth (CICES)<\/a><br \/>\n<a href=\"http:\/\/idihcs.fahce.unlp.edu.ar\/personas\/orlandoni-javier\/\">Orlandoni Javier (CICES)<\/a><br \/>\n<a href=\"http:\/\/idihcs.fahce.unlp.edu.ar\/personas\/patierno-nicolas\/\">Patierno Nicol\u00e1s (CICES)<\/a><br \/>\n<a href=\"http:\/\/idihcs.fahce.unlp.edu.ar\/personas\/portos-maria-eugenia\/\">Portos Mar\u00eda Eugenia (CICES)<\/a><br \/>\n<a href=\"http:\/\/idihcs.fahce.unlp.edu.ar\/personas\/ramirez-facundo\/\">Ram\u00edrez Facundo (CICES)<\/a><br \/>\n<a href=\"http:\/\/idihcs.fahce.unlp.edu.ar\/personas\/reinares-lucia\/\">Reinares Luc\u00eda (CICES)<\/a><br \/>\n<a href=\"http:\/\/idihcs.fahce.unlp.edu.ar\/personas\/saez-mariana-lucia\/\">Saez Mariana Luc\u00eda (CICES)<\/a><br \/>\n<a href=\"http:\/\/idihcs.fahce.unlp.edu.ar\/personas\/simoy-maria-silvana\/\">Simoy Mar\u00eda Silvana (CICES)<\/a><br \/>\n<a href=\"http:\/\/idihcs.fahce.unlp.edu.ar\/personas\/taladriz-cecilia\/\">Taladriz Cecilia (CICES)<\/a><br \/>\n<a href=\"http:\/\/idihcs.fahce.unlp.edu.ar\/personas\/magri-maria-gisela\/\">Magri, Maria Gisela (CICES)<\/a><br \/>\n<a href=\"http:\/\/idihcs.fahce.unlp.edu.ar\/personas\/medina-juan-cruz\/\">Medina, Juan Cruz (CICES)<\/a><br \/>\n<a href=\"http:\/\/idihcs.fahce.unlp.edu.ar\/personas\/benavidez-ariel-alejandro\/\">Benavidez, Ariel (CICES)<\/a><br \/>\n<a href=\"http:\/\/idihcs.fahce.unlp.edu.ar\/personas\/yutzis-daniela\/\">Yutzis, Daniela (CICES)<\/a><br \/>\n<a href=\"http:\/\/idihcs.fahce.unlp.edu.ar\/personas\/pagola-maria-laura\/\">Pagola, Maria Laura (CICES)<\/a><br \/>\n<a href=\"http:\/\/idihcs.fahce.unlp.edu.ar\/personas\/renati-maria-cecilia\/\">Renati, Cecilia (CICES)<\/a><\/p>\n<p><a href=\"https:\/\/idihcs.fahce.unlp.edu.ar\/integrante_idihcs\/oltolina-giordano-maria-teresa-2\/\">Marisa Oltolina<\/a><\/p>\n<p><a href=\"http:\/\/www.fahce.unlp.edu.ar\/personal\/aldao-jorge\">Jorge Aldao<\/a><\/p>\n<p><a href=\"https:\/\/idihcs.fahce.unlp.edu.ar\/integrante_idihcs\/boyezuk-agustina-3\/\">Agustina Boyezuk<\/a><\/p>\n<p>Juan Cruz C\u00e9spedes (CICES)<\/p>\n<p><a href=\"http:\/\/www.fahce.unlp.edu.ar\/personal\/conese-hugo\">Hugo Conese (CICES)<\/a><\/p>\n<p><a href=\"http:\/\/www.fahce.unlp.edu.ar\/personal\/de-la-haye-jessica?searchterm=jessica\">J\u00e9ssica de la Haye (CICES)<\/a><\/p>\n<p><a href=\"http:\/\/www.fahce.unlp.edu.ar\/personal\/farias-daniel-andres\">Daniel Far\u00edas (CICES)<\/a><\/p>\n<p>Santiago Carracedo Pinc\u00e9n<\/p>\n<p>Laura Lugano<\/p>\n<p>Victoria Butr\u00f3n Paniagua<\/p>\n<p>Roc\u00edo Arisnabarreta<\/p>\n","protected":false},"excerpt":{"rendered":"<p>Investigadores formados Giles Marcelo (CICES) Mora Ana Sabrina (CICES) Rodr\u00edguez Norma Beatriz (CICES) Sosa Laura Mercedes (CICES) Villa Mar\u00eda Eugenia (CICES) Galak Eduardo (CICES) Nella Jorge (CICES) Lescano Agust\u00edn (CICES) Emiliozzi Mar\u00eda Valeria (CICES) Rocha Bidegain \u00c1ngela Liliana (CICES) Vi\u00f1es Nicol\u00e1s (CICES) Hours, German (CICES) Investigadores en formaci\u00f3n Ver\u00f3nica Patow (CICES) Acu\u00f1a Arai Itat\u00ed (CICES) [&hellip;]<\/p>\n","protected":false},"author":2,"featured_media":172,"parent":0,"menu_order":0,"comment_status":"closed","ping_status":"closed","template":"page-ui.php","meta":{"_themeisle_gutenberg_block_has_review":false,"footnotes":""},"class_list":["post-23","page","type-page","status-publish","has-post-thumbnail","hentry"],"acf":[],"rttpg_featured_image_url":{"full":["https:\/\/idihcs.fahce.unlp.edu.ar\/cices\/wp-content\/uploads\/sites\/15\/2018\/07\/banner-cices.jpg",2900,338,false],"landscape":["https:\/\/idihcs.fahce.unlp.edu.ar\/cices\/wp-content\/uploads\/sites\/15\/2018\/07\/banner-cices.jpg",2900,338,false],"portraits":["https:\/\/idihcs.fahce.unlp.edu.ar\/cices\/wp-content\/uploads\/sites\/15\/2018\/07\/banner-cices.jpg",2900,338,false],"thumbnail":["https:\/\/idihcs.fahce.unlp.edu.ar\/cices\/wp-content\/uploads\/sites\/15\/2018\/07\/banner-cices-150x150.jpg",150,150,true],"medium":["https:\/\/idihcs.fahce.unlp.edu.ar\/cices\/wp-content\/uploads\/sites\/15\/2018\/07\/banner-cices-300x35.jpg",300,35,true],"large":["https:\/\/idihcs.fahce.unlp.edu.ar\/cices\/wp-content\/uploads\/sites\/15\/2018\/07\/banner-cices-1024x119.jpg",696,81,true],"1536x1536":["https:\/\/idihcs.fahce.unlp.edu.ar\/cices\/wp-content\/uploads\/sites\/15\/2018\/07\/banner-cices.jpg",1536,179,false],"2048x2048":["https:\/\/idihcs.fahce.unlp.edu.ar\/cices\/wp-content\/uploads\/sites\/15\/2018\/07\/banner-cices.jpg",2048,239,false],"td_80x60":["https:\/\/idihcs.fahce.unlp.edu.ar\/cices\/wp-content\/uploads\/sites\/15\/2018\/07\/banner-cices-80x60.jpg",80,60,true],"td_100x70":["https:\/\/idihcs.fahce.unlp.edu.ar\/cices\/wp-content\/uploads\/sites\/15\/2018\/07\/banner-cices-100x70.jpg",100,70,true],"td_218x150":["https:\/\/idihcs.fahce.unlp.edu.ar\/cices\/wp-content\/uploads\/sites\/15\/2018\/07\/banner-cices-218x150.jpg",218,150,true],"td_265x198":["https:\/\/idihcs.fahce.unlp.edu.ar\/cices\/wp-content\/uploads\/sites\/15\/2018\/07\/banner-cices-265x198.jpg",265,198,true],"td_324x160":["https:\/\/idihcs.fahce.unlp.edu.ar\/cices\/wp-content\/uploads\/sites\/15\/2018\/07\/banner-cices-324x160.jpg",324,160,true],"td_324x235":["https:\/\/idihcs.fahce.unlp.edu.ar\/cices\/wp-content\/uploads\/sites\/15\/2018\/07\/banner-cices-324x235.jpg",324,235,true],"td_324x400":["https:\/\/idihcs.fahce.unlp.edu.ar\/cices\/wp-content\/uploads\/sites\/15\/2018\/07\/banner-cices-324x338.jpg",324,338,true],"td_356x220":["https:\/\/idihcs.fahce.unlp.edu.ar\/cices\/wp-content\/uploads\/sites\/15\/2018\/07\/banner-cices-356x220.jpg",356,220,true],"td_356x364":["https:\/\/idihcs.fahce.unlp.edu.ar\/cices\/wp-content\/uploads\/sites\/15\/2018\/07\/banner-cices-356x338.jpg",356,338,true],"td_485x360":["https:\/\/idihcs.fahce.unlp.edu.ar\/cices\/wp-content\/uploads\/sites\/15\/2018\/07\/banner-cices-485x338.jpg",485,338,true],"td_533x261":["https:\/\/idihcs.fahce.unlp.edu.ar\/cices\/wp-content\/uploads\/sites\/15\/2018\/07\/banner-cices-533x261.jpg",533,261,true],"td_534x462":["https:\/\/idihcs.fahce.unlp.edu.ar\/cices\/wp-content\/uploads\/sites\/15\/2018\/07\/banner-cices-534x338.jpg",534,338,true],"td_696x0":["https:\/\/idihcs.fahce.unlp.edu.ar\/cices\/wp-content\/uploads\/sites\/15\/2018\/07\/banner-cices-696x81.jpg",696,81,true],"td_696x385":["https:\/\/idihcs.fahce.unlp.edu.ar\/cices\/wp-content\/uploads\/sites\/15\/2018\/07\/banner-cices-696x338.jpg",696,338,true],"td_741x486":["https:\/\/idihcs.fahce.unlp.edu.ar\/cices\/wp-content\/uploads\/sites\/15\/2018\/07\/banner-cices-741x338.jpg",741,338,true],"td_1068x580":["https:\/\/idihcs.fahce.unlp.edu.ar\/cices\/wp-content\/uploads\/sites\/15\/2018\/07\/banner-cices-1068x338.jpg",1068,338,true],"td_1068x0":["https:\/\/idihcs.fahce.unlp.edu.ar\/cices\/wp-content\/uploads\/sites\/15\/2018\/07\/banner-cices-1068x124.jpg",1068,124,true],"td_0x420":["https:\/\/idihcs.fahce.unlp.edu.ar\/cices\/wp-content\/uploads\/sites\/15\/2018\/07\/banner-cices.jpg",2900,338,false],"td_1920x0":["https:\/\/idihcs.fahce.unlp.edu.ar\/cices\/wp-content\/uploads\/sites\/15\/2018\/07\/banner-cices-1920x224.jpg",1920,224,true],"rt_custom":["https:\/\/idihcs.fahce.unlp.edu.ar\/cices\/wp-content\/uploads\/sites\/15\/2018\/07\/banner-cices.jpg",2900,338,false]},"rttpg_author":{"display_name":"ggchicote","author_link":"https:\/\/idihcs.fahce.unlp.edu.ar\/cices\/author\/ggchicote\/"},"rttpg_comment":0,"rttpg_category":null,"rttpg_excerpt":"Investigadores formados Giles Marcelo (CICES) Mora Ana Sabrina (CICES) Rodr\u00edguez Norma Beatriz (CICES) Sosa Laura Mercedes (CICES) Villa Mar\u00eda Eugenia (CICES) Galak Eduardo (CICES) Nella Jorge (CICES) Lescano Agust\u00edn (CICES) Emiliozzi Mar\u00eda Valeria (CICES) Rocha Bidegain \u00c1ngela Liliana (CICES) Vi\u00f1es Nicol\u00e1s (CICES) Hours, German (CICES) Investigadores en formaci\u00f3n Ver\u00f3nica Patow (CICES) Acu\u00f1a Arai Itat\u00ed (CICES)&hellip;","_links":{"self":[{"href":"https:\/\/idihcs.fahce.unlp.edu.ar\/cices\/wp-json\/wp\/v2\/pages\/23","targetHints":{"allow":["GET"]}}],"collection":[{"href":"https:\/\/idihcs.fahce.unlp.edu.ar\/cices\/wp-json\/wp\/v2\/pages"}],"about":[{"href":"https:\/\/idihcs.fahce.unlp.edu.ar\/cices\/wp-json\/wp\/v2\/types\/page"}],"author":[{"embeddable":true,"href":"https:\/\/idihcs.fahce.unlp.edu.ar\/cices\/wp-json\/wp\/v2\/users\/2"}],"replies":[{"embeddable":true,"href":"https:\/\/idihcs.fahce.unlp.edu.ar\/cices\/wp-json\/wp\/v2\/comments?post=23"}],"version-history":[{"count":15,"href":"https:\/\/idihcs.fahce.unlp.edu.ar\/cices\/wp-json\/wp\/v2\/pages\/23\/revisions"}],"predecessor-version":[{"id":337,"href":"https:\/\/idihcs.fahce.unlp.edu.ar\/cices\/wp-json\/wp\/v2\/pages\/23\/revisions\/337"}],"wp:featuredmedia":[{"embeddable":true,"href":"https:\/\/idihcs.fahce.unlp.edu.ar\/cices\/wp-json\/wp\/v2\/media\/172"}],"wp:attachment":[{"href":"https:\/\/idihcs.fahce.unlp.edu.ar\/cices\/wp-json\/wp\/v2\/media?parent=23"}],"curies":[{"name":"wp","href":"https:\/\/api.w.org\/{rel}","templated":true}]}}