{"id":153,"date":"2018-06-21T16:35:28","date_gmt":"2018-06-21T19:35:28","guid":{"rendered":"http:\/\/163.10.30.48\/~posgrado6\/wordpress\/cices\/?page_id=153"},"modified":"2018-07-02T12:04:54","modified_gmt":"2018-07-02T15:04:54","slug":"objetivos","status":"publish","type":"page","link":"https:\/\/idihcs.fahce.unlp.edu.ar\/cices\/objetivos\/","title":{"rendered":"CICES &#8211; Objetivos"},"content":{"rendered":"<p>El Centro Interdisciplinario Cuerpo, Educaci\u00f3n y Sociedad (CICES) tendr\u00e1 por objetivos principales:<\/p>\n<ul>\n<li>Investigar la construcci\u00f3n del cuerpo en todos los \u00e1mbitos de nuestra sociedad y cultura que est\u00e9n o puedan estar relacionados con su construcci\u00f3n.<\/li>\n<li>Indagar la educaci\u00f3n del cuerpo en nuestra sociedad y cultura.<\/li>\n<li>Indagar las relaciones sujeto\/cuerpo en nuestra sociedad y cultura.<\/li>\n<li>Realizar investigaciones hist\u00f3ricas respecto de la construcci\u00f3n del cuerpo en nuestra sociedad y cultura, procurando conducirlas, hasta donde se pueda, desde una problem\u00e1tica presente.<\/li>\n<li>Elaborar y ejecutar planes y programas de investigaci\u00f3n, ense\u00f1anza y extensi\u00f3n en relaci\u00f3n con su especialidad, con la metodolog\u00eda de la investigaci\u00f3n de los objetos enunciados y con los que se construyan en el desarrollo de las investigaciones.<\/li>\n<\/ul>\n<p><strong>Con estos objetivos desarrollar\u00e1 las siguientes acciones:<\/strong><\/p>\n<ol style=\"list-style-type: lower-alpha;\">\n<li>Elaborar\u00e1 sistemas de pensamiento operativo en el campo de la educaci\u00f3n corporal, de modo que contribuyan a producir modos de ense\u00f1anza que asuman una actitud innovadora.<\/li>\n<li>Contribuir\u00e1 a la formaci\u00f3n de investigadores cient\u00edficos mediante la direcci\u00f3n de becarios, tesistas e investigadores noveles.<\/li>\n<li>Contribuir\u00e1 a la formaci\u00f3n de grado a trav\u00e9s de la realizaci\u00f3n de pasant\u00edas, la organizaci\u00f3n y dictado de cursos y seminarios, y de otras actividades, por s\u00ed y en colaboraci\u00f3n con otras instancias e instituciones.<\/li>\n<li>Realizar\u00e1 y participar\u00e1 en cursos y otras actividades de posgrado.<\/li>\n<li>Prestar\u00e1 asesoramiento a las instituciones que lo requieran.<\/li>\n<li>Organizar\u00e1 reuniones cient\u00edficas, por s\u00ed y en colaboraci\u00f3n con otras instancias e instituciones, o participar\u00e1 de ellas en las mismas condiciones, as\u00ed como organizar\u00e1 publicaciones y\/o participar\u00e1 en otras, con el fin de difundir los temas de su especialidad.<\/li>\n<li>Establecer\u00e1 relaciones institucionales con todo tipo de organismos del pa\u00eds o del extranjero, sean ellos universidades, facultades, departamentos, centros de investigaci\u00f3n, redes, ONGs, gremios, organismos estatales o privados y toda otra entidad con la que pueda contribuir al cumplimiento de sus fines.<\/li>\n<li>Gestionar\u00e1 recursos econ\u00f3micos y materiales, y administrar\u00e1 sus fondos de acuerdo a las normas que fije la Universidad.<\/li>\n<li>Realizar\u00e1 toda otra funci\u00f3n que contribuya al cumplimiento de sus fines.<\/li>\n<\/ol>\n","protected":false},"excerpt":{"rendered":"<p>El Centro Interdisciplinario Cuerpo, Educaci\u00f3n y Sociedad (CICES) tendr\u00e1 por objetivos principales: Investigar la construcci\u00f3n del cuerpo en todos los \u00e1mbitos de nuestra sociedad y cultura que est\u00e9n o puedan estar relacionados con su construcci\u00f3n. Indagar la educaci\u00f3n del cuerpo en nuestra sociedad y cultura. Indagar las relaciones sujeto\/cuerpo en nuestra sociedad y cultura. Realizar [&hellip;]<\/p>\n","protected":false},"author":3,"featured_media":172,"parent":0,"menu_order":0,"comment_status":"closed","ping_status":"closed","template":"page-ui.php","meta":{"_themeisle_gutenberg_block_has_review":false,"footnotes":""},"class_list":["post-153","page","type-page","status-publish","has-post-thumbnail","hentry"],"acf":[],"rttpg_featured_image_url":{"full":["https:\/\/idihcs.fahce.unlp.edu.ar\/cices\/wp-content\/uploads\/sites\/15\/2018\/07\/banner-cices.jpg",2900,338,false],"landscape":["https:\/\/idihcs.fahce.unlp.edu.ar\/cices\/wp-content\/uploads\/sites\/15\/2018\/07\/banner-cices.jpg",2900,338,false],"portraits":["https:\/\/idihcs.fahce.unlp.edu.ar\/cices\/wp-content\/uploads\/sites\/15\/2018\/07\/banner-cices.jpg",2900,338,false],"thumbnail":["https:\/\/idihcs.fahce.unlp.edu.ar\/cices\/wp-content\/uploads\/sites\/15\/2018\/07\/banner-cices-150x150.jpg",150,150,true],"medium":["https:\/\/idihcs.fahce.unlp.edu.ar\/cices\/wp-content\/uploads\/sites\/15\/2018\/07\/banner-cices-300x35.jpg",300,35,true],"large":["https:\/\/idihcs.fahce.unlp.edu.ar\/cices\/wp-content\/uploads\/sites\/15\/2018\/07\/banner-cices-1024x119.jpg",696,81,true],"1536x1536":["https:\/\/idihcs.fahce.unlp.edu.ar\/cices\/wp-content\/uploads\/sites\/15\/2018\/07\/banner-cices.jpg",1536,179,false],"2048x2048":["https:\/\/idihcs.fahce.unlp.edu.ar\/cices\/wp-content\/uploads\/sites\/15\/2018\/07\/banner-cices.jpg",2048,239,false],"td_80x60":["https:\/\/idihcs.fahce.unlp.edu.ar\/cices\/wp-content\/uploads\/sites\/15\/2018\/07\/banner-cices-80x60.jpg",80,60,true],"td_100x70":["https:\/\/idihcs.fahce.unlp.edu.ar\/cices\/wp-content\/uploads\/sites\/15\/2018\/07\/banner-cices-100x70.jpg",100,70,true],"td_218x150":["https:\/\/idihcs.fahce.unlp.edu.ar\/cices\/wp-content\/uploads\/sites\/15\/2018\/07\/banner-cices-218x150.jpg",218,150,true],"td_265x198":["https:\/\/idihcs.fahce.unlp.edu.ar\/cices\/wp-content\/uploads\/sites\/15\/2018\/07\/banner-cices-265x198.jpg",265,198,true],"td_324x160":["https:\/\/idihcs.fahce.unlp.edu.ar\/cices\/wp-content\/uploads\/sites\/15\/2018\/07\/banner-cices-324x160.jpg",324,160,true],"td_324x235":["https:\/\/idihcs.fahce.unlp.edu.ar\/cices\/wp-content\/uploads\/sites\/15\/2018\/07\/banner-cices-324x235.jpg",324,235,true],"td_324x400":["https:\/\/idihcs.fahce.unlp.edu.ar\/cices\/wp-content\/uploads\/sites\/15\/2018\/07\/banner-cices-324x338.jpg",324,338,true],"td_356x220":["https:\/\/idihcs.fahce.unlp.edu.ar\/cices\/wp-content\/uploads\/sites\/15\/2018\/07\/banner-cices-356x220.jpg",356,220,true],"td_356x364":["https:\/\/idihcs.fahce.unlp.edu.ar\/cices\/wp-content\/uploads\/sites\/15\/2018\/07\/banner-cices-356x338.jpg",356,338,true],"td_485x360":["https:\/\/idihcs.fahce.unlp.edu.ar\/cices\/wp-content\/uploads\/sites\/15\/2018\/07\/banner-cices-485x338.jpg",485,338,true],"td_533x261":["https:\/\/idihcs.fahce.unlp.edu.ar\/cices\/wp-content\/uploads\/sites\/15\/2018\/07\/banner-cices-533x261.jpg",533,261,true],"td_534x462":["https:\/\/idihcs.fahce.unlp.edu.ar\/cices\/wp-content\/uploads\/sites\/15\/2018\/07\/banner-cices-534x338.jpg",534,338,true],"td_696x0":["https:\/\/idihcs.fahce.unlp.edu.ar\/cices\/wp-content\/uploads\/sites\/15\/2018\/07\/banner-cices-696x81.jpg",696,81,true],"td_696x385":["https:\/\/idihcs.fahce.unlp.edu.ar\/cices\/wp-content\/uploads\/sites\/15\/2018\/07\/banner-cices-696x338.jpg",696,338,true],"td_741x486":["https:\/\/idihcs.fahce.unlp.edu.ar\/cices\/wp-content\/uploads\/sites\/15\/2018\/07\/banner-cices-741x338.jpg",741,338,true],"td_1068x580":["https:\/\/idihcs.fahce.unlp.edu.ar\/cices\/wp-content\/uploads\/sites\/15\/2018\/07\/banner-cices-1068x338.jpg",1068,338,true],"td_1068x0":["https:\/\/idihcs.fahce.unlp.edu.ar\/cices\/wp-content\/uploads\/sites\/15\/2018\/07\/banner-cices-1068x124.jpg",1068,124,true],"td_0x420":["https:\/\/idihcs.fahce.unlp.edu.ar\/cices\/wp-content\/uploads\/sites\/15\/2018\/07\/banner-cices.jpg",2900,338,false],"td_1920x0":["https:\/\/idihcs.fahce.unlp.edu.ar\/cices\/wp-content\/uploads\/sites\/15\/2018\/07\/banner-cices-1920x224.jpg",1920,224,true],"rt_custom":["https:\/\/idihcs.fahce.unlp.edu.ar\/cices\/wp-content\/uploads\/sites\/15\/2018\/07\/banner-cices.jpg",2900,338,false]},"rttpg_author":{"display_name":"cbarletta","author_link":"https:\/\/idihcs.fahce.unlp.edu.ar\/cices\/author\/cbarletta\/"},"rttpg_comment":0,"rttpg_category":null,"rttpg_excerpt":"El Centro Interdisciplinario Cuerpo, Educaci\u00f3n y Sociedad (CICES) tendr\u00e1 por objetivos principales: Investigar la construcci\u00f3n del cuerpo en todos los \u00e1mbitos de nuestra sociedad y cultura que est\u00e9n o puedan estar relacionados con su construcci\u00f3n. Indagar la educaci\u00f3n del cuerpo en nuestra sociedad y cultura. Indagar las relaciones sujeto\/cuerpo en nuestra sociedad y cultura. Realizar&hellip;","_links":{"self":[{"href":"https:\/\/idihcs.fahce.unlp.edu.ar\/cices\/wp-json\/wp\/v2\/pages\/153","targetHints":{"allow":["GET"]}}],"collection":[{"href":"https:\/\/idihcs.fahce.unlp.edu.ar\/cices\/wp-json\/wp\/v2\/pages"}],"about":[{"href":"https:\/\/idihcs.fahce.unlp.edu.ar\/cices\/wp-json\/wp\/v2\/types\/page"}],"author":[{"embeddable":true,"href":"https:\/\/idihcs.fahce.unlp.edu.ar\/cices\/wp-json\/wp\/v2\/users\/3"}],"replies":[{"embeddable":true,"href":"https:\/\/idihcs.fahce.unlp.edu.ar\/cices\/wp-json\/wp\/v2\/comments?post=153"}],"version-history":[{"count":2,"href":"https:\/\/idihcs.fahce.unlp.edu.ar\/cices\/wp-json\/wp\/v2\/pages\/153\/revisions"}],"predecessor-version":[{"id":156,"href":"https:\/\/idihcs.fahce.unlp.edu.ar\/cices\/wp-json\/wp\/v2\/pages\/153\/revisions\/156"}],"wp:featuredmedia":[{"embeddable":true,"href":"https:\/\/idihcs.fahce.unlp.edu.ar\/cices\/wp-json\/wp\/v2\/media\/172"}],"wp:attachment":[{"href":"https:\/\/idihcs.fahce.unlp.edu.ar\/cices\/wp-json\/wp\/v2\/media?parent=153"}],"curies":[{"name":"wp","href":"https:\/\/api.w.org\/{rel}","templated":true}]}}